{"id":73291,"date":"2026-03-17T10:31:28","date_gmt":"2026-03-17T03:31:28","guid":{"rendered":"https:\/\/moroen.com\/de\/product\/kobe-bryant-x-nike-offcourt-slide-dodgers"},"modified":"2026-03-17T10:31:28","modified_gmt":"2026-03-17T03:31:28","slug":"kobe-bryant-x-nike-offcourt-slide-dodgers","status":"publish","type":"product","link":"https:\/\/moroen.com\/de\/produkt\/kobe-bryant-x-nike-offcourt-slide-dodgers\/","title":{"rendered":"Kobe Bryant x Nike Offcourt Slide &#8218;Dodgers&#8216;"},"content":{"rendered":"<p>Erlebe Komfort und ikonischen Style mit den Nike Offcourt Slide Kobe Bryant Dodgers IF2870-400. Diese Slides wurden f\u00fcr Fans weltweit entworfen und ehren Kobe Bryants Verm\u00e4chtnis mit einer von den Dodgers inspirierten Farbgebung. Dank des Schaumstoff-Fu\u00dfbetts f\u00fcr optimale D\u00e4mpfung und des konturierten Designs f\u00fcr eine ergonomische Passform bieten sie die ideale Entspannung nach dem Spiel. Ob zu Hause oder unterwegs \u2013 zeige deine Bewunderung f\u00fcr eine Legende mit diesen stylischen und vielseitigen Slides, die sportliches Erbe nahtlos mit Alltagstauglichkeit verbinden.<\/p>\n<ul>\n<li><strong>Farbgebung:<\/strong> Hyper Royal\/Wei\u00df<\/li>\n<li><strong>Style-Code:<\/strong> IF2870-400<\/li>\n<li><strong>Obermaterial:<\/strong> Synthetik<\/li>\n<li><strong>Farbe:<\/strong> Blau<\/li>\n<li><strong>Erscheinungsjahr:<\/strong> 2025<\/li>\n<\/ul>\n","protected":false},"excerpt":{"rendered":"<p>Erlebe Komfort und ikonischen Style mit den Nike Offcourt Slide Kobe Bryant Dodgers IF2870-400. Diese Slides wurden f\u00fcr Fans weltweit entworfen und ehren Kobe Bryants Verm\u00e4chtnis mit einer von den Dodgers inspirierten Farbgebung. Dank des Schaumstoff-Fu\u00dfbetts f\u00fcr optimale D\u00e4mpfung und des konturierten Designs f\u00fcr eine ergonomische Passform bieten sie die ideale Entspannung nach dem Spiel. [&hellip;]<\/p>\n","protected":false},"featured_media":73292,"comment_status":"open","ping_status":"closed","template":"","meta":[],"product_brand":[],"product_cat":[13152,10780,10773,11338],"product_tag":[12579,12578,12545,10762,12563,11336],"class_list":{"0":"post-73291","1":"product","2":"type-product","3":"status-publish","4":"has-post-thumbnail","6":"product_cat-nike-kobe-offcourt-slide","7":"product_cat-gender-men","8":"product_cat-nike","9":"product_cat-slides","10":"product_tag-basketballschuhe","11":"product_tag-basketballschuhe-mit-kna-cheluntersta-tzung","12":"product_tag-lifestyle-freizeitschuhe","13":"product_tag-nike","14":"product_tag-performance-sportschuhe","15":"product_tag-slides","16":"wcpa_has_options","18":"first","19":"instock","20":"taxable","21":"shipping-taxable","22":"purchasable","23":"product-type-simple"},"wcpa_form_fields":{"rules":{"pric_overide_base_price":false,"pric_overide_base_price_if_gt_zero":false,"pric_overide_base_price_fully":false,"pric_cal_option_once":false,"pric_use_as_fee":false,"bind_quantity":false,"quantity_bind_formula":false},"fields":[{"type":"color-group","required":true,"elementId":"wcpa-color-group-66c4a75505e74","label":"Gr\u00f6\u00dfe - EU Gr\u00f6\u00dfe","inline":true,"priceOptions":"different_for_all","pricingType":"fixed","className":"hassizechart product-shoes-size-eu product-shoes-size","name":"color-group-66c4a75505e89","disp_type":"square","selection_type":"tick-border","disp_size":"44","show_label_inside":true,"adjust_width":true,"cart_display_type":"text","other_text":"Other","cl_rule":"show","col":6,"values":[{"label":"35.5","value":"EU 35.5","price":"","pimage":"","pimage_id":"","pthumb":"","color":""},{"label":"36","value":"EU 36","price":"","pimage":"","pimage_id":"","pthumb":"","color":"","selected":true},{"label":"36.5","value":"EU 36.5","price":"","pimage":"","pimage_id":"","pthumb":"","color":""},{"label":"37.5","value":"EU 37.5","price":"","pimage":"","pimage_id":"","pthumb":"","color":""},{"label":"38","value":"EU 38","price":"","pimage":"","pimage_id":"","pthumb":"","color":""},{"label":"38.5","value":"EU 38.5","price":"","pimage":"","pimage_id":"","pthumb":"","color":""},{"label":"39","value":"EU 39","price":"","pimage":"","pimage_id":"","pthumb":"","color":""},{"label":"40","value":"EU 40","price":"","pimage":"","pimage_id":"","pthumb":"","color":""},{"label":"40.5","value":"EU 40.5","price":"","pimage":"","pimage_id":"","pthumb":"","color":""},{"label":"41","value":"EU 41","price":"","pimage":"","pimage_id":"","pthumb":"","color":""},{"label":"42","value":"EU 42","price":"","pimage":"","pimage_id":"","pthumb":"","color":""},{"label":"42.5","value":"EU 42.5","price":"","pimage":"","pimage_id":"","pthumb":"","color":""},{"label":"43","value":"EU 43","price":"","pimage":"","pimage_id":"","pthumb":"","color":""},{"label":"44","value":"EU 44","price":"","pimage":"","pimage_id":"","pthumb":"","color":""},{"label":"44.5","value":"EU 44.5","price":"","pimage":"","pimage_id":"","pthumb":"","color":""},{"label":"45","value":"EU 45","price":"","pimage":"","pimage_id":"","pthumb":"","color":""},{"label":"45.5","value":"EU 45.5","price":"","pimage":"","pimage_id":"","pthumb":"","color":""},{"label":"46","value":"EU 46","price":"","pimage":"","pimage_id":"","pthumb":"","color":""},{"label":"47","value":"EU 47","price":"","pimage":"","pimage_id":"","pthumb":"","color":""},{"label":"47.5","value":"EU 47.5","price":"","pimage":"","pimage_id":"","pthumb":"","color":""},{"label":"48","value":"EU 48","price":"","pimage":"","pimage_id":"","pthumb":"","color":""}],"relations":[{"operator":false,"rules":[]}],"form_id":18106,"form_rules":{"pric_cal_option_once":false,"exclude_from_discount":false,"pric_use_as_fee":false,"fee_label":"Fee","render_after_acb":false,"disp_hide_options_price":false}}]},"_links":{"self":[{"href":"https:\/\/moroen.com\/de\/wp-json\/wp\/v2\/product\/73291","targetHints":{"allow":["GET"]}}],"collection":[{"href":"https:\/\/moroen.com\/de\/wp-json\/wp\/v2\/product"}],"about":[{"href":"https:\/\/moroen.com\/de\/wp-json\/wp\/v2\/types\/product"}],"replies":[{"embeddable":true,"href":"https:\/\/moroen.com\/de\/wp-json\/wp\/v2\/comments?post=73291"}],"wp:featuredmedia":[{"embeddable":true,"href":"https:\/\/moroen.com\/de\/wp-json\/wp\/v2\/media\/73292"}],"wp:attachment":[{"href":"https:\/\/moroen.com\/de\/wp-json\/wp\/v2\/media?parent=73291"}],"wp:term":[{"taxonomy":"product_brand","embeddable":true,"href":"https:\/\/moroen.com\/de\/wp-json\/wp\/v2\/product_brand?post=73291"},{"taxonomy":"product_cat","embeddable":true,"href":"https:\/\/moroen.com\/de\/wp-json\/wp\/v2\/product_cat?post=73291"},{"taxonomy":"product_tag","embeddable":true,"href":"https:\/\/moroen.com\/de\/wp-json\/wp\/v2\/product_tag?post=73291"}],"curies":[{"name":"wp","href":"https:\/\/api.w.org\/{rel}","templated":true}]}}