{"id":74807,"date":"2026-03-17T10:32:14","date_gmt":"2026-03-17T03:32:14","guid":{"rendered":"https:\/\/moroen.com\/de\/product\/run-the-jewels-x-nike-sb-dunk-high-active-pink"},"modified":"2026-03-17T10:32:14","modified_gmt":"2026-03-17T03:32:14","slug":"run-the-jewels-x-nike-sb-dunk-high-active-pink","status":"publish","type":"product","link":"https:\/\/moroen.com\/de\/produkt\/run-the-jewels-x-nike-sb-dunk-high-active-pink\/","title":{"rendered":"Run The Jewels x Nike SB Dunk High &#8218;Active Pink&#8216;"},"content":{"rendered":"<p>Die Run The Jewels x Nike SB Dunk High Active Pink Sneaker von Nike vereinen Style und Performance perfekt. Diese Sneaker bestechen durch ihr leuchtendes Pink mit Run The Jewels Branding und sind aus hochwertigen Materialien gefertigt, die f\u00fcr Langlebigkeit sorgen. Dank ihrer bequemen Passform und des stylischen Designs sind sie ideal f\u00fcr den Alltag oder den Skatepark. Mach dich bereit, alle Blicke auf dich zu ziehen und deinen Sneaker-Style auf ein neues Level zu heben \u2013 mit den Run The Jewels x Nike SB Dunk High Active Pink Sneakern.<\/p>\n<ul>\n<li><strong>Farbgebung:<\/strong> Active Pink\/Schwarz\/Metallic Gold<\/li>\n<li><strong>Style-Code:<\/strong> DX4356-600<\/li>\n<li><strong>Obermaterial:<\/strong> Fell<\/li>\n<li><strong>Mittelsohle:<\/strong> Zoom Air<\/li>\n<li><strong>Farbe:<\/strong> Pink<\/li>\n<li><strong>Saison:<\/strong> Fr\u00fchling<\/li>\n<li><strong>Erscheinungsjahr:<\/strong> 2023<\/li>\n<\/ul>\n","protected":false},"excerpt":{"rendered":"<p>Die Run The Jewels x Nike SB Dunk High Active Pink Sneaker von Nike vereinen Style und Performance perfekt. Diese Sneaker bestechen durch ihr leuchtendes Pink mit Run The Jewels Branding und sind aus hochwertigen Materialien gefertigt, die f\u00fcr Langlebigkeit sorgen. Dank ihrer bequemen Passform und des stylischen Designs sind sie ideal f\u00fcr den Alltag [&hellip;]<\/p>\n","protected":false},"featured_media":74808,"comment_status":"open","ping_status":"closed","template":"","meta":[],"product_brand":[],"product_cat":[10780,10773,11381,10883],"product_tag":[12555,12824,10762,12580,12563,12651,12558],"class_list":{"0":"post-74807","1":"product","2":"type-product","3":"status-publish","4":"has-post-thumbnail","6":"product_cat-gender-men","7":"product_cat-nike","8":"product_cat-nike-sb-dunk-high","9":"product_cat-skateboard-shoes","10":"product_tag-geschenk-fa-r-ihn","11":"product_tag-high-top-skateboardschuhe","12":"product_tag-nike","13":"product_tag-nike-skateboard-schuhe","14":"product_tag-performance-sportschuhe","15":"product_tag-skateboard-schuhe","16":"product_tag-unter-retailpreis","17":"wcpa_has_options","19":"first","20":"instock","21":"taxable","22":"shipping-taxable","23":"purchasable","24":"product-type-simple"},"wcpa_form_fields":{"rules":{"pric_overide_base_price":false,"pric_overide_base_price_if_gt_zero":false,"pric_overide_base_price_fully":false,"pric_cal_option_once":false,"pric_use_as_fee":false,"bind_quantity":false,"quantity_bind_formula":false},"fields":[{"type":"color-group","required":true,"elementId":"wcpa-color-group-66c4a75505e74","label":"Gr\u00f6\u00dfe - EU Gr\u00f6\u00dfe","inline":true,"priceOptions":"different_for_all","pricingType":"fixed","className":"hassizechart product-shoes-size-eu product-shoes-size","name":"color-group-66c4a75505e89","disp_type":"square","selection_type":"tick-border","disp_size":"44","show_label_inside":true,"adjust_width":true,"cart_display_type":"text","other_text":"Other","cl_rule":"show","col":6,"values":[{"label":"35.5","value":"EU 35.5","price":"","pimage":"","pimage_id":"","pthumb":"","color":""},{"label":"36","value":"EU 36","price":"","pimage":"","pimage_id":"","pthumb":"","color":"","selected":true},{"label":"36.5","value":"EU 36.5","price":"","pimage":"","pimage_id":"","pthumb":"","color":""},{"label":"37.5","value":"EU 37.5","price":"","pimage":"","pimage_id":"","pthumb":"","color":""},{"label":"38","value":"EU 38","price":"","pimage":"","pimage_id":"","pthumb":"","color":""},{"label":"38.5","value":"EU 38.5","price":"","pimage":"","pimage_id":"","pthumb":"","color":""},{"label":"39","value":"EU 39","price":"","pimage":"","pimage_id":"","pthumb":"","color":""},{"label":"40","value":"EU 40","price":"","pimage":"","pimage_id":"","pthumb":"","color":""},{"label":"40.5","value":"EU 40.5","price":"","pimage":"","pimage_id":"","pthumb":"","color":""},{"label":"41","value":"EU 41","price":"","pimage":"","pimage_id":"","pthumb":"","color":""},{"label":"42","value":"EU 42","price":"","pimage":"","pimage_id":"","pthumb":"","color":""},{"label":"42.5","value":"EU 42.5","price":"","pimage":"","pimage_id":"","pthumb":"","color":""},{"label":"43","value":"EU 43","price":"","pimage":"","pimage_id":"","pthumb":"","color":""},{"label":"44","value":"EU 44","price":"","pimage":"","pimage_id":"","pthumb":"","color":""},{"label":"44.5","value":"EU 44.5","price":"","pimage":"","pimage_id":"","pthumb":"","color":""},{"label":"45","value":"EU 45","price":"","pimage":"","pimage_id":"","pthumb":"","color":""},{"label":"45.5","value":"EU 45.5","price":"","pimage":"","pimage_id":"","pthumb":"","color":""},{"label":"46","value":"EU 46","price":"","pimage":"","pimage_id":"","pthumb":"","color":""},{"label":"47","value":"EU 47","price":"","pimage":"","pimage_id":"","pthumb":"","color":""},{"label":"47.5","value":"EU 47.5","price":"","pimage":"","pimage_id":"","pthumb":"","color":""},{"label":"48","value":"EU 48","price":"","pimage":"","pimage_id":"","pthumb":"","color":""}],"relations":[{"operator":false,"rules":[]}],"form_id":18106,"form_rules":{"pric_cal_option_once":false,"exclude_from_discount":false,"pric_use_as_fee":false,"fee_label":"Fee","render_after_acb":false,"disp_hide_options_price":false}}]},"_links":{"self":[{"href":"https:\/\/moroen.com\/de\/wp-json\/wp\/v2\/product\/74807","targetHints":{"allow":["GET"]}}],"collection":[{"href":"https:\/\/moroen.com\/de\/wp-json\/wp\/v2\/product"}],"about":[{"href":"https:\/\/moroen.com\/de\/wp-json\/wp\/v2\/types\/product"}],"replies":[{"embeddable":true,"href":"https:\/\/moroen.com\/de\/wp-json\/wp\/v2\/comments?post=74807"}],"wp:featuredmedia":[{"embeddable":true,"href":"https:\/\/moroen.com\/de\/wp-json\/wp\/v2\/media\/74808"}],"wp:attachment":[{"href":"https:\/\/moroen.com\/de\/wp-json\/wp\/v2\/media?parent=74807"}],"wp:term":[{"taxonomy":"product_brand","embeddable":true,"href":"https:\/\/moroen.com\/de\/wp-json\/wp\/v2\/product_brand?post=74807"},{"taxonomy":"product_cat","embeddable":true,"href":"https:\/\/moroen.com\/de\/wp-json\/wp\/v2\/product_cat?post=74807"},{"taxonomy":"product_tag","embeddable":true,"href":"https:\/\/moroen.com\/de\/wp-json\/wp\/v2\/product_tag?post=74807"}],"curies":[{"name":"wp","href":"https:\/\/api.w.org\/{rel}","templated":true}]}}