{"id":74938,"date":"2026-03-17T10:32:18","date_gmt":"2026-03-17T03:32:18","guid":{"rendered":"https:\/\/moroen.com\/de\/product\/air-jordan-1-low-golf-black-croc"},"modified":"2026-03-17T10:32:18","modified_gmt":"2026-03-17T03:32:18","slug":"air-jordan-1-low-golf-black-croc","status":"publish","type":"product","link":"https:\/\/moroen.com\/de\/produkt\/air-jordan-1-low-golf-black-croc\/","title":{"rendered":"Air Jordan 1 Low Golf &#8218;Black Croc&#8216;"},"content":{"rendered":"<p>Der Air Jordan 1 Low Golf Black Croc von Jordan ist ein eleganter und stylischer Sneaker, perfekt f\u00fcr den Golfplatz. Mit seiner schwarzen Krokodil-Optik bietet dieser Schuh nicht nur einen einzigartigen und modischen Look, sondern auch hervorragende Performance und Komfort. Machen Sie sich bereit f\u00fcr einen stilvollen Abschlag mit diesem Must-have-Sneaker.<\/p>\n<p>Farbgebung: Schwarz\/Schwarz\/Eisengrau\/Wei\u00df<\/p>\n<p>Style-Code: DD9315-003<\/p>\n<p>Obermaterial: Leder<\/p>\n<p>Zwischensohle: Air<\/p>\n<p>Farbe: Schwarz<\/p>\n<p>Designer: Peter Moore<\/p>\n<p>Saison: Winter<\/p>\n<p>Erscheinungsjahr: 2023<\/p>\n","protected":false},"excerpt":{"rendered":"<p>Der Air Jordan 1 Low Golf Black Croc von Jordan ist ein eleganter und stylischer Sneaker, perfekt f\u00fcr den Golfplatz. Mit seiner schwarzen Krokodil-Optik bietet dieser Schuh nicht nur einen einzigartigen und modischen Look, sondern auch hervorragende Performance und Komfort. Machen Sie sich bereit f\u00fcr einen stilvollen Abschlag mit diesem Must-have-Sneaker. Farbgebung: Schwarz\/Schwarz\/Eisengrau\/Wei\u00df Style-Code: DD9315-003 [&hellip;]<\/p>\n","protected":false},"featured_media":74939,"comment_status":"open","ping_status":"closed","template":"","meta":[],"product_brand":[],"product_cat":[10844,10825,10875,10780],"product_tag":[12555,12644,12645,10819,12643,12563,12547,12566,12558],"class_list":{"0":"post-74938","1":"product","2":"type-product","3":"status-publish","4":"has-post-thumbnail","6":"product_cat-golf-shoes","7":"product_cat-jordan","8":"product_cat-jordan-jordan-1-low-golf","9":"product_cat-gender-men","10":"product_tag-geschenk-fa-r-ihn","11":"product_tag-golfschuhe","12":"product_tag-golfschuhe-ohne-spikes","13":"product_tag-jordan","14":"product_tag-la-ssige-golfschuhe","15":"product_tag-performance-sportschuhe","16":"product_tag-trendangebote","17":"product_tag-trendangebote-unter-150","18":"product_tag-unter-retailpreis","19":"wcpa_has_options","21":"first","22":"instock","23":"taxable","24":"shipping-taxable","25":"purchasable","26":"product-type-simple"},"wcpa_form_fields":{"rules":{"pric_overide_base_price":false,"pric_overide_base_price_if_gt_zero":false,"pric_overide_base_price_fully":false,"pric_cal_option_once":false,"pric_use_as_fee":false,"bind_quantity":false,"quantity_bind_formula":false},"fields":[{"type":"color-group","required":true,"elementId":"wcpa-color-group-66c4a75505e74","label":"Gr\u00f6\u00dfe - EU Gr\u00f6\u00dfe","inline":true,"priceOptions":"different_for_all","pricingType":"fixed","className":"hassizechart product-shoes-size-eu product-shoes-size","name":"color-group-66c4a75505e89","disp_type":"square","selection_type":"tick-border","disp_size":"44","show_label_inside":true,"adjust_width":true,"cart_display_type":"text","other_text":"Other","cl_rule":"show","col":6,"values":[{"label":"35.5","value":"EU 35.5","price":"","pimage":"","pimage_id":"","pthumb":"","color":""},{"label":"36","value":"EU 36","price":"","pimage":"","pimage_id":"","pthumb":"","color":"","selected":true},{"label":"36.5","value":"EU 36.5","price":"","pimage":"","pimage_id":"","pthumb":"","color":""},{"label":"37.5","value":"EU 37.5","price":"","pimage":"","pimage_id":"","pthumb":"","color":""},{"label":"38","value":"EU 38","price":"","pimage":"","pimage_id":"","pthumb":"","color":""},{"label":"38.5","value":"EU 38.5","price":"","pimage":"","pimage_id":"","pthumb":"","color":""},{"label":"39","value":"EU 39","price":"","pimage":"","pimage_id":"","pthumb":"","color":""},{"label":"40","value":"EU 40","price":"","pimage":"","pimage_id":"","pthumb":"","color":""},{"label":"40.5","value":"EU 40.5","price":"","pimage":"","pimage_id":"","pthumb":"","color":""},{"label":"41","value":"EU 41","price":"","pimage":"","pimage_id":"","pthumb":"","color":""},{"label":"42","value":"EU 42","price":"","pimage":"","pimage_id":"","pthumb":"","color":""},{"label":"42.5","value":"EU 42.5","price":"","pimage":"","pimage_id":"","pthumb":"","color":""},{"label":"43","value":"EU 43","price":"","pimage":"","pimage_id":"","pthumb":"","color":""},{"label":"44","value":"EU 44","price":"","pimage":"","pimage_id":"","pthumb":"","color":""},{"label":"44.5","value":"EU 44.5","price":"","pimage":"","pimage_id":"","pthumb":"","color":""},{"label":"45","value":"EU 45","price":"","pimage":"","pimage_id":"","pthumb":"","color":""},{"label":"45.5","value":"EU 45.5","price":"","pimage":"","pimage_id":"","pthumb":"","color":""},{"label":"46","value":"EU 46","price":"","pimage":"","pimage_id":"","pthumb":"","color":""},{"label":"47","value":"EU 47","price":"","pimage":"","pimage_id":"","pthumb":"","color":""},{"label":"47.5","value":"EU 47.5","price":"","pimage":"","pimage_id":"","pthumb":"","color":""},{"label":"48","value":"EU 48","price":"","pimage":"","pimage_id":"","pthumb":"","color":""}],"relations":[{"operator":false,"rules":[]}],"form_id":18106,"form_rules":{"pric_cal_option_once":false,"exclude_from_discount":false,"pric_use_as_fee":false,"fee_label":"Fee","render_after_acb":false,"disp_hide_options_price":false}}]},"_links":{"self":[{"href":"https:\/\/moroen.com\/de\/wp-json\/wp\/v2\/product\/74938","targetHints":{"allow":["GET"]}}],"collection":[{"href":"https:\/\/moroen.com\/de\/wp-json\/wp\/v2\/product"}],"about":[{"href":"https:\/\/moroen.com\/de\/wp-json\/wp\/v2\/types\/product"}],"replies":[{"embeddable":true,"href":"https:\/\/moroen.com\/de\/wp-json\/wp\/v2\/comments?post=74938"}],"wp:featuredmedia":[{"embeddable":true,"href":"https:\/\/moroen.com\/de\/wp-json\/wp\/v2\/media\/74939"}],"wp:attachment":[{"href":"https:\/\/moroen.com\/de\/wp-json\/wp\/v2\/media?parent=74938"}],"wp:term":[{"taxonomy":"product_brand","embeddable":true,"href":"https:\/\/moroen.com\/de\/wp-json\/wp\/v2\/product_brand?post=74938"},{"taxonomy":"product_cat","embeddable":true,"href":"https:\/\/moroen.com\/de\/wp-json\/wp\/v2\/product_cat?post=74938"},{"taxonomy":"product_tag","embeddable":true,"href":"https:\/\/moroen.com\/de\/wp-json\/wp\/v2\/product_tag?post=74938"}],"curies":[{"name":"wp","href":"https:\/\/api.w.org\/{rel}","templated":true}]}}