{"id":75881,"date":"2026-03-17T10:32:49","date_gmt":"2026-03-17T03:32:49","guid":{"rendered":"https:\/\/moroen.com\/de\/product\/adidas-adizero-evo-sl-white-black"},"modified":"2026-03-17T10:32:49","modified_gmt":"2026-03-17T03:32:49","slug":"adidas-adizero-evo-sl-white-black","status":"publish","type":"product","link":"https:\/\/moroen.com\/de\/produkt\/adidas-adizero-evo-sl-white-black\/","title":{"rendered":"adidas Adizero Evo SL &#8218;White Black&#8216;"},"content":{"rendered":"<p>Verbessere dein Lauferlebnis mit dem adidas Adizero Evo SL &#8218;White Black&#8216; JH6206. Diese ultraleichten Laufschuhe wurden f\u00fcr Geschwindigkeit und Agilit\u00e4t entwickelt und bestechen durch ihr elegantes Wei\u00df-Schwarz-Design, das modernen Style ausstrahlt. Dank modernster D\u00e4mpfung und atmungsaktivem Mesh bieten sie unvergleichlichen Komfort und Halt. Ob auf der Laufbahn oder in der Stadt \u2013 die griffige Gummisohle sorgt f\u00fcr optimale Traktion. Erweitere deine Sportschuhkollektion mit einem Paar, das Performance und Langlebigkeit perfekt vereint.<\/p>\n<p>Farbgebung: Cloud White\/Core Black\/Cloud White<\/p>\n<p>Artikelnummer: JH6206<\/p>\n<p>Obermaterial: Textil<br \/>\nZwischensohle: Lightstrike Pro<\/p>\n<p>Farbe: Wei\u00df<br \/>\nErscheinungsjahr: 2024<\/p>\n","protected":false},"excerpt":{"rendered":"<p>Verbessere dein Lauferlebnis mit dem adidas Adizero Evo SL &#8218;White Black&#8216; JH6206. Diese ultraleichten Laufschuhe wurden f\u00fcr Geschwindigkeit und Agilit\u00e4t entwickelt und bestechen durch ihr elegantes Wei\u00df-Schwarz-Design, das modernen Style ausstrahlt. Dank modernster D\u00e4mpfung und atmungsaktivem Mesh bieten sie unvergleichlichen Komfort und Halt. Ob auf der Laufbahn oder in der Stadt \u2013 die griffige Gummisohle [&hellip;]<\/p>\n","protected":false},"featured_media":75882,"comment_status":"open","ping_status":"closed","template":"","meta":[],"product_brand":[],"product_cat":[10791,13302,10780,10794],"product_tag":[10789,12553,12555,12564,12612,12613,12563,13301,12558],"class_list":{"0":"post-75881","1":"product","2":"type-product","3":"status-publish","4":"has-post-thumbnail","6":"product_cat-adidas","7":"product_cat-adidas-adizero-evo-sl","8":"product_cat-gender-men","9":"product_cat-running-shoes","10":"product_tag-adidas","11":"product_tag-galerie-look","12":"product_tag-geschenk-fa-r-ihn","13":"product_tag-laufschuhe","14":"product_tag-leichte-laufschuhe","15":"product_tag-performance-laufschuhe","16":"product_tag-performance-sportschuhe","17":"product_tag-tempo-intervall-laufschuhe","18":"product_tag-unter-retailpreis","19":"wcpa_has_options","21":"first","22":"instock","23":"sale","24":"taxable","25":"shipping-taxable","26":"purchasable","27":"product-type-simple"},"wcpa_form_fields":{"rules":{"pric_overide_base_price":false,"pric_overide_base_price_if_gt_zero":false,"pric_overide_base_price_fully":false,"pric_cal_option_once":false,"pric_use_as_fee":false,"bind_quantity":false,"quantity_bind_formula":false},"fields":[{"type":"color-group","required":true,"elementId":"wcpa-color-group-66c4a7f817afe","label":"Gr\u00f6\u00dfe","inline":true,"priceOptions":"different_for_all","pricingType":"fixed","className":"hassizechart product-shoes-size-eu product-shoes-size","name":"color-group-66c4a7f817b18","disp_type":"square","selection_type":"tick-border","disp_size":"50","show_label_inside":true,"adjust_width":true,"cart_display_type":"text","other_text":"Other","cl_rule":"show","col":6,"values":[{"label":"35","value":"EU 35","price":"","pimage":"","pimage_id":"","pthumb":"","color":""},{"label":"35.5","value":"EU 35.5","price":"","pimage":"","pimage_id":"","pthumb":"","color":""},{"label":"36","value":"EU 36","price":"","pimage":"","pimage_id":"","pthumb":"","color":"","selected":true},{"label":"36 2\/3","value":"EU 36 2\/3","price":"","pimage":"","pimage_id":"","pthumb":"","color":""},{"label":"37 1\/3","value":"EU 37 1\/3","price":"","pimage":"","pimage_id":"","pthumb":"","color":""},{"label":"38","value":"EU 38","price":"","pimage":"","pimage_id":"","pthumb":"","color":""},{"label":"38 2\/3","value":"EU 38 2\/3","price":"","pimage":"","pimage_id":"","pthumb":"","color":""},{"label":"39 1\/3","value":"EU 39 1\/3","price":"","pimage":"","pimage_id":"","pthumb":"","color":""},{"label":"40","value":"EU 40","price":"","pimage":"","pimage_id":"","pthumb":"","color":""},{"label":"40 2\/3","value":"EU 40 2\/3","price":"","pimage":"","pimage_id":"","pthumb":"","color":""},{"label":"41 1\/3","value":"EU 41 1\/3","price":"","pimage":"","pimage_id":"","pthumb":"","color":""},{"label":"42","value":"EU 42","price":"","pimage":"","pimage_id":"","pthumb":"","color":""},{"label":"42 2\/3","value":"EU 42 2\/3","price":"","pimage":"","pimage_id":"","pthumb":"","color":""},{"label":"43 1\/3","value":"EU 43 1\/3","price":"","pimage":"","pimage_id":"","pthumb":"","color":""},{"label":"44","value":"EU 44","price":"","pimage":"","pimage_id":"","pthumb":"","color":""},{"label":"44 2\/3","value":"EU 44 2\/3","price":"","pimage":"","pimage_id":"","pthumb":"","color":""},{"label":"45 1\/3","value":"EU 45 1\/3","price":"","pimage":"","pimage_id":"","pthumb":"","color":""},{"label":"46","value":"EU 46","price":"","pimage":"","pimage_id":"","pthumb":"","color":""},{"label":"46 2\/3","value":"EU 46 2\/3","price":"","pimage":"","pimage_id":"","pthumb":"","color":""},{"label":"47 1\/3","value":"EU 47 1\/3","price":"","pimage":"","pimage_id":"","pthumb":"","color":""}],"relations":[{"operator":false,"rules":[]}],"form_id":24802,"form_rules":{"pric_cal_option_once":false,"exclude_from_discount":false,"pric_use_as_fee":false,"fee_label":"Fee","render_after_acb":false,"disp_hide_options_price":false}}]},"_links":{"self":[{"href":"https:\/\/moroen.com\/de\/wp-json\/wp\/v2\/product\/75881","targetHints":{"allow":["GET"]}}],"collection":[{"href":"https:\/\/moroen.com\/de\/wp-json\/wp\/v2\/product"}],"about":[{"href":"https:\/\/moroen.com\/de\/wp-json\/wp\/v2\/types\/product"}],"replies":[{"embeddable":true,"href":"https:\/\/moroen.com\/de\/wp-json\/wp\/v2\/comments?post=75881"}],"wp:featuredmedia":[{"embeddable":true,"href":"https:\/\/moroen.com\/de\/wp-json\/wp\/v2\/media\/75882"}],"wp:attachment":[{"href":"https:\/\/moroen.com\/de\/wp-json\/wp\/v2\/media?parent=75881"}],"wp:term":[{"taxonomy":"product_brand","embeddable":true,"href":"https:\/\/moroen.com\/de\/wp-json\/wp\/v2\/product_brand?post=75881"},{"taxonomy":"product_cat","embeddable":true,"href":"https:\/\/moroen.com\/de\/wp-json\/wp\/v2\/product_cat?post=75881"},{"taxonomy":"product_tag","embeddable":true,"href":"https:\/\/moroen.com\/de\/wp-json\/wp\/v2\/product_tag?post=75881"}],"curies":[{"name":"wp","href":"https:\/\/api.w.org\/{rel}","templated":true}]}}