{"id":75950,"date":"2026-03-17T10:32:51","date_gmt":"2026-03-17T03:32:51","guid":{"rendered":"https:\/\/moroen.com\/de\/product\/asics-gel-kayano-14-tiffany"},"modified":"2026-03-17T10:32:51","modified_gmt":"2026-03-17T03:32:51","slug":"asics-gel-kayano-14-tiffany","status":"publish","type":"product","link":"https:\/\/moroen.com\/de\/produkt\/asics-gel-kayano-14-tiffany\/","title":{"rendered":"ASICS Gel Kayano 14 &#8218;Tiffany&#8216;"},"content":{"rendered":"<p>Erleben Sie zeitlose Eleganz und unvergleichlichen Komfort mit dem ASICS Gel Kayano 14 &#8218;Tiffany&#8216; 1203A740-100. Inspiriert von klassischem Design, bietet dieser Sneaker die legend\u00e4re Gel-D\u00e4mpfungstechnologie f\u00fcr optimale Sto\u00dfd\u00e4mpfung und Stabilit\u00e4t. Die markante Farbgebung &#8218;Tiffany&#8216;, eine Mischung aus T\u00fcrkist\u00f6nen, verleiht Ihrem sportlichen Look einen Hauch von Raffinesse. Ideal f\u00fcr Langstreckenl\u00e4ufe oder den Alltag: Das atmungsaktive Mesh-Obermaterial sorgt f\u00fcr optimale Luftzirkulation. Bereichern Sie Ihre Schuhsammlung mit dieser stilvollen Kombination.<\/p>\n<p>Farbgebung: Aquablau\/Metallic-Silber<br \/>\nArtikelnummer: 1203A740-100<br \/>\nObermaterial: Mesh<br \/>\nZwischensohle: Gel<br \/>\nFarbe: Silber<\/p>\n<p>Farbe: Silber<\/p>\n","protected":false},"excerpt":{"rendered":"<p>Erleben Sie zeitlose Eleganz und unvergleichlichen Komfort mit dem ASICS Gel Kayano 14 &#8218;Tiffany&#8216; 1203A740-100. Inspiriert von klassischem Design, bietet dieser Sneaker die legend\u00e4re Gel-D\u00e4mpfungstechnologie f\u00fcr optimale Sto\u00dfd\u00e4mpfung und Stabilit\u00e4t. Die markante Farbgebung &#8218;Tiffany&#8216;, eine Mischung aus T\u00fcrkist\u00f6nen, verleiht Ihrem sportlichen Look einen Hauch von Raffinesse. Ideal f\u00fcr Langstreckenl\u00e4ufe oder den Alltag: Das atmungsaktive Mesh-Obermaterial [&hellip;]<\/p>\n","protected":false},"featured_media":75951,"comment_status":"open","ping_status":"closed","template":"","meta":[],"product_brand":[],"product_cat":[12567,13203,10778,10780],"product_tag":[12565,12542,12545,12557,12546,12558],"class_list":{"0":"post-75950","1":"product","2":"type-product","3":"status-publish","4":"has-post-thumbnail","6":"product_cat-asics","7":"product_cat-asics-gel-kayano-14","8":"product_cat-lifestyle-shoes-running-inspired","9":"product_cat-gender-men","10":"product_tag-asics","11":"product_tag-athleisure-schuhe","12":"product_tag-lifestyle-freizeitschuhe","13":"product_tag-lifestyle-schuhe-vom-laufen-inspiriert","14":"product_tag-retro-laufschuhe","15":"product_tag-unter-retailpreis","16":"wcpa_has_options","18":"first","19":"instock","20":"sale","21":"taxable","22":"shipping-taxable","23":"purchasable","24":"product-type-simple"},"wcpa_form_fields":{"rules":{"pric_overide_base_price":false,"pric_overide_base_price_if_gt_zero":false,"pric_overide_base_price_fully":false,"pric_cal_option_once":false,"pric_use_as_fee":false,"bind_quantity":false,"quantity_bind_formula":false},"fields":[{"type":"color-group","required":true,"elementId":"wcpa-color-group-69a5ac3f3e644","label":"Gr\u00f6\u00dfe","inline":true,"priceOptions":"different_for_all","pricingType":"fixed","className":"hassizechart product-shoes-size-eu product-shoes-size","name":"color-group-69a5ac3f3e64e","disp_type":"square","selection_type":"tick-border","disp_size":"50","show_label_inside":true,"adjust_width":true,"cart_display_type":"text","other_text":"Other","cl_rule":"show","col":6,"values":[{"label":"34.5","value":"EU 34.5","price":"","pimage":"","pimage_id":"","pthumb":"","color":""},{"label":"35","value":"EU 35","price":"","pimage":"","pimage_id":"","pthumb":"","color":""},{"label":"35.5","value":"EU 35.5","price":"","pimage":"","pimage_id":"","pthumb":"","color":""},{"label":"36","value":"EU 36","price":"","pimage":"","pimage_id":"","pthumb":"","color":"","selected":true},{"label":"37","value":"EU 37","price":"","pimage":"","pimage_id":"","pthumb":"","color":""},{"label":"37.5","value":"EU 37.5","price":"","pimage":"","pimage_id":"","pthumb":"","color":""},{"label":"38","value":"EU 38","price":"","pimage":"","pimage_id":"","pthumb":"","color":""},{"label":"38.5","value":"EU 38.5","price":"","pimage":"","pimage_id":"","pthumb":"","color":""},{"label":"39","value":"EU 39","price":"","pimage":"","pimage_id":"","pthumb":"","color":""},{"label":"39.5","value":"EU 39.5","price":"","pimage":"","pimage_id":"","pthumb":"","color":""},{"label":"40","value":"EU 40","price":"","pimage":"","pimage_id":"","pthumb":"","color":""},{"label":"40.5","value":"EU 40.5","price":"","pimage":"","pimage_id":"","pthumb":"","color":""},{"label":" 41.5","value":"EU 41.5","price":"","pimage":"","pimage_id":"","pthumb":"","color":""},{"label":"42","value":"EU 42","price":"","pimage":"","pimage_id":"","pthumb":"","color":""},{"label":"42.5","value":"EU 42.5","price":"","pimage":"","pimage_id":"","pthumb":"","color":""},{"label":"43.5","value":"EU 43.5","price":"","pimage":"","pimage_id":"","pthumb":"","color":""},{"label":"44","value":"EU 44","price":"","pimage":"","pimage_id":"","pthumb":"","color":""},{"label":"44.5","value":"EU 44.5","price":"","pimage":"","pimage_id":"","pthumb":"","color":""},{"label":"45","value":"EU 45","price":"","pimage":"","pimage_id":"","pthumb":"","color":""}],"relations":[{"operator":false,"rules":[]}],"form_id":184312,"form_rules":{"pric_cal_option_once":false,"exclude_from_discount":false,"pric_use_as_fee":false,"fee_label":"Fee","render_after_acb":false,"disp_hide_options_price":false}}]},"_links":{"self":[{"href":"https:\/\/moroen.com\/de\/wp-json\/wp\/v2\/product\/75950","targetHints":{"allow":["GET"]}}],"collection":[{"href":"https:\/\/moroen.com\/de\/wp-json\/wp\/v2\/product"}],"about":[{"href":"https:\/\/moroen.com\/de\/wp-json\/wp\/v2\/types\/product"}],"replies":[{"embeddable":true,"href":"https:\/\/moroen.com\/de\/wp-json\/wp\/v2\/comments?post=75950"}],"wp:featuredmedia":[{"embeddable":true,"href":"https:\/\/moroen.com\/de\/wp-json\/wp\/v2\/media\/75951"}],"wp:attachment":[{"href":"https:\/\/moroen.com\/de\/wp-json\/wp\/v2\/media?parent=75950"}],"wp:term":[{"taxonomy":"product_brand","embeddable":true,"href":"https:\/\/moroen.com\/de\/wp-json\/wp\/v2\/product_brand?post=75950"},{"taxonomy":"product_cat","embeddable":true,"href":"https:\/\/moroen.com\/de\/wp-json\/wp\/v2\/product_cat?post=75950"},{"taxonomy":"product_tag","embeddable":true,"href":"https:\/\/moroen.com\/de\/wp-json\/wp\/v2\/product_tag?post=75950"}],"curies":[{"name":"wp","href":"https:\/\/api.w.org\/{rel}","templated":true}]}}