{"id":76096,"date":"2026-03-17T10:32:55","date_gmt":"2026-03-17T03:32:55","guid":{"rendered":"https:\/\/moroen.com\/de\/product\/asics-gel-kayano-14-white-fjord-grey"},"modified":"2026-03-17T10:32:55","modified_gmt":"2026-03-17T03:32:55","slug":"asics-gel-kayano-14-white-fjord-grey","status":"publish","type":"product","link":"https:\/\/moroen.com\/de\/produkt\/asics-gel-kayano-14-white-fjord-grey\/","title":{"rendered":"ASICS Gel Kayano 14 &#8218;White Fjord Grey&#8216;"},"content":{"rendered":"<p>Der ASICS GEL-KAYANO 14 (Modell 1203A537-106) vereint innovative Performance-Technologie mit einem Design im Retro-Stil und bietet so sowohl Stil als auch Komfort f\u00fcr Alltag und sportliche Aktivit\u00e4ten. Er ist auf Stabilit\u00e4t und D\u00e4mpfung ausgelegt und verf\u00fcgt \u00fcber die fortschrittliche GEL-Technologie, die St\u00f6\u00dfe absorbiert und so f\u00fcr geschmeidige \u00dcberg\u00e4nge und unvergleichlichen Komfort sorgt. Das atmungsaktive Mesh-Obermaterial mit synthetischen Overlays gew\u00e4hrleistet eine st\u00fctzende und dennoch leichte Passform und verbessert Haltbarkeit und Bel\u00fcftung bei l\u00e4ngerem Tragen. Die mit fortschrittlichen Schaumstofftechnologien entwickelte Zwischensohle bietet au\u00dfergew\u00f6hnliche Energier\u00fcckgabe und reduziert die Belastung Ihrer F\u00fc\u00dfe \u2013 egal ob Sie laufen, gehen oder stundenlang in Bewegung sind. Die Au\u00dfensohle aus hochwertigem Gummi sorgt f\u00fcr verbesserte Traktion und lange Haltbarkeit und ist somit ideal f\u00fcr verschiedene Untergr\u00fcnde. Mit seinem Retro-Look, der an die \u00c4sthetik der fr\u00fchen 2000er-Jahre erinnert, bietet dieser Schuh zeitlosen Stil gepaart mit modernster Funktionalit\u00e4t. Der ASICS GEL-KAYANO 14 ist mehr als nur ein Laufschuh \u2013 er ist ein vielseitiger Alltagsbegleiter f\u00fcr alle, die Wert auf erstklassigen Komfort, optimale Unterst\u00fctzung und ein herausragendes Design legen. Egal, ob Sie als Sportler H\u00f6chstleistungen anstreben oder einfach nur Wert auf erstklassige Verarbeitung legen: Dieser Schuh verspricht Exzellenz im Sport und im Alltag. Die perfekte Balance aus Tradition und moderner Innovation macht ihn zu einem Must-have f\u00fcr jede Schuhsammlung.<\/p>\n<ul>\n<li><strong>Farbgebung:<\/strong> Wei\u00df\/Fjordgrau<\/li>\n<li><strong>Artikelnummer:<\/strong> 1203A537-106<\/li>\n<li><strong>Obermaterial:<\/strong> Mesh<\/li>\n<li><strong>Zwischensohle:<\/strong> Gel<\/li>\n<li><strong>Farbe:<\/strong> Wei\u00df<\/li>\n<\/ul>\n","protected":false},"excerpt":{"rendered":"<p>Der ASICS GEL-KAYANO 14 (Modell 1203A537-106) vereint innovative Performance-Technologie mit einem Design im Retro-Stil und bietet so sowohl Stil als auch Komfort f\u00fcr Alltag und sportliche Aktivit\u00e4ten. Er ist auf Stabilit\u00e4t und D\u00e4mpfung ausgelegt und verf\u00fcgt \u00fcber die fortschrittliche GEL-Technologie, die St\u00f6\u00dfe absorbiert und so f\u00fcr geschmeidige \u00dcberg\u00e4nge und unvergleichlichen Komfort sorgt. Das atmungsaktive Mesh-Obermaterial [&hellip;]<\/p>\n","protected":false},"featured_media":76097,"comment_status":"open","ping_status":"closed","template":"","meta":[],"product_brand":[],"product_cat":[12567,13315,10778,10780],"product_tag":[12565,12542,12553,12564,12545,12557,12546,12547,12566,12558],"class_list":{"0":"post-76096","1":"product","2":"type-product","3":"status-publish","4":"has-post-thumbnail","6":"product_cat-asics","7":"product_cat-asics-gel-kayano-14","8":"product_cat-lifestyle-shoes-running-inspired","9":"product_cat-gender-men","10":"product_tag-asics","11":"product_tag-athleisure-schuhe","12":"product_tag-galerie-look","13":"product_tag-laufschuhe","14":"product_tag-lifestyle-freizeitschuhe","15":"product_tag-lifestyle-schuhe-vom-laufen-inspiriert","16":"product_tag-retro-laufschuhe","17":"product_tag-trendangebote","18":"product_tag-trendangebote-unter-150","19":"product_tag-unter-retailpreis","20":"wcpa_has_options","22":"first","23":"instock","24":"sale","25":"taxable","26":"shipping-taxable","27":"purchasable","28":"product-type-simple"},"wcpa_form_fields":{"rules":{"pric_overide_base_price":false,"pric_overide_base_price_if_gt_zero":false,"pric_overide_base_price_fully":false,"pric_cal_option_once":false,"pric_use_as_fee":false,"bind_quantity":false,"quantity_bind_formula":false},"fields":[{"type":"color-group","required":true,"elementId":"wcpa-color-group-69a5ac3f3e644","label":"Gr\u00f6\u00dfe","inline":true,"priceOptions":"different_for_all","pricingType":"fixed","className":"hassizechart product-shoes-size-eu product-shoes-size","name":"color-group-69a5ac3f3e64e","disp_type":"square","selection_type":"tick-border","disp_size":"50","show_label_inside":true,"adjust_width":true,"cart_display_type":"text","other_text":"Other","cl_rule":"show","col":6,"values":[{"label":"34.5","value":"EU 34.5","price":"","pimage":"","pimage_id":"","pthumb":"","color":""},{"label":"35","value":"EU 35","price":"","pimage":"","pimage_id":"","pthumb":"","color":""},{"label":"35.5","value":"EU 35.5","price":"","pimage":"","pimage_id":"","pthumb":"","color":""},{"label":"36","value":"EU 36","price":"","pimage":"","pimage_id":"","pthumb":"","color":"","selected":true},{"label":"37","value":"EU 37","price":"","pimage":"","pimage_id":"","pthumb":"","color":""},{"label":"37.5","value":"EU 37.5","price":"","pimage":"","pimage_id":"","pthumb":"","color":""},{"label":"38","value":"EU 38","price":"","pimage":"","pimage_id":"","pthumb":"","color":""},{"label":"38.5","value":"EU 38.5","price":"","pimage":"","pimage_id":"","pthumb":"","color":""},{"label":"39","value":"EU 39","price":"","pimage":"","pimage_id":"","pthumb":"","color":""},{"label":"39.5","value":"EU 39.5","price":"","pimage":"","pimage_id":"","pthumb":"","color":""},{"label":"40","value":"EU 40","price":"","pimage":"","pimage_id":"","pthumb":"","color":""},{"label":"40.5","value":"EU 40.5","price":"","pimage":"","pimage_id":"","pthumb":"","color":""},{"label":" 41.5","value":"EU 41.5","price":"","pimage":"","pimage_id":"","pthumb":"","color":""},{"label":"42","value":"EU 42","price":"","pimage":"","pimage_id":"","pthumb":"","color":""},{"label":"42.5","value":"EU 42.5","price":"","pimage":"","pimage_id":"","pthumb":"","color":""},{"label":"43.5","value":"EU 43.5","price":"","pimage":"","pimage_id":"","pthumb":"","color":""},{"label":"44","value":"EU 44","price":"","pimage":"","pimage_id":"","pthumb":"","color":""},{"label":"44.5","value":"EU 44.5","price":"","pimage":"","pimage_id":"","pthumb":"","color":""},{"label":"45","value":"EU 45","price":"","pimage":"","pimage_id":"","pthumb":"","color":""}],"relations":[{"operator":false,"rules":[]}],"form_id":184312,"form_rules":{"pric_cal_option_once":false,"exclude_from_discount":false,"pric_use_as_fee":false,"fee_label":"Fee","render_after_acb":false,"disp_hide_options_price":false}}]},"_links":{"self":[{"href":"https:\/\/moroen.com\/de\/wp-json\/wp\/v2\/product\/76096","targetHints":{"allow":["GET"]}}],"collection":[{"href":"https:\/\/moroen.com\/de\/wp-json\/wp\/v2\/product"}],"about":[{"href":"https:\/\/moroen.com\/de\/wp-json\/wp\/v2\/types\/product"}],"replies":[{"embeddable":true,"href":"https:\/\/moroen.com\/de\/wp-json\/wp\/v2\/comments?post=76096"}],"wp:featuredmedia":[{"embeddable":true,"href":"https:\/\/moroen.com\/de\/wp-json\/wp\/v2\/media\/76097"}],"wp:attachment":[{"href":"https:\/\/moroen.com\/de\/wp-json\/wp\/v2\/media?parent=76096"}],"wp:term":[{"taxonomy":"product_brand","embeddable":true,"href":"https:\/\/moroen.com\/de\/wp-json\/wp\/v2\/product_brand?post=76096"},{"taxonomy":"product_cat","embeddable":true,"href":"https:\/\/moroen.com\/de\/wp-json\/wp\/v2\/product_cat?post=76096"},{"taxonomy":"product_tag","embeddable":true,"href":"https:\/\/moroen.com\/de\/wp-json\/wp\/v2\/product_tag?post=76096"}],"curies":[{"name":"wp","href":"https:\/\/api.w.org\/{rel}","templated":true}]}}