{"id":76165,"date":"2026-03-17T10:32:57","date_gmt":"2026-03-17T03:32:57","guid":{"rendered":"https:\/\/moroen.com\/de\/product\/new-balance-2002r-protection-pack-phantom"},"modified":"2026-03-17T10:32:57","modified_gmt":"2026-03-17T03:32:57","slug":"new-balance-2002r-protection-pack-phantom","status":"publish","type":"product","link":"https:\/\/moroen.com\/de\/produkt\/new-balance-2002r-protection-pack-phantom\/","title":{"rendered":"New Balance 2002R Protection Pack &#8218;Phantom&#8216;"},"content":{"rendered":"<p>Der New Balance 2002R Protection Pack Phantom-Sneaker der renommierten Marke New Balance bietet Stil und Schutz in einem. Diese aus hochwertigen Materialien gefertigten Sneaker bieten ultimativen Komfort und Haltbarkeit. Das schlanke Design und die einzigartige Farbpalette machen diesen Sneaker perfekt f\u00fcr jeden Anlass. Treten Sie stilvoll hervor und sch\u00fctzen Sie Ihre F\u00fc\u00dfe mit dem New Balance 2002R Protection Pack Phantom-Sneaker.<\/p>\n<ul>\n<li><strong>Farbgebung:<\/strong> Phantom\/Dunkelgrau<\/li>\n<li><strong>Stilcode:<\/strong> M2002RDB<\/li>\n<li><strong>Obermaterial:<\/strong> Wildleder<\/li>\n<li><strong>Zwischensohle:<\/strong> NERGIE<\/li>\n<li><strong>Farbe:<\/strong> Schwarz<\/li>\n<li><strong>Saison:<\/strong> Sommer<\/li>\n<li><strong>Erscheinungsjahr:<\/strong> 2021<\/li>\n<\/ul>\n","protected":false},"excerpt":{"rendered":"<p>Der New Balance 2002R Protection Pack Phantom-Sneaker der renommierten Marke New Balance bietet Stil und Schutz in einem. Diese aus hochwertigen Materialien gefertigten Sneaker bieten ultimativen Komfort und Haltbarkeit. Das schlanke Design und die einzigartige Farbpalette machen diesen Sneaker perfekt f\u00fcr jeden Anlass. Treten Sie stilvoll hervor und sch\u00fctzen Sie Ihre F\u00fc\u00dfe mit dem New [&hellip;]<\/p>\n","protected":false},"featured_media":76166,"comment_status":"open","ping_status":"closed","template":"","meta":[],"product_brand":[],"product_cat":[12166,10778,10780,10774],"product_tag":[12542,12543,12553,12555,12545,12557,10760,12571,12546,12558],"class_list":{"0":"post-76165","1":"product","2":"type-product","3":"status-publish","4":"has-post-thumbnail","6":"product_cat-new-balance-2002r-protection-pack","7":"product_cat-lifestyle-shoes-running-inspired","8":"product_cat-gender-men","9":"product_cat-new-balance","10":"product_tag-athleisure-schuhe","11":"product_tag-bestseller","12":"product_tag-galerie-look","13":"product_tag-geschenk-fa-r-ihn","14":"product_tag-lifestyle-freizeitschuhe","15":"product_tag-lifestyle-schuhe-vom-laufen-inspiriert","16":"product_tag-new-balance","17":"product_tag-new-balance-laufschuhe","18":"product_tag-retro-laufschuhe","19":"product_tag-unter-retailpreis","20":"wcpa_has_options","22":"first","23":"instock","24":"taxable","25":"shipping-taxable","26":"purchasable","27":"product-type-simple"},"wcpa_form_fields":{"rules":{"pric_overide_base_price":false,"pric_overide_base_price_if_gt_zero":false,"pric_overide_base_price_fully":false,"pric_cal_option_once":false,"pric_use_as_fee":false,"bind_quantity":false,"quantity_bind_formula":false},"fields":[{"type":"color-group","required":true,"elementId":"wcpa-color-group-66c4a928225d2","label":"Gr\u00f6\u00dfe","inline":true,"priceOptions":"different_for_all","pricingType":"fixed","className":"hassizechart product-shoes-size-eu product-shoes-size","name":"color-group-66c4a928225e2","disp_type":"square","selection_type":"tick-border","disp_size":"50","show_label_inside":true,"adjust_width":true,"cart_display_type":"text","other_text":"Other","cl_rule":"show","col":6,"values":[{"label":"35","value":"EU 35","price":"","pimage":"","pimage_id":"","pthumb":"","color":""},{"label":"36","value":"EU 36","price":"","pimage":"","pimage_id":"","pthumb":"","color":"","selected":true},{"label":"37","value":"EU 37","price":"","pimage":"","pimage_id":"","pthumb":"","color":""},{"label":"37.5","value":"EU 37.5","price":"","pimage":"","pimage_id":"","pthumb":"","color":""},{"label":"38","value":"EU 38","price":"","pimage":"","pimage_id":"","pthumb":"","color":""},{"label":"38.5","value":"EU 38.5","price":"","pimage":"","pimage_id":"","pthumb":"","color":""},{"label":"39","value":"EU 39","price":"","pimage":"","pimage_id":"","pthumb":"","color":""},{"label":"39.5","value":"EU 39.5","price":"","pimage":"","pimage_id":"","pthumb":"","color":""},{"label":"40","value":"EU 40","price":"","pimage":"","pimage_id":"","pthumb":"","color":""},{"label":"40.5","value":"EU 40.5","price":"","pimage":"","pimage_id":"","pthumb":"","color":""},{"label":" 41.5","value":"EU 41.5","price":"","pimage":"","pimage_id":"","pthumb":"","color":""},{"label":"42","value":"EU 42","price":"","pimage":"","pimage_id":"","pthumb":"","color":""},{"label":"42.5","value":"EU 42.5","price":"","pimage":"","pimage_id":"","pthumb":"","color":""},{"label":"43","value":"EU 43","price":"","pimage":"","pimage_id":"","pthumb":"","color":""},{"label":"44","value":"EU 44","price":"","pimage":"","pimage_id":"","pthumb":"","color":""},{"label":"44.5","value":"EU 44.5","price":"","pimage":"","pimage_id":"","pthumb":"","color":""},{"label":"45","value":"EU 45","price":"","pimage":"","pimage_id":"","pthumb":"","color":""},{"label":"45.5","value":"EU 45.5","price":"","pimage":"","pimage_id":"","pthumb":"","color":""},{"label":"46","value":"EU 46","price":"","pimage":"","pimage_id":"","pthumb":"","color":""}],"relations":[{"operator":false,"rules":[]}],"form_id":24803,"form_rules":{"pric_cal_option_once":false,"exclude_from_discount":false,"pric_use_as_fee":false,"fee_label":"Fee","render_after_acb":false,"disp_hide_options_price":false}}]},"_links":{"self":[{"href":"https:\/\/moroen.com\/de\/wp-json\/wp\/v2\/product\/76165","targetHints":{"allow":["GET"]}}],"collection":[{"href":"https:\/\/moroen.com\/de\/wp-json\/wp\/v2\/product"}],"about":[{"href":"https:\/\/moroen.com\/de\/wp-json\/wp\/v2\/types\/product"}],"replies":[{"embeddable":true,"href":"https:\/\/moroen.com\/de\/wp-json\/wp\/v2\/comments?post=76165"}],"wp:featuredmedia":[{"embeddable":true,"href":"https:\/\/moroen.com\/de\/wp-json\/wp\/v2\/media\/76166"}],"wp:attachment":[{"href":"https:\/\/moroen.com\/de\/wp-json\/wp\/v2\/media?parent=76165"}],"wp:term":[{"taxonomy":"product_brand","embeddable":true,"href":"https:\/\/moroen.com\/de\/wp-json\/wp\/v2\/product_brand?post=76165"},{"taxonomy":"product_cat","embeddable":true,"href":"https:\/\/moroen.com\/de\/wp-json\/wp\/v2\/product_cat?post=76165"},{"taxonomy":"product_tag","embeddable":true,"href":"https:\/\/moroen.com\/de\/wp-json\/wp\/v2\/product_tag?post=76165"}],"curies":[{"name":"wp","href":"https:\/\/api.w.org\/{rel}","templated":true}]}}