{"id":76449,"date":"2026-03-17T10:33:06","date_gmt":"2026-03-17T03:33:06","guid":{"rendered":"https:\/\/moroen.com\/de\/product\/new-balance-1000-reflective-packraincloud"},"modified":"2026-03-17T10:33:06","modified_gmt":"2026-03-17T03:33:06","slug":"new-balance-1000-reflective-packraincloud","status":"publish","type":"product","link":"https:\/\/moroen.com\/de\/produkt\/new-balance-1000-reflective-packraincloud\/","title":{"rendered":"New Balance 1000 &#8218;Reflective Pack &#8211; Raincloud&#8216;"},"content":{"rendered":"<p>Mit dem New Balance 1000 \u201eReflective Pack \u2013 Raincloud\u201c M1000TE erleben Sie Stil und Komfort auf h\u00f6chstem Niveau. Dieser moderne Sneaker vereint innovative Strapazierf\u00e4higkeit mit elegantem Design. Gefertigt aus hochwertigen Materialien, besticht er durch seine edle Farbgebung in \u201eRaincloud\u201c, die sich m\u00fchelos in jedes Outfit einf\u00fcgt. Reflektierende Details verleihen ihm nicht nur eine markante Optik, sondern verbessern auch die Sichtbarkeit bei Dunkelheit. Dank fortschrittlicher D\u00e4mpfungstechnologie und einer st\u00fctzenden Sohle bietet der M1000TE ganzt\u00e4gigen Tragekomfort \u2013 egal ob Sie die Stadt erkunden oder einen aktiven Lebensstil pflegen. Die stromlinienf\u00f6rmige Silhouette und die sorgf\u00e4ltige Verarbeitung unterstreichen New Balances Anspruch an Funktionalit\u00e4t und Stil und machen diesen Schuh zu einem vielseitigen Must-have f\u00fcr Trendsetter und Performance-Enthusiasten gleicherma\u00dfen.<\/p>\n<ul>\n<li><strong>Farbgebung:<\/strong> Silber Metallic\/Raincloud<\/li>\n<li><strong>Style-Code:<\/strong> M1000TE<\/li>\n<li><strong>Obermaterial:<\/strong> Mesh<\/li>\n<li><strong>Zwischensohle:<\/strong> ABZORB<\/li>\n<li><strong>Farbe:<\/strong> Silber<\/li>\n<li><strong>Saison:<\/strong> Sommer<\/li>\n<li><strong>Erscheinungsjahr:<\/strong> 2024<\/li>\n<\/ul>\n","protected":false},"excerpt":{"rendered":"<p>Mit dem New Balance 1000 \u201eReflective Pack \u2013 Raincloud\u201c M1000TE erleben Sie Stil und Komfort auf h\u00f6chstem Niveau. Dieser moderne Sneaker vereint innovative Strapazierf\u00e4higkeit mit elegantem Design. Gefertigt aus hochwertigen Materialien, besticht er durch seine edle Farbgebung in \u201eRaincloud\u201c, die sich m\u00fchelos in jedes Outfit einf\u00fcgt. Reflektierende Details verleihen ihm nicht nur eine markante Optik, [&hellip;]<\/p>\n","protected":false},"featured_media":76450,"comment_status":"open","ping_status":"closed","template":"","meta":[],"product_brand":[],"product_cat":[11821,10778,10780,10774],"product_tag":[12542,12545,12557,10760,12546,12547,12566,12558],"class_list":{"0":"post-76449","1":"product","2":"type-product","3":"status-publish","4":"has-post-thumbnail","6":"product_cat-new-balance-1000","7":"product_cat-lifestyle-shoes-running-inspired","8":"product_cat-gender-men","9":"product_cat-new-balance","10":"product_tag-athleisure-schuhe","11":"product_tag-lifestyle-freizeitschuhe","12":"product_tag-lifestyle-schuhe-vom-laufen-inspiriert","13":"product_tag-new-balance","14":"product_tag-retro-laufschuhe","15":"product_tag-trendangebote","16":"product_tag-trendangebote-unter-150","17":"product_tag-unter-retailpreis","18":"wcpa_has_options","20":"first","21":"instock","22":"taxable","23":"shipping-taxable","24":"purchasable","25":"product-type-simple"},"wcpa_form_fields":{"rules":{"pric_overide_base_price":false,"pric_overide_base_price_if_gt_zero":false,"pric_overide_base_price_fully":false,"pric_cal_option_once":false,"pric_use_as_fee":false,"bind_quantity":false,"quantity_bind_formula":false},"fields":[{"type":"color-group","required":true,"elementId":"wcpa-color-group-66c4a928225d2","label":"Gr\u00f6\u00dfe","inline":true,"priceOptions":"different_for_all","pricingType":"fixed","className":"hassizechart product-shoes-size-eu product-shoes-size","name":"color-group-66c4a928225e2","disp_type":"square","selection_type":"tick-border","disp_size":"50","show_label_inside":true,"adjust_width":true,"cart_display_type":"text","other_text":"Other","cl_rule":"show","col":6,"values":[{"label":"35","value":"EU 35","price":"","pimage":"","pimage_id":"","pthumb":"","color":""},{"label":"36","value":"EU 36","price":"","pimage":"","pimage_id":"","pthumb":"","color":"","selected":true},{"label":"37","value":"EU 37","price":"","pimage":"","pimage_id":"","pthumb":"","color":""},{"label":"37.5","value":"EU 37.5","price":"","pimage":"","pimage_id":"","pthumb":"","color":""},{"label":"38","value":"EU 38","price":"","pimage":"","pimage_id":"","pthumb":"","color":""},{"label":"38.5","value":"EU 38.5","price":"","pimage":"","pimage_id":"","pthumb":"","color":""},{"label":"39","value":"EU 39","price":"","pimage":"","pimage_id":"","pthumb":"","color":""},{"label":"39.5","value":"EU 39.5","price":"","pimage":"","pimage_id":"","pthumb":"","color":""},{"label":"40","value":"EU 40","price":"","pimage":"","pimage_id":"","pthumb":"","color":""},{"label":"40.5","value":"EU 40.5","price":"","pimage":"","pimage_id":"","pthumb":"","color":""},{"label":" 41.5","value":"EU 41.5","price":"","pimage":"","pimage_id":"","pthumb":"","color":""},{"label":"42","value":"EU 42","price":"","pimage":"","pimage_id":"","pthumb":"","color":""},{"label":"42.5","value":"EU 42.5","price":"","pimage":"","pimage_id":"","pthumb":"","color":""},{"label":"43","value":"EU 43","price":"","pimage":"","pimage_id":"","pthumb":"","color":""},{"label":"44","value":"EU 44","price":"","pimage":"","pimage_id":"","pthumb":"","color":""},{"label":"44.5","value":"EU 44.5","price":"","pimage":"","pimage_id":"","pthumb":"","color":""},{"label":"45","value":"EU 45","price":"","pimage":"","pimage_id":"","pthumb":"","color":""},{"label":"45.5","value":"EU 45.5","price":"","pimage":"","pimage_id":"","pthumb":"","color":""},{"label":"46","value":"EU 46","price":"","pimage":"","pimage_id":"","pthumb":"","color":""}],"relations":[{"operator":false,"rules":[]}],"form_id":24803,"form_rules":{"pric_cal_option_once":false,"exclude_from_discount":false,"pric_use_as_fee":false,"fee_label":"Fee","render_after_acb":false,"disp_hide_options_price":false}}]},"_links":{"self":[{"href":"https:\/\/moroen.com\/de\/wp-json\/wp\/v2\/product\/76449","targetHints":{"allow":["GET"]}}],"collection":[{"href":"https:\/\/moroen.com\/de\/wp-json\/wp\/v2\/product"}],"about":[{"href":"https:\/\/moroen.com\/de\/wp-json\/wp\/v2\/types\/product"}],"replies":[{"embeddable":true,"href":"https:\/\/moroen.com\/de\/wp-json\/wp\/v2\/comments?post=76449"}],"wp:featuredmedia":[{"embeddable":true,"href":"https:\/\/moroen.com\/de\/wp-json\/wp\/v2\/media\/76450"}],"wp:attachment":[{"href":"https:\/\/moroen.com\/de\/wp-json\/wp\/v2\/media?parent=76449"}],"wp:term":[{"taxonomy":"product_brand","embeddable":true,"href":"https:\/\/moroen.com\/de\/wp-json\/wp\/v2\/product_brand?post=76449"},{"taxonomy":"product_cat","embeddable":true,"href":"https:\/\/moroen.com\/de\/wp-json\/wp\/v2\/product_cat?post=76449"},{"taxonomy":"product_tag","embeddable":true,"href":"https:\/\/moroen.com\/de\/wp-json\/wp\/v2\/product_tag?post=76449"}],"curies":[{"name":"wp","href":"https:\/\/api.w.org\/{rel}","templated":true}]}}