{"id":76815,"date":"2026-03-17T10:33:18","date_gmt":"2026-03-17T03:33:18","guid":{"rendered":"https:\/\/moroen.com\/de\/product\/new-balance-1000-reflective-packblack-honeycomb"},"modified":"2026-03-17T10:33:18","modified_gmt":"2026-03-17T03:33:18","slug":"new-balance-1000-reflective-packblack-honeycomb","status":"publish","type":"product","link":"https:\/\/moroen.com\/de\/produkt\/new-balance-1000-reflective-packblack-honeycomb\/","title":{"rendered":"New Balance 1000 &#8218;Reflective Pack &#8211; Black Honeycomb&#8216;"},"content":{"rendered":"<p>Wir pr\u00e4sentieren den New Balance 1000 \u201eReflective Pack \u2013 Black Honeycomb\u201c M1000TP, den Inbegriff von Stil und Funktionalit\u00e4t. Dieser Sneaker besticht durch ein elegantes, schwarzes Waben-Mesh-Obermaterial mit dezenten reflektierenden Details, die f\u00fcr optimale Sichtbarkeit und eine markante Optik sorgen. Gefertigt aus hochwertigen Materialien, bietet er \u00fcberragenden Tragekomfort und Langlebigkeit. Die ABZORB-Mittelsohle und die Rollbar-Technologie garantieren au\u00dfergew\u00f6hnliche D\u00e4mpfung und Stabilit\u00e4t und machen ihn somit perfekt f\u00fcr den Alltag und intensive Aktivit\u00e4ten. Erweitere deine Schuhkollektion mit dem New Balance 1000 \u201eReflective Pack \u2013 Black Honeycomb\u201c und erlebe die ultimative Kombination aus Style und Performance.<\/p>\n<ul>\n<li><strong>Farbgebung:<\/strong> Schwarz\/Mehrfarbig<\/li>\n<li><strong>Style-Code:<\/strong> M1000TP<\/li>\n<li><strong>Obermaterial:<\/strong> Mesh<\/li>\n<li><strong>Zwischensohle:<\/strong> ABZORB<\/li>\n<li><strong>Farbe:<\/strong> Schwarz<\/li>\n<li><strong>Erscheinungsjahr:<\/strong> 2024<\/li>\n<\/ul>\n","protected":false},"excerpt":{"rendered":"<p>Wir pr\u00e4sentieren den New Balance 1000 \u201eReflective Pack \u2013 Black Honeycomb\u201c M1000TP, den Inbegriff von Stil und Funktionalit\u00e4t. Dieser Sneaker besticht durch ein elegantes, schwarzes Waben-Mesh-Obermaterial mit dezenten reflektierenden Details, die f\u00fcr optimale Sichtbarkeit und eine markante Optik sorgen. Gefertigt aus hochwertigen Materialien, bietet er \u00fcberragenden Tragekomfort und Langlebigkeit. Die ABZORB-Mittelsohle und die Rollbar-Technologie garantieren [&hellip;]<\/p>\n","protected":false},"featured_media":76816,"comment_status":"open","ping_status":"closed","template":"","meta":[],"product_brand":[],"product_cat":[11821,10778,10780,10774],"product_tag":[12542,12555,12564,12545,12557,10760,12546,12558],"class_list":{"0":"post-76815","1":"product","2":"type-product","3":"status-publish","4":"has-post-thumbnail","6":"product_cat-new-balance-1000","7":"product_cat-lifestyle-shoes-running-inspired","8":"product_cat-gender-men","9":"product_cat-new-balance","10":"product_tag-athleisure-schuhe","11":"product_tag-geschenk-fa-r-ihn","12":"product_tag-laufschuhe","13":"product_tag-lifestyle-freizeitschuhe","14":"product_tag-lifestyle-schuhe-vom-laufen-inspiriert","15":"product_tag-new-balance","16":"product_tag-retro-laufschuhe","17":"product_tag-unter-retailpreis","18":"wcpa_has_options","20":"first","21":"instock","22":"taxable","23":"shipping-taxable","24":"purchasable","25":"product-type-simple"},"wcpa_form_fields":{"rules":{"pric_overide_base_price":false,"pric_overide_base_price_if_gt_zero":false,"pric_overide_base_price_fully":false,"pric_cal_option_once":false,"pric_use_as_fee":false,"bind_quantity":false,"quantity_bind_formula":false},"fields":[{"type":"color-group","required":true,"elementId":"wcpa-color-group-66c4a928225d2","label":"Gr\u00f6\u00dfe","inline":true,"priceOptions":"different_for_all","pricingType":"fixed","className":"hassizechart product-shoes-size-eu product-shoes-size","name":"color-group-66c4a928225e2","disp_type":"square","selection_type":"tick-border","disp_size":"50","show_label_inside":true,"adjust_width":true,"cart_display_type":"text","other_text":"Other","cl_rule":"show","col":6,"values":[{"label":"35","value":"EU 35","price":"","pimage":"","pimage_id":"","pthumb":"","color":""},{"label":"36","value":"EU 36","price":"","pimage":"","pimage_id":"","pthumb":"","color":"","selected":true},{"label":"37","value":"EU 37","price":"","pimage":"","pimage_id":"","pthumb":"","color":""},{"label":"37.5","value":"EU 37.5","price":"","pimage":"","pimage_id":"","pthumb":"","color":""},{"label":"38","value":"EU 38","price":"","pimage":"","pimage_id":"","pthumb":"","color":""},{"label":"38.5","value":"EU 38.5","price":"","pimage":"","pimage_id":"","pthumb":"","color":""},{"label":"39","value":"EU 39","price":"","pimage":"","pimage_id":"","pthumb":"","color":""},{"label":"39.5","value":"EU 39.5","price":"","pimage":"","pimage_id":"","pthumb":"","color":""},{"label":"40","value":"EU 40","price":"","pimage":"","pimage_id":"","pthumb":"","color":""},{"label":"40.5","value":"EU 40.5","price":"","pimage":"","pimage_id":"","pthumb":"","color":""},{"label":" 41.5","value":"EU 41.5","price":"","pimage":"","pimage_id":"","pthumb":"","color":""},{"label":"42","value":"EU 42","price":"","pimage":"","pimage_id":"","pthumb":"","color":""},{"label":"42.5","value":"EU 42.5","price":"","pimage":"","pimage_id":"","pthumb":"","color":""},{"label":"43","value":"EU 43","price":"","pimage":"","pimage_id":"","pthumb":"","color":""},{"label":"44","value":"EU 44","price":"","pimage":"","pimage_id":"","pthumb":"","color":""},{"label":"44.5","value":"EU 44.5","price":"","pimage":"","pimage_id":"","pthumb":"","color":""},{"label":"45","value":"EU 45","price":"","pimage":"","pimage_id":"","pthumb":"","color":""},{"label":"45.5","value":"EU 45.5","price":"","pimage":"","pimage_id":"","pthumb":"","color":""},{"label":"46","value":"EU 46","price":"","pimage":"","pimage_id":"","pthumb":"","color":""}],"relations":[{"operator":false,"rules":[]}],"form_id":24803,"form_rules":{"pric_cal_option_once":false,"exclude_from_discount":false,"pric_use_as_fee":false,"fee_label":"Fee","render_after_acb":false,"disp_hide_options_price":false}}]},"_links":{"self":[{"href":"https:\/\/moroen.com\/de\/wp-json\/wp\/v2\/product\/76815","targetHints":{"allow":["GET"]}}],"collection":[{"href":"https:\/\/moroen.com\/de\/wp-json\/wp\/v2\/product"}],"about":[{"href":"https:\/\/moroen.com\/de\/wp-json\/wp\/v2\/types\/product"}],"replies":[{"embeddable":true,"href":"https:\/\/moroen.com\/de\/wp-json\/wp\/v2\/comments?post=76815"}],"wp:featuredmedia":[{"embeddable":true,"href":"https:\/\/moroen.com\/de\/wp-json\/wp\/v2\/media\/76816"}],"wp:attachment":[{"href":"https:\/\/moroen.com\/de\/wp-json\/wp\/v2\/media?parent=76815"}],"wp:term":[{"taxonomy":"product_brand","embeddable":true,"href":"https:\/\/moroen.com\/de\/wp-json\/wp\/v2\/product_brand?post=76815"},{"taxonomy":"product_cat","embeddable":true,"href":"https:\/\/moroen.com\/de\/wp-json\/wp\/v2\/product_cat?post=76815"},{"taxonomy":"product_tag","embeddable":true,"href":"https:\/\/moroen.com\/de\/wp-json\/wp\/v2\/product_tag?post=76815"}],"curies":[{"name":"wp","href":"https:\/\/api.w.org\/{rel}","templated":true}]}}