{"id":79591,"date":"2026-03-17T10:34:43","date_gmt":"2026-03-17T03:34:43","guid":{"rendered":"https:\/\/moroen.com\/de\/product\/adidas-adizero-evo-sl-shoes-cloud-whiteroyal-bluepure-ruby"},"modified":"2026-03-17T10:34:43","modified_gmt":"2026-03-17T03:34:43","slug":"adidas-adizero-evo-sl-shoes-cloud-whiteroyal-bluepure-ruby","status":"publish","type":"product","link":"https:\/\/moroen.com\/de\/produkt\/adidas-adizero-evo-sl-shoes-cloud-whiteroyal-bluepure-ruby\/","title":{"rendered":"Adidas Adizero EVO SL Shoes Cloud White\/Royal Blue\/Pure Ruby"},"content":{"rendered":"<p>Entfessle dein volles Geschwindigkeitspotenzial mit den Adidas Adizero EVO SL Laufschuhen \u2013 entwickelt f\u00fcr Athleten weltweit, die h\u00f6chste Anspr\u00fcche an sich selbst stellen. Mit ihrem eleganten Design in Cloud White, Royal Blue und Pure Ruby bieten diese Schuhe leichten, reaktionsfreudigen Komfort f\u00fcr optimale Leistung. Dank modernster Technologie garantieren sie \u00fcberragende Traktion und Agilit\u00e4t auf jedem Terrain. Der Adizero EVO SL ist perfekt f\u00fcr alle, die ihr Lauferlebnis auf ein neues Level heben wollen und verk\u00f6rpert sportliche Innovation und stilvolles Design auf h\u00f6chstem Niveau. Mach dich bereit, jeden Schritt zu dominieren.<\/p>\n<ul>\n<li><strong>Farbgebung:<\/strong> Cloud White\/Royal Blue\/Pure Ruby<\/li>\n<li><strong>Artikelnummer:<\/strong> JS4494<\/li>\n<li><strong>Obermaterial:<\/strong> Textil<\/li>\n<li><strong>Zwischensohle:<\/strong> Lightstrike Pro<\/li>\n<li><strong>Farbe:<\/strong> Wei\u00df<\/li>\n<\/ul>\n","protected":false},"excerpt":{"rendered":"<p>Entfessle dein volles Geschwindigkeitspotenzial mit den Adidas Adizero EVO SL Laufschuhen \u2013 entwickelt f\u00fcr Athleten weltweit, die h\u00f6chste Anspr\u00fcche an sich selbst stellen. Mit ihrem eleganten Design in Cloud White, Royal Blue und Pure Ruby bieten diese Schuhe leichten, reaktionsfreudigen Komfort f\u00fcr optimale Leistung. Dank modernster Technologie garantieren sie \u00fcberragende Traktion und Agilit\u00e4t auf jedem [&hellip;]<\/p>\n","protected":false},"featured_media":79592,"comment_status":"open","ping_status":"closed","template":"","meta":[],"product_brand":[],"product_cat":[10791,13302,10780,10794],"product_tag":[10789,12564,12612,12613,12563,13301,12548,12558],"class_list":{"0":"post-79591","1":"product","2":"type-product","3":"status-publish","4":"has-post-thumbnail","6":"product_cat-adidas","7":"product_cat-adidas-adizero-evo-sl","8":"product_cat-gender-men","9":"product_cat-running-shoes","10":"product_tag-adidas","11":"product_tag-laufschuhe","12":"product_tag-leichte-laufschuhe","13":"product_tag-performance-laufschuhe","14":"product_tag-performance-sportschuhe","15":"product_tag-tempo-intervall-laufschuhe","16":"product_tag-trendansicht","17":"product_tag-unter-retailpreis","18":"wcpa_has_options","20":"first","21":"instock","22":"taxable","23":"shipping-taxable","24":"purchasable","25":"product-type-simple"},"wcpa_form_fields":{"rules":{"pric_overide_base_price":false,"pric_overide_base_price_if_gt_zero":false,"pric_overide_base_price_fully":false,"pric_cal_option_once":false,"pric_use_as_fee":false,"bind_quantity":false,"quantity_bind_formula":false},"fields":[{"type":"color-group","required":true,"elementId":"wcpa-color-group-66c4a7f817afe","label":"Gr\u00f6\u00dfe","inline":true,"priceOptions":"different_for_all","pricingType":"fixed","className":"hassizechart product-shoes-size-eu product-shoes-size","name":"color-group-66c4a7f817b18","disp_type":"square","selection_type":"tick-border","disp_size":"50","show_label_inside":true,"adjust_width":true,"cart_display_type":"text","other_text":"Other","cl_rule":"show","col":6,"values":[{"label":"35","value":"EU 35","price":"","pimage":"","pimage_id":"","pthumb":"","color":""},{"label":"35.5","value":"EU 35.5","price":"","pimage":"","pimage_id":"","pthumb":"","color":""},{"label":"36","value":"EU 36","price":"","pimage":"","pimage_id":"","pthumb":"","color":"","selected":true},{"label":"36 2\/3","value":"EU 36 2\/3","price":"","pimage":"","pimage_id":"","pthumb":"","color":""},{"label":"37 1\/3","value":"EU 37 1\/3","price":"","pimage":"","pimage_id":"","pthumb":"","color":""},{"label":"38","value":"EU 38","price":"","pimage":"","pimage_id":"","pthumb":"","color":""},{"label":"38 2\/3","value":"EU 38 2\/3","price":"","pimage":"","pimage_id":"","pthumb":"","color":""},{"label":"39 1\/3","value":"EU 39 1\/3","price":"","pimage":"","pimage_id":"","pthumb":"","color":""},{"label":"40","value":"EU 40","price":"","pimage":"","pimage_id":"","pthumb":"","color":""},{"label":"40 2\/3","value":"EU 40 2\/3","price":"","pimage":"","pimage_id":"","pthumb":"","color":""},{"label":"41 1\/3","value":"EU 41 1\/3","price":"","pimage":"","pimage_id":"","pthumb":"","color":""},{"label":"42","value":"EU 42","price":"","pimage":"","pimage_id":"","pthumb":"","color":""},{"label":"42 2\/3","value":"EU 42 2\/3","price":"","pimage":"","pimage_id":"","pthumb":"","color":""},{"label":"43 1\/3","value":"EU 43 1\/3","price":"","pimage":"","pimage_id":"","pthumb":"","color":""},{"label":"44","value":"EU 44","price":"","pimage":"","pimage_id":"","pthumb":"","color":""},{"label":"44 2\/3","value":"EU 44 2\/3","price":"","pimage":"","pimage_id":"","pthumb":"","color":""},{"label":"45 1\/3","value":"EU 45 1\/3","price":"","pimage":"","pimage_id":"","pthumb":"","color":""},{"label":"46","value":"EU 46","price":"","pimage":"","pimage_id":"","pthumb":"","color":""},{"label":"46 2\/3","value":"EU 46 2\/3","price":"","pimage":"","pimage_id":"","pthumb":"","color":""},{"label":"47 1\/3","value":"EU 47 1\/3","price":"","pimage":"","pimage_id":"","pthumb":"","color":""}],"relations":[{"operator":false,"rules":[]}],"form_id":24802,"form_rules":{"pric_cal_option_once":false,"exclude_from_discount":false,"pric_use_as_fee":false,"fee_label":"Fee","render_after_acb":false,"disp_hide_options_price":false}}]},"_links":{"self":[{"href":"https:\/\/moroen.com\/de\/wp-json\/wp\/v2\/product\/79591","targetHints":{"allow":["GET"]}}],"collection":[{"href":"https:\/\/moroen.com\/de\/wp-json\/wp\/v2\/product"}],"about":[{"href":"https:\/\/moroen.com\/de\/wp-json\/wp\/v2\/types\/product"}],"replies":[{"embeddable":true,"href":"https:\/\/moroen.com\/de\/wp-json\/wp\/v2\/comments?post=79591"}],"wp:featuredmedia":[{"embeddable":true,"href":"https:\/\/moroen.com\/de\/wp-json\/wp\/v2\/media\/79592"}],"wp:attachment":[{"href":"https:\/\/moroen.com\/de\/wp-json\/wp\/v2\/media?parent=79591"}],"wp:term":[{"taxonomy":"product_brand","embeddable":true,"href":"https:\/\/moroen.com\/de\/wp-json\/wp\/v2\/product_brand?post=79591"},{"taxonomy":"product_cat","embeddable":true,"href":"https:\/\/moroen.com\/de\/wp-json\/wp\/v2\/product_cat?post=79591"},{"taxonomy":"product_tag","embeddable":true,"href":"https:\/\/moroen.com\/de\/wp-json\/wp\/v2\/product_tag?post=79591"}],"curies":[{"name":"wp","href":"https:\/\/api.w.org\/{rel}","templated":true}]}}