{"id":79687,"date":"2026-03-17T10:34:46","date_gmt":"2026-03-17T03:34:46","guid":{"rendered":"https:\/\/moroen.com\/de\/product\/nike-zoom-vomero-5-photon-dust-grid"},"modified":"2026-03-17T10:34:46","modified_gmt":"2026-03-17T03:34:46","slug":"nike-zoom-vomero-5-photon-dust-grid","status":"publish","type":"product","link":"https:\/\/moroen.com\/de\/produkt\/nike-zoom-vomero-5-photon-dust-grid\/","title":{"rendered":"Nike Zoom Vomero 5 &#8218;Photon Dust Grid&#8216;"},"content":{"rendered":"<p>Verbessere dein Lauferlebnis mit dem Nike Zoom Vomero 5 \u201ePhoton Dust Grid\u201c \u2013 die perfekte Kombination aus Style, Komfort und Performance. Der Schuh besticht durch sein elegantes, neutrales Grau-Creme-Farbschema mit dezentem Gittermuster und bietet eine moderne Optik f\u00fcr Sport und Freizeit.<\/p>\n<p>Dank der fortschrittlichen Zoom Air-D\u00e4mpfung und der reaktionsfreudigen Mittelsohle bietet er unvergleichlichen Halt und optimale D\u00e4mpfung auf jedem Terrain und ist somit ideal f\u00fcr L\u00e4ufer aller Leistungsstufen. Das atmungsaktive Mesh-Obermaterial sorgt f\u00fcr optimale Luftzirkulation, w\u00e4hrend die strapazierf\u00e4hige Au\u00dfensohle hervorragende Traktion und lange Haltbarkeit gew\u00e4hrleistet.<\/p>\n<p>Mit seinem leichten Design und der hochwertigen Verarbeitung bietet der Nike Zoom Vomero 5 \u201ePhoton Dust Grid\u201c \u00fcberragenden Komfort bei intensiven Aktivit\u00e4ten und im Alltag. Egal ob auf der Laufbahn, im Fitnessstudio oder auf der Stra\u00dfe \u2013 dieser vielseitige Sneaker ist perfekt f\u00fcr deinen aktiven Lebensstil.<\/p>\n<ul>\n<li><strong>Farbgebung:<\/strong> Photon Dust\/Gridiron\/Sail\/Chrome<\/li>\n<li><strong>Artikelnummer:<\/strong> HJ3758-001<\/li>\n<li><strong>Obermaterial:<\/strong> Mesh<\/li>\n<li><strong>Zwischensohle:<\/strong> Zoom Air<\/li>\n<li><strong>Farbe:<\/strong> Wei\u00df<\/li>\n<\/ul>\n","protected":false},"excerpt":{"rendered":"<p>Verbessere dein Lauferlebnis mit dem Nike Zoom Vomero 5 \u201ePhoton Dust Grid\u201c \u2013 die perfekte Kombination aus Style, Komfort und Performance. Der Schuh besticht durch sein elegantes, neutrales Grau-Creme-Farbschema mit dezentem Gittermuster und bietet eine moderne Optik f\u00fcr Sport und Freizeit. Dank der fortschrittlichen Zoom Air-D\u00e4mpfung und der reaktionsfreudigen Mittelsohle bietet er unvergleichlichen Halt und [&hellip;]<\/p>\n","protected":false},"featured_media":79688,"comment_status":"open","ping_status":"closed","template":"","meta":[],"product_brand":[],"product_cat":[10778,10780,10773,12125],"product_tag":[12542,12553,12555,12564,12545,12557,10762,12546,12558],"class_list":{"0":"post-79687","1":"product","2":"type-product","3":"status-publish","4":"has-post-thumbnail","6":"product_cat-lifestyle-shoes-running-inspired","7":"product_cat-gender-men","8":"product_cat-nike","9":"product_cat-nike-zoom-vomero-5","10":"product_tag-athleisure-schuhe","11":"product_tag-galerie-look","12":"product_tag-geschenk-fa-r-ihn","13":"product_tag-laufschuhe","14":"product_tag-lifestyle-freizeitschuhe","15":"product_tag-lifestyle-schuhe-vom-laufen-inspiriert","16":"product_tag-nike","17":"product_tag-retro-laufschuhe","18":"product_tag-unter-retailpreis","19":"wcpa_has_options","21":"first","22":"instock","23":"taxable","24":"shipping-taxable","25":"purchasable","26":"product-type-simple"},"wcpa_form_fields":{"rules":{"pric_overide_base_price":false,"pric_overide_base_price_if_gt_zero":false,"pric_overide_base_price_fully":false,"pric_cal_option_once":false,"pric_use_as_fee":false,"bind_quantity":false,"quantity_bind_formula":false},"fields":[{"type":"color-group","required":true,"elementId":"wcpa-color-group-66c4a75505e74","label":"Gr\u00f6\u00dfe - EU Gr\u00f6\u00dfe","inline":true,"priceOptions":"different_for_all","pricingType":"fixed","className":"hassizechart product-shoes-size-eu product-shoes-size","name":"color-group-66c4a75505e89","disp_type":"square","selection_type":"tick-border","disp_size":"44","show_label_inside":true,"adjust_width":true,"cart_display_type":"text","other_text":"Other","cl_rule":"show","col":6,"values":[{"label":"35.5","value":"EU 35.5","price":"","pimage":"","pimage_id":"","pthumb":"","color":""},{"label":"36","value":"EU 36","price":"","pimage":"","pimage_id":"","pthumb":"","color":"","selected":true},{"label":"36.5","value":"EU 36.5","price":"","pimage":"","pimage_id":"","pthumb":"","color":""},{"label":"37.5","value":"EU 37.5","price":"","pimage":"","pimage_id":"","pthumb":"","color":""},{"label":"38","value":"EU 38","price":"","pimage":"","pimage_id":"","pthumb":"","color":""},{"label":"38.5","value":"EU 38.5","price":"","pimage":"","pimage_id":"","pthumb":"","color":""},{"label":"39","value":"EU 39","price":"","pimage":"","pimage_id":"","pthumb":"","color":""},{"label":"40","value":"EU 40","price":"","pimage":"","pimage_id":"","pthumb":"","color":""},{"label":"40.5","value":"EU 40.5","price":"","pimage":"","pimage_id":"","pthumb":"","color":""},{"label":"41","value":"EU 41","price":"","pimage":"","pimage_id":"","pthumb":"","color":""},{"label":"42","value":"EU 42","price":"","pimage":"","pimage_id":"","pthumb":"","color":""},{"label":"42.5","value":"EU 42.5","price":"","pimage":"","pimage_id":"","pthumb":"","color":""},{"label":"43","value":"EU 43","price":"","pimage":"","pimage_id":"","pthumb":"","color":""},{"label":"44","value":"EU 44","price":"","pimage":"","pimage_id":"","pthumb":"","color":""},{"label":"44.5","value":"EU 44.5","price":"","pimage":"","pimage_id":"","pthumb":"","color":""},{"label":"45","value":"EU 45","price":"","pimage":"","pimage_id":"","pthumb":"","color":""},{"label":"45.5","value":"EU 45.5","price":"","pimage":"","pimage_id":"","pthumb":"","color":""},{"label":"46","value":"EU 46","price":"","pimage":"","pimage_id":"","pthumb":"","color":""},{"label":"47","value":"EU 47","price":"","pimage":"","pimage_id":"","pthumb":"","color":""},{"label":"47.5","value":"EU 47.5","price":"","pimage":"","pimage_id":"","pthumb":"","color":""},{"label":"48","value":"EU 48","price":"","pimage":"","pimage_id":"","pthumb":"","color":""}],"relations":[{"operator":false,"rules":[]}],"form_id":18106,"form_rules":{"pric_cal_option_once":false,"exclude_from_discount":false,"pric_use_as_fee":false,"fee_label":"Fee","render_after_acb":false,"disp_hide_options_price":false}}]},"_links":{"self":[{"href":"https:\/\/moroen.com\/de\/wp-json\/wp\/v2\/product\/79687","targetHints":{"allow":["GET"]}}],"collection":[{"href":"https:\/\/moroen.com\/de\/wp-json\/wp\/v2\/product"}],"about":[{"href":"https:\/\/moroen.com\/de\/wp-json\/wp\/v2\/types\/product"}],"replies":[{"embeddable":true,"href":"https:\/\/moroen.com\/de\/wp-json\/wp\/v2\/comments?post=79687"}],"wp:featuredmedia":[{"embeddable":true,"href":"https:\/\/moroen.com\/de\/wp-json\/wp\/v2\/media\/79688"}],"wp:attachment":[{"href":"https:\/\/moroen.com\/de\/wp-json\/wp\/v2\/media?parent=79687"}],"wp:term":[{"taxonomy":"product_brand","embeddable":true,"href":"https:\/\/moroen.com\/de\/wp-json\/wp\/v2\/product_brand?post=79687"},{"taxonomy":"product_cat","embeddable":true,"href":"https:\/\/moroen.com\/de\/wp-json\/wp\/v2\/product_cat?post=79687"},{"taxonomy":"product_tag","embeddable":true,"href":"https:\/\/moroen.com\/de\/wp-json\/wp\/v2\/product_tag?post=79687"}],"curies":[{"name":"wp","href":"https:\/\/api.w.org\/{rel}","templated":true}]}}