{"id":80185,"date":"2026-03-17T10:35:01","date_gmt":"2026-03-17T03:35:01","guid":{"rendered":"https:\/\/moroen.com\/de\/product\/nike-ja-3-daybreak-hf2794-201"},"modified":"2026-03-17T10:35:01","modified_gmt":"2026-03-17T03:35:01","slug":"nike-ja-3-daybreak-hf2794-201","status":"publish","type":"product","link":"https:\/\/moroen.com\/de\/produkt\/nike-ja-3-daybreak-hf2794-201\/","title":{"rendered":"Nike Ja 3 &#8218;Daybreak&#8216; \/HF2794-201"},"content":{"rendered":"<p>Der Nike Ja 3 \u201eDaybreak\u201c HF2793-201 vereint markanten Style mit modernster Performance und bietet unvergleichlichen Komfort und Halt f\u00fcr jede Bewegung auf und neben dem Court. Dank leichter Materialien und atmungsaktivem Obermaterial bietet dieser Schuh dynamischen Athleten sicheren und gleichzeitig flexiblen Halt. Die reaktionsfreudige D\u00e4mpfung sorgt f\u00fcr hervorragende Sto\u00dfabsorption, w\u00e4hrend die strapazierf\u00e4hige Au\u00dfensohle optimale Traktion f\u00fcr schnelle Richtungswechsel und Drehungen bietet. Mit seinem eleganten \u201eDaybreak\u201c-Farbton und dezenten Akzenten ist der Ja 3 ein echtes Statement-Piece, das moderne \u00c4sthetik mit funktionalem Design verbindet. Der Nike Ja 3 \u201eDaybreak\u201c vereint Technologie und Mode perfekt und ist die ideale Wahl f\u00fcr alle, die Wert auf erstklassige Performance und einen herausragenden Style legen.<\/p>\n<ul>\n<li><strong>Farbgebung:<\/strong> Celestial Gold\/Light Wild Mango\/Vapor Green\/Slate<\/li>\n<li><strong>Style-Code:<\/strong> HF2793-201<\/li>\n<li><strong>Obermaterial:<\/strong> Mesh<\/li>\n<li><strong>Mittelsohle:<\/strong> Zoom X<\/li>\n<li><strong>Farbe:<\/strong> Gold<\/li>\n<li><strong>Designer:<\/strong> Benjamin Nethongkome<\/li>\n<li><strong>Saison:<\/strong> Herbst<\/li>\n<li><strong>Erscheinungsjahr:<\/strong> 2025<\/li>\n<\/ul>\n","protected":false},"excerpt":{"rendered":"<p>Der Nike Ja 3 \u201eDaybreak\u201c HF2793-201 vereint markanten Style mit modernster Performance und bietet unvergleichlichen Komfort und Halt f\u00fcr jede Bewegung auf und neben dem Court. Dank leichter Materialien und atmungsaktivem Obermaterial bietet dieser Schuh dynamischen Athleten sicheren und gleichzeitig flexiblen Halt. Die reaktionsfreudige D\u00e4mpfung sorgt f\u00fcr hervorragende Sto\u00dfabsorption, w\u00e4hrend die strapazierf\u00e4hige Au\u00dfensohle optimale Traktion [&hellip;]<\/p>\n","protected":false},"featured_media":80186,"comment_status":"open","ping_status":"closed","template":"","meta":[],"product_brand":[],"product_cat":[10849,13289,10780,10773],"product_tag":[12579,10762,12563],"class_list":{"0":"post-80185","1":"product","2":"type-product","3":"status-publish","4":"has-post-thumbnail","6":"product_cat-basketball-shoes","7":"product_cat-nike-ja-3","8":"product_cat-gender-men","9":"product_cat-nike","10":"product_tag-basketballschuhe","11":"product_tag-nike","12":"product_tag-performance-sportschuhe","13":"wcpa_has_options","15":"first","16":"instock","17":"taxable","18":"shipping-taxable","19":"purchasable","20":"product-type-simple"},"wcpa_form_fields":{"rules":{"pric_overide_base_price":false,"pric_overide_base_price_if_gt_zero":false,"pric_overide_base_price_fully":false,"pric_cal_option_once":false,"pric_use_as_fee":false,"bind_quantity":false,"quantity_bind_formula":false},"fields":[{"type":"color-group","required":true,"elementId":"wcpa-color-group-66c4a75505e74","label":"Gr\u00f6\u00dfe - EU Gr\u00f6\u00dfe","inline":true,"priceOptions":"different_for_all","pricingType":"fixed","className":"hassizechart product-shoes-size-eu product-shoes-size","name":"color-group-66c4a75505e89","disp_type":"square","selection_type":"tick-border","disp_size":"44","show_label_inside":true,"adjust_width":true,"cart_display_type":"text","other_text":"Other","cl_rule":"show","col":6,"values":[{"label":"35.5","value":"EU 35.5","price":"","pimage":"","pimage_id":"","pthumb":"","color":""},{"label":"36","value":"EU 36","price":"","pimage":"","pimage_id":"","pthumb":"","color":"","selected":true},{"label":"36.5","value":"EU 36.5","price":"","pimage":"","pimage_id":"","pthumb":"","color":""},{"label":"37.5","value":"EU 37.5","price":"","pimage":"","pimage_id":"","pthumb":"","color":""},{"label":"38","value":"EU 38","price":"","pimage":"","pimage_id":"","pthumb":"","color":""},{"label":"38.5","value":"EU 38.5","price":"","pimage":"","pimage_id":"","pthumb":"","color":""},{"label":"39","value":"EU 39","price":"","pimage":"","pimage_id":"","pthumb":"","color":""},{"label":"40","value":"EU 40","price":"","pimage":"","pimage_id":"","pthumb":"","color":""},{"label":"40.5","value":"EU 40.5","price":"","pimage":"","pimage_id":"","pthumb":"","color":""},{"label":"41","value":"EU 41","price":"","pimage":"","pimage_id":"","pthumb":"","color":""},{"label":"42","value":"EU 42","price":"","pimage":"","pimage_id":"","pthumb":"","color":""},{"label":"42.5","value":"EU 42.5","price":"","pimage":"","pimage_id":"","pthumb":"","color":""},{"label":"43","value":"EU 43","price":"","pimage":"","pimage_id":"","pthumb":"","color":""},{"label":"44","value":"EU 44","price":"","pimage":"","pimage_id":"","pthumb":"","color":""},{"label":"44.5","value":"EU 44.5","price":"","pimage":"","pimage_id":"","pthumb":"","color":""},{"label":"45","value":"EU 45","price":"","pimage":"","pimage_id":"","pthumb":"","color":""},{"label":"45.5","value":"EU 45.5","price":"","pimage":"","pimage_id":"","pthumb":"","color":""},{"label":"46","value":"EU 46","price":"","pimage":"","pimage_id":"","pthumb":"","color":""},{"label":"47","value":"EU 47","price":"","pimage":"","pimage_id":"","pthumb":"","color":""},{"label":"47.5","value":"EU 47.5","price":"","pimage":"","pimage_id":"","pthumb":"","color":""},{"label":"48","value":"EU 48","price":"","pimage":"","pimage_id":"","pthumb":"","color":""}],"relations":[{"operator":false,"rules":[]}],"form_id":18106,"form_rules":{"pric_cal_option_once":false,"exclude_from_discount":false,"pric_use_as_fee":false,"fee_label":"Fee","render_after_acb":false,"disp_hide_options_price":false}}]},"_links":{"self":[{"href":"https:\/\/moroen.com\/de\/wp-json\/wp\/v2\/product\/80185","targetHints":{"allow":["GET"]}}],"collection":[{"href":"https:\/\/moroen.com\/de\/wp-json\/wp\/v2\/product"}],"about":[{"href":"https:\/\/moroen.com\/de\/wp-json\/wp\/v2\/types\/product"}],"replies":[{"embeddable":true,"href":"https:\/\/moroen.com\/de\/wp-json\/wp\/v2\/comments?post=80185"}],"wp:featuredmedia":[{"embeddable":true,"href":"https:\/\/moroen.com\/de\/wp-json\/wp\/v2\/media\/80186"}],"wp:attachment":[{"href":"https:\/\/moroen.com\/de\/wp-json\/wp\/v2\/media?parent=80185"}],"wp:term":[{"taxonomy":"product_brand","embeddable":true,"href":"https:\/\/moroen.com\/de\/wp-json\/wp\/v2\/product_brand?post=80185"},{"taxonomy":"product_cat","embeddable":true,"href":"https:\/\/moroen.com\/de\/wp-json\/wp\/v2\/product_cat?post=80185"},{"taxonomy":"product_tag","embeddable":true,"href":"https:\/\/moroen.com\/de\/wp-json\/wp\/v2\/product_tag?post=80185"}],"curies":[{"name":"wp","href":"https:\/\/api.w.org\/{rel}","templated":true}]}}