{"id":81120,"date":"2026-03-17T10:35:29","date_gmt":"2026-03-17T03:35:29","guid":{"rendered":"https:\/\/moroen.com\/de\/product\/swoosh-x-nike-reactx-rejuven8-slide-touch-grasswheat"},"modified":"2026-03-17T10:35:29","modified_gmt":"2026-03-17T03:35:29","slug":"swoosh-x-nike-reactx-rejuven8-slide-touch-grasswheat","status":"publish","type":"product","link":"https:\/\/moroen.com\/de\/produkt\/swoosh-x-nike-reactx-rejuven8-slide-touch-grasswheat\/","title":{"rendered":".SWOOSH x Nike ReactX Rejuven8 Slide &#8218;Touch Grass &#8211; Wheat&#8216;"},"content":{"rendered":"<p>Erleben Sie ultimativen Komfort und Style mit dem SWOOSH x Nike ReactX Rejuven8 Slide \u201eTouch Grass \u2013 Wheat\u201c. Dank der innovativen ReactX-D\u00e4mpfungstechnologie bietet er \u00fcberragenden Tragekomfort und ein elegantes Design, perfekt f\u00fcr entspannte Tage. Die aus strapazierf\u00e4higem und gleichzeitig atmungsaktivem Material gefertigten Slides in einem erdigen Weizenton vereinen Funktionalit\u00e4t und Mode auf elegante Weise und sind somit ideal f\u00fcr Outdoor-Abenteuer oder gem\u00fctliche Stunden zu Hause. Das ergonomische Design sorgt f\u00fcr sicheren Halt bei maximaler Flexibilit\u00e4t und bietet Ihren F\u00fc\u00dfen den ganzen Tag \u00fcber optimalen Halt. Ob am Strand, beim schnellen Einkaufen oder einfach nur zu Hause \u2013 diese Slides definieren Vielseitigkeit und modernes Design neu. Diese Schuhe sind aus hochwertigen Materialien gefertigt und zeichnen sich durch Langlebigkeit und ein leichtes Tragegef\u00fchl aus. So k\u00f6nnen Sie sich \u00fcberall sicher f\u00fchlen.<\/p>\n<ul>\n<li><strong>Farbgebung:<\/strong> Weizen\/Gummi Dunkelbraun\/Sail<\/li>\n<li><strong>Artikelnummer:<\/strong> IR0860-700<\/li>\n<li><strong>Obermaterial:<\/strong> ReactX<\/li>\n<li><strong>Zwischensohle:<\/strong> ReactX<\/li>\n<li><strong>Farbe:<\/strong> Braun<\/li>\n<li><strong>Saison:<\/strong> Winter<\/li>\n<li><strong>Erscheinungsjahr:<\/strong> 2025<\/li>\n<\/ul>\n","protected":false},"excerpt":{"rendered":"<p>Erleben Sie ultimativen Komfort und Style mit dem SWOOSH x Nike ReactX Rejuven8 Slide \u201eTouch Grass \u2013 Wheat\u201c. Dank der innovativen ReactX-D\u00e4mpfungstechnologie bietet er \u00fcberragenden Tragekomfort und ein elegantes Design, perfekt f\u00fcr entspannte Tage. Die aus strapazierf\u00e4higem und gleichzeitig atmungsaktivem Material gefertigten Slides in einem erdigen Weizenton vereinen Funktionalit\u00e4t und Mode auf elegante Weise und [&hellip;]<\/p>\n","protected":false},"featured_media":81121,"comment_status":"open","ping_status":"closed","template":"","meta":[],"product_brand":[],"product_cat":[13580,10780,10773,11338],"product_tag":[12542,12545,10762,11336],"class_list":{"0":"post-81120","1":"product","2":"type-product","3":"status-publish","4":"has-post-thumbnail","6":"product_cat-nike-swoosh-reactx-rejuven8-slide","7":"product_cat-gender-men","8":"product_cat-nike","9":"product_cat-slides","10":"product_tag-athleisure-schuhe","11":"product_tag-lifestyle-freizeitschuhe","12":"product_tag-nike","13":"product_tag-slides","14":"wcpa_has_options","16":"first","17":"instock","18":"taxable","19":"shipping-taxable","20":"purchasable","21":"product-type-simple"},"wcpa_form_fields":{"rules":{"pric_overide_base_price":false,"pric_overide_base_price_if_gt_zero":false,"pric_overide_base_price_fully":false,"pric_cal_option_once":false,"pric_use_as_fee":false,"bind_quantity":false,"quantity_bind_formula":false},"fields":[{"type":"color-group","required":true,"elementId":"wcpa-color-group-66c4a75505e74","label":"Gr\u00f6\u00dfe - EU Gr\u00f6\u00dfe","inline":true,"priceOptions":"different_for_all","pricingType":"fixed","className":"hassizechart product-shoes-size-eu product-shoes-size","name":"color-group-66c4a75505e89","disp_type":"square","selection_type":"tick-border","disp_size":"44","show_label_inside":true,"adjust_width":true,"cart_display_type":"text","other_text":"Other","cl_rule":"show","col":6,"values":[{"label":"35.5","value":"EU 35.5","price":"","pimage":"","pimage_id":"","pthumb":"","color":""},{"label":"36","value":"EU 36","price":"","pimage":"","pimage_id":"","pthumb":"","color":"","selected":true},{"label":"36.5","value":"EU 36.5","price":"","pimage":"","pimage_id":"","pthumb":"","color":""},{"label":"37.5","value":"EU 37.5","price":"","pimage":"","pimage_id":"","pthumb":"","color":""},{"label":"38","value":"EU 38","price":"","pimage":"","pimage_id":"","pthumb":"","color":""},{"label":"38.5","value":"EU 38.5","price":"","pimage":"","pimage_id":"","pthumb":"","color":""},{"label":"39","value":"EU 39","price":"","pimage":"","pimage_id":"","pthumb":"","color":""},{"label":"40","value":"EU 40","price":"","pimage":"","pimage_id":"","pthumb":"","color":""},{"label":"40.5","value":"EU 40.5","price":"","pimage":"","pimage_id":"","pthumb":"","color":""},{"label":"41","value":"EU 41","price":"","pimage":"","pimage_id":"","pthumb":"","color":""},{"label":"42","value":"EU 42","price":"","pimage":"","pimage_id":"","pthumb":"","color":""},{"label":"42.5","value":"EU 42.5","price":"","pimage":"","pimage_id":"","pthumb":"","color":""},{"label":"43","value":"EU 43","price":"","pimage":"","pimage_id":"","pthumb":"","color":""},{"label":"44","value":"EU 44","price":"","pimage":"","pimage_id":"","pthumb":"","color":""},{"label":"44.5","value":"EU 44.5","price":"","pimage":"","pimage_id":"","pthumb":"","color":""},{"label":"45","value":"EU 45","price":"","pimage":"","pimage_id":"","pthumb":"","color":""},{"label":"45.5","value":"EU 45.5","price":"","pimage":"","pimage_id":"","pthumb":"","color":""},{"label":"46","value":"EU 46","price":"","pimage":"","pimage_id":"","pthumb":"","color":""},{"label":"47","value":"EU 47","price":"","pimage":"","pimage_id":"","pthumb":"","color":""},{"label":"47.5","value":"EU 47.5","price":"","pimage":"","pimage_id":"","pthumb":"","color":""},{"label":"48","value":"EU 48","price":"","pimage":"","pimage_id":"","pthumb":"","color":""}],"relations":[{"operator":false,"rules":[]}],"form_id":18106,"form_rules":{"pric_cal_option_once":false,"exclude_from_discount":false,"pric_use_as_fee":false,"fee_label":"Fee","render_after_acb":false,"disp_hide_options_price":false}}]},"_links":{"self":[{"href":"https:\/\/moroen.com\/de\/wp-json\/wp\/v2\/product\/81120","targetHints":{"allow":["GET"]}}],"collection":[{"href":"https:\/\/moroen.com\/de\/wp-json\/wp\/v2\/product"}],"about":[{"href":"https:\/\/moroen.com\/de\/wp-json\/wp\/v2\/types\/product"}],"replies":[{"embeddable":true,"href":"https:\/\/moroen.com\/de\/wp-json\/wp\/v2\/comments?post=81120"}],"wp:featuredmedia":[{"embeddable":true,"href":"https:\/\/moroen.com\/de\/wp-json\/wp\/v2\/media\/81121"}],"wp:attachment":[{"href":"https:\/\/moroen.com\/de\/wp-json\/wp\/v2\/media?parent=81120"}],"wp:term":[{"taxonomy":"product_brand","embeddable":true,"href":"https:\/\/moroen.com\/de\/wp-json\/wp\/v2\/product_brand?post=81120"},{"taxonomy":"product_cat","embeddable":true,"href":"https:\/\/moroen.com\/de\/wp-json\/wp\/v2\/product_cat?post=81120"},{"taxonomy":"product_tag","embeddable":true,"href":"https:\/\/moroen.com\/de\/wp-json\/wp\/v2\/product_tag?post=81120"}],"curies":[{"name":"wp","href":"https:\/\/api.w.org\/{rel}","templated":true}]}}