{"id":81391,"date":"2026-03-17T10:35:37","date_gmt":"2026-03-17T03:35:37","guid":{"rendered":"https:\/\/moroen.com\/de\/product\/run-70s-20-sneakers"},"modified":"2026-03-17T10:35:37","modified_gmt":"2026-03-17T03:35:37","slug":"run-70s-20-sneakers","status":"publish","type":"product","link":"https:\/\/moroen.com\/de\/produkt\/run-70s-20-sneakers\/","title":{"rendered":"Run 70s 2.0 Sneakers"},"content":{"rendered":"<p>Mit den Run 70s 2.0 Sneakers IH8592 erleben Sie Retro-Style und modernen Komfort. Diese Sneaker vereinen gekonnt Vintage-Design mit zeitgem\u00e4\u00dfer Performance f\u00fcr einen zeitlosen Look im Alltag. Das elegante, atmungsaktive Mesh-Obermaterial mit weichen Wildleder-Overlays sorgt f\u00fcr eine bequeme und dennoch atmungsaktive Passform \u2013 perfekt f\u00fcr den ganzen Tag. Die leichte EVA-Zwischensohle bietet hervorragende D\u00e4mpfung und Energier\u00fcckgabe f\u00fcr ein m\u00fcheloses Laufgef\u00fchl bei jedem Schritt. Die vielseitige, strapazierf\u00e4hige Gummiau\u00dfensohle bietet exzellenten Grip und ist somit ideal f\u00fcr die Stadt, Freizeitaktivit\u00e4ten oder leichte sportliche Bet\u00e4tigung. Inspiriert von Laufschuhen der 70er-Jahre, vereint der Run 70s 2.0 mit seiner minimalistischen Silhouette nostalgischen Charmes und innovativer Verarbeitung. Ob elegant oder l\u00e4ssig \u2013 diese Sneaker sind die perfekte Wahl f\u00fcr einen stylischen Look und unschlagbaren Tragekomfort.<\/p>\n<ul>\n<li><strong>Farbgebung:<\/strong> Cloud White\/Royal Blue\/Grey One<\/li>\n<li><strong>Artikelnummer:<\/strong> IH8592<\/li>\n<li><strong>Obermaterial:<\/strong> Textil<\/li>\n<li><strong>Zwischensohle:<\/strong> Cloudfoam<\/li>\n<li><strong>Farbe:<\/strong> Wei\u00df<\/li>\n<\/ul>\n","protected":false},"excerpt":{"rendered":"<p>Mit den Run 70s 2.0 Sneakers IH8592 erleben Sie Retro-Style und modernen Komfort. Diese Sneaker vereinen gekonnt Vintage-Design mit zeitgem\u00e4\u00dfer Performance f\u00fcr einen zeitlosen Look im Alltag. Das elegante, atmungsaktive Mesh-Obermaterial mit weichen Wildleder-Overlays sorgt f\u00fcr eine bequeme und dennoch atmungsaktive Passform \u2013 perfekt f\u00fcr den ganzen Tag. Die leichte EVA-Zwischensohle bietet hervorragende D\u00e4mpfung und [&hellip;]<\/p>\n","protected":false},"featured_media":81392,"comment_status":"open","ping_status":"closed","template":"","meta":[],"product_brand":[],"product_cat":[10791,10778,10780,13606],"product_tag":[10789,12542,12545,12557,12546],"class_list":{"0":"post-81391","1":"product","2":"type-product","3":"status-publish","4":"has-post-thumbnail","6":"product_cat-adidas","7":"product_cat-lifestyle-shoes-running-inspired","8":"product_cat-gender-men","9":"product_cat-adidas-run-70s-2-0","10":"product_tag-adidas","11":"product_tag-athleisure-schuhe","12":"product_tag-lifestyle-freizeitschuhe","13":"product_tag-lifestyle-schuhe-vom-laufen-inspiriert","14":"product_tag-retro-laufschuhe","15":"wcpa_has_options","17":"first","18":"instock","19":"taxable","20":"shipping-taxable","21":"purchasable","22":"product-type-simple"},"wcpa_form_fields":{"rules":{"pric_overide_base_price":false,"pric_overide_base_price_if_gt_zero":false,"pric_overide_base_price_fully":false,"pric_cal_option_once":false,"pric_use_as_fee":false,"bind_quantity":false,"quantity_bind_formula":false},"fields":[{"type":"color-group","required":true,"elementId":"wcpa-color-group-66c4a7f817afe","label":"Gr\u00f6\u00dfe","inline":true,"priceOptions":"different_for_all","pricingType":"fixed","className":"hassizechart product-shoes-size-eu product-shoes-size","name":"color-group-66c4a7f817b18","disp_type":"square","selection_type":"tick-border","disp_size":"50","show_label_inside":true,"adjust_width":true,"cart_display_type":"text","other_text":"Other","cl_rule":"show","col":6,"values":[{"label":"35","value":"EU 35","price":"","pimage":"","pimage_id":"","pthumb":"","color":""},{"label":"35.5","value":"EU 35.5","price":"","pimage":"","pimage_id":"","pthumb":"","color":""},{"label":"36","value":"EU 36","price":"","pimage":"","pimage_id":"","pthumb":"","color":"","selected":true},{"label":"36 2\/3","value":"EU 36 2\/3","price":"","pimage":"","pimage_id":"","pthumb":"","color":""},{"label":"37 1\/3","value":"EU 37 1\/3","price":"","pimage":"","pimage_id":"","pthumb":"","color":""},{"label":"38","value":"EU 38","price":"","pimage":"","pimage_id":"","pthumb":"","color":""},{"label":"38 2\/3","value":"EU 38 2\/3","price":"","pimage":"","pimage_id":"","pthumb":"","color":""},{"label":"39 1\/3","value":"EU 39 1\/3","price":"","pimage":"","pimage_id":"","pthumb":"","color":""},{"label":"40","value":"EU 40","price":"","pimage":"","pimage_id":"","pthumb":"","color":""},{"label":"40 2\/3","value":"EU 40 2\/3","price":"","pimage":"","pimage_id":"","pthumb":"","color":""},{"label":"41 1\/3","value":"EU 41 1\/3","price":"","pimage":"","pimage_id":"","pthumb":"","color":""},{"label":"42","value":"EU 42","price":"","pimage":"","pimage_id":"","pthumb":"","color":""},{"label":"42 2\/3","value":"EU 42 2\/3","price":"","pimage":"","pimage_id":"","pthumb":"","color":""},{"label":"43 1\/3","value":"EU 43 1\/3","price":"","pimage":"","pimage_id":"","pthumb":"","color":""},{"label":"44","value":"EU 44","price":"","pimage":"","pimage_id":"","pthumb":"","color":""},{"label":"44 2\/3","value":"EU 44 2\/3","price":"","pimage":"","pimage_id":"","pthumb":"","color":""},{"label":"45 1\/3","value":"EU 45 1\/3","price":"","pimage":"","pimage_id":"","pthumb":"","color":""},{"label":"46","value":"EU 46","price":"","pimage":"","pimage_id":"","pthumb":"","color":""},{"label":"46 2\/3","value":"EU 46 2\/3","price":"","pimage":"","pimage_id":"","pthumb":"","color":""},{"label":"47 1\/3","value":"EU 47 1\/3","price":"","pimage":"","pimage_id":"","pthumb":"","color":""}],"relations":[{"operator":false,"rules":[]}],"form_id":24802,"form_rules":{"pric_cal_option_once":false,"exclude_from_discount":false,"pric_use_as_fee":false,"fee_label":"Fee","render_after_acb":false,"disp_hide_options_price":false}}]},"_links":{"self":[{"href":"https:\/\/moroen.com\/de\/wp-json\/wp\/v2\/product\/81391","targetHints":{"allow":["GET"]}}],"collection":[{"href":"https:\/\/moroen.com\/de\/wp-json\/wp\/v2\/product"}],"about":[{"href":"https:\/\/moroen.com\/de\/wp-json\/wp\/v2\/types\/product"}],"replies":[{"embeddable":true,"href":"https:\/\/moroen.com\/de\/wp-json\/wp\/v2\/comments?post=81391"}],"wp:featuredmedia":[{"embeddable":true,"href":"https:\/\/moroen.com\/de\/wp-json\/wp\/v2\/media\/81392"}],"wp:attachment":[{"href":"https:\/\/moroen.com\/de\/wp-json\/wp\/v2\/media?parent=81391"}],"wp:term":[{"taxonomy":"product_brand","embeddable":true,"href":"https:\/\/moroen.com\/de\/wp-json\/wp\/v2\/product_brand?post=81391"},{"taxonomy":"product_cat","embeddable":true,"href":"https:\/\/moroen.com\/de\/wp-json\/wp\/v2\/product_cat?post=81391"},{"taxonomy":"product_tag","embeddable":true,"href":"https:\/\/moroen.com\/de\/wp-json\/wp\/v2\/product_tag?post=81391"}],"curies":[{"name":"wp","href":"https:\/\/api.w.org\/{rel}","templated":true}]}}