{"id":81811,"date":"2026-03-17T10:35:50","date_gmt":"2026-03-17T03:35:50","guid":{"rendered":"https:\/\/moroen.com\/de\/product\/youth-nike-ja-3-scratch-30"},"modified":"2026-03-17T10:35:50","modified_gmt":"2026-03-17T03:35:50","slug":"youth-nike-ja-3-scratch-30","status":"publish","type":"product","link":"https:\/\/moroen.com\/de\/produkt\/youth-nike-ja-3-scratch-30\/","title":{"rendered":"(Youth) Nike Ja 3 &#8218;Scratch 3.0&#8216;"},"content":{"rendered":"<p>Die Nike Ja 3 Turbo Green IB4773-300 Basketballschuhe f\u00fcr Kinder und Jugendliche bieten \u00fcberragende Performance mit leichtem Tragekomfort, reaktionsfreudiger D\u00e4mpfung und einem stylischen, dynamischen Design. Ideal f\u00fcr junge Sportler, die auf dem Court ein dynamisches Spiel und einen unverwechselbaren Style suchen.<\/p>\n<p>Farbgebung: Turbo Green\/Schwarz\/Wei\u00df\/University Red<\/p>\n<p>Artikelnummer: IB4773-300<\/p>\n<p>Obermaterial: Mesh<\/p>\n<p>Mittelsohle: Zoom X<\/p>\n<p>Farbe: T\u00fcrkis<br \/>\nDesigner: Benjamin Nethongkome<\/p>\n<p>Erscheinungsjahr: 2025<\/p>\n","protected":false},"excerpt":{"rendered":"<p>Die Nike Ja 3 Turbo Green IB4773-300 Basketballschuhe f\u00fcr Kinder und Jugendliche bieten \u00fcberragende Performance mit leichtem Tragekomfort, reaktionsfreudiger D\u00e4mpfung und einem stylischen, dynamischen Design. Ideal f\u00fcr junge Sportler, die auf dem Court ein dynamisches Spiel und einen unverwechselbaren Style suchen. Farbgebung: Turbo Green\/Schwarz\/Wei\u00df\/University Red Artikelnummer: IB4773-300 Obermaterial: Mesh Mittelsohle: Zoom X Farbe: T\u00fcrkis Designer: [&hellip;]<\/p>\n","protected":false},"featured_media":81812,"comment_status":"open","ping_status":"closed","template":"","meta":[],"product_brand":[],"product_cat":[10849,13289,10773,10828],"product_tag":[12579,12638,10762,12563],"class_list":{"0":"post-81811","1":"product","2":"type-product","3":"status-publish","4":"has-post-thumbnail","6":"product_cat-basketball-shoes","7":"product_cat-nike-ja-3","8":"product_cat-nike","9":"product_cat-gender-youth","10":"product_tag-basketballschuhe","11":"product_tag-leichte-basketballschuhe","12":"product_tag-nike","13":"product_tag-performance-sportschuhe","14":"wcpa_has_options","16":"first","17":"instock","18":"taxable","19":"shipping-taxable","20":"purchasable","21":"product-type-simple"},"wcpa_form_fields":{"rules":{"pric_overide_base_price":false,"pric_overide_base_price_if_gt_zero":false,"pric_overide_base_price_fully":false,"pric_cal_option_once":false,"pric_use_as_fee":false,"bind_quantity":false,"quantity_bind_formula":false},"fields":[{"type":"color-group","required":true,"elementId":"wcpa-color-group-66c4a75505e74","label":"Gr\u00f6\u00dfe - EU Gr\u00f6\u00dfe","inline":true,"priceOptions":"different_for_all","pricingType":"fixed","className":"hassizechart product-shoes-size-eu product-shoes-size","name":"color-group-66c4a75505e89","disp_type":"square","selection_type":"tick-border","disp_size":"44","show_label_inside":true,"adjust_width":true,"cart_display_type":"text","other_text":"Other","cl_rule":"show","col":6,"values":[{"label":"35.5","value":"EU 35.5","price":"","pimage":"","pimage_id":"","pthumb":"","color":""},{"label":"36","value":"EU 36","price":"","pimage":"","pimage_id":"","pthumb":"","color":"","selected":true},{"label":"36.5","value":"EU 36.5","price":"","pimage":"","pimage_id":"","pthumb":"","color":""},{"label":"37.5","value":"EU 37.5","price":"","pimage":"","pimage_id":"","pthumb":"","color":""},{"label":"38","value":"EU 38","price":"","pimage":"","pimage_id":"","pthumb":"","color":""},{"label":"38.5","value":"EU 38.5","price":"","pimage":"","pimage_id":"","pthumb":"","color":""},{"label":"39","value":"EU 39","price":"","pimage":"","pimage_id":"","pthumb":"","color":""},{"label":"40","value":"EU 40","price":"","pimage":"","pimage_id":"","pthumb":"","color":""},{"label":"40.5","value":"EU 40.5","price":"","pimage":"","pimage_id":"","pthumb":"","color":""},{"label":"41","value":"EU 41","price":"","pimage":"","pimage_id":"","pthumb":"","color":""},{"label":"42","value":"EU 42","price":"","pimage":"","pimage_id":"","pthumb":"","color":""},{"label":"42.5","value":"EU 42.5","price":"","pimage":"","pimage_id":"","pthumb":"","color":""},{"label":"43","value":"EU 43","price":"","pimage":"","pimage_id":"","pthumb":"","color":""},{"label":"44","value":"EU 44","price":"","pimage":"","pimage_id":"","pthumb":"","color":""},{"label":"44.5","value":"EU 44.5","price":"","pimage":"","pimage_id":"","pthumb":"","color":""},{"label":"45","value":"EU 45","price":"","pimage":"","pimage_id":"","pthumb":"","color":""},{"label":"45.5","value":"EU 45.5","price":"","pimage":"","pimage_id":"","pthumb":"","color":""},{"label":"46","value":"EU 46","price":"","pimage":"","pimage_id":"","pthumb":"","color":""},{"label":"47","value":"EU 47","price":"","pimage":"","pimage_id":"","pthumb":"","color":""},{"label":"47.5","value":"EU 47.5","price":"","pimage":"","pimage_id":"","pthumb":"","color":""},{"label":"48","value":"EU 48","price":"","pimage":"","pimage_id":"","pthumb":"","color":""}],"relations":[{"operator":false,"rules":[]}],"form_id":18106,"form_rules":{"pric_cal_option_once":false,"exclude_from_discount":false,"pric_use_as_fee":false,"fee_label":"Fee","render_after_acb":false,"disp_hide_options_price":false}}]},"_links":{"self":[{"href":"https:\/\/moroen.com\/de\/wp-json\/wp\/v2\/product\/81811","targetHints":{"allow":["GET"]}}],"collection":[{"href":"https:\/\/moroen.com\/de\/wp-json\/wp\/v2\/product"}],"about":[{"href":"https:\/\/moroen.com\/de\/wp-json\/wp\/v2\/types\/product"}],"replies":[{"embeddable":true,"href":"https:\/\/moroen.com\/de\/wp-json\/wp\/v2\/comments?post=81811"}],"wp:featuredmedia":[{"embeddable":true,"href":"https:\/\/moroen.com\/de\/wp-json\/wp\/v2\/media\/81812"}],"wp:attachment":[{"href":"https:\/\/moroen.com\/de\/wp-json\/wp\/v2\/media?parent=81811"}],"wp:term":[{"taxonomy":"product_brand","embeddable":true,"href":"https:\/\/moroen.com\/de\/wp-json\/wp\/v2\/product_brand?post=81811"},{"taxonomy":"product_cat","embeddable":true,"href":"https:\/\/moroen.com\/de\/wp-json\/wp\/v2\/product_cat?post=81811"},{"taxonomy":"product_tag","embeddable":true,"href":"https:\/\/moroen.com\/de\/wp-json\/wp\/v2\/product_tag?post=81811"}],"curies":[{"name":"wp","href":"https:\/\/api.w.org\/{rel}","templated":true}]}}