{"id":82195,"date":"2026-03-17T10:36:02","date_gmt":"2026-03-17T03:36:02","guid":{"rendered":"https:\/\/moroen.com\/de\/product\/air-jordan-3-seoul-ep-whitecoconut-milkdessert-khakiblack"},"modified":"2026-03-17T10:36:02","modified_gmt":"2026-03-17T03:36:02","slug":"air-jordan-3-seoul-ep-whitecoconut-milkdessert-khakiblack","status":"publish","type":"product","link":"https:\/\/moroen.com\/de\/produkt\/air-jordan-3-seoul-ep-whitecoconut-milkdessert-khakiblack\/","title":{"rendered":"Air Jordan 3 &#8218;Seoul&#8216; EP White\/Coconut Milk\/Dessert Khaki\/Black"},"content":{"rendered":"<p>Entfessle deinen Style mit den Nike Jordan 3 &#8218;Seoul&#8216; EP Sneakers in den faszinierenden Farben Wei\u00df, Kokosmilch, Dessertkhaki und Schwarz. Jedes Paar verk\u00f6rpert erstklassige Verarbeitung und zeitlose Eleganz und ist damit ein Must-have f\u00fcr Sportbegeisterte und modebewusste Menschen. Dank der legend\u00e4ren Air-D\u00e4mpfung und des Premium-Designs vereinen diese Sneakers nahtlos Komfort mit dem klassischen Jordan-Erbe. Perfekt f\u00fcr Sneaker-Fans weltweit: Der Jordan 3 &#8218;Seoul&#8216; EP ist mehr als nur ein Schuh \u2013 er ist ein Statement-Piece. Erweitere deine Sneaker-Sammlung noch heute!<\/p>\n<ul>\n<li><strong>Farbgebung:<\/strong> Wei\u00df\/Kokosmilch\/Dessertkhaki\/Schwarz<\/li>\n<li><strong>Style-Code:<\/strong> HF2794-101<\/li>\n<li><strong>Obermaterial:<\/strong> Mesh<\/li>\n<li><strong>Zwischensohle:<\/strong> Zoom X<\/li>\n<li><strong>Farbe:<\/strong> Wei\u00df<\/li>\n<li><strong>Designer:<\/strong> Benjamin Nethongkome<\/li>\n<\/ul>\n","protected":false},"excerpt":{"rendered":"<p>Entfessle deinen Style mit den Nike Jordan 3 &#8218;Seoul&#8216; EP Sneakers in den faszinierenden Farben Wei\u00df, Kokosmilch, Dessertkhaki und Schwarz. Jedes Paar verk\u00f6rpert erstklassige Verarbeitung und zeitlose Eleganz und ist damit ein Must-have f\u00fcr Sportbegeisterte und modebewusste Menschen. Dank der legend\u00e4ren Air-D\u00e4mpfung und des Premium-Designs vereinen diese Sneakers nahtlos Komfort mit dem klassischen Jordan-Erbe. Perfekt [&hellip;]<\/p>\n","protected":false},"featured_media":82196,"comment_status":"open","ping_status":"closed","template":"","meta":[],"product_brand":[],"product_cat":[13674,10816,10780,10773],"product_tag":[12542,12545,12559,10762,12560,12558],"class_list":{"0":"post-82195","1":"product","2":"type-product","3":"status-publish","4":"has-post-thumbnail","6":"product_cat-nike-air-jordan-3","7":"product_cat-lifestyle-shoes-basketball-inspired","8":"product_cat-gender-men","9":"product_cat-nike","10":"product_tag-athleisure-schuhe","11":"product_tag-lifestyle-freizeitschuhe","12":"product_tag-lifestyle-schuhe-basketball-inspiriert","13":"product_tag-nike","14":"product_tag-retro-freizeitschuhe","15":"product_tag-unter-retailpreis","16":"wcpa_has_options","18":"first","19":"instock","20":"sale","21":"taxable","22":"shipping-taxable","23":"purchasable","24":"product-type-simple"},"wcpa_form_fields":{"rules":{"pric_overide_base_price":false,"pric_overide_base_price_if_gt_zero":false,"pric_overide_base_price_fully":false,"pric_cal_option_once":false,"pric_use_as_fee":false,"bind_quantity":false,"quantity_bind_formula":false},"fields":[{"type":"color-group","required":true,"elementId":"wcpa-color-group-66c4a75505e74","label":"Gr\u00f6\u00dfe - EU Gr\u00f6\u00dfe","inline":true,"priceOptions":"different_for_all","pricingType":"fixed","className":"hassizechart product-shoes-size-eu product-shoes-size","name":"color-group-66c4a75505e89","disp_type":"square","selection_type":"tick-border","disp_size":"44","show_label_inside":true,"adjust_width":true,"cart_display_type":"text","other_text":"Other","cl_rule":"show","col":6,"values":[{"label":"35.5","value":"EU 35.5","price":"","pimage":"","pimage_id":"","pthumb":"","color":""},{"label":"36","value":"EU 36","price":"","pimage":"","pimage_id":"","pthumb":"","color":"","selected":true},{"label":"36.5","value":"EU 36.5","price":"","pimage":"","pimage_id":"","pthumb":"","color":""},{"label":"37.5","value":"EU 37.5","price":"","pimage":"","pimage_id":"","pthumb":"","color":""},{"label":"38","value":"EU 38","price":"","pimage":"","pimage_id":"","pthumb":"","color":""},{"label":"38.5","value":"EU 38.5","price":"","pimage":"","pimage_id":"","pthumb":"","color":""},{"label":"39","value":"EU 39","price":"","pimage":"","pimage_id":"","pthumb":"","color":""},{"label":"40","value":"EU 40","price":"","pimage":"","pimage_id":"","pthumb":"","color":""},{"label":"40.5","value":"EU 40.5","price":"","pimage":"","pimage_id":"","pthumb":"","color":""},{"label":"41","value":"EU 41","price":"","pimage":"","pimage_id":"","pthumb":"","color":""},{"label":"42","value":"EU 42","price":"","pimage":"","pimage_id":"","pthumb":"","color":""},{"label":"42.5","value":"EU 42.5","price":"","pimage":"","pimage_id":"","pthumb":"","color":""},{"label":"43","value":"EU 43","price":"","pimage":"","pimage_id":"","pthumb":"","color":""},{"label":"44","value":"EU 44","price":"","pimage":"","pimage_id":"","pthumb":"","color":""},{"label":"44.5","value":"EU 44.5","price":"","pimage":"","pimage_id":"","pthumb":"","color":""},{"label":"45","value":"EU 45","price":"","pimage":"","pimage_id":"","pthumb":"","color":""},{"label":"45.5","value":"EU 45.5","price":"","pimage":"","pimage_id":"","pthumb":"","color":""},{"label":"46","value":"EU 46","price":"","pimage":"","pimage_id":"","pthumb":"","color":""},{"label":"47","value":"EU 47","price":"","pimage":"","pimage_id":"","pthumb":"","color":""},{"label":"47.5","value":"EU 47.5","price":"","pimage":"","pimage_id":"","pthumb":"","color":""},{"label":"48","value":"EU 48","price":"","pimage":"","pimage_id":"","pthumb":"","color":""}],"relations":[{"operator":false,"rules":[]}],"form_id":18106,"form_rules":{"pric_cal_option_once":false,"exclude_from_discount":false,"pric_use_as_fee":false,"fee_label":"Fee","render_after_acb":false,"disp_hide_options_price":false}}]},"_links":{"self":[{"href":"https:\/\/moroen.com\/de\/wp-json\/wp\/v2\/product\/82195","targetHints":{"allow":["GET"]}}],"collection":[{"href":"https:\/\/moroen.com\/de\/wp-json\/wp\/v2\/product"}],"about":[{"href":"https:\/\/moroen.com\/de\/wp-json\/wp\/v2\/types\/product"}],"replies":[{"embeddable":true,"href":"https:\/\/moroen.com\/de\/wp-json\/wp\/v2\/comments?post=82195"}],"wp:featuredmedia":[{"embeddable":true,"href":"https:\/\/moroen.com\/de\/wp-json\/wp\/v2\/media\/82196"}],"wp:attachment":[{"href":"https:\/\/moroen.com\/de\/wp-json\/wp\/v2\/media?parent=82195"}],"wp:term":[{"taxonomy":"product_brand","embeddable":true,"href":"https:\/\/moroen.com\/de\/wp-json\/wp\/v2\/product_brand?post=82195"},{"taxonomy":"product_cat","embeddable":true,"href":"https:\/\/moroen.com\/de\/wp-json\/wp\/v2\/product_cat?post=82195"},{"taxonomy":"product_tag","embeddable":true,"href":"https:\/\/moroen.com\/de\/wp-json\/wp\/v2\/product_tag?post=82195"}],"curies":[{"name":"wp","href":"https:\/\/api.w.org\/{rel}","templated":true}]}}