{"id":83793,"date":"2026-03-17T10:36:49","date_gmt":"2026-03-17T03:36:49","guid":{"rendered":"https:\/\/moroen.com\/de\/product\/nike-mind-002-black-hyper-crimson"},"modified":"2026-03-17T10:36:49","modified_gmt":"2026-03-17T03:36:49","slug":"nike-mind-002-black-hyper-crimson","status":"publish","type":"product","link":"https:\/\/moroen.com\/de\/produkt\/nike-mind-002-black-hyper-crimson\/","title":{"rendered":"Nike Mind 002 &#8218;Black Hyper Crimson&#8216;"},"content":{"rendered":"<p>Erleben Sie unvergleichliche Leistung und Stil mit dem Nike Mind 002 \u201eBlack Hyper Crimson\u201c, einem eleganten und innovativen Schuh, der f\u00fcr ultimativen Komfort, Pr\u00e4zision und Halt entwickelt wurde und modernste Technologie mit K\u00fchner verbindet \u00c4sthetik, um Ihre sportlichen und l\u00e4ssigen Aktivit\u00e4ten zu verbessern.<\/p>\n<ul>\n<li><strong>Farbgebung:<\/strong> Schwarz\/Chrom-Solarrot-Hyper Crimson-Schwarz<\/li>\n<li><strong>Stilcode:<\/strong> HQ4308-001<\/li>\n<li><strong>Obermaterial:<\/strong> Textil<\/li>\n<li><strong>Zwischensohle:<\/strong> Luft<\/li>\n<li><strong>Farbe:<\/strong> Schwarz<\/li>\n<li><strong>Saison:<\/strong> Winter<\/li>\n<li><strong>Erscheinungsjahr:<\/strong> 2026<\/li>\n<\/ul>\n","protected":false},"excerpt":{"rendered":"<p>Erleben Sie unvergleichliche Leistung und Stil mit dem Nike Mind 002 \u201eBlack Hyper Crimson\u201c, einem eleganten und innovativen Schuh, der f\u00fcr ultimativen Komfort, Pr\u00e4zision und Halt entwickelt wurde und modernste Technologie mit K\u00fchner verbindet \u00c4sthetik, um Ihre sportlichen und l\u00e4ssigen Aktivit\u00e4ten zu verbessern. Farbgebung: Schwarz\/Chrom-Solarrot-Hyper Crimson-Schwarz Stilcode: HQ4308-001 Obermaterial: Textil Zwischensohle: Luft Farbe: Schwarz Saison: [&hellip;]<\/p>\n","protected":false},"featured_media":83794,"comment_status":"open","ping_status":"closed","template":"","meta":[],"product_brand":[],"product_cat":[10860,10780,13612,10773],"product_tag":[12542,12543,12545,12597,13263,10762,12546],"class_list":{"0":"post-83793","1":"product","2":"type-product","3":"status-publish","4":"has-post-thumbnail","6":"product_cat-lifestyle-shoes-casual","7":"product_cat-gender-men","8":"product_cat-nike-mind-002","9":"product_cat-nike","10":"product_tag-athleisure-schuhe","11":"product_tag-bestseller","12":"product_tag-lifestyle-freizeitschuhe","13":"product_tag-lifestyle-schuhe-casual","14":"product_tag-neue-vera-ffentlichung","15":"product_tag-nike","16":"product_tag-retro-laufschuhe","17":"wcpa_has_options","19":"first","20":"instock","21":"taxable","22":"shipping-taxable","23":"purchasable","24":"product-type-simple"},"wcpa_form_fields":{"rules":{"pric_overide_base_price":false,"pric_overide_base_price_if_gt_zero":false,"pric_overide_base_price_fully":false,"pric_cal_option_once":false,"pric_use_as_fee":false,"bind_quantity":false,"quantity_bind_formula":false},"fields":[{"type":"color-group","required":true,"elementId":"wcpa-color-group-66c4a75505e74","label":"Gr\u00f6\u00dfe - EU Gr\u00f6\u00dfe","inline":true,"priceOptions":"different_for_all","pricingType":"fixed","className":"hassizechart product-shoes-size-eu product-shoes-size","name":"color-group-66c4a75505e89","disp_type":"square","selection_type":"tick-border","disp_size":"44","show_label_inside":true,"adjust_width":true,"cart_display_type":"text","other_text":"Other","cl_rule":"show","col":6,"values":[{"label":"35.5","value":"EU 35.5","price":"","pimage":"","pimage_id":"","pthumb":"","color":""},{"label":"36","value":"EU 36","price":"","pimage":"","pimage_id":"","pthumb":"","color":"","selected":true},{"label":"36.5","value":"EU 36.5","price":"","pimage":"","pimage_id":"","pthumb":"","color":""},{"label":"37.5","value":"EU 37.5","price":"","pimage":"","pimage_id":"","pthumb":"","color":""},{"label":"38","value":"EU 38","price":"","pimage":"","pimage_id":"","pthumb":"","color":""},{"label":"38.5","value":"EU 38.5","price":"","pimage":"","pimage_id":"","pthumb":"","color":""},{"label":"39","value":"EU 39","price":"","pimage":"","pimage_id":"","pthumb":"","color":""},{"label":"40","value":"EU 40","price":"","pimage":"","pimage_id":"","pthumb":"","color":""},{"label":"40.5","value":"EU 40.5","price":"","pimage":"","pimage_id":"","pthumb":"","color":""},{"label":"41","value":"EU 41","price":"","pimage":"","pimage_id":"","pthumb":"","color":""},{"label":"42","value":"EU 42","price":"","pimage":"","pimage_id":"","pthumb":"","color":""},{"label":"42.5","value":"EU 42.5","price":"","pimage":"","pimage_id":"","pthumb":"","color":""},{"label":"43","value":"EU 43","price":"","pimage":"","pimage_id":"","pthumb":"","color":""},{"label":"44","value":"EU 44","price":"","pimage":"","pimage_id":"","pthumb":"","color":""},{"label":"44.5","value":"EU 44.5","price":"","pimage":"","pimage_id":"","pthumb":"","color":""},{"label":"45","value":"EU 45","price":"","pimage":"","pimage_id":"","pthumb":"","color":""},{"label":"45.5","value":"EU 45.5","price":"","pimage":"","pimage_id":"","pthumb":"","color":""},{"label":"46","value":"EU 46","price":"","pimage":"","pimage_id":"","pthumb":"","color":""},{"label":"47","value":"EU 47","price":"","pimage":"","pimage_id":"","pthumb":"","color":""},{"label":"47.5","value":"EU 47.5","price":"","pimage":"","pimage_id":"","pthumb":"","color":""},{"label":"48","value":"EU 48","price":"","pimage":"","pimage_id":"","pthumb":"","color":""}],"relations":[{"operator":false,"rules":[]}],"form_id":18106,"form_rules":{"pric_cal_option_once":false,"exclude_from_discount":false,"pric_use_as_fee":false,"fee_label":"Fee","render_after_acb":false,"disp_hide_options_price":false}}]},"_links":{"self":[{"href":"https:\/\/moroen.com\/de\/wp-json\/wp\/v2\/product\/83793","targetHints":{"allow":["GET"]}}],"collection":[{"href":"https:\/\/moroen.com\/de\/wp-json\/wp\/v2\/product"}],"about":[{"href":"https:\/\/moroen.com\/de\/wp-json\/wp\/v2\/types\/product"}],"replies":[{"embeddable":true,"href":"https:\/\/moroen.com\/de\/wp-json\/wp\/v2\/comments?post=83793"}],"wp:featuredmedia":[{"embeddable":true,"href":"https:\/\/moroen.com\/de\/wp-json\/wp\/v2\/media\/83794"}],"wp:attachment":[{"href":"https:\/\/moroen.com\/de\/wp-json\/wp\/v2\/media?parent=83793"}],"wp:term":[{"taxonomy":"product_brand","embeddable":true,"href":"https:\/\/moroen.com\/de\/wp-json\/wp\/v2\/product_brand?post=83793"},{"taxonomy":"product_cat","embeddable":true,"href":"https:\/\/moroen.com\/de\/wp-json\/wp\/v2\/product_cat?post=83793"},{"taxonomy":"product_tag","embeddable":true,"href":"https:\/\/moroen.com\/de\/wp-json\/wp\/v2\/product_tag?post=83793"}],"curies":[{"name":"wp","href":"https:\/\/api.w.org\/{rel}","templated":true}]}}