{"id":84490,"date":"2026-03-17T10:37:08","date_gmt":"2026-03-17T03:37:08","guid":{"rendered":"https:\/\/moroen.com\/de\/product\/asics-upcourt-6-white-black"},"modified":"2026-03-17T10:37:08","modified_gmt":"2026-03-17T03:37:08","slug":"asics-upcourt-6-white-black","status":"publish","type":"product","link":"https:\/\/moroen.com\/de\/produkt\/asics-upcourt-6-white-black\/","title":{"rendered":"ASICS Upcourt 6 &#8218;White Black&#8216;"},"content":{"rendered":"<p>Verbessere dein Spiel mit dem ASICS Upcourt 6 &#8218;White Black&#8216; 1071A104-101. Dieser Hallenschuh wurde f\u00fcr \u00fcberragende Agilit\u00e4t und Komfort entwickelt und verf\u00fcgt \u00fcber ein leichtes und atmungsaktives Mesh-Obermaterial, ein st\u00fctzendes TRUSSTIC SYSTEM\u2122 und eine strapazierf\u00e4hige Gummisohle f\u00fcr optimale Traktion. Die elegante Farbkombination in Wei\u00df und Schwarz verleiht deinem Look auf dem Court einen Hauch von Raffinesse. Erlebe unvergleichliche Performance und verbessere dein Spiel mit dem ASICS Upcourt 6.<\/p>\n<ul>\n<li><strong>Artikelnummer:<\/strong> 1071A104-101<\/li>\n<li><strong>Obermaterial:<\/strong> Mesh<\/li>\n<li><strong>Farbe:<\/strong> Wei\u00df<\/li>\n<li><strong>Erscheinungsjahr:<\/strong> 2024<\/li>\n<\/ul>\n","protected":false},"excerpt":{"rendered":"<p>Verbessere dein Spiel mit dem ASICS Upcourt 6 &#8218;White Black&#8216; 1071A104-101. Dieser Hallenschuh wurde f\u00fcr \u00fcberragende Agilit\u00e4t und Komfort entwickelt und verf\u00fcgt \u00fcber ein leichtes und atmungsaktives Mesh-Obermaterial, ein st\u00fctzendes TRUSSTIC SYSTEM\u2122 und eine strapazierf\u00e4hige Gummisohle f\u00fcr optimale Traktion. Die elegante Farbkombination in Wei\u00df und Schwarz verleiht deinem Look auf dem Court einen Hauch von [&hellip;]<\/p>\n","protected":false},"featured_media":84491,"comment_status":"open","ping_status":"closed","template":"","meta":[],"product_brand":[],"product_cat":[12567,10780,13871,13588],"product_tag":[12565,12543,12555,12563,12885,12558,13586],"class_list":{"0":"post-84490","1":"product","2":"type-product","3":"status-publish","4":"has-post-thumbnail","6":"product_cat-asics","7":"product_cat-gender-men","8":"product_cat-asics-upcourt-6","9":"product_cat-volleyball-shoes","10":"product_tag-asics","11":"product_tag-bestseller","12":"product_tag-geschenk-fa-r-ihn","13":"product_tag-performance-sportschuhe","14":"product_tag-tennisschuhe","15":"product_tag-unter-retailpreis","16":"product_tag-volleyballschuhe","17":"wcpa_has_options","19":"first","20":"instock","21":"taxable","22":"shipping-taxable","23":"purchasable","24":"product-type-simple"},"wcpa_form_fields":{"rules":{"pric_overide_base_price":false,"pric_overide_base_price_if_gt_zero":false,"pric_overide_base_price_fully":false,"pric_cal_option_once":false,"pric_use_as_fee":false,"bind_quantity":false,"quantity_bind_formula":false},"fields":[{"type":"color-group","required":true,"elementId":"wcpa-color-group-69a5ac3f3e644","label":"Gr\u00f6\u00dfe","inline":true,"priceOptions":"different_for_all","pricingType":"fixed","className":"hassizechart product-shoes-size-eu product-shoes-size","name":"color-group-69a5ac3f3e64e","disp_type":"square","selection_type":"tick-border","disp_size":"50","show_label_inside":true,"adjust_width":true,"cart_display_type":"text","other_text":"Other","cl_rule":"show","col":6,"values":[{"label":"34.5","value":"EU 34.5","price":"","pimage":"","pimage_id":"","pthumb":"","color":""},{"label":"35","value":"EU 35","price":"","pimage":"","pimage_id":"","pthumb":"","color":""},{"label":"35.5","value":"EU 35.5","price":"","pimage":"","pimage_id":"","pthumb":"","color":""},{"label":"36","value":"EU 36","price":"","pimage":"","pimage_id":"","pthumb":"","color":"","selected":true},{"label":"37","value":"EU 37","price":"","pimage":"","pimage_id":"","pthumb":"","color":""},{"label":"37.5","value":"EU 37.5","price":"","pimage":"","pimage_id":"","pthumb":"","color":""},{"label":"38","value":"EU 38","price":"","pimage":"","pimage_id":"","pthumb":"","color":""},{"label":"38.5","value":"EU 38.5","price":"","pimage":"","pimage_id":"","pthumb":"","color":""},{"label":"39","value":"EU 39","price":"","pimage":"","pimage_id":"","pthumb":"","color":""},{"label":"39.5","value":"EU 39.5","price":"","pimage":"","pimage_id":"","pthumb":"","color":""},{"label":"40","value":"EU 40","price":"","pimage":"","pimage_id":"","pthumb":"","color":""},{"label":"40.5","value":"EU 40.5","price":"","pimage":"","pimage_id":"","pthumb":"","color":""},{"label":" 41.5","value":"EU 41.5","price":"","pimage":"","pimage_id":"","pthumb":"","color":""},{"label":"42","value":"EU 42","price":"","pimage":"","pimage_id":"","pthumb":"","color":""},{"label":"42.5","value":"EU 42.5","price":"","pimage":"","pimage_id":"","pthumb":"","color":""},{"label":"43.5","value":"EU 43.5","price":"","pimage":"","pimage_id":"","pthumb":"","color":""},{"label":"44","value":"EU 44","price":"","pimage":"","pimage_id":"","pthumb":"","color":""},{"label":"44.5","value":"EU 44.5","price":"","pimage":"","pimage_id":"","pthumb":"","color":""},{"label":"45","value":"EU 45","price":"","pimage":"","pimage_id":"","pthumb":"","color":""}],"relations":[{"operator":false,"rules":[]}],"form_id":184312,"form_rules":{"pric_cal_option_once":false,"exclude_from_discount":false,"pric_use_as_fee":false,"fee_label":"Fee","render_after_acb":false,"disp_hide_options_price":false}}]},"_links":{"self":[{"href":"https:\/\/moroen.com\/de\/wp-json\/wp\/v2\/product\/84490","targetHints":{"allow":["GET"]}}],"collection":[{"href":"https:\/\/moroen.com\/de\/wp-json\/wp\/v2\/product"}],"about":[{"href":"https:\/\/moroen.com\/de\/wp-json\/wp\/v2\/types\/product"}],"replies":[{"embeddable":true,"href":"https:\/\/moroen.com\/de\/wp-json\/wp\/v2\/comments?post=84490"}],"wp:featuredmedia":[{"embeddable":true,"href":"https:\/\/moroen.com\/de\/wp-json\/wp\/v2\/media\/84491"}],"wp:attachment":[{"href":"https:\/\/moroen.com\/de\/wp-json\/wp\/v2\/media?parent=84490"}],"wp:term":[{"taxonomy":"product_brand","embeddable":true,"href":"https:\/\/moroen.com\/de\/wp-json\/wp\/v2\/product_brand?post=84490"},{"taxonomy":"product_cat","embeddable":true,"href":"https:\/\/moroen.com\/de\/wp-json\/wp\/v2\/product_cat?post=84490"},{"taxonomy":"product_tag","embeddable":true,"href":"https:\/\/moroen.com\/de\/wp-json\/wp\/v2\/product_tag?post=84490"}],"curies":[{"name":"wp","href":"https:\/\/api.w.org\/{rel}","templated":true}]}}