{"id":85867,"date":"2026-03-17T10:37:48","date_gmt":"2026-03-17T03:37:48","guid":{"rendered":"https:\/\/moroen.com\/de\/product\/adilette-slides-sandals"},"modified":"2026-03-17T10:37:48","modified_gmt":"2026-03-17T03:37:48","slug":"adilette-slides-sandals","status":"publish","type":"product","link":"https:\/\/moroen.com\/de\/produkt\/adilette-slides-sandals\/","title":{"rendered":"Adilette Slides Sandals"},"content":{"rendered":"<p>Erleben Sie ultimativen Komfort und m\u00fchelosen Stil mit den Adilette Slides JH5493 \u2013 perfekt f\u00fcr jeden Tag und zum Entspannen. Diese Slides vereinen Funktion und \u00c4sthetik in idealer Weise: Ihr schlankes, modernes Design und das geringe Gewicht sorgen f\u00fcr h\u00f6chsten Tragekomfort ohne Kompromisse bei der Strapazierf\u00e4higkeit. Dank des weichen, schnelltrocknenden Riemens und des vorgeformten Fu\u00dfbetts bieten die Sandalen optimalen Halt und passen sich der nat\u00fcrlichen Fu\u00dfform an \u2013 f\u00fcr eine perfekte Passform. Die profilierte Sohle garantiert zuverl\u00e4ssigen Halt und macht die Sandalen ideal f\u00fcr Strandbesuche, Spazierg\u00e4nge oder entspannte Stunden am Pool. Die aus hochwertigen Materialien gefertigten Adilette Slides sind pflegeleicht und somit perfekt f\u00fcr einen aktiven Lebensstil. Werten Sie Ihre l\u00e4ssige Garderobe mit diesen vielseitigen Pantoletten auf \u2013 eine zeitlose Wahl f\u00fcr alle, die Komfort und Eleganz in einem Design vereinen m\u00f6chten.<\/p>\n<ul>\n<li><strong>Farbgebung:<\/strong> Braun\/Braun\/Gummi<\/li>\n<li><strong>Artikelnummer:<\/strong> JH5493<\/li>\n<li><strong>Obermaterial:<\/strong> Leder<\/li>\n<li><strong>Farbe:<\/strong> Braun<\/li>\n<\/ul>\n","protected":false},"excerpt":{"rendered":"<p>Erleben Sie ultimativen Komfort und m\u00fchelosen Stil mit den Adilette Slides JH5493 \u2013 perfekt f\u00fcr jeden Tag und zum Entspannen. Diese Slides vereinen Funktion und \u00c4sthetik in idealer Weise: Ihr schlankes, modernes Design und das geringe Gewicht sorgen f\u00fcr h\u00f6chsten Tragekomfort ohne Kompromisse bei der Strapazierf\u00e4higkeit. Dank des weichen, schnelltrocknenden Riemens und des vorgeformten Fu\u00dfbetts [&hellip;]<\/p>\n","protected":false},"featured_media":85868,"comment_status":"open","ping_status":"closed","template":"","meta":[],"product_brand":[],"product_cat":[10791,13849,10780,11338],"product_tag":[10789,12609,12545,11336,12558],"class_list":{"0":"post-85867","1":"product","2":"type-product","3":"status-publish","4":"has-post-thumbnail","6":"product_cat-adidas","7":"product_cat-adidas-adilette-slides-sandals","8":"product_cat-gender-men","9":"product_cat-slides","10":"product_tag-adidas","11":"product_tag-la-ssige-sandalen","12":"product_tag-lifestyle-freizeitschuhe","13":"product_tag-slides","14":"product_tag-unter-retailpreis","15":"wcpa_has_options","17":"first","18":"instock","19":"taxable","20":"shipping-taxable","21":"purchasable","22":"product-type-simple"},"wcpa_form_fields":{"rules":{"pric_overide_base_price":false,"pric_overide_base_price_if_gt_zero":false,"pric_overide_base_price_fully":false,"pric_cal_option_once":false,"pric_use_as_fee":false,"bind_quantity":false,"quantity_bind_formula":false},"fields":[{"type":"color-group","required":true,"elementId":"wcpa-color-group-66c4a7f817afe","label":"Gr\u00f6\u00dfe","inline":true,"priceOptions":"different_for_all","pricingType":"fixed","className":"hassizechart product-shoes-size-eu product-shoes-size","name":"color-group-66c4a7f817b18","disp_type":"square","selection_type":"tick-border","disp_size":"50","show_label_inside":true,"adjust_width":true,"cart_display_type":"text","other_text":"Other","cl_rule":"show","col":6,"values":[{"label":"35","value":"EU 35","price":"","pimage":"","pimage_id":"","pthumb":"","color":""},{"label":"35.5","value":"EU 35.5","price":"","pimage":"","pimage_id":"","pthumb":"","color":""},{"label":"36","value":"EU 36","price":"","pimage":"","pimage_id":"","pthumb":"","color":"","selected":true},{"label":"36 2\/3","value":"EU 36 2\/3","price":"","pimage":"","pimage_id":"","pthumb":"","color":""},{"label":"37 1\/3","value":"EU 37 1\/3","price":"","pimage":"","pimage_id":"","pthumb":"","color":""},{"label":"38","value":"EU 38","price":"","pimage":"","pimage_id":"","pthumb":"","color":""},{"label":"38 2\/3","value":"EU 38 2\/3","price":"","pimage":"","pimage_id":"","pthumb":"","color":""},{"label":"39 1\/3","value":"EU 39 1\/3","price":"","pimage":"","pimage_id":"","pthumb":"","color":""},{"label":"40","value":"EU 40","price":"","pimage":"","pimage_id":"","pthumb":"","color":""},{"label":"40 2\/3","value":"EU 40 2\/3","price":"","pimage":"","pimage_id":"","pthumb":"","color":""},{"label":"41 1\/3","value":"EU 41 1\/3","price":"","pimage":"","pimage_id":"","pthumb":"","color":""},{"label":"42","value":"EU 42","price":"","pimage":"","pimage_id":"","pthumb":"","color":""},{"label":"42 2\/3","value":"EU 42 2\/3","price":"","pimage":"","pimage_id":"","pthumb":"","color":""},{"label":"43 1\/3","value":"EU 43 1\/3","price":"","pimage":"","pimage_id":"","pthumb":"","color":""},{"label":"44","value":"EU 44","price":"","pimage":"","pimage_id":"","pthumb":"","color":""},{"label":"44 2\/3","value":"EU 44 2\/3","price":"","pimage":"","pimage_id":"","pthumb":"","color":""},{"label":"45 1\/3","value":"EU 45 1\/3","price":"","pimage":"","pimage_id":"","pthumb":"","color":""},{"label":"46","value":"EU 46","price":"","pimage":"","pimage_id":"","pthumb":"","color":""},{"label":"46 2\/3","value":"EU 46 2\/3","price":"","pimage":"","pimage_id":"","pthumb":"","color":""},{"label":"47 1\/3","value":"EU 47 1\/3","price":"","pimage":"","pimage_id":"","pthumb":"","color":""}],"relations":[{"operator":false,"rules":[]}],"form_id":24802,"form_rules":{"pric_cal_option_once":false,"exclude_from_discount":false,"pric_use_as_fee":false,"fee_label":"Fee","render_after_acb":false,"disp_hide_options_price":false}}]},"_links":{"self":[{"href":"https:\/\/moroen.com\/de\/wp-json\/wp\/v2\/product\/85867","targetHints":{"allow":["GET"]}}],"collection":[{"href":"https:\/\/moroen.com\/de\/wp-json\/wp\/v2\/product"}],"about":[{"href":"https:\/\/moroen.com\/de\/wp-json\/wp\/v2\/types\/product"}],"replies":[{"embeddable":true,"href":"https:\/\/moroen.com\/de\/wp-json\/wp\/v2\/comments?post=85867"}],"wp:featuredmedia":[{"embeddable":true,"href":"https:\/\/moroen.com\/de\/wp-json\/wp\/v2\/media\/85868"}],"wp:attachment":[{"href":"https:\/\/moroen.com\/de\/wp-json\/wp\/v2\/media?parent=85867"}],"wp:term":[{"taxonomy":"product_brand","embeddable":true,"href":"https:\/\/moroen.com\/de\/wp-json\/wp\/v2\/product_brand?post=85867"},{"taxonomy":"product_cat","embeddable":true,"href":"https:\/\/moroen.com\/de\/wp-json\/wp\/v2\/product_cat?post=85867"},{"taxonomy":"product_tag","embeddable":true,"href":"https:\/\/moroen.com\/de\/wp-json\/wp\/v2\/product_tag?post=85867"}],"curies":[{"name":"wp","href":"https:\/\/api.w.org\/{rel}","templated":true}]}}