{"id":86191,"date":"2026-03-17T10:37:56","date_gmt":"2026-03-17T03:37:56","guid":{"rendered":"https:\/\/moroen.com\/de\/product\/adidas-labcourt-black-white"},"modified":"2026-03-17T10:37:56","modified_gmt":"2026-03-17T03:37:56","slug":"adidas-labcourt-black-white","status":"publish","type":"product","link":"https:\/\/moroen.com\/de\/produkt\/adidas-labcourt-black-white\/","title":{"rendered":"adidas Labcourt &#8218;Black White&#8216;"},"content":{"rendered":"<p>Wir pr\u00e4sentieren den adidas LABCOURT &#8218;Versatile Casual Black&#8216; ID6227 \u2013 der Inbegriff von stilvollem Komfort. Mit seinem eleganten schwarzen Obermaterial bietet dieser Schuh einen vielseitigen Look, der perfekt zu jedem Freizeitoutfit passt. Gefertigt aus hochwertigen Materialien, garantiert er Langlebigkeit und Atmungsaktivit\u00e4t. Die gepolsterte Innensohle und die st\u00fctzende Sohle sorgen f\u00fcr unvergleichlichen Tragekomfort, egal ob Sie Besorgungen erledigen oder abends ausgehen. Bereichern Sie Ihre Freizeitgarderobe mit der zeitlosen Eleganz des adidas LABCOURT &#8218;Versatile Casual Black&#8216;.<\/p>\n<p>Farbgebung: Schwarz\/Wei\u00df<br \/>\nArtikelnummer: ID6227<br \/>\nFarbe: Schwarz<\/p>\n<p>Farbe: Schwarz<\/p>\n","protected":false},"excerpt":{"rendered":"<p>Wir pr\u00e4sentieren den adidas LABCOURT &#8218;Versatile Casual Black&#8216; ID6227 \u2013 der Inbegriff von stilvollem Komfort. Mit seinem eleganten schwarzen Obermaterial bietet dieser Schuh einen vielseitigen Look, der perfekt zu jedem Freizeitoutfit passt. Gefertigt aus hochwertigen Materialien, garantiert er Langlebigkeit und Atmungsaktivit\u00e4t. Die gepolsterte Innensohle und die st\u00fctzende Sohle sorgen f\u00fcr unvergleichlichen Tragekomfort, egal ob Sie [&hellip;]<\/p>\n","protected":false},"featured_media":86192,"comment_status":"open","ping_status":"closed","template":"","meta":[],"product_brand":[],"product_cat":[10791,13981,10946,10780],"product_tag":[10789,12555,12632,12545,12825,12558],"class_list":{"0":"post-86191","1":"product","2":"type-product","3":"status-publish","4":"has-post-thumbnail","6":"product_cat-adidas","7":"product_cat-adidas-labcourt","8":"product_cat-lifestyle-shoes-tennis-inspired","9":"product_cat-gender-men","10":"product_tag-adidas","11":"product_tag-geschenk-fa-r-ihn","12":"product_tag-klassische-court-schuhe","13":"product_tag-lifestyle-freizeitschuhe","14":"product_tag-lifestyle-schuhe-tennis-inspiriert","15":"product_tag-unter-retailpreis","16":"wcpa_has_options","18":"first","19":"instock","20":"taxable","21":"shipping-taxable","22":"purchasable","23":"product-type-simple"},"wcpa_form_fields":{"rules":{"pric_overide_base_price":false,"pric_overide_base_price_if_gt_zero":false,"pric_overide_base_price_fully":false,"pric_cal_option_once":false,"pric_use_as_fee":false,"bind_quantity":false,"quantity_bind_formula":false},"fields":[{"type":"color-group","required":true,"elementId":"wcpa-color-group-66c4a7f817afe","label":"Gr\u00f6\u00dfe","inline":true,"priceOptions":"different_for_all","pricingType":"fixed","className":"hassizechart product-shoes-size-eu product-shoes-size","name":"color-group-66c4a7f817b18","disp_type":"square","selection_type":"tick-border","disp_size":"50","show_label_inside":true,"adjust_width":true,"cart_display_type":"text","other_text":"Other","cl_rule":"show","col":6,"values":[{"label":"35","value":"EU 35","price":"","pimage":"","pimage_id":"","pthumb":"","color":""},{"label":"35.5","value":"EU 35.5","price":"","pimage":"","pimage_id":"","pthumb":"","color":""},{"label":"36","value":"EU 36","price":"","pimage":"","pimage_id":"","pthumb":"","color":"","selected":true},{"label":"36 2\/3","value":"EU 36 2\/3","price":"","pimage":"","pimage_id":"","pthumb":"","color":""},{"label":"37 1\/3","value":"EU 37 1\/3","price":"","pimage":"","pimage_id":"","pthumb":"","color":""},{"label":"38","value":"EU 38","price":"","pimage":"","pimage_id":"","pthumb":"","color":""},{"label":"38 2\/3","value":"EU 38 2\/3","price":"","pimage":"","pimage_id":"","pthumb":"","color":""},{"label":"39 1\/3","value":"EU 39 1\/3","price":"","pimage":"","pimage_id":"","pthumb":"","color":""},{"label":"40","value":"EU 40","price":"","pimage":"","pimage_id":"","pthumb":"","color":""},{"label":"40 2\/3","value":"EU 40 2\/3","price":"","pimage":"","pimage_id":"","pthumb":"","color":""},{"label":"41 1\/3","value":"EU 41 1\/3","price":"","pimage":"","pimage_id":"","pthumb":"","color":""},{"label":"42","value":"EU 42","price":"","pimage":"","pimage_id":"","pthumb":"","color":""},{"label":"42 2\/3","value":"EU 42 2\/3","price":"","pimage":"","pimage_id":"","pthumb":"","color":""},{"label":"43 1\/3","value":"EU 43 1\/3","price":"","pimage":"","pimage_id":"","pthumb":"","color":""},{"label":"44","value":"EU 44","price":"","pimage":"","pimage_id":"","pthumb":"","color":""},{"label":"44 2\/3","value":"EU 44 2\/3","price":"","pimage":"","pimage_id":"","pthumb":"","color":""},{"label":"45 1\/3","value":"EU 45 1\/3","price":"","pimage":"","pimage_id":"","pthumb":"","color":""},{"label":"46","value":"EU 46","price":"","pimage":"","pimage_id":"","pthumb":"","color":""},{"label":"46 2\/3","value":"EU 46 2\/3","price":"","pimage":"","pimage_id":"","pthumb":"","color":""},{"label":"47 1\/3","value":"EU 47 1\/3","price":"","pimage":"","pimage_id":"","pthumb":"","color":""}],"relations":[{"operator":false,"rules":[]}],"form_id":24802,"form_rules":{"pric_cal_option_once":false,"exclude_from_discount":false,"pric_use_as_fee":false,"fee_label":"Fee","render_after_acb":false,"disp_hide_options_price":false}}]},"_links":{"self":[{"href":"https:\/\/moroen.com\/de\/wp-json\/wp\/v2\/product\/86191","targetHints":{"allow":["GET"]}}],"collection":[{"href":"https:\/\/moroen.com\/de\/wp-json\/wp\/v2\/product"}],"about":[{"href":"https:\/\/moroen.com\/de\/wp-json\/wp\/v2\/types\/product"}],"replies":[{"embeddable":true,"href":"https:\/\/moroen.com\/de\/wp-json\/wp\/v2\/comments?post=86191"}],"wp:featuredmedia":[{"embeddable":true,"href":"https:\/\/moroen.com\/de\/wp-json\/wp\/v2\/media\/86192"}],"wp:attachment":[{"href":"https:\/\/moroen.com\/de\/wp-json\/wp\/v2\/media?parent=86191"}],"wp:term":[{"taxonomy":"product_brand","embeddable":true,"href":"https:\/\/moroen.com\/de\/wp-json\/wp\/v2\/product_brand?post=86191"},{"taxonomy":"product_cat","embeddable":true,"href":"https:\/\/moroen.com\/de\/wp-json\/wp\/v2\/product_cat?post=86191"},{"taxonomy":"product_tag","embeddable":true,"href":"https:\/\/moroen.com\/de\/wp-json\/wp\/v2\/product_tag?post=86191"}],"curies":[{"name":"wp","href":"https:\/\/api.w.org\/{rel}","templated":true}]}}