{"id":86508,"date":"2026-03-17T10:38:05","date_gmt":"2026-03-17T03:38:05","guid":{"rendered":"https:\/\/moroen.com\/de\/product\/adidas-rivalry-low-white-chalky-brown"},"modified":"2026-03-17T10:38:05","modified_gmt":"2026-03-17T03:38:05","slug":"adidas-rivalry-low-white-chalky-brown","status":"publish","type":"product","link":"https:\/\/moroen.com\/de\/produkt\/adidas-rivalry-low-white-chalky-brown\/","title":{"rendered":"adidas Rivalry Low &#8218;White Chalky Brown&#8216;"},"content":{"rendered":"<p>Wir pr\u00e4sentieren den adidas Rivalry Low &#8218;White Chalky Brown&#8216; (IG6310), einen Sneaker im Retro-Stil, der klassischen Style mit modernem Komfort vereint. Das strahlend wei\u00dfe Leder-Obermaterial bildet einen Kontrast zu den kreidebraunen Akzenten und sorgt so f\u00fcr einen Vintage-Look. Die ikonischen drei Streifen und die perforierte Zehenkappe unterstreichen den Heritage-Look. Die weiche EVA-Zwischensohle bietet ein angenehmes Laufgef\u00fchl, w\u00e4hrend die Gummiau\u00dfensohle f\u00fcr hervorragende Traktion sorgt. Der adidas Rivalry Low &#8218;White Chalky Brown&#8216; ist perfekt f\u00fcr Freizeit und Basketball und ein Must-have f\u00fcr Sneaker-Fans und modebewusste Menschen.<\/p>\n<p>Farbgebung: Core White\/Chalky Brown\/Off White<\/p>\n<p>Style-Code: IG6310<\/p>\n<p>Obermaterial: Leder<\/p>\n<p>Erscheinungsjahr: 2023<\/p>\n","protected":false},"excerpt":{"rendered":"<p>Wir pr\u00e4sentieren den adidas Rivalry Low &#8218;White Chalky Brown&#8216; (IG6310), einen Sneaker im Retro-Stil, der klassischen Style mit modernem Komfort vereint. Das strahlend wei\u00dfe Leder-Obermaterial bildet einen Kontrast zu den kreidebraunen Akzenten und sorgt so f\u00fcr einen Vintage-Look. Die ikonischen drei Streifen und die perforierte Zehenkappe unterstreichen den Heritage-Look. Die weiche EVA-Zwischensohle bietet ein angenehmes [&hellip;]<\/p>\n","protected":false},"featured_media":86509,"comment_status":"open","ping_status":"closed","template":"","meta":[],"product_brand":[],"product_cat":[10791,10816,10780,14004],"product_tag":[10789,12542,12555,12545,12559,12560,12558],"class_list":{"0":"post-86508","1":"product","2":"type-product","3":"status-publish","4":"has-post-thumbnail","6":"product_cat-adidas","7":"product_cat-lifestyle-shoes-basketball-inspired","8":"product_cat-gender-men","9":"product_cat-adidas-rivalry-low","10":"product_tag-adidas","11":"product_tag-athleisure-schuhe","12":"product_tag-geschenk-fa-r-ihn","13":"product_tag-lifestyle-freizeitschuhe","14":"product_tag-lifestyle-schuhe-basketball-inspiriert","15":"product_tag-retro-freizeitschuhe","16":"product_tag-unter-retailpreis","17":"wcpa_has_options","19":"first","20":"instock","21":"taxable","22":"shipping-taxable","23":"purchasable","24":"product-type-simple"},"wcpa_form_fields":{"rules":{"pric_overide_base_price":false,"pric_overide_base_price_if_gt_zero":false,"pric_overide_base_price_fully":false,"pric_cal_option_once":false,"pric_use_as_fee":false,"bind_quantity":false,"quantity_bind_formula":false},"fields":[{"type":"color-group","required":true,"elementId":"wcpa-color-group-66c4a7f817afe","label":"Gr\u00f6\u00dfe","inline":true,"priceOptions":"different_for_all","pricingType":"fixed","className":"hassizechart product-shoes-size-eu product-shoes-size","name":"color-group-66c4a7f817b18","disp_type":"square","selection_type":"tick-border","disp_size":"50","show_label_inside":true,"adjust_width":true,"cart_display_type":"text","other_text":"Other","cl_rule":"show","col":6,"values":[{"label":"35","value":"EU 35","price":"","pimage":"","pimage_id":"","pthumb":"","color":""},{"label":"35.5","value":"EU 35.5","price":"","pimage":"","pimage_id":"","pthumb":"","color":""},{"label":"36","value":"EU 36","price":"","pimage":"","pimage_id":"","pthumb":"","color":"","selected":true},{"label":"36 2\/3","value":"EU 36 2\/3","price":"","pimage":"","pimage_id":"","pthumb":"","color":""},{"label":"37 1\/3","value":"EU 37 1\/3","price":"","pimage":"","pimage_id":"","pthumb":"","color":""},{"label":"38","value":"EU 38","price":"","pimage":"","pimage_id":"","pthumb":"","color":""},{"label":"38 2\/3","value":"EU 38 2\/3","price":"","pimage":"","pimage_id":"","pthumb":"","color":""},{"label":"39 1\/3","value":"EU 39 1\/3","price":"","pimage":"","pimage_id":"","pthumb":"","color":""},{"label":"40","value":"EU 40","price":"","pimage":"","pimage_id":"","pthumb":"","color":""},{"label":"40 2\/3","value":"EU 40 2\/3","price":"","pimage":"","pimage_id":"","pthumb":"","color":""},{"label":"41 1\/3","value":"EU 41 1\/3","price":"","pimage":"","pimage_id":"","pthumb":"","color":""},{"label":"42","value":"EU 42","price":"","pimage":"","pimage_id":"","pthumb":"","color":""},{"label":"42 2\/3","value":"EU 42 2\/3","price":"","pimage":"","pimage_id":"","pthumb":"","color":""},{"label":"43 1\/3","value":"EU 43 1\/3","price":"","pimage":"","pimage_id":"","pthumb":"","color":""},{"label":"44","value":"EU 44","price":"","pimage":"","pimage_id":"","pthumb":"","color":""},{"label":"44 2\/3","value":"EU 44 2\/3","price":"","pimage":"","pimage_id":"","pthumb":"","color":""},{"label":"45 1\/3","value":"EU 45 1\/3","price":"","pimage":"","pimage_id":"","pthumb":"","color":""},{"label":"46","value":"EU 46","price":"","pimage":"","pimage_id":"","pthumb":"","color":""},{"label":"46 2\/3","value":"EU 46 2\/3","price":"","pimage":"","pimage_id":"","pthumb":"","color":""},{"label":"47 1\/3","value":"EU 47 1\/3","price":"","pimage":"","pimage_id":"","pthumb":"","color":""}],"relations":[{"operator":false,"rules":[]}],"form_id":24802,"form_rules":{"pric_cal_option_once":false,"exclude_from_discount":false,"pric_use_as_fee":false,"fee_label":"Fee","render_after_acb":false,"disp_hide_options_price":false}}]},"_links":{"self":[{"href":"https:\/\/moroen.com\/de\/wp-json\/wp\/v2\/product\/86508","targetHints":{"allow":["GET"]}}],"collection":[{"href":"https:\/\/moroen.com\/de\/wp-json\/wp\/v2\/product"}],"about":[{"href":"https:\/\/moroen.com\/de\/wp-json\/wp\/v2\/types\/product"}],"replies":[{"embeddable":true,"href":"https:\/\/moroen.com\/de\/wp-json\/wp\/v2\/comments?post=86508"}],"wp:featuredmedia":[{"embeddable":true,"href":"https:\/\/moroen.com\/de\/wp-json\/wp\/v2\/media\/86509"}],"wp:attachment":[{"href":"https:\/\/moroen.com\/de\/wp-json\/wp\/v2\/media?parent=86508"}],"wp:term":[{"taxonomy":"product_brand","embeddable":true,"href":"https:\/\/moroen.com\/de\/wp-json\/wp\/v2\/product_brand?post=86508"},{"taxonomy":"product_cat","embeddable":true,"href":"https:\/\/moroen.com\/de\/wp-json\/wp\/v2\/product_cat?post=86508"},{"taxonomy":"product_tag","embeddable":true,"href":"https:\/\/moroen.com\/de\/wp-json\/wp\/v2\/product_tag?post=86508"}],"curies":[{"name":"wp","href":"https:\/\/api.w.org\/{rel}","templated":true}]}}