{"id":87707,"date":"2026-03-17T10:38:41","date_gmt":"2026-03-17T03:38:41","guid":{"rendered":"https:\/\/moroen.com\/de\/product\/levis-x-air-jordan-3-retro-lunar-new-year"},"modified":"2026-03-17T10:38:41","modified_gmt":"2026-03-17T03:38:41","slug":"levis-x-air-jordan-3-retro-lunar-new-year","status":"publish","type":"product","link":"https:\/\/moroen.com\/de\/produkt\/levis-x-air-jordan-3-retro-lunar-new-year\/","title":{"rendered":"Levi&#8217;s x Air Jordan 3 Retro &#8218;Lunar New Year&#8216;"},"content":{"rendered":"<p>Feiere Style und Innovation mit dem Levi&#8217;s x Air Jordan 3 Retro \u201eLunar New Year\u201c IR0910-400 \u2013 einer atemberaubenden Kollaboration, die Jordans Basketball-Tradition mit Levi&#8217;s zeitloser Denim-Handwerkskunst vereint. Mit hochwertigen Denim-Overlays, lebendigen Details und vom chinesischen Neujahr inspirierten Akzenten bietet dieses Design eine einzigartige und moderne Interpretation einer ikonischen Silhouette. Die Air-D\u00e4mpfung sorgt f\u00fcr au\u00dfergew\u00f6hnlichen Tragekomfort, w\u00e4hrend die strapazierf\u00e4hige Gummisohle zuverl\u00e4ssige Traktion bietet. Diese limitierte Edition ist ein Must-have f\u00fcr Sneaker-Fans und Sammler, die ihre Garderobe um ein unverwechselbares und stylisches Paar erweitern m\u00f6chten. Diese Schuhe passen zu jedem Outfit und vereinen auf perfekte Weise kulturelle Tradition mit modernem Streetwear-Flair.<\/p>\n<ul>\n<li><strong>Farbgebung:<\/strong> Denim\/Sail\/Gym Red<\/li>\n<li><strong>Artikelnummer:<\/strong> IR0910-400<\/li>\n<li><strong>Obermaterial:<\/strong> Textil<\/li>\n<li><strong>Zwischensohle:<\/strong> Air<\/li>\n<li><strong>Farbe:<\/strong> Tan<\/li>\n<li><strong>Designer:<\/strong> Tinker Hatfield<\/li>\n<\/ul>\n","protected":false},"excerpt":{"rendered":"<p>Feiere Style und Innovation mit dem Levi&#8217;s x Air Jordan 3 Retro \u201eLunar New Year\u201c IR0910-400 \u2013 einer atemberaubenden Kollaboration, die Jordans Basketball-Tradition mit Levi&#8217;s zeitloser Denim-Handwerkskunst vereint. Mit hochwertigen Denim-Overlays, lebendigen Details und vom chinesischen Neujahr inspirierten Akzenten bietet dieses Design eine einzigartige und moderne Interpretation einer ikonischen Silhouette. Die Air-D\u00e4mpfung sorgt f\u00fcr au\u00dfergew\u00f6hnlichen [&hellip;]<\/p>\n","protected":false},"featured_media":87708,"comment_status":"open","ping_status":"closed","template":"","meta":[],"product_brand":[],"product_cat":[10825,14090,10816,10780],"product_tag":[12542,10819,12545,12559,13263,13506,12560,12558],"class_list":{"0":"post-87707","1":"product","2":"type-product","3":"status-publish","4":"has-post-thumbnail","6":"product_cat-jordan","7":"product_cat-jordan-jordan-3-retro-lunar-new-year","8":"product_cat-lifestyle-shoes-basketball-inspired","9":"product_cat-gender-men","10":"product_tag-athleisure-schuhe","11":"product_tag-jordan","12":"product_tag-lifestyle-freizeitschuhe","13":"product_tag-lifestyle-schuhe-basketball-inspiriert","14":"product_tag-neue-vera-ffentlichung","15":"product_tag-neueste-version","16":"product_tag-retro-freizeitschuhe","17":"product_tag-unter-retailpreis","18":"wcpa_has_options","20":"first","21":"instock","22":"taxable","23":"shipping-taxable","24":"purchasable","25":"product-type-simple"},"wcpa_form_fields":{"rules":{"pric_overide_base_price":false,"pric_overide_base_price_if_gt_zero":false,"pric_overide_base_price_fully":false,"pric_cal_option_once":false,"pric_use_as_fee":false,"bind_quantity":false,"quantity_bind_formula":false},"fields":[{"type":"color-group","required":true,"elementId":"wcpa-color-group-66c4a75505e74","label":"Gr\u00f6\u00dfe - EU Gr\u00f6\u00dfe","inline":true,"priceOptions":"different_for_all","pricingType":"fixed","className":"hassizechart product-shoes-size-eu product-shoes-size","name":"color-group-66c4a75505e89","disp_type":"square","selection_type":"tick-border","disp_size":"44","show_label_inside":true,"adjust_width":true,"cart_display_type":"text","other_text":"Other","cl_rule":"show","col":6,"values":[{"label":"35.5","value":"EU 35.5","price":"","pimage":"","pimage_id":"","pthumb":"","color":""},{"label":"36","value":"EU 36","price":"","pimage":"","pimage_id":"","pthumb":"","color":"","selected":true},{"label":"36.5","value":"EU 36.5","price":"","pimage":"","pimage_id":"","pthumb":"","color":""},{"label":"37.5","value":"EU 37.5","price":"","pimage":"","pimage_id":"","pthumb":"","color":""},{"label":"38","value":"EU 38","price":"","pimage":"","pimage_id":"","pthumb":"","color":""},{"label":"38.5","value":"EU 38.5","price":"","pimage":"","pimage_id":"","pthumb":"","color":""},{"label":"39","value":"EU 39","price":"","pimage":"","pimage_id":"","pthumb":"","color":""},{"label":"40","value":"EU 40","price":"","pimage":"","pimage_id":"","pthumb":"","color":""},{"label":"40.5","value":"EU 40.5","price":"","pimage":"","pimage_id":"","pthumb":"","color":""},{"label":"41","value":"EU 41","price":"","pimage":"","pimage_id":"","pthumb":"","color":""},{"label":"42","value":"EU 42","price":"","pimage":"","pimage_id":"","pthumb":"","color":""},{"label":"42.5","value":"EU 42.5","price":"","pimage":"","pimage_id":"","pthumb":"","color":""},{"label":"43","value":"EU 43","price":"","pimage":"","pimage_id":"","pthumb":"","color":""},{"label":"44","value":"EU 44","price":"","pimage":"","pimage_id":"","pthumb":"","color":""},{"label":"44.5","value":"EU 44.5","price":"","pimage":"","pimage_id":"","pthumb":"","color":""},{"label":"45","value":"EU 45","price":"","pimage":"","pimage_id":"","pthumb":"","color":""},{"label":"45.5","value":"EU 45.5","price":"","pimage":"","pimage_id":"","pthumb":"","color":""},{"label":"46","value":"EU 46","price":"","pimage":"","pimage_id":"","pthumb":"","color":""},{"label":"47","value":"EU 47","price":"","pimage":"","pimage_id":"","pthumb":"","color":""},{"label":"47.5","value":"EU 47.5","price":"","pimage":"","pimage_id":"","pthumb":"","color":""},{"label":"48","value":"EU 48","price":"","pimage":"","pimage_id":"","pthumb":"","color":""}],"relations":[{"operator":false,"rules":[]}],"form_id":18106,"form_rules":{"pric_cal_option_once":false,"exclude_from_discount":false,"pric_use_as_fee":false,"fee_label":"Fee","render_after_acb":false,"disp_hide_options_price":false}}]},"_links":{"self":[{"href":"https:\/\/moroen.com\/de\/wp-json\/wp\/v2\/product\/87707","targetHints":{"allow":["GET"]}}],"collection":[{"href":"https:\/\/moroen.com\/de\/wp-json\/wp\/v2\/product"}],"about":[{"href":"https:\/\/moroen.com\/de\/wp-json\/wp\/v2\/types\/product"}],"replies":[{"embeddable":true,"href":"https:\/\/moroen.com\/de\/wp-json\/wp\/v2\/comments?post=87707"}],"wp:featuredmedia":[{"embeddable":true,"href":"https:\/\/moroen.com\/de\/wp-json\/wp\/v2\/media\/87708"}],"wp:attachment":[{"href":"https:\/\/moroen.com\/de\/wp-json\/wp\/v2\/media?parent=87707"}],"wp:term":[{"taxonomy":"product_brand","embeddable":true,"href":"https:\/\/moroen.com\/de\/wp-json\/wp\/v2\/product_brand?post=87707"},{"taxonomy":"product_cat","embeddable":true,"href":"https:\/\/moroen.com\/de\/wp-json\/wp\/v2\/product_cat?post=87707"},{"taxonomy":"product_tag","embeddable":true,"href":"https:\/\/moroen.com\/de\/wp-json\/wp\/v2\/product_tag?post=87707"}],"curies":[{"name":"wp","href":"https:\/\/api.w.org\/{rel}","templated":true}]}}