{"id":87935,"date":"2026-03-17T10:38:47","date_gmt":"2026-03-17T03:38:47","guid":{"rendered":"https:\/\/moroen.com\/de\/product\/adidas-ultraboost-light-black-white"},"modified":"2026-03-17T10:38:47","modified_gmt":"2026-03-17T03:38:47","slug":"adidas-ultraboost-light-black-white","status":"publish","type":"product","link":"https:\/\/moroen.com\/de\/produkt\/adidas-ultraboost-light-black-white\/","title":{"rendered":"adidas UltraBoost Light &#8218;Black White&#8216;"},"content":{"rendered":"<p>Die adidas UltraBoost Light Black White Sneaker vereinen Style und Performance perfekt. Mit ihrem ikonischen adidas Design und der eleganten schwarz-wei\u00dfen Farbgebung ziehen diese Sneaker garantiert alle Blicke auf sich. Die UltraBoost-Technologie sorgt f\u00fcr unvergleichlichen Komfort und optimale Energier\u00fcckgabe und macht sie damit ideal f\u00fcr Sportler und Sneaker-Fans. Ob im Fitnessstudio oder beim Ausgehen \u2013 diese adidas Sneaker sind ein Must-have f\u00fcr deine Schuhsammlung.<\/p>\n<p>Farbgebung: Core Black\/Core Black\/Crystal White<\/p>\n<p>Style-Code: GY9351<\/p>\n<p>Obermaterial: Primeknit+<br \/>\nZwischensohle: Light Boost<\/p>\n<p>Farbe: Schwarz<\/p>\n<p>Erscheinungsjahr: 2023<\/p>\n","protected":false},"excerpt":{"rendered":"<p>Die adidas UltraBoost Light Black White Sneaker vereinen Style und Performance perfekt. Mit ihrem ikonischen adidas Design und der eleganten schwarz-wei\u00dfen Farbgebung ziehen diese Sneaker garantiert alle Blicke auf sich. Die UltraBoost-Technologie sorgt f\u00fcr unvergleichlichen Komfort und optimale Energier\u00fcckgabe und macht sie damit ideal f\u00fcr Sportler und Sneaker-Fans. Ob im Fitnessstudio oder beim Ausgehen \u2013 [&hellip;]<\/p>\n","protected":false},"featured_media":87936,"comment_status":"open","ping_status":"closed","template":"","meta":[],"product_brand":[],"product_cat":[10791,10780,10794,10952],"product_tag":[10789,13264,12555,12564,13304,12613,12563,12558],"class_list":{"0":"post-87935","1":"product","2":"type-product","3":"status-publish","4":"has-post-thumbnail","6":"product_cat-adidas","7":"product_cat-gender-men","8":"product_cat-running-shoes","9":"product_cat-adidas-ultraboost-light","10":"product_tag-adidas","11":"product_tag-adidas-laufschuhe","12":"product_tag-geschenk-fa-r-ihn","13":"product_tag-laufschuhe","14":"product_tag-max-cushion-gepolsterte-laufschuhe","15":"product_tag-performance-laufschuhe","16":"product_tag-performance-sportschuhe","17":"product_tag-unter-retailpreis","18":"wcpa_has_options","20":"first","21":"instock","22":"taxable","23":"shipping-taxable","24":"purchasable","25":"product-type-simple"},"wcpa_form_fields":{"rules":{"pric_overide_base_price":false,"pric_overide_base_price_if_gt_zero":false,"pric_overide_base_price_fully":false,"pric_cal_option_once":false,"pric_use_as_fee":false,"bind_quantity":false,"quantity_bind_formula":false},"fields":[{"type":"color-group","required":true,"elementId":"wcpa-color-group-66c4a7f817afe","label":"Gr\u00f6\u00dfe","inline":true,"priceOptions":"different_for_all","pricingType":"fixed","className":"hassizechart product-shoes-size-eu product-shoes-size","name":"color-group-66c4a7f817b18","disp_type":"square","selection_type":"tick-border","disp_size":"50","show_label_inside":true,"adjust_width":true,"cart_display_type":"text","other_text":"Other","cl_rule":"show","col":6,"values":[{"label":"35","value":"EU 35","price":"","pimage":"","pimage_id":"","pthumb":"","color":""},{"label":"35.5","value":"EU 35.5","price":"","pimage":"","pimage_id":"","pthumb":"","color":""},{"label":"36","value":"EU 36","price":"","pimage":"","pimage_id":"","pthumb":"","color":"","selected":true},{"label":"36 2\/3","value":"EU 36 2\/3","price":"","pimage":"","pimage_id":"","pthumb":"","color":""},{"label":"37 1\/3","value":"EU 37 1\/3","price":"","pimage":"","pimage_id":"","pthumb":"","color":""},{"label":"38","value":"EU 38","price":"","pimage":"","pimage_id":"","pthumb":"","color":""},{"label":"38 2\/3","value":"EU 38 2\/3","price":"","pimage":"","pimage_id":"","pthumb":"","color":""},{"label":"39 1\/3","value":"EU 39 1\/3","price":"","pimage":"","pimage_id":"","pthumb":"","color":""},{"label":"40","value":"EU 40","price":"","pimage":"","pimage_id":"","pthumb":"","color":""},{"label":"40 2\/3","value":"EU 40 2\/3","price":"","pimage":"","pimage_id":"","pthumb":"","color":""},{"label":"41 1\/3","value":"EU 41 1\/3","price":"","pimage":"","pimage_id":"","pthumb":"","color":""},{"label":"42","value":"EU 42","price":"","pimage":"","pimage_id":"","pthumb":"","color":""},{"label":"42 2\/3","value":"EU 42 2\/3","price":"","pimage":"","pimage_id":"","pthumb":"","color":""},{"label":"43 1\/3","value":"EU 43 1\/3","price":"","pimage":"","pimage_id":"","pthumb":"","color":""},{"label":"44","value":"EU 44","price":"","pimage":"","pimage_id":"","pthumb":"","color":""},{"label":"44 2\/3","value":"EU 44 2\/3","price":"","pimage":"","pimage_id":"","pthumb":"","color":""},{"label":"45 1\/3","value":"EU 45 1\/3","price":"","pimage":"","pimage_id":"","pthumb":"","color":""},{"label":"46","value":"EU 46","price":"","pimage":"","pimage_id":"","pthumb":"","color":""},{"label":"46 2\/3","value":"EU 46 2\/3","price":"","pimage":"","pimage_id":"","pthumb":"","color":""},{"label":"47 1\/3","value":"EU 47 1\/3","price":"","pimage":"","pimage_id":"","pthumb":"","color":""}],"relations":[{"operator":false,"rules":[]}],"form_id":24802,"form_rules":{"pric_cal_option_once":false,"exclude_from_discount":false,"pric_use_as_fee":false,"fee_label":"Fee","render_after_acb":false,"disp_hide_options_price":false}}]},"_links":{"self":[{"href":"https:\/\/moroen.com\/de\/wp-json\/wp\/v2\/product\/87935","targetHints":{"allow":["GET"]}}],"collection":[{"href":"https:\/\/moroen.com\/de\/wp-json\/wp\/v2\/product"}],"about":[{"href":"https:\/\/moroen.com\/de\/wp-json\/wp\/v2\/types\/product"}],"replies":[{"embeddable":true,"href":"https:\/\/moroen.com\/de\/wp-json\/wp\/v2\/comments?post=87935"}],"wp:featuredmedia":[{"embeddable":true,"href":"https:\/\/moroen.com\/de\/wp-json\/wp\/v2\/media\/87936"}],"wp:attachment":[{"href":"https:\/\/moroen.com\/de\/wp-json\/wp\/v2\/media?parent=87935"}],"wp:term":[{"taxonomy":"product_brand","embeddable":true,"href":"https:\/\/moroen.com\/de\/wp-json\/wp\/v2\/product_brand?post=87935"},{"taxonomy":"product_cat","embeddable":true,"href":"https:\/\/moroen.com\/de\/wp-json\/wp\/v2\/product_cat?post=87935"},{"taxonomy":"product_tag","embeddable":true,"href":"https:\/\/moroen.com\/de\/wp-json\/wp\/v2\/product_tag?post=87935"}],"curies":[{"name":"wp","href":"https:\/\/api.w.org\/{rel}","templated":true}]}}