{"id":88106,"date":"2026-03-17T10:38:53","date_gmt":"2026-03-17T03:38:53","guid":{"rendered":"https:\/\/moroen.com\/de\/product\/women-nike-aone-pink-aura"},"modified":"2026-03-17T10:38:53","modified_gmt":"2026-03-17T03:38:53","slug":"women-nike-aone-pink-aura","status":"publish","type":"product","link":"https:\/\/moroen.com\/de\/produkt\/women-nike-aone-pink-aura\/","title":{"rendered":"(Women) Nike A&#8217;One &#8218;Pink A&#8217;ura&#8216;"},"content":{"rendered":"<p>Mit dem Nike A&#8217;One &#8218;Pink A&#8217;ura&#8216; FZ8605-601 steigerst du Style und Performance. Dieser Sneaker wurde f\u00fcr Frauen designt, die Wert auf die perfekte Kombination aus Mode und Funktion legen. Sein auff\u00e4lliges Pink sorgt f\u00fcr einen echten Hingucker. Dank fortschrittlicher D\u00e4mpfung f\u00fcr unvergleichlichen Tragekomfort, atmungsaktiven Materialien f\u00fcr optimale Bel\u00fcftung und einem eleganten Design f\u00fcr m\u00fchelosen Style bist du f\u00fcr jeden Schritt bestens ger\u00fcstet. Der Nike A&#8217;One ist perfekt f\u00fcr Workouts und Freizeit und die ideale Wahl f\u00fcr unvergleichlichen Tragekomfort.<\/p>\n<p>Farbvarianten: Hyper Pink\/Laser Pink\/Polarized Pink\/Arctic Punch<\/p>\n<p>Style-Code: FZ8605-601<\/p>\n<p>Obermaterial: Mesh<\/p>\n<p>Mittelsohle: Cushlon ST2<\/p>\n<p>Farbe: Pink<\/p>\n<p>Designer: Benjamin Nethongkome<\/p>\n<p>Erscheinungsjahr: 2025<\/p>\n","protected":false},"excerpt":{"rendered":"<p>Mit dem Nike A&#8217;One &#8218;Pink A&#8217;ura&#8216; FZ8605-601 steigerst du Style und Performance. Dieser Sneaker wurde f\u00fcr Frauen designt, die Wert auf die perfekte Kombination aus Mode und Funktion legen. Sein auff\u00e4lliges Pink sorgt f\u00fcr einen echten Hingucker. Dank fortschrittlicher D\u00e4mpfung f\u00fcr unvergleichlichen Tragekomfort, atmungsaktiven Materialien f\u00fcr optimale Bel\u00fcftung und einem eleganten Design f\u00fcr m\u00fchelosen Style [&hellip;]<\/p>\n","protected":false},"featured_media":88107,"comment_status":"open","ping_status":"closed","template":"","meta":[],"product_brand":[],"product_cat":[13176,10849,10773,10800],"product_tag":[12579,12638,10762,12563],"class_list":{"0":"post-88106","1":"product","2":"type-product","3":"status-publish","4":"has-post-thumbnail","6":"product_cat-nike-a-one","7":"product_cat-basketball-shoes","8":"product_cat-nike","9":"product_cat-gender-women","10":"product_tag-basketballschuhe","11":"product_tag-leichte-basketballschuhe","12":"product_tag-nike","13":"product_tag-performance-sportschuhe","14":"wcpa_has_options","16":"first","17":"instock","18":"taxable","19":"shipping-taxable","20":"purchasable","21":"product-type-simple"},"wcpa_form_fields":{"rules":{"pric_overide_base_price":false,"pric_overide_base_price_if_gt_zero":false,"pric_overide_base_price_fully":false,"pric_cal_option_once":false,"pric_use_as_fee":false,"bind_quantity":false,"quantity_bind_formula":false},"fields":[{"type":"color-group","required":true,"elementId":"wcpa-color-group-66c4a75505e74","label":"Gr\u00f6\u00dfe - EU Gr\u00f6\u00dfe","inline":true,"priceOptions":"different_for_all","pricingType":"fixed","className":"hassizechart product-shoes-size-eu product-shoes-size","name":"color-group-66c4a75505e89","disp_type":"square","selection_type":"tick-border","disp_size":"44","show_label_inside":true,"adjust_width":true,"cart_display_type":"text","other_text":"Other","cl_rule":"show","col":6,"values":[{"label":"35.5","value":"EU 35.5","price":"","pimage":"","pimage_id":"","pthumb":"","color":""},{"label":"36","value":"EU 36","price":"","pimage":"","pimage_id":"","pthumb":"","color":"","selected":true},{"label":"36.5","value":"EU 36.5","price":"","pimage":"","pimage_id":"","pthumb":"","color":""},{"label":"37.5","value":"EU 37.5","price":"","pimage":"","pimage_id":"","pthumb":"","color":""},{"label":"38","value":"EU 38","price":"","pimage":"","pimage_id":"","pthumb":"","color":""},{"label":"38.5","value":"EU 38.5","price":"","pimage":"","pimage_id":"","pthumb":"","color":""},{"label":"39","value":"EU 39","price":"","pimage":"","pimage_id":"","pthumb":"","color":""},{"label":"40","value":"EU 40","price":"","pimage":"","pimage_id":"","pthumb":"","color":""},{"label":"40.5","value":"EU 40.5","price":"","pimage":"","pimage_id":"","pthumb":"","color":""},{"label":"41","value":"EU 41","price":"","pimage":"","pimage_id":"","pthumb":"","color":""},{"label":"42","value":"EU 42","price":"","pimage":"","pimage_id":"","pthumb":"","color":""},{"label":"42.5","value":"EU 42.5","price":"","pimage":"","pimage_id":"","pthumb":"","color":""},{"label":"43","value":"EU 43","price":"","pimage":"","pimage_id":"","pthumb":"","color":""},{"label":"44","value":"EU 44","price":"","pimage":"","pimage_id":"","pthumb":"","color":""},{"label":"44.5","value":"EU 44.5","price":"","pimage":"","pimage_id":"","pthumb":"","color":""},{"label":"45","value":"EU 45","price":"","pimage":"","pimage_id":"","pthumb":"","color":""},{"label":"45.5","value":"EU 45.5","price":"","pimage":"","pimage_id":"","pthumb":"","color":""},{"label":"46","value":"EU 46","price":"","pimage":"","pimage_id":"","pthumb":"","color":""},{"label":"47","value":"EU 47","price":"","pimage":"","pimage_id":"","pthumb":"","color":""},{"label":"47.5","value":"EU 47.5","price":"","pimage":"","pimage_id":"","pthumb":"","color":""},{"label":"48","value":"EU 48","price":"","pimage":"","pimage_id":"","pthumb":"","color":""}],"relations":[{"operator":false,"rules":[]}],"form_id":18106,"form_rules":{"pric_cal_option_once":false,"exclude_from_discount":false,"pric_use_as_fee":false,"fee_label":"Fee","render_after_acb":false,"disp_hide_options_price":false}}]},"_links":{"self":[{"href":"https:\/\/moroen.com\/de\/wp-json\/wp\/v2\/product\/88106","targetHints":{"allow":["GET"]}}],"collection":[{"href":"https:\/\/moroen.com\/de\/wp-json\/wp\/v2\/product"}],"about":[{"href":"https:\/\/moroen.com\/de\/wp-json\/wp\/v2\/types\/product"}],"replies":[{"embeddable":true,"href":"https:\/\/moroen.com\/de\/wp-json\/wp\/v2\/comments?post=88106"}],"wp:featuredmedia":[{"embeddable":true,"href":"https:\/\/moroen.com\/de\/wp-json\/wp\/v2\/media\/88107"}],"wp:attachment":[{"href":"https:\/\/moroen.com\/de\/wp-json\/wp\/v2\/media?parent=88106"}],"wp:term":[{"taxonomy":"product_brand","embeddable":true,"href":"https:\/\/moroen.com\/de\/wp-json\/wp\/v2\/product_brand?post=88106"},{"taxonomy":"product_cat","embeddable":true,"href":"https:\/\/moroen.com\/de\/wp-json\/wp\/v2\/product_cat?post=88106"},{"taxonomy":"product_tag","embeddable":true,"href":"https:\/\/moroen.com\/de\/wp-json\/wp\/v2\/product_tag?post=88106"}],"curies":[{"name":"wp","href":"https:\/\/api.w.org\/{rel}","templated":true}]}}