{"id":88677,"date":"2026-03-17T10:39:10","date_gmt":"2026-03-17T03:39:10","guid":{"rendered":"https:\/\/moroen.com\/de\/product\/nike-mercurial-superfly-9-elite-as-fg-high-rising-gem-pack"},"modified":"2026-03-24T15:06:21","modified_gmt":"2026-03-24T08:06:21","slug":"nike-mercurial-superfly-9-elite-as-fg-high-rising-gem-pack","status":"publish","type":"product","link":"https:\/\/moroen.com\/de\/produkt\/nike-mercurial-superfly-9-elite-as-fg-high-rising-gem-pack\/","title":{"rendered":"Nike Mercurial Superfly 9 Elite AS FG High &#8218;Rising Gem Pack&#8216;"},"content":{"rendered":"<p>Verbessere dein Spiel mit dem Nike Mercurial Superfly 9 Elite AS FG High \u201eRising Gem Pack\u201c. Diese Fu\u00dfballschuhe wurden f\u00fcr blitzschnelle Sprints und pr\u00e4zise Ballkontrolle entwickelt und verf\u00fcgen \u00fcber ein ultraleichtes Flyknit-Obermaterial sowie eine \u00fcberarbeitete Vaporposite+ Sohle f\u00fcr besseren Grip und h\u00f6here Beschleunigung. Die auff\u00e4llige Farbkombination in Pink und Gold verk\u00f6rpert das Thema des aufstrebenden Stars und l\u00e4sst dich auf jedem Spielfeld hervorstechen. Erlebe unvergleichliche Geschwindigkeit und Agilit\u00e4t mit dem Mercurial Superfly 9 Elite AS FG High \u2013 entwickelt, um deinen inneren Champion zu entfesseln.<\/p>\n<ul>\n<li><strong>Farbgebung:<\/strong> Atmosphere Grey\/Schwarz<\/li>\n<li><strong>Style-Code:<\/strong> FN5613-001<\/li>\n<li><strong>Obermaterial:<\/strong> Vaporposite+<\/li>\n<li><strong>Mittelsohle:<\/strong> Zoom Air<\/li>\n<li><strong>Farbe:<\/strong> Wei\u00df<\/li>\n<li><strong>Erscheinungsjahr:<\/strong> 2024<\/li>\n<\/ul>\n","protected":false},"excerpt":{"rendered":"<p>Verbessere dein Spiel mit dem Nike Mercurial Superfly 9 Elite AS FG High \u201eRising Gem Pack\u201c. Diese Fu\u00dfballschuhe wurden f\u00fcr blitzschnelle Sprints und pr\u00e4zise Ballkontrolle entwickelt und verf\u00fcgen \u00fcber ein ultraleichtes Flyknit-Obermaterial sowie eine \u00fcberarbeitete Vaporposite+ Sohle f\u00fcr besseren Grip und h\u00f6here Beschleunigung. Die auff\u00e4llige Farbkombination in Pink und Gold verk\u00f6rpert das Thema des aufstrebenden [&hellip;]<\/p>\n","protected":false},"featured_media":88678,"comment_status":"open","ping_status":"closed","template":"","meta":[],"product_brand":[],"product_cat":[10780,14135,10773,12349],"product_tag":[12579,12578,12617,12618,12555,10762,12563,12558],"class_list":{"0":"post-88677","1":"product","2":"type-product","3":"status-publish","4":"has-post-thumbnail","6":"product_cat-gender-men","7":"product_cat-nike-mercurial-superfly-9-elite-as-fg-high","8":"product_cat-nike","9":"product_cat-soccer-shoes-football-cleats","10":"product_tag-basketballschuhe","11":"product_tag-basketballschuhe-mit-kna-cheluntersta-tzung","12":"product_tag-fuayballschuhe","13":"product_tag-fuayballschuhe-fuayballschuhe","14":"product_tag-geschenk-fa-r-ihn","15":"product_tag-nike","16":"product_tag-performance-sportschuhe","17":"product_tag-unter-retailpreis","18":"wcpa_has_options","20":"first","21":"outofstock","22":"taxable","23":"shipping-taxable","24":"purchasable","25":"product-type-simple"},"wcpa_form_fields":{"rules":{"pric_overide_base_price":false,"pric_overide_base_price_if_gt_zero":false,"pric_overide_base_price_fully":false,"pric_cal_option_once":false,"pric_use_as_fee":false,"bind_quantity":false,"quantity_bind_formula":false},"fields":[{"type":"color-group","required":true,"elementId":"wcpa-color-group-66c4a75505e74","label":"Gr\u00f6\u00dfe - EU Gr\u00f6\u00dfe","inline":true,"priceOptions":"different_for_all","pricingType":"fixed","className":"hassizechart product-shoes-size-eu product-shoes-size","name":"color-group-66c4a75505e89","disp_type":"square","selection_type":"tick-border","disp_size":"44","show_label_inside":true,"adjust_width":true,"cart_display_type":"text","other_text":"Other","cl_rule":"show","col":6,"values":[{"label":"35.5","value":"EU 35.5","price":"","pimage":"","pimage_id":"","pthumb":"","color":""},{"label":"36","value":"EU 36","price":"","pimage":"","pimage_id":"","pthumb":"","color":"","selected":true},{"label":"36.5","value":"EU 36.5","price":"","pimage":"","pimage_id":"","pthumb":"","color":""},{"label":"37.5","value":"EU 37.5","price":"","pimage":"","pimage_id":"","pthumb":"","color":""},{"label":"38","value":"EU 38","price":"","pimage":"","pimage_id":"","pthumb":"","color":""},{"label":"38.5","value":"EU 38.5","price":"","pimage":"","pimage_id":"","pthumb":"","color":""},{"label":"39","value":"EU 39","price":"","pimage":"","pimage_id":"","pthumb":"","color":""},{"label":"40","value":"EU 40","price":"","pimage":"","pimage_id":"","pthumb":"","color":""},{"label":"40.5","value":"EU 40.5","price":"","pimage":"","pimage_id":"","pthumb":"","color":""},{"label":"41","value":"EU 41","price":"","pimage":"","pimage_id":"","pthumb":"","color":""},{"label":"42","value":"EU 42","price":"","pimage":"","pimage_id":"","pthumb":"","color":""},{"label":"42.5","value":"EU 42.5","price":"","pimage":"","pimage_id":"","pthumb":"","color":""},{"label":"43","value":"EU 43","price":"","pimage":"","pimage_id":"","pthumb":"","color":""},{"label":"44","value":"EU 44","price":"","pimage":"","pimage_id":"","pthumb":"","color":""},{"label":"44.5","value":"EU 44.5","price":"","pimage":"","pimage_id":"","pthumb":"","color":""},{"label":"45","value":"EU 45","price":"","pimage":"","pimage_id":"","pthumb":"","color":""},{"label":"45.5","value":"EU 45.5","price":"","pimage":"","pimage_id":"","pthumb":"","color":""},{"label":"46","value":"EU 46","price":"","pimage":"","pimage_id":"","pthumb":"","color":""},{"label":"47","value":"EU 47","price":"","pimage":"","pimage_id":"","pthumb":"","color":""},{"label":"47.5","value":"EU 47.5","price":"","pimage":"","pimage_id":"","pthumb":"","color":""},{"label":"48","value":"EU 48","price":"","pimage":"","pimage_id":"","pthumb":"","color":""}],"relations":[{"operator":false,"rules":[]}],"form_id":18106,"form_rules":{"pric_cal_option_once":false,"exclude_from_discount":false,"pric_use_as_fee":false,"fee_label":"Fee","render_after_acb":false,"disp_hide_options_price":false}}]},"_links":{"self":[{"href":"https:\/\/moroen.com\/de\/wp-json\/wp\/v2\/product\/88677","targetHints":{"allow":["GET"]}}],"collection":[{"href":"https:\/\/moroen.com\/de\/wp-json\/wp\/v2\/product"}],"about":[{"href":"https:\/\/moroen.com\/de\/wp-json\/wp\/v2\/types\/product"}],"replies":[{"embeddable":true,"href":"https:\/\/moroen.com\/de\/wp-json\/wp\/v2\/comments?post=88677"}],"wp:featuredmedia":[{"embeddable":true,"href":"https:\/\/moroen.com\/de\/wp-json\/wp\/v2\/media\/88678"}],"wp:attachment":[{"href":"https:\/\/moroen.com\/de\/wp-json\/wp\/v2\/media?parent=88677"}],"wp:term":[{"taxonomy":"product_brand","embeddable":true,"href":"https:\/\/moroen.com\/de\/wp-json\/wp\/v2\/product_brand?post=88677"},{"taxonomy":"product_cat","embeddable":true,"href":"https:\/\/moroen.com\/de\/wp-json\/wp\/v2\/product_cat?post=88677"},{"taxonomy":"product_tag","embeddable":true,"href":"https:\/\/moroen.com\/de\/wp-json\/wp\/v2\/product_tag?post=88677"}],"curies":[{"name":"wp","href":"https:\/\/api.w.org\/{rel}","templated":true}]}}