{"id":88859,"date":"2026-03-17T10:39:16","date_gmt":"2026-03-17T03:39:16","guid":{"rendered":"https:\/\/moroen.com\/de\/product\/asics-gel-kahana-8-retro-grey"},"modified":"2026-03-17T10:39:16","modified_gmt":"2026-03-17T03:39:16","slug":"asics-gel-kahana-8-retro-grey","status":"publish","type":"product","link":"https:\/\/moroen.com\/de\/produkt\/asics-gel-kahana-8-retro-grey\/","title":{"rendered":"ASICS Gel-Kahana 8 &#8218;Retro Grey&#8216;"},"content":{"rendered":"<p>Tauche ein in die Retro-Welt mit dem ASICS Gel-Kahana 8 &#8218;Retro Grey&#8216;. Dieser legend\u00e4re Sneaker vereint klassisches Design mit moderner Technologie. Erlebe unvergleichlichen Komfort dank der charakteristischen Gel-D\u00e4mpfung, die f\u00fcr hervorragende Sto\u00dfd\u00e4mpfung sorgt. Die robuste Konstruktion garantiert Langlebigkeit, w\u00e4hrend das atmungsaktive Mesh-Obermaterial f\u00fcr optimale Performance sorgt. Egal, ob du in Erinnerungen schwelgst oder in die Zukunft blickst \u2013 der Gel-Kahana 8 &#8218;Retro Grey&#8216; wird deinen Style und deine Performance auf ein neues Level heben.<\/p>\n<ul>\n<li><strong>Farbgebung:<\/strong> Retro Grey\/Schwarz<\/li>\n<li><strong>Style-Code:<\/strong> 1011B109-031<\/li>\n<li><strong>Farbe:<\/strong> Grau<\/li>\n<\/ul>\n","protected":false},"excerpt":{"rendered":"<p>Tauche ein in die Retro-Welt mit dem ASICS Gel-Kahana 8 &#8218;Retro Grey&#8216;. Dieser legend\u00e4re Sneaker vereint klassisches Design mit moderner Technologie. Erlebe unvergleichlichen Komfort dank der charakteristischen Gel-D\u00e4mpfung, die f\u00fcr hervorragende Sto\u00dfd\u00e4mpfung sorgt. Die robuste Konstruktion garantiert Langlebigkeit, w\u00e4hrend das atmungsaktive Mesh-Obermaterial f\u00fcr optimale Performance sorgt. Egal, ob du in Erinnerungen schwelgst oder in die [&hellip;]<\/p>\n","protected":false},"featured_media":88860,"comment_status":"open","ping_status":"closed","template":"","meta":[],"product_brand":[],"product_cat":[12567,13932,10778,10780],"product_tag":[12565,12589,12542,12555,12545,12557,12961,12546,12558],"class_list":{"0":"post-88859","1":"product","2":"type-product","3":"status-publish","4":"has-post-thumbnail","6":"product_cat-asics","7":"product_cat-asics-gel-kahana-8","8":"product_cat-lifestyle-shoes-running-inspired","9":"product_cat-gender-men","10":"product_tag-asics","11":"product_tag-asics-laufschuhe","12":"product_tag-athleisure-schuhe","13":"product_tag-geschenk-fa-r-ihn","14":"product_tag-lifestyle-freizeitschuhe","15":"product_tag-lifestyle-schuhe-vom-laufen-inspiriert","16":"product_tag-oxstreet-schuhe","17":"product_tag-retro-laufschuhe","18":"product_tag-unter-retailpreis","19":"wcpa_has_options","21":"first","22":"instock","23":"taxable","24":"shipping-taxable","25":"purchasable","26":"product-type-simple"},"wcpa_form_fields":{"rules":{"pric_overide_base_price":false,"pric_overide_base_price_if_gt_zero":false,"pric_overide_base_price_fully":false,"pric_cal_option_once":false,"pric_use_as_fee":false,"bind_quantity":false,"quantity_bind_formula":false},"fields":[{"type":"color-group","required":true,"elementId":"wcpa-color-group-69a5ac3f3e644","label":"Gr\u00f6\u00dfe","inline":true,"priceOptions":"different_for_all","pricingType":"fixed","className":"hassizechart product-shoes-size-eu product-shoes-size","name":"color-group-69a5ac3f3e64e","disp_type":"square","selection_type":"tick-border","disp_size":"50","show_label_inside":true,"adjust_width":true,"cart_display_type":"text","other_text":"Other","cl_rule":"show","col":6,"values":[{"label":"34.5","value":"EU 34.5","price":"","pimage":"","pimage_id":"","pthumb":"","color":""},{"label":"35","value":"EU 35","price":"","pimage":"","pimage_id":"","pthumb":"","color":""},{"label":"35.5","value":"EU 35.5","price":"","pimage":"","pimage_id":"","pthumb":"","color":""},{"label":"36","value":"EU 36","price":"","pimage":"","pimage_id":"","pthumb":"","color":"","selected":true},{"label":"37","value":"EU 37","price":"","pimage":"","pimage_id":"","pthumb":"","color":""},{"label":"37.5","value":"EU 37.5","price":"","pimage":"","pimage_id":"","pthumb":"","color":""},{"label":"38","value":"EU 38","price":"","pimage":"","pimage_id":"","pthumb":"","color":""},{"label":"38.5","value":"EU 38.5","price":"","pimage":"","pimage_id":"","pthumb":"","color":""},{"label":"39","value":"EU 39","price":"","pimage":"","pimage_id":"","pthumb":"","color":""},{"label":"39.5","value":"EU 39.5","price":"","pimage":"","pimage_id":"","pthumb":"","color":""},{"label":"40","value":"EU 40","price":"","pimage":"","pimage_id":"","pthumb":"","color":""},{"label":"40.5","value":"EU 40.5","price":"","pimage":"","pimage_id":"","pthumb":"","color":""},{"label":" 41.5","value":"EU 41.5","price":"","pimage":"","pimage_id":"","pthumb":"","color":""},{"label":"42","value":"EU 42","price":"","pimage":"","pimage_id":"","pthumb":"","color":""},{"label":"42.5","value":"EU 42.5","price":"","pimage":"","pimage_id":"","pthumb":"","color":""},{"label":"43.5","value":"EU 43.5","price":"","pimage":"","pimage_id":"","pthumb":"","color":""},{"label":"44","value":"EU 44","price":"","pimage":"","pimage_id":"","pthumb":"","color":""},{"label":"44.5","value":"EU 44.5","price":"","pimage":"","pimage_id":"","pthumb":"","color":""},{"label":"45","value":"EU 45","price":"","pimage":"","pimage_id":"","pthumb":"","color":""}],"relations":[{"operator":false,"rules":[]}],"form_id":184312,"form_rules":{"pric_cal_option_once":false,"exclude_from_discount":false,"pric_use_as_fee":false,"fee_label":"Fee","render_after_acb":false,"disp_hide_options_price":false}}]},"_links":{"self":[{"href":"https:\/\/moroen.com\/de\/wp-json\/wp\/v2\/product\/88859","targetHints":{"allow":["GET"]}}],"collection":[{"href":"https:\/\/moroen.com\/de\/wp-json\/wp\/v2\/product"}],"about":[{"href":"https:\/\/moroen.com\/de\/wp-json\/wp\/v2\/types\/product"}],"replies":[{"embeddable":true,"href":"https:\/\/moroen.com\/de\/wp-json\/wp\/v2\/comments?post=88859"}],"wp:featuredmedia":[{"embeddable":true,"href":"https:\/\/moroen.com\/de\/wp-json\/wp\/v2\/media\/88860"}],"wp:attachment":[{"href":"https:\/\/moroen.com\/de\/wp-json\/wp\/v2\/media?parent=88859"}],"wp:term":[{"taxonomy":"product_brand","embeddable":true,"href":"https:\/\/moroen.com\/de\/wp-json\/wp\/v2\/product_brand?post=88859"},{"taxonomy":"product_cat","embeddable":true,"href":"https:\/\/moroen.com\/de\/wp-json\/wp\/v2\/product_cat?post=88859"},{"taxonomy":"product_tag","embeddable":true,"href":"https:\/\/moroen.com\/de\/wp-json\/wp\/v2\/product_tag?post=88859"}],"curies":[{"name":"wp","href":"https:\/\/api.w.org\/{rel}","templated":true}]}}