{"id":89071,"date":"2026-03-17T10:39:22","date_gmt":"2026-03-17T03:39:22","guid":{"rendered":"https:\/\/moroen.com\/de\/product\/women-air-jordan-4-retro-orchid"},"modified":"2026-03-17T10:39:22","modified_gmt":"2026-03-17T03:39:22","slug":"women-air-jordan-4-retro-orchid","status":"publish","type":"product","link":"https:\/\/moroen.com\/de\/produkt\/women-air-jordan-4-retro-orchid\/","title":{"rendered":"(Women) Air Jordan 4 Retro &#8218;Orchid&#8216;"},"content":{"rendered":"<p>Mit dem Air Jordan 4 Retro &#8218;Orchid&#8216; AQ9129-501 f\u00fcr Damen erleben Sie pure Eleganz. Dieser Sneaker vereint ikonisches Design mit einem frischen, femininen Touch. In zartem Orchideengr\u00fcn gehalten, bietet er dank der charakteristischen Air-D\u00e4mpfung h\u00f6chsten Tragekomfort. Das hochwertige Leder-Obermaterial garantiert Langlebigkeit, w\u00e4hrend die Mesh-Eins\u00e4tze f\u00fcr optimale Atmungsaktivit\u00e4t sorgen. Ideal f\u00fcr Sport und Style \u2013 seine zeitlose Silhouette ist eine Hommage an den Klassiker von 1989. Bereichern Sie Ihre Sneaker-Sammlung mit einer gelungenen Mischung aus Tradition und modernem Flair.<\/p>\n<p>Farbgebung: Orchidee\/Neutralgrau-Schwarz-Wei\u00df<br \/>\nArtikelnummer: AQ9129-501<br \/>\nObermaterial: Wildleder<br \/>\nZwischensohle: Air<br \/>\nFarbe: Pink<br \/>\nDesigner: Tinker Hatfield<\/p>\n<p>Farbe: Pink<\/p>\n","protected":false},"excerpt":{"rendered":"<p>Mit dem Air Jordan 4 Retro &#8218;Orchid&#8216; AQ9129-501 f\u00fcr Damen erleben Sie pure Eleganz. Dieser Sneaker vereint ikonisches Design mit einem frischen, femininen Touch. In zartem Orchideengr\u00fcn gehalten, bietet er dank der charakteristischen Air-D\u00e4mpfung h\u00f6chsten Tragekomfort. Das hochwertige Leder-Obermaterial garantiert Langlebigkeit, w\u00e4hrend die Mesh-Eins\u00e4tze f\u00fcr optimale Atmungsaktivit\u00e4t sorgen. Ideal f\u00fcr Sport und Style \u2013 seine [&hellip;]<\/p>\n","protected":false},"featured_media":89072,"comment_status":"open","ping_status":"closed","template":"","meta":[],"product_brand":[],"product_cat":[10825,11539,10816,10800],"product_tag":[12542,12574,10819,12545,12559,12576,12560,12575],"class_list":{"0":"post-89071","1":"product","2":"type-product","3":"status-publish","4":"has-post-thumbnail","6":"product_cat-jordan","7":"product_cat-jordan-jordan-4-retro","8":"product_cat-lifestyle-shoes-basketball-inspired","9":"product_cat-gender-women","10":"product_tag-athleisure-schuhe","11":"product_tag-geschenk-fa-r-sie","12":"product_tag-jordan","13":"product_tag-lifestyle-freizeitschuhe","14":"product_tag-lifestyle-schuhe-basketball-inspiriert","15":"product_tag-muttertagssammlung","16":"product_tag-retro-freizeitschuhe","17":"product_tag-sammlung-zum-internationalen-frauentag","18":"wcpa_has_options","20":"first","21":"instock","22":"taxable","23":"shipping-taxable","24":"purchasable","25":"product-type-simple"},"wcpa_form_fields":{"rules":{"pric_overide_base_price":false,"pric_overide_base_price_if_gt_zero":false,"pric_overide_base_price_fully":false,"pric_cal_option_once":false,"pric_use_as_fee":false,"bind_quantity":false,"quantity_bind_formula":false},"fields":[{"type":"color-group","required":true,"elementId":"wcpa-color-group-66c4a75505e74","label":"Gr\u00f6\u00dfe - EU Gr\u00f6\u00dfe","inline":true,"priceOptions":"different_for_all","pricingType":"fixed","className":"hassizechart product-shoes-size-eu product-shoes-size","name":"color-group-66c4a75505e89","disp_type":"square","selection_type":"tick-border","disp_size":"44","show_label_inside":true,"adjust_width":true,"cart_display_type":"text","other_text":"Other","cl_rule":"show","col":6,"values":[{"label":"35.5","value":"EU 35.5","price":"","pimage":"","pimage_id":"","pthumb":"","color":""},{"label":"36","value":"EU 36","price":"","pimage":"","pimage_id":"","pthumb":"","color":"","selected":true},{"label":"36.5","value":"EU 36.5","price":"","pimage":"","pimage_id":"","pthumb":"","color":""},{"label":"37.5","value":"EU 37.5","price":"","pimage":"","pimage_id":"","pthumb":"","color":""},{"label":"38","value":"EU 38","price":"","pimage":"","pimage_id":"","pthumb":"","color":""},{"label":"38.5","value":"EU 38.5","price":"","pimage":"","pimage_id":"","pthumb":"","color":""},{"label":"39","value":"EU 39","price":"","pimage":"","pimage_id":"","pthumb":"","color":""},{"label":"40","value":"EU 40","price":"","pimage":"","pimage_id":"","pthumb":"","color":""},{"label":"40.5","value":"EU 40.5","price":"","pimage":"","pimage_id":"","pthumb":"","color":""},{"label":"41","value":"EU 41","price":"","pimage":"","pimage_id":"","pthumb":"","color":""},{"label":"42","value":"EU 42","price":"","pimage":"","pimage_id":"","pthumb":"","color":""},{"label":"42.5","value":"EU 42.5","price":"","pimage":"","pimage_id":"","pthumb":"","color":""},{"label":"43","value":"EU 43","price":"","pimage":"","pimage_id":"","pthumb":"","color":""},{"label":"44","value":"EU 44","price":"","pimage":"","pimage_id":"","pthumb":"","color":""},{"label":"44.5","value":"EU 44.5","price":"","pimage":"","pimage_id":"","pthumb":"","color":""},{"label":"45","value":"EU 45","price":"","pimage":"","pimage_id":"","pthumb":"","color":""},{"label":"45.5","value":"EU 45.5","price":"","pimage":"","pimage_id":"","pthumb":"","color":""},{"label":"46","value":"EU 46","price":"","pimage":"","pimage_id":"","pthumb":"","color":""},{"label":"47","value":"EU 47","price":"","pimage":"","pimage_id":"","pthumb":"","color":""},{"label":"47.5","value":"EU 47.5","price":"","pimage":"","pimage_id":"","pthumb":"","color":""},{"label":"48","value":"EU 48","price":"","pimage":"","pimage_id":"","pthumb":"","color":""}],"relations":[{"operator":false,"rules":[]}],"form_id":18106,"form_rules":{"pric_cal_option_once":false,"exclude_from_discount":false,"pric_use_as_fee":false,"fee_label":"Fee","render_after_acb":false,"disp_hide_options_price":false}}]},"_links":{"self":[{"href":"https:\/\/moroen.com\/de\/wp-json\/wp\/v2\/product\/89071","targetHints":{"allow":["GET"]}}],"collection":[{"href":"https:\/\/moroen.com\/de\/wp-json\/wp\/v2\/product"}],"about":[{"href":"https:\/\/moroen.com\/de\/wp-json\/wp\/v2\/types\/product"}],"replies":[{"embeddable":true,"href":"https:\/\/moroen.com\/de\/wp-json\/wp\/v2\/comments?post=89071"}],"wp:featuredmedia":[{"embeddable":true,"href":"https:\/\/moroen.com\/de\/wp-json\/wp\/v2\/media\/89072"}],"wp:attachment":[{"href":"https:\/\/moroen.com\/de\/wp-json\/wp\/v2\/media?parent=89071"}],"wp:term":[{"taxonomy":"product_brand","embeddable":true,"href":"https:\/\/moroen.com\/de\/wp-json\/wp\/v2\/product_brand?post=89071"},{"taxonomy":"product_cat","embeddable":true,"href":"https:\/\/moroen.com\/de\/wp-json\/wp\/v2\/product_cat?post=89071"},{"taxonomy":"product_tag","embeddable":true,"href":"https:\/\/moroen.com\/de\/wp-json\/wp\/v2\/product_tag?post=89071"}],"curies":[{"name":"wp","href":"https:\/\/api.w.org\/{rel}","templated":true}]}}