{"id":89258,"date":"2026-03-17T10:39:28","date_gmt":"2026-03-17T03:39:28","guid":{"rendered":"https:\/\/moroen.com\/de\/product\/custom-shoes-nike-hyperdunk-10-x-anime-pink"},"modified":"2026-03-17T10:39:28","modified_gmt":"2026-03-17T03:39:28","slug":"custom-shoes-nike-hyperdunk-10-x-anime-pink","status":"publish","type":"product","link":"https:\/\/moroen.com\/de\/produkt\/custom-shoes-nike-hyperdunk-10-x-anime-pink\/","title":{"rendered":"[Custom Shoes] Nike Hyperdunk 10 X &#8218;Anime Pink&#8216;"},"content":{"rendered":"<p>Mit dem Nike Hyperdunk 10 X &#8218;Anime Pink&#8216; verleihst du deinem Sneaker-Style das gewisse Etwas. Diese individuellen Schuhe vereinen High-Performance-Design mit einem auff\u00e4lligen, von Anime inspirierten Look. In leuchtendem Pink gehalten, bieten sie dank reaktionsfreudiger D\u00e4mpfung und atmungsaktivem Obermaterial hervorragenden Komfort und Halt. Die strapazierf\u00e4hige Au\u00dfensohle sorgt f\u00fcr optimale Traktion auf und neben dem Court. Der Hyperdunk 10 X ist perfekt f\u00fcr Sportler und Anime-Fans gleicherma\u00dfen und vereint Style und Funktionalit\u00e4t, damit du mit jedem Schritt deine Pers\u00f6nlichkeit zum Ausdruck bringen kannst.<\/p>\n<ul>\n<li><strong>Style Code:<\/strong> AR0465-100(TeamR-\u7537\u6b3e\u65e0\u4fe1\u4ef0\u4e3b\u4e49\u7c89)<\/li>\n<li><strong>Color:<\/strong> Pink<\/li>\n<\/ul>\n","protected":false},"excerpt":{"rendered":"<p>Mit dem Nike Hyperdunk 10 X &#8218;Anime Pink&#8216; verleihst du deinem Sneaker-Style das gewisse Etwas. Diese individuellen Schuhe vereinen High-Performance-Design mit einem auff\u00e4lligen, von Anime inspirierten Look. In leuchtendem Pink gehalten, bieten sie dank reaktionsfreudiger D\u00e4mpfung und atmungsaktivem Obermaterial hervorragenden Komfort und Halt. Die strapazierf\u00e4hige Au\u00dfensohle sorgt f\u00fcr optimale Traktion auf und neben dem Court. [&hellip;]<\/p>\n","protected":false},"featured_media":89259,"comment_status":"open","ping_status":"closed","template":"","meta":[],"product_brand":[],"product_cat":[10849,14184,10780,10773],"product_tag":[12579,12578,12555,13652,10762,12563],"class_list":{"0":"post-89258","1":"product","2":"type-product","3":"status-publish","4":"has-post-thumbnail","6":"product_cat-basketball-shoes","7":"product_cat-nike-hyperdunk-x","8":"product_cat-gender-men","9":"product_cat-nike","10":"product_tag-basketballschuhe","11":"product_tag-basketballschuhe-mit-kna-cheluntersta-tzung","12":"product_tag-geschenk-fa-r-ihn","13":"product_tag-maaygeschneiderte-schuhe","14":"product_tag-nike","15":"product_tag-performance-sportschuhe","16":"wcpa_has_options","18":"first","19":"instock","20":"taxable","21":"shipping-taxable","22":"purchasable","23":"product-type-simple"},"wcpa_form_fields":{"rules":{"pric_overide_base_price":false,"pric_overide_base_price_if_gt_zero":false,"pric_overide_base_price_fully":false,"pric_cal_option_once":false,"pric_use_as_fee":false,"bind_quantity":false,"quantity_bind_formula":false},"fields":[{"type":"color-group","required":true,"elementId":"wcpa-color-group-66c4a75505e74","label":"Gr\u00f6\u00dfe - EU Gr\u00f6\u00dfe","inline":true,"priceOptions":"different_for_all","pricingType":"fixed","className":"hassizechart product-shoes-size-eu product-shoes-size","name":"color-group-66c4a75505e89","disp_type":"square","selection_type":"tick-border","disp_size":"44","show_label_inside":true,"adjust_width":true,"cart_display_type":"text","other_text":"Other","cl_rule":"show","col":6,"values":[{"label":"35.5","value":"EU 35.5","price":"","pimage":"","pimage_id":"","pthumb":"","color":""},{"label":"36","value":"EU 36","price":"","pimage":"","pimage_id":"","pthumb":"","color":"","selected":true},{"label":"36.5","value":"EU 36.5","price":"","pimage":"","pimage_id":"","pthumb":"","color":""},{"label":"37.5","value":"EU 37.5","price":"","pimage":"","pimage_id":"","pthumb":"","color":""},{"label":"38","value":"EU 38","price":"","pimage":"","pimage_id":"","pthumb":"","color":""},{"label":"38.5","value":"EU 38.5","price":"","pimage":"","pimage_id":"","pthumb":"","color":""},{"label":"39","value":"EU 39","price":"","pimage":"","pimage_id":"","pthumb":"","color":""},{"label":"40","value":"EU 40","price":"","pimage":"","pimage_id":"","pthumb":"","color":""},{"label":"40.5","value":"EU 40.5","price":"","pimage":"","pimage_id":"","pthumb":"","color":""},{"label":"41","value":"EU 41","price":"","pimage":"","pimage_id":"","pthumb":"","color":""},{"label":"42","value":"EU 42","price":"","pimage":"","pimage_id":"","pthumb":"","color":""},{"label":"42.5","value":"EU 42.5","price":"","pimage":"","pimage_id":"","pthumb":"","color":""},{"label":"43","value":"EU 43","price":"","pimage":"","pimage_id":"","pthumb":"","color":""},{"label":"44","value":"EU 44","price":"","pimage":"","pimage_id":"","pthumb":"","color":""},{"label":"44.5","value":"EU 44.5","price":"","pimage":"","pimage_id":"","pthumb":"","color":""},{"label":"45","value":"EU 45","price":"","pimage":"","pimage_id":"","pthumb":"","color":""},{"label":"45.5","value":"EU 45.5","price":"","pimage":"","pimage_id":"","pthumb":"","color":""},{"label":"46","value":"EU 46","price":"","pimage":"","pimage_id":"","pthumb":"","color":""},{"label":"47","value":"EU 47","price":"","pimage":"","pimage_id":"","pthumb":"","color":""},{"label":"47.5","value":"EU 47.5","price":"","pimage":"","pimage_id":"","pthumb":"","color":""},{"label":"48","value":"EU 48","price":"","pimage":"","pimage_id":"","pthumb":"","color":""}],"relations":[{"operator":false,"rules":[]}],"form_id":18106,"form_rules":{"pric_cal_option_once":false,"exclude_from_discount":false,"pric_use_as_fee":false,"fee_label":"Fee","render_after_acb":false,"disp_hide_options_price":false}}]},"_links":{"self":[{"href":"https:\/\/moroen.com\/de\/wp-json\/wp\/v2\/product\/89258","targetHints":{"allow":["GET"]}}],"collection":[{"href":"https:\/\/moroen.com\/de\/wp-json\/wp\/v2\/product"}],"about":[{"href":"https:\/\/moroen.com\/de\/wp-json\/wp\/v2\/types\/product"}],"replies":[{"embeddable":true,"href":"https:\/\/moroen.com\/de\/wp-json\/wp\/v2\/comments?post=89258"}],"wp:featuredmedia":[{"embeddable":true,"href":"https:\/\/moroen.com\/de\/wp-json\/wp\/v2\/media\/89259"}],"wp:attachment":[{"href":"https:\/\/moroen.com\/de\/wp-json\/wp\/v2\/media?parent=89258"}],"wp:term":[{"taxonomy":"product_brand","embeddable":true,"href":"https:\/\/moroen.com\/de\/wp-json\/wp\/v2\/product_brand?post=89258"},{"taxonomy":"product_cat","embeddable":true,"href":"https:\/\/moroen.com\/de\/wp-json\/wp\/v2\/product_cat?post=89258"},{"taxonomy":"product_tag","embeddable":true,"href":"https:\/\/moroen.com\/de\/wp-json\/wp\/v2\/product_tag?post=89258"}],"curies":[{"name":"wp","href":"https:\/\/api.w.org\/{rel}","templated":true}]}}