{"id":89793,"date":"2026-03-17T10:39:45","date_gmt":"2026-03-17T03:39:45","guid":{"rendered":"https:\/\/moroen.com\/de\/product\/new-balance-dynasoft-900-2e-wide-grey"},"modified":"2026-03-17T10:39:45","modified_gmt":"2026-03-17T03:39:45","slug":"new-balance-dynasoft-900-2e-wide-grey","status":"publish","type":"product","link":"https:\/\/moroen.com\/de\/produkt\/new-balance-dynasoft-900-2e-wide-grey\/","title":{"rendered":"New Balance DynaSoft 900 2E Wide &#8218;Grey&#8216;"},"content":{"rendered":"<p>Erleben Sie unvergleichlichen Komfort und Halt mit dem New Balance DynaSoft 900 2E &#8218;Grey&#8216; UA900FG1-2E. Dieser Laufschuh mit extraweiter 2E-Passform bietet viel Platz f\u00fcr Atmungsaktivit\u00e4t und Bewegungsfreiheit. Die weiche DynaSoft-D\u00e4mpfung absorbiert St\u00f6\u00dfe effektiv und sorgt f\u00fcr ein geschmeidiges und reaktionsfreudiges Laufgef\u00fchl. Die stylische graue Farbgebung verleiht ihm einen eleganten und vielseitigen Look, der zu jedem Outfit passt. Steigern Sie Ihr Laufniveau mit dem au\u00dfergew\u00f6hnlichen Komfort und der Performance des New Balance DynaSoft 900 2E &#8218;Grey&#8216;.<\/p>\n<p>Style-Code: UA900FG1-2E<\/p>\n<p>Obermaterial: Mesh<\/p>\n<p>Zwischensohle: DynaSoft<\/p>\n<p>Farbe: Grau<\/p>\n<p>Erscheinungsjahr: 2024<\/p>\n","protected":false},"excerpt":{"rendered":"<p>Erleben Sie unvergleichlichen Komfort und Halt mit dem New Balance DynaSoft 900 2E &#8218;Grey&#8216; UA900FG1-2E. Dieser Laufschuh mit extraweiter 2E-Passform bietet viel Platz f\u00fcr Atmungsaktivit\u00e4t und Bewegungsfreiheit. Die weiche DynaSoft-D\u00e4mpfung absorbiert St\u00f6\u00dfe effektiv und sorgt f\u00fcr ein geschmeidiges und reaktionsfreudiges Laufgef\u00fchl. Die stylische graue Farbgebung verleiht ihm einen eleganten und vielseitigen Look, der zu jedem [&hellip;]<\/p>\n","protected":false},"featured_media":89794,"comment_status":"open","ping_status":"closed","template":"","meta":[],"product_brand":[],"product_cat":[14231,10780,10774,10794],"product_tag":[12555,12945,12564,10760,12613,12563],"class_list":{"0":"post-89793","1":"product","2":"type-product","3":"status-publish","4":"has-post-thumbnail","6":"product_cat-new-balance-dynasoft-900","7":"product_cat-gender-men","8":"product_cat-new-balance","9":"product_cat-running-shoes","10":"product_tag-geschenk-fa-r-ihn","11":"product_tag-la-ssige-laufschuhe","12":"product_tag-laufschuhe","13":"product_tag-new-balance","14":"product_tag-performance-laufschuhe","15":"product_tag-performance-sportschuhe","16":"wcpa_has_options","18":"first","19":"instock","20":"taxable","21":"shipping-taxable","22":"purchasable","23":"product-type-simple"},"wcpa_form_fields":{"rules":{"pric_overide_base_price":false,"pric_overide_base_price_if_gt_zero":false,"pric_overide_base_price_fully":false,"pric_cal_option_once":false,"pric_use_as_fee":false,"bind_quantity":false,"quantity_bind_formula":false},"fields":[{"type":"color-group","required":true,"elementId":"wcpa-color-group-66c4a928225d2","label":"Gr\u00f6\u00dfe","inline":true,"priceOptions":"different_for_all","pricingType":"fixed","className":"hassizechart product-shoes-size-eu product-shoes-size","name":"color-group-66c4a928225e2","disp_type":"square","selection_type":"tick-border","disp_size":"50","show_label_inside":true,"adjust_width":true,"cart_display_type":"text","other_text":"Other","cl_rule":"show","col":6,"values":[{"label":"35","value":"EU 35","price":"","pimage":"","pimage_id":"","pthumb":"","color":""},{"label":"36","value":"EU 36","price":"","pimage":"","pimage_id":"","pthumb":"","color":"","selected":true},{"label":"37","value":"EU 37","price":"","pimage":"","pimage_id":"","pthumb":"","color":""},{"label":"37.5","value":"EU 37.5","price":"","pimage":"","pimage_id":"","pthumb":"","color":""},{"label":"38","value":"EU 38","price":"","pimage":"","pimage_id":"","pthumb":"","color":""},{"label":"38.5","value":"EU 38.5","price":"","pimage":"","pimage_id":"","pthumb":"","color":""},{"label":"39","value":"EU 39","price":"","pimage":"","pimage_id":"","pthumb":"","color":""},{"label":"39.5","value":"EU 39.5","price":"","pimage":"","pimage_id":"","pthumb":"","color":""},{"label":"40","value":"EU 40","price":"","pimage":"","pimage_id":"","pthumb":"","color":""},{"label":"40.5","value":"EU 40.5","price":"","pimage":"","pimage_id":"","pthumb":"","color":""},{"label":" 41.5","value":"EU 41.5","price":"","pimage":"","pimage_id":"","pthumb":"","color":""},{"label":"42","value":"EU 42","price":"","pimage":"","pimage_id":"","pthumb":"","color":""},{"label":"42.5","value":"EU 42.5","price":"","pimage":"","pimage_id":"","pthumb":"","color":""},{"label":"43","value":"EU 43","price":"","pimage":"","pimage_id":"","pthumb":"","color":""},{"label":"44","value":"EU 44","price":"","pimage":"","pimage_id":"","pthumb":"","color":""},{"label":"44.5","value":"EU 44.5","price":"","pimage":"","pimage_id":"","pthumb":"","color":""},{"label":"45","value":"EU 45","price":"","pimage":"","pimage_id":"","pthumb":"","color":""},{"label":"45.5","value":"EU 45.5","price":"","pimage":"","pimage_id":"","pthumb":"","color":""},{"label":"46","value":"EU 46","price":"","pimage":"","pimage_id":"","pthumb":"","color":""}],"relations":[{"operator":false,"rules":[]}],"form_id":24803,"form_rules":{"pric_cal_option_once":false,"exclude_from_discount":false,"pric_use_as_fee":false,"fee_label":"Fee","render_after_acb":false,"disp_hide_options_price":false}}]},"_links":{"self":[{"href":"https:\/\/moroen.com\/de\/wp-json\/wp\/v2\/product\/89793","targetHints":{"allow":["GET"]}}],"collection":[{"href":"https:\/\/moroen.com\/de\/wp-json\/wp\/v2\/product"}],"about":[{"href":"https:\/\/moroen.com\/de\/wp-json\/wp\/v2\/types\/product"}],"replies":[{"embeddable":true,"href":"https:\/\/moroen.com\/de\/wp-json\/wp\/v2\/comments?post=89793"}],"wp:featuredmedia":[{"embeddable":true,"href":"https:\/\/moroen.com\/de\/wp-json\/wp\/v2\/media\/89794"}],"wp:attachment":[{"href":"https:\/\/moroen.com\/de\/wp-json\/wp\/v2\/media?parent=89793"}],"wp:term":[{"taxonomy":"product_brand","embeddable":true,"href":"https:\/\/moroen.com\/de\/wp-json\/wp\/v2\/product_brand?post=89793"},{"taxonomy":"product_cat","embeddable":true,"href":"https:\/\/moroen.com\/de\/wp-json\/wp\/v2\/product_cat?post=89793"},{"taxonomy":"product_tag","embeddable":true,"href":"https:\/\/moroen.com\/de\/wp-json\/wp\/v2\/product_tag?post=89793"}],"curies":[{"name":"wp","href":"https:\/\/api.w.org\/{rel}","templated":true}]}}