{"id":90229,"date":"2026-03-17T10:39:59","date_gmt":"2026-03-17T03:39:59","guid":{"rendered":"https:\/\/moroen.com\/de\/product\/adidas-light-blaze-slides-cloud-whitecore-blackcore-black"},"modified":"2026-03-17T10:39:59","modified_gmt":"2026-03-17T03:39:59","slug":"adidas-light-blaze-slides-cloud-whitecore-blackcore-black","status":"publish","type":"product","link":"https:\/\/moroen.com\/de\/produkt\/adidas-light-blaze-slides-cloud-whitecore-blackcore-black\/","title":{"rendered":"Adidas Light Blaze Slides Cloud White\/Core Black\/Core Black"},"content":{"rendered":"<p>Erleben Sie unvergleichlichen Komfort und Stil mit den Adidas Light Blaze Slides in Cloud White\/Core Black. Diese Slides sind perfekt f\u00fcr entspannte Ausfl\u00fcge oder zum Relaxen am Pool und \u00fcberzeugen durch ihr schlankes Design und ihr geringes Gewicht. Das konturierte Fu\u00dfbett sorgt f\u00fcr optimalen Halt, w\u00e4hrend die strapazierf\u00e4hige Au\u00dfensohle auf jedem Untergrund f\u00fcr sicheren Halt sorgt. Die Adidas Light Blaze Slides wurden f\u00fcr moderne Frauen entwickelt, die Wert auf Mode und Funktionalit\u00e4t legen, und erg\u00e4nzen jedes Outfit perfekt. Werten Sie Ihren Alltagslook mit diesen Must-have-Sandalen auf. Genie\u00dfen Sie m\u00fchelose Eleganz und Komfort!<\/p>\n<p>Farbkombination: Cloud White\/Core Black\/Core Black<\/p>\n<p>Artikelnummer: JS3584<\/p>\n<p>Obermaterial: Synthetikleder<\/p>\n<p>Farbe: Wei\u00df<\/p>\n<p>Farbe: Wei\u00df<\/p>\n","protected":false},"excerpt":{"rendered":"<p>Erleben Sie unvergleichlichen Komfort und Stil mit den Adidas Light Blaze Slides in Cloud White\/Core Black. Diese Slides sind perfekt f\u00fcr entspannte Ausfl\u00fcge oder zum Relaxen am Pool und \u00fcberzeugen durch ihr schlankes Design und ihr geringes Gewicht. Das konturierte Fu\u00dfbett sorgt f\u00fcr optimalen Halt, w\u00e4hrend die strapazierf\u00e4hige Au\u00dfensohle auf jedem Untergrund f\u00fcr sicheren Halt [&hellip;]<\/p>\n","protected":false},"featured_media":90230,"comment_status":"open","ping_status":"closed","template":"","meta":[],"product_brand":[],"product_cat":[10791,14267,10780,11338],"product_tag":[10789,12600,12609,12545,11336,12547,12566,12558],"class_list":{"0":"post-90229","1":"product","2":"type-product","3":"status-publish","4":"has-post-thumbnail","6":"product_cat-adidas","7":"product_cat-adidas-light-blaze-slides","8":"product_cat-gender-men","9":"product_cat-slides","10":"product_tag-adidas","11":"product_tag-beste-funde-unter-100","12":"product_tag-la-ssige-sandalen","13":"product_tag-lifestyle-freizeitschuhe","14":"product_tag-slides","15":"product_tag-trendangebote","16":"product_tag-trendangebote-unter-150","17":"product_tag-unter-retailpreis","18":"wcpa_has_options","20":"first","21":"instock","22":"taxable","23":"shipping-taxable","24":"purchasable","25":"product-type-simple"},"wcpa_form_fields":{"rules":{"pric_overide_base_price":false,"pric_overide_base_price_if_gt_zero":false,"pric_overide_base_price_fully":false,"pric_cal_option_once":false,"pric_use_as_fee":false,"bind_quantity":false,"quantity_bind_formula":false},"fields":[{"type":"color-group","required":true,"elementId":"wcpa-color-group-66c4a7f817afe","label":"Gr\u00f6\u00dfe","inline":true,"priceOptions":"different_for_all","pricingType":"fixed","className":"hassizechart product-shoes-size-eu product-shoes-size","name":"color-group-66c4a7f817b18","disp_type":"square","selection_type":"tick-border","disp_size":"50","show_label_inside":true,"adjust_width":true,"cart_display_type":"text","other_text":"Other","cl_rule":"show","col":6,"values":[{"label":"35","value":"EU 35","price":"","pimage":"","pimage_id":"","pthumb":"","color":""},{"label":"35.5","value":"EU 35.5","price":"","pimage":"","pimage_id":"","pthumb":"","color":""},{"label":"36","value":"EU 36","price":"","pimage":"","pimage_id":"","pthumb":"","color":"","selected":true},{"label":"36 2\/3","value":"EU 36 2\/3","price":"","pimage":"","pimage_id":"","pthumb":"","color":""},{"label":"37 1\/3","value":"EU 37 1\/3","price":"","pimage":"","pimage_id":"","pthumb":"","color":""},{"label":"38","value":"EU 38","price":"","pimage":"","pimage_id":"","pthumb":"","color":""},{"label":"38 2\/3","value":"EU 38 2\/3","price":"","pimage":"","pimage_id":"","pthumb":"","color":""},{"label":"39 1\/3","value":"EU 39 1\/3","price":"","pimage":"","pimage_id":"","pthumb":"","color":""},{"label":"40","value":"EU 40","price":"","pimage":"","pimage_id":"","pthumb":"","color":""},{"label":"40 2\/3","value":"EU 40 2\/3","price":"","pimage":"","pimage_id":"","pthumb":"","color":""},{"label":"41 1\/3","value":"EU 41 1\/3","price":"","pimage":"","pimage_id":"","pthumb":"","color":""},{"label":"42","value":"EU 42","price":"","pimage":"","pimage_id":"","pthumb":"","color":""},{"label":"42 2\/3","value":"EU 42 2\/3","price":"","pimage":"","pimage_id":"","pthumb":"","color":""},{"label":"43 1\/3","value":"EU 43 1\/3","price":"","pimage":"","pimage_id":"","pthumb":"","color":""},{"label":"44","value":"EU 44","price":"","pimage":"","pimage_id":"","pthumb":"","color":""},{"label":"44 2\/3","value":"EU 44 2\/3","price":"","pimage":"","pimage_id":"","pthumb":"","color":""},{"label":"45 1\/3","value":"EU 45 1\/3","price":"","pimage":"","pimage_id":"","pthumb":"","color":""},{"label":"46","value":"EU 46","price":"","pimage":"","pimage_id":"","pthumb":"","color":""},{"label":"46 2\/3","value":"EU 46 2\/3","price":"","pimage":"","pimage_id":"","pthumb":"","color":""},{"label":"47 1\/3","value":"EU 47 1\/3","price":"","pimage":"","pimage_id":"","pthumb":"","color":""}],"relations":[{"operator":false,"rules":[]}],"form_id":24802,"form_rules":{"pric_cal_option_once":false,"exclude_from_discount":false,"pric_use_as_fee":false,"fee_label":"Fee","render_after_acb":false,"disp_hide_options_price":false}}]},"_links":{"self":[{"href":"https:\/\/moroen.com\/de\/wp-json\/wp\/v2\/product\/90229","targetHints":{"allow":["GET"]}}],"collection":[{"href":"https:\/\/moroen.com\/de\/wp-json\/wp\/v2\/product"}],"about":[{"href":"https:\/\/moroen.com\/de\/wp-json\/wp\/v2\/types\/product"}],"replies":[{"embeddable":true,"href":"https:\/\/moroen.com\/de\/wp-json\/wp\/v2\/comments?post=90229"}],"wp:featuredmedia":[{"embeddable":true,"href":"https:\/\/moroen.com\/de\/wp-json\/wp\/v2\/media\/90230"}],"wp:attachment":[{"href":"https:\/\/moroen.com\/de\/wp-json\/wp\/v2\/media?parent=90229"}],"wp:term":[{"taxonomy":"product_brand","embeddable":true,"href":"https:\/\/moroen.com\/de\/wp-json\/wp\/v2\/product_brand?post=90229"},{"taxonomy":"product_cat","embeddable":true,"href":"https:\/\/moroen.com\/de\/wp-json\/wp\/v2\/product_cat?post=90229"},{"taxonomy":"product_tag","embeddable":true,"href":"https:\/\/moroen.com\/de\/wp-json\/wp\/v2\/product_tag?post=90229"}],"curies":[{"name":"wp","href":"https:\/\/api.w.org\/{rel}","templated":true}]}}