{"id":90277,"date":"2026-03-17T10:40:01","date_gmt":"2026-03-17T03:40:01","guid":{"rendered":"https:\/\/moroen.com\/de\/product\/off-white-x-nike-dunk-low-dear-summer46-of-50"},"modified":"2026-03-17T10:40:01","modified_gmt":"2026-03-17T03:40:01","slug":"off-white-x-nike-dunk-low-dear-summer46-of-50","status":"publish","type":"product","link":"https:\/\/moroen.com\/de\/produkt\/off-white-x-nike-dunk-low-dear-summer46-of-50\/","title":{"rendered":"Off-White x Nike Dunk Low &#8218;Dear Summer &#8211; 46 of 50&#8216;"},"content":{"rendered":"<p>Die Off-White x Nike Dunk Low \u201eDear Summer\u201c-Sneaker, eine Kollaboration zwischen Nike und Off-White, sind eine limitierte Auflage. Getragen von BTS-Mitglied Jungkook, bestechen diese Sneaker durch ihr einzigartiges Design und ziehen garantiert alle Blicke auf sich. Sichern Sie sich jetzt ein St\u00fcck Sneaker-Geschichte mit diesen exklusiven Nike-Sneakern.<\/p>\n<p>Farbgebung: Wei\u00df\/Neutralgrau-University Red-Baroque Brown<\/p>\n<p>Style-Code: DM1602-102<\/p>\n<p>Obermaterial: Leder<\/p>\n<p>Farbe: Wei\u00df<\/p>\n<p>Designer: Peter Moore<\/p>\n<p>Saison: Sommer<\/p>\n<p>Erscheinungsjahr: 2021<\/p>\n","protected":false},"excerpt":{"rendered":"<p>Die Off-White x Nike Dunk Low \u201eDear Summer\u201c-Sneaker, eine Kollaboration zwischen Nike und Off-White, sind eine limitierte Auflage. Getragen von BTS-Mitglied Jungkook, bestechen diese Sneaker durch ihr einzigartiges Design und ziehen garantiert alle Blicke auf sich. Sichern Sie sich jetzt ein St\u00fcck Sneaker-Geschichte mit diesen exklusiven Nike-Sneakern. Farbgebung: Wei\u00df\/Neutralgrau-University Red-Baroque Brown Style-Code: DM1602-102 Obermaterial: Leder [&hellip;]<\/p>\n","protected":false},"featured_media":90278,"comment_status":"open","ping_status":"closed","template":"","meta":[],"product_brand":[],"product_cat":[14275,10964,10780,10773],"product_tag":[12555,12545,12559,12598,10762,12580,12703],"class_list":{"0":"post-90277","1":"product","2":"type-product","3":"status-publish","4":"has-post-thumbnail","6":"product_cat-nike-dunk-low-dear-summer-46-of-50","7":"product_cat-lifestyle-shoes-skateboarding-inspired","8":"product_cat-gender-men","9":"product_cat-nike","10":"product_tag-geschenk-fa-r-ihn","11":"product_tag-lifestyle-freizeitschuhe","12":"product_tag-lifestyle-schuhe-basketball-inspiriert","13":"product_tag-lifestyle-schuhe-skateboarding-inspiriert","14":"product_tag-nike","15":"product_tag-nike-skateboard-schuhe","16":"product_tag-promi-sammlung","17":"wcpa_has_options","19":"first","20":"instock","21":"taxable","22":"shipping-taxable","23":"purchasable","24":"product-type-simple"},"wcpa_form_fields":{"rules":{"pric_overide_base_price":false,"pric_overide_base_price_if_gt_zero":false,"pric_overide_base_price_fully":false,"pric_cal_option_once":false,"pric_use_as_fee":false,"bind_quantity":false,"quantity_bind_formula":false},"fields":[{"type":"color-group","required":true,"elementId":"wcpa-color-group-66c4a75505e74","label":"Gr\u00f6\u00dfe - EU Gr\u00f6\u00dfe","inline":true,"priceOptions":"different_for_all","pricingType":"fixed","className":"hassizechart product-shoes-size-eu product-shoes-size","name":"color-group-66c4a75505e89","disp_type":"square","selection_type":"tick-border","disp_size":"44","show_label_inside":true,"adjust_width":true,"cart_display_type":"text","other_text":"Other","cl_rule":"show","col":6,"values":[{"label":"35.5","value":"EU 35.5","price":"","pimage":"","pimage_id":"","pthumb":"","color":""},{"label":"36","value":"EU 36","price":"","pimage":"","pimage_id":"","pthumb":"","color":"","selected":true},{"label":"36.5","value":"EU 36.5","price":"","pimage":"","pimage_id":"","pthumb":"","color":""},{"label":"37.5","value":"EU 37.5","price":"","pimage":"","pimage_id":"","pthumb":"","color":""},{"label":"38","value":"EU 38","price":"","pimage":"","pimage_id":"","pthumb":"","color":""},{"label":"38.5","value":"EU 38.5","price":"","pimage":"","pimage_id":"","pthumb":"","color":""},{"label":"39","value":"EU 39","price":"","pimage":"","pimage_id":"","pthumb":"","color":""},{"label":"40","value":"EU 40","price":"","pimage":"","pimage_id":"","pthumb":"","color":""},{"label":"40.5","value":"EU 40.5","price":"","pimage":"","pimage_id":"","pthumb":"","color":""},{"label":"41","value":"EU 41","price":"","pimage":"","pimage_id":"","pthumb":"","color":""},{"label":"42","value":"EU 42","price":"","pimage":"","pimage_id":"","pthumb":"","color":""},{"label":"42.5","value":"EU 42.5","price":"","pimage":"","pimage_id":"","pthumb":"","color":""},{"label":"43","value":"EU 43","price":"","pimage":"","pimage_id":"","pthumb":"","color":""},{"label":"44","value":"EU 44","price":"","pimage":"","pimage_id":"","pthumb":"","color":""},{"label":"44.5","value":"EU 44.5","price":"","pimage":"","pimage_id":"","pthumb":"","color":""},{"label":"45","value":"EU 45","price":"","pimage":"","pimage_id":"","pthumb":"","color":""},{"label":"45.5","value":"EU 45.5","price":"","pimage":"","pimage_id":"","pthumb":"","color":""},{"label":"46","value":"EU 46","price":"","pimage":"","pimage_id":"","pthumb":"","color":""},{"label":"47","value":"EU 47","price":"","pimage":"","pimage_id":"","pthumb":"","color":""},{"label":"47.5","value":"EU 47.5","price":"","pimage":"","pimage_id":"","pthumb":"","color":""},{"label":"48","value":"EU 48","price":"","pimage":"","pimage_id":"","pthumb":"","color":""}],"relations":[{"operator":false,"rules":[]}],"form_id":18106,"form_rules":{"pric_cal_option_once":false,"exclude_from_discount":false,"pric_use_as_fee":false,"fee_label":"Fee","render_after_acb":false,"disp_hide_options_price":false}}]},"_links":{"self":[{"href":"https:\/\/moroen.com\/de\/wp-json\/wp\/v2\/product\/90277","targetHints":{"allow":["GET"]}}],"collection":[{"href":"https:\/\/moroen.com\/de\/wp-json\/wp\/v2\/product"}],"about":[{"href":"https:\/\/moroen.com\/de\/wp-json\/wp\/v2\/types\/product"}],"replies":[{"embeddable":true,"href":"https:\/\/moroen.com\/de\/wp-json\/wp\/v2\/comments?post=90277"}],"wp:featuredmedia":[{"embeddable":true,"href":"https:\/\/moroen.com\/de\/wp-json\/wp\/v2\/media\/90278"}],"wp:attachment":[{"href":"https:\/\/moroen.com\/de\/wp-json\/wp\/v2\/media?parent=90277"}],"wp:term":[{"taxonomy":"product_brand","embeddable":true,"href":"https:\/\/moroen.com\/de\/wp-json\/wp\/v2\/product_brand?post=90277"},{"taxonomy":"product_cat","embeddable":true,"href":"https:\/\/moroen.com\/de\/wp-json\/wp\/v2\/product_cat?post=90277"},{"taxonomy":"product_tag","embeddable":true,"href":"https:\/\/moroen.com\/de\/wp-json\/wp\/v2\/product_tag?post=90277"}],"curies":[{"name":"wp","href":"https:\/\/api.w.org\/{rel}","templated":true}]}}