{"id":90448,"date":"2026-03-17T10:40:06","date_gmt":"2026-03-17T03:40:06","guid":{"rendered":"https:\/\/moroen.com\/de\/product\/custom-shoes-nike-air-force-1-low-deconstructed-pastel-green"},"modified":"2026-03-17T10:40:06","modified_gmt":"2026-03-17T03:40:06","slug":"custom-shoes-nike-air-force-1-low-deconstructed-pastel-green","status":"publish","type":"product","link":"https:\/\/moroen.com\/de\/produkt\/custom-shoes-nike-air-force-1-low-deconstructed-pastel-green\/","title":{"rendered":"[Custom Shoes] Nike Air Force 1 Low &#8218;Deconstructed Pastel Green&#8216;"},"content":{"rendered":"<p>Tauche ein in eine Oase der Ruhe mit den Custom Shoes Nike Air Force 1 Low &#8218;Deconstructed Pastel Green&#8216;. Diese exklusiven Sneaker bestechen durch einen sanften, engelsgleichen Farbton, der deinen Schritt mit Gelassenheit erf\u00fcllt. Jedes Paar ist ein Meisterwerk der Schuhkunst und wurde mit hochwertigen Materialien meisterhaft gefertigt. Genie\u00dfe ultimativen Komfort und Style, w\u00e4hrend du dich mit diesen individualisierbaren Sneakern durch den Gro\u00dfstadtdschungel wagst. Peppe deine Garderobe auf und ziehe alle Blicke auf dich mit dem Nike Air Force 1 Low &#8218;Deconstructed Pastel Green&#8216;.<\/p>\n<ul>\n<li><strong>Style Code:<\/strong> CW2288-111(Team48-\u7fa4\u9752\u65e5\u548c\u89e3\u6784)<\/li>\n<li><strong>Color:<\/strong> Green<\/li>\n<\/ul>\n","protected":false},"excerpt":{"rendered":"<p>Tauche ein in eine Oase der Ruhe mit den Custom Shoes Nike Air Force 1 Low &#8218;Deconstructed Pastel Green&#8216;. Diese exklusiven Sneaker bestechen durch einen sanften, engelsgleichen Farbton, der deinen Schritt mit Gelassenheit erf\u00fcllt. Jedes Paar ist ein Meisterwerk der Schuhkunst und wurde mit hochwertigen Materialien meisterhaft gefertigt. Genie\u00dfe ultimativen Komfort und Style, w\u00e4hrend du [&hellip;]<\/p>\n","protected":false},"featured_media":90449,"comment_status":"open","ping_status":"closed","template":"","meta":[],"product_brand":[],"product_cat":[10840,10816,10780,10773],"product_tag":[12542,12555,12545,12559,13652,10762,13691,12560,12558],"class_list":{"0":"post-90448","1":"product","2":"type-product","3":"status-publish","4":"has-post-thumbnail","6":"product_cat-nike-air-force-1-low","7":"product_cat-lifestyle-shoes-basketball-inspired","8":"product_cat-gender-men","9":"product_cat-nike","10":"product_tag-athleisure-schuhe","11":"product_tag-geschenk-fa-r-ihn","12":"product_tag-lifestyle-freizeitschuhe","13":"product_tag-lifestyle-schuhe-basketball-inspiriert","14":"product_tag-maaygeschneiderte-schuhe","15":"product_tag-nike","16":"product_tag-nike-maaygeschneiderte-schuhe","17":"product_tag-retro-freizeitschuhe","18":"product_tag-unter-retailpreis","19":"wcpa_has_options","21":"first","22":"instock","23":"taxable","24":"shipping-taxable","25":"purchasable","26":"product-type-simple"},"wcpa_form_fields":{"rules":{"pric_overide_base_price":false,"pric_overide_base_price_if_gt_zero":false,"pric_overide_base_price_fully":false,"pric_cal_option_once":false,"pric_use_as_fee":false,"bind_quantity":false,"quantity_bind_formula":false},"fields":[{"type":"color-group","required":true,"elementId":"wcpa-color-group-66c4a75505e74","label":"Gr\u00f6\u00dfe - EU Gr\u00f6\u00dfe","inline":true,"priceOptions":"different_for_all","pricingType":"fixed","className":"hassizechart product-shoes-size-eu product-shoes-size","name":"color-group-66c4a75505e89","disp_type":"square","selection_type":"tick-border","disp_size":"44","show_label_inside":true,"adjust_width":true,"cart_display_type":"text","other_text":"Other","cl_rule":"show","col":6,"values":[{"label":"35.5","value":"EU 35.5","price":"","pimage":"","pimage_id":"","pthumb":"","color":""},{"label":"36","value":"EU 36","price":"","pimage":"","pimage_id":"","pthumb":"","color":"","selected":true},{"label":"36.5","value":"EU 36.5","price":"","pimage":"","pimage_id":"","pthumb":"","color":""},{"label":"37.5","value":"EU 37.5","price":"","pimage":"","pimage_id":"","pthumb":"","color":""},{"label":"38","value":"EU 38","price":"","pimage":"","pimage_id":"","pthumb":"","color":""},{"label":"38.5","value":"EU 38.5","price":"","pimage":"","pimage_id":"","pthumb":"","color":""},{"label":"39","value":"EU 39","price":"","pimage":"","pimage_id":"","pthumb":"","color":""},{"label":"40","value":"EU 40","price":"","pimage":"","pimage_id":"","pthumb":"","color":""},{"label":"40.5","value":"EU 40.5","price":"","pimage":"","pimage_id":"","pthumb":"","color":""},{"label":"41","value":"EU 41","price":"","pimage":"","pimage_id":"","pthumb":"","color":""},{"label":"42","value":"EU 42","price":"","pimage":"","pimage_id":"","pthumb":"","color":""},{"label":"42.5","value":"EU 42.5","price":"","pimage":"","pimage_id":"","pthumb":"","color":""},{"label":"43","value":"EU 43","price":"","pimage":"","pimage_id":"","pthumb":"","color":""},{"label":"44","value":"EU 44","price":"","pimage":"","pimage_id":"","pthumb":"","color":""},{"label":"44.5","value":"EU 44.5","price":"","pimage":"","pimage_id":"","pthumb":"","color":""},{"label":"45","value":"EU 45","price":"","pimage":"","pimage_id":"","pthumb":"","color":""},{"label":"45.5","value":"EU 45.5","price":"","pimage":"","pimage_id":"","pthumb":"","color":""},{"label":"46","value":"EU 46","price":"","pimage":"","pimage_id":"","pthumb":"","color":""},{"label":"47","value":"EU 47","price":"","pimage":"","pimage_id":"","pthumb":"","color":""},{"label":"47.5","value":"EU 47.5","price":"","pimage":"","pimage_id":"","pthumb":"","color":""},{"label":"48","value":"EU 48","price":"","pimage":"","pimage_id":"","pthumb":"","color":""}],"relations":[{"operator":false,"rules":[]}],"form_id":18106,"form_rules":{"pric_cal_option_once":false,"exclude_from_discount":false,"pric_use_as_fee":false,"fee_label":"Fee","render_after_acb":false,"disp_hide_options_price":false}}]},"_links":{"self":[{"href":"https:\/\/moroen.com\/de\/wp-json\/wp\/v2\/product\/90448","targetHints":{"allow":["GET"]}}],"collection":[{"href":"https:\/\/moroen.com\/de\/wp-json\/wp\/v2\/product"}],"about":[{"href":"https:\/\/moroen.com\/de\/wp-json\/wp\/v2\/types\/product"}],"replies":[{"embeddable":true,"href":"https:\/\/moroen.com\/de\/wp-json\/wp\/v2\/comments?post=90448"}],"wp:featuredmedia":[{"embeddable":true,"href":"https:\/\/moroen.com\/de\/wp-json\/wp\/v2\/media\/90449"}],"wp:attachment":[{"href":"https:\/\/moroen.com\/de\/wp-json\/wp\/v2\/media?parent=90448"}],"wp:term":[{"taxonomy":"product_brand","embeddable":true,"href":"https:\/\/moroen.com\/de\/wp-json\/wp\/v2\/product_brand?post=90448"},{"taxonomy":"product_cat","embeddable":true,"href":"https:\/\/moroen.com\/de\/wp-json\/wp\/v2\/product_cat?post=90448"},{"taxonomy":"product_tag","embeddable":true,"href":"https:\/\/moroen.com\/de\/wp-json\/wp\/v2\/product_tag?post=90448"}],"curies":[{"name":"wp","href":"https:\/\/api.w.org\/{rel}","templated":true}]}}