{"id":90674,"date":"2026-03-17T10:40:13","date_gmt":"2026-03-17T03:40:13","guid":{"rendered":"https:\/\/moroen.com\/de\/product\/air-jordan-5-unc"},"modified":"2026-03-17T10:40:13","modified_gmt":"2026-03-17T03:40:13","slug":"air-jordan-5-unc","status":"publish","type":"product","link":"https:\/\/moroen.com\/de\/produkt\/air-jordan-5-unc\/","title":{"rendered":"Air Jordan 5 &#8218;UNC&#8216;"},"content":{"rendered":"<p>Der Air Jordan 5 UNC ist ein stylischer Sneaker der renommierten Marke Jordan. Er vereint Komfort und Performance und passt perfekt zu jedem sportlichen oder l\u00e4ssigen Outfit. Mit seinem eleganten Design und dem ikonischen Jordan-Logo ist er ein Must-have f\u00fcr Sneaker-Fans und Sammler.<\/p>\n<p>Farbgebung: University Blue\/Schwarz\/Wei\u00df<br \/>\nStyle-Code: DV1310-401<br \/>\nObermaterial: Nubukleder<br \/>\nZwischensohle: Air<br \/>\nFarbe: Blau<br \/>\nDesigner: Tinker Hatfield<br \/>\nSaison: Fr\u00fchling<br \/>\nErscheinungsjahr: 2023<\/p>\n","protected":false},"excerpt":{"rendered":"<p>Der Air Jordan 5 UNC ist ein stylischer Sneaker der renommierten Marke Jordan. Er vereint Komfort und Performance und passt perfekt zu jedem sportlichen oder l\u00e4ssigen Outfit. Mit seinem eleganten Design und dem ikonischen Jordan-Logo ist er ein Must-have f\u00fcr Sneaker-Fans und Sammler. Farbgebung: University Blue\/Schwarz\/Wei\u00df Style-Code: DV1310-401 Obermaterial: Nubukleder Zwischensohle: Air Farbe: Blau Designer: [&hellip;]<\/p>\n","protected":false},"featured_media":90675,"comment_status":"open","ping_status":"closed","template":"","meta":[],"product_brand":[],"product_cat":[10825,12511,10816,10780],"product_tag":[12542,12555,10819,12593,12592,12545,12559,12560],"class_list":{"0":"post-90674","1":"product","2":"type-product","3":"status-publish","4":"has-post-thumbnail","6":"product_cat-jordan","7":"product_cat-jordan-jordan-5","8":"product_cat-lifestyle-shoes-basketball-inspired","9":"product_cat-gender-men","10":"product_tag-athleisure-schuhe","11":"product_tag-geschenk-fa-r-ihn","12":"product_tag-jordan","13":"product_tag-jordan-skateboardschuhe","14":"product_tag-jordan-basketballschuhe","15":"product_tag-lifestyle-freizeitschuhe","16":"product_tag-lifestyle-schuhe-basketball-inspiriert","17":"product_tag-retro-freizeitschuhe","18":"wcpa_has_options","20":"first","21":"instock","22":"taxable","23":"shipping-taxable","24":"purchasable","25":"product-type-simple"},"wcpa_form_fields":{"rules":{"pric_overide_base_price":false,"pric_overide_base_price_if_gt_zero":false,"pric_overide_base_price_fully":false,"pric_cal_option_once":false,"pric_use_as_fee":false,"bind_quantity":false,"quantity_bind_formula":false},"fields":[{"type":"color-group","required":true,"elementId":"wcpa-color-group-66c4a75505e74","label":"Gr\u00f6\u00dfe - EU Gr\u00f6\u00dfe","inline":true,"priceOptions":"different_for_all","pricingType":"fixed","className":"hassizechart product-shoes-size-eu product-shoes-size","name":"color-group-66c4a75505e89","disp_type":"square","selection_type":"tick-border","disp_size":"44","show_label_inside":true,"adjust_width":true,"cart_display_type":"text","other_text":"Other","cl_rule":"show","col":6,"values":[{"label":"35.5","value":"EU 35.5","price":"","pimage":"","pimage_id":"","pthumb":"","color":""},{"label":"36","value":"EU 36","price":"","pimage":"","pimage_id":"","pthumb":"","color":"","selected":true},{"label":"36.5","value":"EU 36.5","price":"","pimage":"","pimage_id":"","pthumb":"","color":""},{"label":"37.5","value":"EU 37.5","price":"","pimage":"","pimage_id":"","pthumb":"","color":""},{"label":"38","value":"EU 38","price":"","pimage":"","pimage_id":"","pthumb":"","color":""},{"label":"38.5","value":"EU 38.5","price":"","pimage":"","pimage_id":"","pthumb":"","color":""},{"label":"39","value":"EU 39","price":"","pimage":"","pimage_id":"","pthumb":"","color":""},{"label":"40","value":"EU 40","price":"","pimage":"","pimage_id":"","pthumb":"","color":""},{"label":"40.5","value":"EU 40.5","price":"","pimage":"","pimage_id":"","pthumb":"","color":""},{"label":"41","value":"EU 41","price":"","pimage":"","pimage_id":"","pthumb":"","color":""},{"label":"42","value":"EU 42","price":"","pimage":"","pimage_id":"","pthumb":"","color":""},{"label":"42.5","value":"EU 42.5","price":"","pimage":"","pimage_id":"","pthumb":"","color":""},{"label":"43","value":"EU 43","price":"","pimage":"","pimage_id":"","pthumb":"","color":""},{"label":"44","value":"EU 44","price":"","pimage":"","pimage_id":"","pthumb":"","color":""},{"label":"44.5","value":"EU 44.5","price":"","pimage":"","pimage_id":"","pthumb":"","color":""},{"label":"45","value":"EU 45","price":"","pimage":"","pimage_id":"","pthumb":"","color":""},{"label":"45.5","value":"EU 45.5","price":"","pimage":"","pimage_id":"","pthumb":"","color":""},{"label":"46","value":"EU 46","price":"","pimage":"","pimage_id":"","pthumb":"","color":""},{"label":"47","value":"EU 47","price":"","pimage":"","pimage_id":"","pthumb":"","color":""},{"label":"47.5","value":"EU 47.5","price":"","pimage":"","pimage_id":"","pthumb":"","color":""},{"label":"48","value":"EU 48","price":"","pimage":"","pimage_id":"","pthumb":"","color":""}],"relations":[{"operator":false,"rules":[]}],"form_id":18106,"form_rules":{"pric_cal_option_once":false,"exclude_from_discount":false,"pric_use_as_fee":false,"fee_label":"Fee","render_after_acb":false,"disp_hide_options_price":false}}]},"_links":{"self":[{"href":"https:\/\/moroen.com\/de\/wp-json\/wp\/v2\/product\/90674","targetHints":{"allow":["GET"]}}],"collection":[{"href":"https:\/\/moroen.com\/de\/wp-json\/wp\/v2\/product"}],"about":[{"href":"https:\/\/moroen.com\/de\/wp-json\/wp\/v2\/types\/product"}],"replies":[{"embeddable":true,"href":"https:\/\/moroen.com\/de\/wp-json\/wp\/v2\/comments?post=90674"}],"wp:featuredmedia":[{"embeddable":true,"href":"https:\/\/moroen.com\/de\/wp-json\/wp\/v2\/media\/90675"}],"wp:attachment":[{"href":"https:\/\/moroen.com\/de\/wp-json\/wp\/v2\/media?parent=90674"}],"wp:term":[{"taxonomy":"product_brand","embeddable":true,"href":"https:\/\/moroen.com\/de\/wp-json\/wp\/v2\/product_brand?post=90674"},{"taxonomy":"product_cat","embeddable":true,"href":"https:\/\/moroen.com\/de\/wp-json\/wp\/v2\/product_cat?post=90674"},{"taxonomy":"product_tag","embeddable":true,"href":"https:\/\/moroen.com\/de\/wp-json\/wp\/v2\/product_tag?post=90674"}],"curies":[{"name":"wp","href":"https:\/\/api.w.org\/{rel}","templated":true}]}}