{"id":91079,"date":"2026-03-17T10:40:25","date_gmt":"2026-03-17T03:40:25","guid":{"rendered":"https:\/\/moroen.com\/de\/product\/adidas-predator-edge4-ai1-red-green"},"modified":"2026-03-17T10:40:25","modified_gmt":"2026-03-17T03:40:25","slug":"adidas-predator-edge4-ai1-red-green","status":"publish","type":"product","link":"https:\/\/moroen.com\/de\/produkt\/adidas-predator-edge4-ai1-red-green\/","title":{"rendered":"adidas Predator Edge.4 AI1 &#8218;Red Green&#8216;"},"content":{"rendered":"<p>Erlebe Pr\u00e4zision und Power auf dem Platz mit den adidas Predator Edge.4 AI1 FG Fu\u00dfballschuhen in Rot\/Gr\u00fcn. Dank des strukturierten Demonskin-Obermaterials bieten diese Schuhe verbesserte Ballkontrolle und Genauigkeit. Das asymmetrische Schn\u00fcrsystem vergr\u00f6\u00dfert die Schussfl\u00e4che f\u00fcr kraftvollere Sch\u00fcsse. Die leichte Konstruktion sorgt f\u00fcr Agilit\u00e4t und Reaktionsf\u00e4higkeit auf festen Untergr\u00fcnden. Schl\u00fcpfe in den Predator Edge.4 und dominiere das Spiel mit jeder Ballber\u00fchrung, jedem Schuss und jedem Pass.<\/p>\n<p>Farbkombination: Rot\/Gr\u00fcn<br \/>\nArtikelnummer: GW0991<br \/>\nFarbe: Rot<\/p>\n<p>Farbe: Rot<\/p>\n","protected":false},"excerpt":{"rendered":"<p>Erlebe Pr\u00e4zision und Power auf dem Platz mit den adidas Predator Edge.4 AI1 FG Fu\u00dfballschuhen in Rot\/Gr\u00fcn. Dank des strukturierten Demonskin-Obermaterials bieten diese Schuhe verbesserte Ballkontrolle und Genauigkeit. Das asymmetrische Schn\u00fcrsystem vergr\u00f6\u00dfert die Schussfl\u00e4che f\u00fcr kraftvollere Sch\u00fcsse. Die leichte Konstruktion sorgt f\u00fcr Agilit\u00e4t und Reaktionsf\u00e4higkeit auf festen Untergr\u00fcnden. Schl\u00fcpfe in den Predator Edge.4 und dominiere [&hellip;]<\/p>\n","protected":false},"featured_media":91080,"comment_status":"open","ping_status":"closed","template":"","meta":[],"product_brand":[],"product_cat":[10791,10780,14320,12349],"product_tag":[10789,12617,12618,12655,12555,12563,12547,12566,12558],"class_list":{"0":"post-91079","1":"product","2":"type-product","3":"status-publish","4":"has-post-thumbnail","6":"product_cat-adidas","7":"product_cat-gender-men","8":"product_cat-adidas-predator-edge-4-ai1","9":"product_cat-soccer-shoes-football-cleats","10":"product_tag-adidas","11":"product_tag-fuayballschuhe","12":"product_tag-fuayballschuhe-fuayballschuhe","13":"product_tag-fuayballschuhe-fa-r-festen-boden-fg","14":"product_tag-geschenk-fa-r-ihn","15":"product_tag-performance-sportschuhe","16":"product_tag-trendangebote","17":"product_tag-trendangebote-unter-150","18":"product_tag-unter-retailpreis","19":"wcpa_has_options","21":"first","22":"instock","23":"taxable","24":"shipping-taxable","25":"purchasable","26":"product-type-simple"},"wcpa_form_fields":{"rules":{"pric_overide_base_price":false,"pric_overide_base_price_if_gt_zero":false,"pric_overide_base_price_fully":false,"pric_cal_option_once":false,"pric_use_as_fee":false,"bind_quantity":false,"quantity_bind_formula":false},"fields":[{"type":"color-group","required":true,"elementId":"wcpa-color-group-66c4a7f817afe","label":"Gr\u00f6\u00dfe","inline":true,"priceOptions":"different_for_all","pricingType":"fixed","className":"hassizechart product-shoes-size-eu product-shoes-size","name":"color-group-66c4a7f817b18","disp_type":"square","selection_type":"tick-border","disp_size":"50","show_label_inside":true,"adjust_width":true,"cart_display_type":"text","other_text":"Other","cl_rule":"show","col":6,"values":[{"label":"35","value":"EU 35","price":"","pimage":"","pimage_id":"","pthumb":"","color":""},{"label":"35.5","value":"EU 35.5","price":"","pimage":"","pimage_id":"","pthumb":"","color":""},{"label":"36","value":"EU 36","price":"","pimage":"","pimage_id":"","pthumb":"","color":"","selected":true},{"label":"36 2\/3","value":"EU 36 2\/3","price":"","pimage":"","pimage_id":"","pthumb":"","color":""},{"label":"37 1\/3","value":"EU 37 1\/3","price":"","pimage":"","pimage_id":"","pthumb":"","color":""},{"label":"38","value":"EU 38","price":"","pimage":"","pimage_id":"","pthumb":"","color":""},{"label":"38 2\/3","value":"EU 38 2\/3","price":"","pimage":"","pimage_id":"","pthumb":"","color":""},{"label":"39 1\/3","value":"EU 39 1\/3","price":"","pimage":"","pimage_id":"","pthumb":"","color":""},{"label":"40","value":"EU 40","price":"","pimage":"","pimage_id":"","pthumb":"","color":""},{"label":"40 2\/3","value":"EU 40 2\/3","price":"","pimage":"","pimage_id":"","pthumb":"","color":""},{"label":"41 1\/3","value":"EU 41 1\/3","price":"","pimage":"","pimage_id":"","pthumb":"","color":""},{"label":"42","value":"EU 42","price":"","pimage":"","pimage_id":"","pthumb":"","color":""},{"label":"42 2\/3","value":"EU 42 2\/3","price":"","pimage":"","pimage_id":"","pthumb":"","color":""},{"label":"43 1\/3","value":"EU 43 1\/3","price":"","pimage":"","pimage_id":"","pthumb":"","color":""},{"label":"44","value":"EU 44","price":"","pimage":"","pimage_id":"","pthumb":"","color":""},{"label":"44 2\/3","value":"EU 44 2\/3","price":"","pimage":"","pimage_id":"","pthumb":"","color":""},{"label":"45 1\/3","value":"EU 45 1\/3","price":"","pimage":"","pimage_id":"","pthumb":"","color":""},{"label":"46","value":"EU 46","price":"","pimage":"","pimage_id":"","pthumb":"","color":""},{"label":"46 2\/3","value":"EU 46 2\/3","price":"","pimage":"","pimage_id":"","pthumb":"","color":""},{"label":"47 1\/3","value":"EU 47 1\/3","price":"","pimage":"","pimage_id":"","pthumb":"","color":""}],"relations":[{"operator":false,"rules":[]}],"form_id":24802,"form_rules":{"pric_cal_option_once":false,"exclude_from_discount":false,"pric_use_as_fee":false,"fee_label":"Fee","render_after_acb":false,"disp_hide_options_price":false}}]},"_links":{"self":[{"href":"https:\/\/moroen.com\/de\/wp-json\/wp\/v2\/product\/91079","targetHints":{"allow":["GET"]}}],"collection":[{"href":"https:\/\/moroen.com\/de\/wp-json\/wp\/v2\/product"}],"about":[{"href":"https:\/\/moroen.com\/de\/wp-json\/wp\/v2\/types\/product"}],"replies":[{"embeddable":true,"href":"https:\/\/moroen.com\/de\/wp-json\/wp\/v2\/comments?post=91079"}],"wp:featuredmedia":[{"embeddable":true,"href":"https:\/\/moroen.com\/de\/wp-json\/wp\/v2\/media\/91080"}],"wp:attachment":[{"href":"https:\/\/moroen.com\/de\/wp-json\/wp\/v2\/media?parent=91079"}],"wp:term":[{"taxonomy":"product_brand","embeddable":true,"href":"https:\/\/moroen.com\/de\/wp-json\/wp\/v2\/product_brand?post=91079"},{"taxonomy":"product_cat","embeddable":true,"href":"https:\/\/moroen.com\/de\/wp-json\/wp\/v2\/product_cat?post=91079"},{"taxonomy":"product_tag","embeddable":true,"href":"https:\/\/moroen.com\/de\/wp-json\/wp\/v2\/product_tag?post=91079"}],"curies":[{"name":"wp","href":"https:\/\/api.w.org\/{rel}","templated":true}]}}