{"id":91148,"date":"2026-03-17T10:40:27","date_gmt":"2026-03-17T03:40:27","guid":{"rendered":"https:\/\/moroen.com\/de\/product\/off-white-x-nike-air-presto-white-2018"},"modified":"2026-03-17T10:40:27","modified_gmt":"2026-03-17T03:40:27","slug":"off-white-x-nike-air-presto-white-2018","status":"publish","type":"product","link":"https:\/\/moroen.com\/de\/produkt\/off-white-x-nike-air-presto-white-2018\/","title":{"rendered":"Off-White x Nike Air Presto &#8218;White&#8216; (2018)"},"content":{"rendered":"<p>Der Off-White x Nike Air Presto White (2018) ist eine Kollaboration zwischen Nike und Off-White. Diese Sneaker sind in Wei\u00df gehalten und aus hochwertigen Materialien gefertigt. Das Design umfasst das charakteristische Off-White-Branding und Nikes innovative Air-D\u00e4mpfungstechnologie. Diese Schuhe sind stylisch, bequem und perfekt f\u00fcr jeden Sneaker-Fan und Sammler.<\/p>\n<p>Farbgebung: Wei\u00df\/Schwarz\/Kegelblau<\/p>\n<p>Style-Code: AA3830-100<\/p>\n<p>Mittelsohle: Air<\/p>\n<p>Farbe: Wei\u00df<\/p>\n<p>Designer: Tobie Hatfield<\/p>\n<p>Saison: Sommer<\/p>\n<p>Erscheinungsjahr: 2018<\/p>\n<p>Farbe: Wei\u00df<br \/>\nDesigner: Tobie Hatfield<\/p>\n","protected":false},"excerpt":{"rendered":"<p>Der Off-White x Nike Air Presto White (2018) ist eine Kollaboration zwischen Nike und Off-White. Diese Sneaker sind in Wei\u00df gehalten und aus hochwertigen Materialien gefertigt. Das Design umfasst das charakteristische Off-White-Branding und Nikes innovative Air-D\u00e4mpfungstechnologie. Diese Schuhe sind stylisch, bequem und perfekt f\u00fcr jeden Sneaker-Fan und Sammler. Farbgebung: Wei\u00df\/Schwarz\/Kegelblau Style-Code: AA3830-100 Mittelsohle: Air Farbe: [&hellip;]<\/p>\n","protected":false},"featured_media":91149,"comment_status":"open","ping_status":"closed","template":"","meta":[],"product_brand":[],"product_cat":[12689,11356,10780,10773],"product_tag":[12542,12543,12545,10762,12546],"class_list":{"0":"post-91148","1":"product","2":"type-product","3":"status-publish","4":"has-post-thumbnail","6":"product_cat-nike-air-presto","7":"product_cat-lifestyle-casual-shoes","8":"product_cat-gender-men","9":"product_cat-nike","10":"product_tag-athleisure-schuhe","11":"product_tag-bestseller","12":"product_tag-lifestyle-freizeitschuhe","13":"product_tag-nike","14":"product_tag-retro-laufschuhe","15":"wcpa_has_options","17":"first","18":"instock","19":"taxable","20":"shipping-taxable","21":"purchasable","22":"product-type-simple"},"wcpa_form_fields":{"rules":{"pric_overide_base_price":false,"pric_overide_base_price_if_gt_zero":false,"pric_overide_base_price_fully":false,"pric_cal_option_once":false,"pric_use_as_fee":false,"bind_quantity":false,"quantity_bind_formula":false},"fields":[{"type":"color-group","required":true,"elementId":"wcpa-color-group-66c4a75505e74","label":"Gr\u00f6\u00dfe - EU Gr\u00f6\u00dfe","inline":true,"priceOptions":"different_for_all","pricingType":"fixed","className":"hassizechart product-shoes-size-eu product-shoes-size","name":"color-group-66c4a75505e89","disp_type":"square","selection_type":"tick-border","disp_size":"44","show_label_inside":true,"adjust_width":true,"cart_display_type":"text","other_text":"Other","cl_rule":"show","col":6,"values":[{"label":"35.5","value":"EU 35.5","price":"","pimage":"","pimage_id":"","pthumb":"","color":""},{"label":"36","value":"EU 36","price":"","pimage":"","pimage_id":"","pthumb":"","color":"","selected":true},{"label":"36.5","value":"EU 36.5","price":"","pimage":"","pimage_id":"","pthumb":"","color":""},{"label":"37.5","value":"EU 37.5","price":"","pimage":"","pimage_id":"","pthumb":"","color":""},{"label":"38","value":"EU 38","price":"","pimage":"","pimage_id":"","pthumb":"","color":""},{"label":"38.5","value":"EU 38.5","price":"","pimage":"","pimage_id":"","pthumb":"","color":""},{"label":"39","value":"EU 39","price":"","pimage":"","pimage_id":"","pthumb":"","color":""},{"label":"40","value":"EU 40","price":"","pimage":"","pimage_id":"","pthumb":"","color":""},{"label":"40.5","value":"EU 40.5","price":"","pimage":"","pimage_id":"","pthumb":"","color":""},{"label":"41","value":"EU 41","price":"","pimage":"","pimage_id":"","pthumb":"","color":""},{"label":"42","value":"EU 42","price":"","pimage":"","pimage_id":"","pthumb":"","color":""},{"label":"42.5","value":"EU 42.5","price":"","pimage":"","pimage_id":"","pthumb":"","color":""},{"label":"43","value":"EU 43","price":"","pimage":"","pimage_id":"","pthumb":"","color":""},{"label":"44","value":"EU 44","price":"","pimage":"","pimage_id":"","pthumb":"","color":""},{"label":"44.5","value":"EU 44.5","price":"","pimage":"","pimage_id":"","pthumb":"","color":""},{"label":"45","value":"EU 45","price":"","pimage":"","pimage_id":"","pthumb":"","color":""},{"label":"45.5","value":"EU 45.5","price":"","pimage":"","pimage_id":"","pthumb":"","color":""},{"label":"46","value":"EU 46","price":"","pimage":"","pimage_id":"","pthumb":"","color":""},{"label":"47","value":"EU 47","price":"","pimage":"","pimage_id":"","pthumb":"","color":""},{"label":"47.5","value":"EU 47.5","price":"","pimage":"","pimage_id":"","pthumb":"","color":""},{"label":"48","value":"EU 48","price":"","pimage":"","pimage_id":"","pthumb":"","color":""}],"relations":[{"operator":false,"rules":[]}],"form_id":18106,"form_rules":{"pric_cal_option_once":false,"exclude_from_discount":false,"pric_use_as_fee":false,"fee_label":"Fee","render_after_acb":false,"disp_hide_options_price":false}}]},"_links":{"self":[{"href":"https:\/\/moroen.com\/de\/wp-json\/wp\/v2\/product\/91148","targetHints":{"allow":["GET"]}}],"collection":[{"href":"https:\/\/moroen.com\/de\/wp-json\/wp\/v2\/product"}],"about":[{"href":"https:\/\/moroen.com\/de\/wp-json\/wp\/v2\/types\/product"}],"replies":[{"embeddable":true,"href":"https:\/\/moroen.com\/de\/wp-json\/wp\/v2\/comments?post=91148"}],"wp:featuredmedia":[{"embeddable":true,"href":"https:\/\/moroen.com\/de\/wp-json\/wp\/v2\/media\/91149"}],"wp:attachment":[{"href":"https:\/\/moroen.com\/de\/wp-json\/wp\/v2\/media?parent=91148"}],"wp:term":[{"taxonomy":"product_brand","embeddable":true,"href":"https:\/\/moroen.com\/de\/wp-json\/wp\/v2\/product_brand?post=91148"},{"taxonomy":"product_cat","embeddable":true,"href":"https:\/\/moroen.com\/de\/wp-json\/wp\/v2\/product_cat?post=91148"},{"taxonomy":"product_tag","embeddable":true,"href":"https:\/\/moroen.com\/de\/wp-json\/wp\/v2\/product_tag?post=91148"}],"curies":[{"name":"wp","href":"https:\/\/api.w.org\/{rel}","templated":true}]}}