{"id":91164,"date":"2026-03-17T10:40:27","date_gmt":"2026-03-17T03:40:27","guid":{"rendered":"https:\/\/moroen.com\/de\/product\/kith-x-marvel-x-asics-gt-2160-green-goblin"},"modified":"2026-03-17T10:40:27","modified_gmt":"2026-03-17T03:40:27","slug":"kith-x-marvel-x-asics-gt-2160-green-goblin","status":"publish","type":"product","link":"https:\/\/moroen.com\/de\/produkt\/kith-x-marvel-x-asics-gt-2160-green-goblin\/","title":{"rendered":"Kith x Marvel x ASICS GT 2160 &#8218;Green Goblin&#8216;"},"content":{"rendered":"<p>Erlebe den Nervenkitzel des Gr\u00fcnen Kobolds mit den exklusiven Kith x Marvel x ASICS GT 2160 Sneakern. Diese limitierten Sneaker bestechen durch ihre leuchtende gr\u00fcne und violette Farbgebung und ikonische Details, die vom ber\u00fcchtigten Marvel-Superschurken inspiriert sind. Die Flytefoam-D\u00e4mpfung sorgt f\u00fcr au\u00dfergew\u00f6hnlichen Tragekomfort, w\u00e4hrend die griffige Au\u00dfensohle f\u00fcr Stabilit\u00e4t sorgt. Verleihe deinem Sneaker-Style das gewisse Etwas und lass dich von der geheimnisvollen Anziehungskraft des Gr\u00fcnen Kobolds verf\u00fchren \u2013 mit diesen exklusiven ASICS GT 2160.<\/p>\n<ul>\n<li><strong>Farbgebung:<\/strong> Gr\u00fcn\/Silber-Creme-Schwarz<\/li>\n<li><strong>Style-Code:<\/strong> 1203A660-100<\/li>\n<li><strong>Obermaterial:<\/strong> Mesh<\/li>\n<li><strong>Zwischensohle:<\/strong> Gel<\/li>\n<li><strong>Farbe:<\/strong> Mehrfarbig<\/li>\n<li><strong>Saison:<\/strong> Sommer<\/li>\n<li><strong>Erscheinungsjahr:<\/strong> 2024<\/li>\n<\/ul>\n","protected":false},"excerpt":{"rendered":"<p>Erlebe den Nervenkitzel des Gr\u00fcnen Kobolds mit den exklusiven Kith x Marvel x ASICS GT 2160 Sneakern. Diese limitierten Sneaker bestechen durch ihre leuchtende gr\u00fcne und violette Farbgebung und ikonische Details, die vom ber\u00fcchtigten Marvel-Superschurken inspiriert sind. Die Flytefoam-D\u00e4mpfung sorgt f\u00fcr au\u00dfergew\u00f6hnlichen Tragekomfort, w\u00e4hrend die griffige Au\u00dfensohle f\u00fcr Stabilit\u00e4t sorgt. Verleihe deinem Sneaker-Style das gewisse [&hellip;]<\/p>\n","protected":false},"featured_media":91165,"comment_status":"open","ping_status":"closed","template":"","meta":[],"product_brand":[],"product_cat":[12567,12595,10778,10780],"product_tag":[12565,12542,12555,12545,12557,12546],"class_list":{"0":"post-91164","1":"product","2":"type-product","3":"status-publish","4":"has-post-thumbnail","6":"product_cat-asics","7":"product_cat-asics-gt-2160","8":"product_cat-lifestyle-shoes-running-inspired","9":"product_cat-gender-men","10":"product_tag-asics","11":"product_tag-athleisure-schuhe","12":"product_tag-geschenk-fa-r-ihn","13":"product_tag-lifestyle-freizeitschuhe","14":"product_tag-lifestyle-schuhe-vom-laufen-inspiriert","15":"product_tag-retro-laufschuhe","16":"wcpa_has_options","18":"first","19":"instock","20":"taxable","21":"shipping-taxable","22":"purchasable","23":"product-type-simple"},"wcpa_form_fields":{"rules":{"pric_overide_base_price":false,"pric_overide_base_price_if_gt_zero":false,"pric_overide_base_price_fully":false,"pric_cal_option_once":false,"pric_use_as_fee":false,"bind_quantity":false,"quantity_bind_formula":false},"fields":[{"type":"color-group","required":true,"elementId":"wcpa-color-group-69a5ac3f3e644","label":"Gr\u00f6\u00dfe","inline":true,"priceOptions":"different_for_all","pricingType":"fixed","className":"hassizechart product-shoes-size-eu product-shoes-size","name":"color-group-69a5ac3f3e64e","disp_type":"square","selection_type":"tick-border","disp_size":"50","show_label_inside":true,"adjust_width":true,"cart_display_type":"text","other_text":"Other","cl_rule":"show","col":6,"values":[{"label":"34.5","value":"EU 34.5","price":"","pimage":"","pimage_id":"","pthumb":"","color":""},{"label":"35","value":"EU 35","price":"","pimage":"","pimage_id":"","pthumb":"","color":""},{"label":"35.5","value":"EU 35.5","price":"","pimage":"","pimage_id":"","pthumb":"","color":""},{"label":"36","value":"EU 36","price":"","pimage":"","pimage_id":"","pthumb":"","color":"","selected":true},{"label":"37","value":"EU 37","price":"","pimage":"","pimage_id":"","pthumb":"","color":""},{"label":"37.5","value":"EU 37.5","price":"","pimage":"","pimage_id":"","pthumb":"","color":""},{"label":"38","value":"EU 38","price":"","pimage":"","pimage_id":"","pthumb":"","color":""},{"label":"38.5","value":"EU 38.5","price":"","pimage":"","pimage_id":"","pthumb":"","color":""},{"label":"39","value":"EU 39","price":"","pimage":"","pimage_id":"","pthumb":"","color":""},{"label":"39.5","value":"EU 39.5","price":"","pimage":"","pimage_id":"","pthumb":"","color":""},{"label":"40","value":"EU 40","price":"","pimage":"","pimage_id":"","pthumb":"","color":""},{"label":"40.5","value":"EU 40.5","price":"","pimage":"","pimage_id":"","pthumb":"","color":""},{"label":" 41.5","value":"EU 41.5","price":"","pimage":"","pimage_id":"","pthumb":"","color":""},{"label":"42","value":"EU 42","price":"","pimage":"","pimage_id":"","pthumb":"","color":""},{"label":"42.5","value":"EU 42.5","price":"","pimage":"","pimage_id":"","pthumb":"","color":""},{"label":"43.5","value":"EU 43.5","price":"","pimage":"","pimage_id":"","pthumb":"","color":""},{"label":"44","value":"EU 44","price":"","pimage":"","pimage_id":"","pthumb":"","color":""},{"label":"44.5","value":"EU 44.5","price":"","pimage":"","pimage_id":"","pthumb":"","color":""},{"label":"45","value":"EU 45","price":"","pimage":"","pimage_id":"","pthumb":"","color":""}],"relations":[{"operator":false,"rules":[]}],"form_id":184312,"form_rules":{"pric_cal_option_once":false,"exclude_from_discount":false,"pric_use_as_fee":false,"fee_label":"Fee","render_after_acb":false,"disp_hide_options_price":false}}]},"_links":{"self":[{"href":"https:\/\/moroen.com\/de\/wp-json\/wp\/v2\/product\/91164","targetHints":{"allow":["GET"]}}],"collection":[{"href":"https:\/\/moroen.com\/de\/wp-json\/wp\/v2\/product"}],"about":[{"href":"https:\/\/moroen.com\/de\/wp-json\/wp\/v2\/types\/product"}],"replies":[{"embeddable":true,"href":"https:\/\/moroen.com\/de\/wp-json\/wp\/v2\/comments?post=91164"}],"wp:featuredmedia":[{"embeddable":true,"href":"https:\/\/moroen.com\/de\/wp-json\/wp\/v2\/media\/91165"}],"wp:attachment":[{"href":"https:\/\/moroen.com\/de\/wp-json\/wp\/v2\/media?parent=91164"}],"wp:term":[{"taxonomy":"product_brand","embeddable":true,"href":"https:\/\/moroen.com\/de\/wp-json\/wp\/v2\/product_brand?post=91164"},{"taxonomy":"product_cat","embeddable":true,"href":"https:\/\/moroen.com\/de\/wp-json\/wp\/v2\/product_cat?post=91164"},{"taxonomy":"product_tag","embeddable":true,"href":"https:\/\/moroen.com\/de\/wp-json\/wp\/v2\/product_tag?post=91164"}],"curies":[{"name":"wp","href":"https:\/\/api.w.org\/{rel}","templated":true}]}}