{"id":91332,"date":"2026-03-17T10:40:33","date_gmt":"2026-03-17T03:40:33","guid":{"rendered":"https:\/\/moroen.com\/de\/product\/nike-kobe-8-protro-college-navy"},"modified":"2026-03-17T10:40:33","modified_gmt":"2026-03-17T03:40:33","slug":"nike-kobe-8-protro-college-navy","status":"publish","type":"product","link":"https:\/\/moroen.com\/de\/produkt\/nike-kobe-8-protro-college-navy\/","title":{"rendered":"Nike Kobe 8 Protro &#8218;College Navy&#8216;"},"content":{"rendered":"<p>Verbessere deinen Style und deine Performance mit dem legend\u00e4ren Nike Kobe 8 Protro &#8218;College Navy&#8216;. Dieser Sneaker wurde zu Ehren des verstorbenen Kobe Bryant entworfen und vereint Retro-Charme mit moderner Innovation. Die flache Silhouette bietet Flexibilit\u00e4t, w\u00e4hrend die Zoom Air-D\u00e4mpfung f\u00fcr reaktionsfreudigen Tragekomfort sorgt. Die leuchtende Farbe &#8218;College Navy&#8216; verleiht jedem Outfit einen markanten Touch. Steigere dein Spiel und hinterlasse einen bleibenden Eindruck mit dem Nike Kobe 8 Protro &#8218;College Navy&#8216;.<\/p>\n<ul>\n<li><strong>Farbgebung:<\/strong> College Navy\/Wei\u00df-College Navy<\/li>\n<li><strong>Style-Code:<\/strong> HF9550-400<\/li>\n<li><strong>Obermaterial:<\/strong> Mesh<\/li>\n<li><strong>Mittelsohle:<\/strong> React<\/li>\n<li><strong>Farbe:<\/strong> Navy<\/li>\n<li><strong>Designer:<\/strong> Eric Avar<\/li>\n<\/ul>\n","protected":false},"excerpt":{"rendered":"<p>Verbessere deinen Style und deine Performance mit dem legend\u00e4ren Nike Kobe 8 Protro &#8218;College Navy&#8216;. Dieser Sneaker wurde zu Ehren des verstorbenen Kobe Bryant entworfen und vereint Retro-Charme mit moderner Innovation. Die flache Silhouette bietet Flexibilit\u00e4t, w\u00e4hrend die Zoom Air-D\u00e4mpfung f\u00fcr reaktionsfreudigen Tragekomfort sorgt. Die leuchtende Farbe &#8218;College Navy&#8216; verleiht jedem Outfit einen markanten Touch. [&hellip;]<\/p>\n","protected":false},"featured_media":91333,"comment_status":"open","ping_status":"closed","template":"","meta":[],"product_brand":[],"product_cat":[10849,13955,10780,10773],"product_tag":[12579,12578,12555,11370,10762,12563,12547,12558],"class_list":{"0":"post-91332","1":"product","2":"type-product","3":"status-publish","4":"has-post-thumbnail","6":"product_cat-basketball-shoes","7":"product_cat-nike-kobe-8-protro","8":"product_cat-gender-men","9":"product_cat-nike","10":"product_tag-basketballschuhe","11":"product_tag-basketballschuhe-mit-kna-cheluntersta-tzung","12":"product_tag-geschenk-fa-r-ihn","13":"product_tag-kobe-bryant","14":"product_tag-nike","15":"product_tag-performance-sportschuhe","16":"product_tag-trendangebote","17":"product_tag-unter-retailpreis","18":"wcpa_has_options","20":"first","21":"instock","22":"taxable","23":"shipping-taxable","24":"purchasable","25":"product-type-simple"},"wcpa_form_fields":{"rules":{"pric_overide_base_price":false,"pric_overide_base_price_if_gt_zero":false,"pric_overide_base_price_fully":false,"pric_cal_option_once":false,"pric_use_as_fee":false,"bind_quantity":false,"quantity_bind_formula":false},"fields":[{"type":"color-group","required":true,"elementId":"wcpa-color-group-66c4a75505e74","label":"Gr\u00f6\u00dfe - EU Gr\u00f6\u00dfe","inline":true,"priceOptions":"different_for_all","pricingType":"fixed","className":"hassizechart product-shoes-size-eu product-shoes-size","name":"color-group-66c4a75505e89","disp_type":"square","selection_type":"tick-border","disp_size":"44","show_label_inside":true,"adjust_width":true,"cart_display_type":"text","other_text":"Other","cl_rule":"show","col":6,"values":[{"label":"35.5","value":"EU 35.5","price":"","pimage":"","pimage_id":"","pthumb":"","color":""},{"label":"36","value":"EU 36","price":"","pimage":"","pimage_id":"","pthumb":"","color":"","selected":true},{"label":"36.5","value":"EU 36.5","price":"","pimage":"","pimage_id":"","pthumb":"","color":""},{"label":"37.5","value":"EU 37.5","price":"","pimage":"","pimage_id":"","pthumb":"","color":""},{"label":"38","value":"EU 38","price":"","pimage":"","pimage_id":"","pthumb":"","color":""},{"label":"38.5","value":"EU 38.5","price":"","pimage":"","pimage_id":"","pthumb":"","color":""},{"label":"39","value":"EU 39","price":"","pimage":"","pimage_id":"","pthumb":"","color":""},{"label":"40","value":"EU 40","price":"","pimage":"","pimage_id":"","pthumb":"","color":""},{"label":"40.5","value":"EU 40.5","price":"","pimage":"","pimage_id":"","pthumb":"","color":""},{"label":"41","value":"EU 41","price":"","pimage":"","pimage_id":"","pthumb":"","color":""},{"label":"42","value":"EU 42","price":"","pimage":"","pimage_id":"","pthumb":"","color":""},{"label":"42.5","value":"EU 42.5","price":"","pimage":"","pimage_id":"","pthumb":"","color":""},{"label":"43","value":"EU 43","price":"","pimage":"","pimage_id":"","pthumb":"","color":""},{"label":"44","value":"EU 44","price":"","pimage":"","pimage_id":"","pthumb":"","color":""},{"label":"44.5","value":"EU 44.5","price":"","pimage":"","pimage_id":"","pthumb":"","color":""},{"label":"45","value":"EU 45","price":"","pimage":"","pimage_id":"","pthumb":"","color":""},{"label":"45.5","value":"EU 45.5","price":"","pimage":"","pimage_id":"","pthumb":"","color":""},{"label":"46","value":"EU 46","price":"","pimage":"","pimage_id":"","pthumb":"","color":""},{"label":"47","value":"EU 47","price":"","pimage":"","pimage_id":"","pthumb":"","color":""},{"label":"47.5","value":"EU 47.5","price":"","pimage":"","pimage_id":"","pthumb":"","color":""},{"label":"48","value":"EU 48","price":"","pimage":"","pimage_id":"","pthumb":"","color":""}],"relations":[{"operator":false,"rules":[]}],"form_id":18106,"form_rules":{"pric_cal_option_once":false,"exclude_from_discount":false,"pric_use_as_fee":false,"fee_label":"Fee","render_after_acb":false,"disp_hide_options_price":false}}]},"_links":{"self":[{"href":"https:\/\/moroen.com\/de\/wp-json\/wp\/v2\/product\/91332","targetHints":{"allow":["GET"]}}],"collection":[{"href":"https:\/\/moroen.com\/de\/wp-json\/wp\/v2\/product"}],"about":[{"href":"https:\/\/moroen.com\/de\/wp-json\/wp\/v2\/types\/product"}],"replies":[{"embeddable":true,"href":"https:\/\/moroen.com\/de\/wp-json\/wp\/v2\/comments?post=91332"}],"wp:featuredmedia":[{"embeddable":true,"href":"https:\/\/moroen.com\/de\/wp-json\/wp\/v2\/media\/91333"}],"wp:attachment":[{"href":"https:\/\/moroen.com\/de\/wp-json\/wp\/v2\/media?parent=91332"}],"wp:term":[{"taxonomy":"product_brand","embeddable":true,"href":"https:\/\/moroen.com\/de\/wp-json\/wp\/v2\/product_brand?post=91332"},{"taxonomy":"product_cat","embeddable":true,"href":"https:\/\/moroen.com\/de\/wp-json\/wp\/v2\/product_cat?post=91332"},{"taxonomy":"product_tag","embeddable":true,"href":"https:\/\/moroen.com\/de\/wp-json\/wp\/v2\/product_tag?post=91332"}],"curies":[{"name":"wp","href":"https:\/\/api.w.org\/{rel}","templated":true}]}}