{"id":91810,"date":"2026-03-17T10:40:48","date_gmt":"2026-03-17T03:40:48","guid":{"rendered":"https:\/\/moroen.com\/de\/product\/women-new-balance-327-black-white-crocodile"},"modified":"2026-03-17T10:40:48","modified_gmt":"2026-03-17T03:40:48","slug":"women-new-balance-327-black-white-crocodile","status":"publish","type":"product","link":"https:\/\/moroen.com\/de\/produkt\/women-new-balance-327-black-white-crocodile\/","title":{"rendered":"(Women) New Balance 327 &#8218;Black White Crocodile&#8216;"},"content":{"rendered":"<p>Wir pr\u00e4sentieren die New Balance 327 Black White Crocodile Sneakers f\u00fcr Damen. Diese stylischen Sneaker in Schwarz-Wei\u00df mit Krokodilpr\u00e4gung sind eine trendige und einzigartige Erg\u00e4nzung f\u00fcr Ihre Schuhsammlung. Dank der bew\u00e4hrten New Balance-Qualit\u00e4t genie\u00dfen Sie Komfort und Langlebigkeit bei jedem Schritt. Ob l\u00e4ssig oder sportlich \u2013 diese Sneaker sind ein Must-have f\u00fcr alle Fashionistas und passen perfekt zu jedem Outfit.<br \/>\n&#8230;<\/p>\n","protected":false},"excerpt":{"rendered":"<p>Wir pr\u00e4sentieren die New Balance 327 Black White Crocodile Sneakers f\u00fcr Damen. Diese stylischen Sneaker in Schwarz-Wei\u00df mit Krokodilpr\u00e4gung sind eine trendige und einzigartige Erg\u00e4nzung f\u00fcr Ihre Schuhsammlung. Dank der bew\u00e4hrten New Balance-Qualit\u00e4t genie\u00dfen Sie Komfort und Langlebigkeit bei jedem Schritt. Ob l\u00e4ssig oder sportlich \u2013 diese Sneaker sind ein Must-have f\u00fcr alle Fashionistas und [&hellip;]<\/p>\n","protected":false},"featured_media":91811,"comment_status":"open","ping_status":"closed","template":"","meta":[],"product_brand":[],"product_cat":[12247,10778,10774,10800],"product_tag":[12542,12574,12545,12557,10760,12571,12546],"class_list":{"0":"post-91810","1":"product","2":"type-product","3":"status-publish","4":"has-post-thumbnail","6":"product_cat-new-balance-327","7":"product_cat-lifestyle-shoes-running-inspired","8":"product_cat-new-balance","9":"product_cat-gender-women","10":"product_tag-athleisure-schuhe","11":"product_tag-geschenk-fa-r-sie","12":"product_tag-lifestyle-freizeitschuhe","13":"product_tag-lifestyle-schuhe-vom-laufen-inspiriert","14":"product_tag-new-balance","15":"product_tag-new-balance-laufschuhe","16":"product_tag-retro-laufschuhe","17":"wcpa_has_options","19":"first","20":"instock","21":"taxable","22":"shipping-taxable","23":"purchasable","24":"product-type-simple"},"wcpa_form_fields":{"rules":{"pric_overide_base_price":false,"pric_overide_base_price_if_gt_zero":false,"pric_overide_base_price_fully":false,"pric_cal_option_once":false,"pric_use_as_fee":false,"bind_quantity":false,"quantity_bind_formula":false},"fields":[{"type":"color-group","required":true,"elementId":"wcpa-color-group-66c4a928225d2","label":"Gr\u00f6\u00dfe","inline":true,"priceOptions":"different_for_all","pricingType":"fixed","className":"hassizechart product-shoes-size-eu product-shoes-size","name":"color-group-66c4a928225e2","disp_type":"square","selection_type":"tick-border","disp_size":"50","show_label_inside":true,"adjust_width":true,"cart_display_type":"text","other_text":"Other","cl_rule":"show","col":6,"values":[{"label":"35","value":"EU 35","price":"","pimage":"","pimage_id":"","pthumb":"","color":""},{"label":"36","value":"EU 36","price":"","pimage":"","pimage_id":"","pthumb":"","color":"","selected":true},{"label":"37","value":"EU 37","price":"","pimage":"","pimage_id":"","pthumb":"","color":""},{"label":"37.5","value":"EU 37.5","price":"","pimage":"","pimage_id":"","pthumb":"","color":""},{"label":"38","value":"EU 38","price":"","pimage":"","pimage_id":"","pthumb":"","color":""},{"label":"38.5","value":"EU 38.5","price":"","pimage":"","pimage_id":"","pthumb":"","color":""},{"label":"39","value":"EU 39","price":"","pimage":"","pimage_id":"","pthumb":"","color":""},{"label":"39.5","value":"EU 39.5","price":"","pimage":"","pimage_id":"","pthumb":"","color":""},{"label":"40","value":"EU 40","price":"","pimage":"","pimage_id":"","pthumb":"","color":""},{"label":"40.5","value":"EU 40.5","price":"","pimage":"","pimage_id":"","pthumb":"","color":""},{"label":" 41.5","value":"EU 41.5","price":"","pimage":"","pimage_id":"","pthumb":"","color":""},{"label":"42","value":"EU 42","price":"","pimage":"","pimage_id":"","pthumb":"","color":""},{"label":"42.5","value":"EU 42.5","price":"","pimage":"","pimage_id":"","pthumb":"","color":""},{"label":"43","value":"EU 43","price":"","pimage":"","pimage_id":"","pthumb":"","color":""},{"label":"44","value":"EU 44","price":"","pimage":"","pimage_id":"","pthumb":"","color":""},{"label":"44.5","value":"EU 44.5","price":"","pimage":"","pimage_id":"","pthumb":"","color":""},{"label":"45","value":"EU 45","price":"","pimage":"","pimage_id":"","pthumb":"","color":""},{"label":"45.5","value":"EU 45.5","price":"","pimage":"","pimage_id":"","pthumb":"","color":""},{"label":"46","value":"EU 46","price":"","pimage":"","pimage_id":"","pthumb":"","color":""}],"relations":[{"operator":false,"rules":[]}],"form_id":24803,"form_rules":{"pric_cal_option_once":false,"exclude_from_discount":false,"pric_use_as_fee":false,"fee_label":"Fee","render_after_acb":false,"disp_hide_options_price":false}}]},"_links":{"self":[{"href":"https:\/\/moroen.com\/de\/wp-json\/wp\/v2\/product\/91810","targetHints":{"allow":["GET"]}}],"collection":[{"href":"https:\/\/moroen.com\/de\/wp-json\/wp\/v2\/product"}],"about":[{"href":"https:\/\/moroen.com\/de\/wp-json\/wp\/v2\/types\/product"}],"replies":[{"embeddable":true,"href":"https:\/\/moroen.com\/de\/wp-json\/wp\/v2\/comments?post=91810"}],"wp:featuredmedia":[{"embeddable":true,"href":"https:\/\/moroen.com\/de\/wp-json\/wp\/v2\/media\/91811"}],"wp:attachment":[{"href":"https:\/\/moroen.com\/de\/wp-json\/wp\/v2\/media?parent=91810"}],"wp:term":[{"taxonomy":"product_brand","embeddable":true,"href":"https:\/\/moroen.com\/de\/wp-json\/wp\/v2\/product_brand?post=91810"},{"taxonomy":"product_cat","embeddable":true,"href":"https:\/\/moroen.com\/de\/wp-json\/wp\/v2\/product_cat?post=91810"},{"taxonomy":"product_tag","embeddable":true,"href":"https:\/\/moroen.com\/de\/wp-json\/wp\/v2\/product_tag?post=91810"}],"curies":[{"name":"wp","href":"https:\/\/api.w.org\/{rel}","templated":true}]}}