{"id":91873,"date":"2026-03-17T10:40:50","date_gmt":"2026-03-17T03:40:50","guid":{"rendered":"https:\/\/moroen.com\/de\/product\/custom-shoes-nike-hyperdunk-x-low-juice-pink"},"modified":"2026-03-17T10:40:50","modified_gmt":"2026-03-17T03:40:50","slug":"custom-shoes-nike-hyperdunk-x-low-juice-pink","status":"publish","type":"product","link":"https:\/\/moroen.com\/de\/produkt\/custom-shoes-nike-hyperdunk-x-low-juice-pink\/","title":{"rendered":"[Custom Shoes] Nike Hyperdunk X Low &#8218;Juice Pink&#8216;"},"content":{"rendered":"<p>Erlebe unvergleichliche Performance mit den Nike Hyperdunk X Low \u201eJuice Pink\u201c Custom-Schuhen. Diese stylischen Sneaker vereinen Style und Funktionalit\u00e4t perfekt und bestechen durch ihren dynamischen Farbton \u201eJuice Pink\u201c, der sowohl auf als auch neben dem Court f\u00fcr Aufsehen sorgt. Dank fortschrittlicher D\u00e4mpfung bieten sie \u00fcberragenden Komfort und sicheren Halt und garantieren maximale Agilit\u00e4t beim Spielen. Verbessere dein Spiel und bringe deinen einzigartigen Style mit diesen Must-have-Sneakern zum Ausdruck. Perfekt f\u00fcr Athleten und Trendsetter.<\/p>\n<p>Style-Code: AR0465-100 (Team76-\u679c\u6c41\u7c89S-BOX)<\/p>\n<p>Farbe: Pink<\/p>\n<p>Style-Code: AR0465-100 (Team76-\u679c\u6c41\u7c89S-BOX)<\/p>\n<p>Farbe: Pink<\/p>\n<p>Style-Code: AR0465-100 (Team76-\u679c\u6c41\u7c89S-BOX)<\/p>\n<p>Farbe: Pink<\/p>\n<p>Style-Code: AR0465-100 (Team76-\u679c\u6c41\u7c89S-BOX)<\/p>\n<p>Farbe: Pink<\/p>\n<p>Style-Code: AR0465-100 (Juice Pink) &#8230;<\/p>\n","protected":false},"excerpt":{"rendered":"<p>Erlebe unvergleichliche Performance mit den Nike Hyperdunk X Low \u201eJuice Pink\u201c Custom-Schuhen. Diese stylischen Sneaker vereinen Style und Funktionalit\u00e4t perfekt und bestechen durch ihren dynamischen Farbton \u201eJuice Pink\u201c, der sowohl auf als auch neben dem Court f\u00fcr Aufsehen sorgt. Dank fortschrittlicher D\u00e4mpfung bieten sie \u00fcberragenden Komfort und sicheren Halt und garantieren maximale Agilit\u00e4t beim Spielen. [&hellip;]<\/p>\n","protected":false},"featured_media":91874,"comment_status":"open","ping_status":"closed","template":"","meta":[],"product_brand":[],"product_cat":[10849,14184,10780,10773],"product_tag":[12579,12578,12555,13652,10762,12563],"class_list":{"0":"post-91873","1":"product","2":"type-product","3":"status-publish","4":"has-post-thumbnail","6":"product_cat-basketball-shoes","7":"product_cat-nike-hyperdunk-x","8":"product_cat-gender-men","9":"product_cat-nike","10":"product_tag-basketballschuhe","11":"product_tag-basketballschuhe-mit-kna-cheluntersta-tzung","12":"product_tag-geschenk-fa-r-ihn","13":"product_tag-maaygeschneiderte-schuhe","14":"product_tag-nike","15":"product_tag-performance-sportschuhe","16":"wcpa_has_options","18":"first","19":"instock","20":"taxable","21":"shipping-taxable","22":"purchasable","23":"product-type-simple"},"wcpa_form_fields":{"rules":{"pric_overide_base_price":false,"pric_overide_base_price_if_gt_zero":false,"pric_overide_base_price_fully":false,"pric_cal_option_once":false,"pric_use_as_fee":false,"bind_quantity":false,"quantity_bind_formula":false},"fields":[{"type":"color-group","required":true,"elementId":"wcpa-color-group-66c4a75505e74","label":"Gr\u00f6\u00dfe - EU Gr\u00f6\u00dfe","inline":true,"priceOptions":"different_for_all","pricingType":"fixed","className":"hassizechart product-shoes-size-eu product-shoes-size","name":"color-group-66c4a75505e89","disp_type":"square","selection_type":"tick-border","disp_size":"44","show_label_inside":true,"adjust_width":true,"cart_display_type":"text","other_text":"Other","cl_rule":"show","col":6,"values":[{"label":"35.5","value":"EU 35.5","price":"","pimage":"","pimage_id":"","pthumb":"","color":""},{"label":"36","value":"EU 36","price":"","pimage":"","pimage_id":"","pthumb":"","color":"","selected":true},{"label":"36.5","value":"EU 36.5","price":"","pimage":"","pimage_id":"","pthumb":"","color":""},{"label":"37.5","value":"EU 37.5","price":"","pimage":"","pimage_id":"","pthumb":"","color":""},{"label":"38","value":"EU 38","price":"","pimage":"","pimage_id":"","pthumb":"","color":""},{"label":"38.5","value":"EU 38.5","price":"","pimage":"","pimage_id":"","pthumb":"","color":""},{"label":"39","value":"EU 39","price":"","pimage":"","pimage_id":"","pthumb":"","color":""},{"label":"40","value":"EU 40","price":"","pimage":"","pimage_id":"","pthumb":"","color":""},{"label":"40.5","value":"EU 40.5","price":"","pimage":"","pimage_id":"","pthumb":"","color":""},{"label":"41","value":"EU 41","price":"","pimage":"","pimage_id":"","pthumb":"","color":""},{"label":"42","value":"EU 42","price":"","pimage":"","pimage_id":"","pthumb":"","color":""},{"label":"42.5","value":"EU 42.5","price":"","pimage":"","pimage_id":"","pthumb":"","color":""},{"label":"43","value":"EU 43","price":"","pimage":"","pimage_id":"","pthumb":"","color":""},{"label":"44","value":"EU 44","price":"","pimage":"","pimage_id":"","pthumb":"","color":""},{"label":"44.5","value":"EU 44.5","price":"","pimage":"","pimage_id":"","pthumb":"","color":""},{"label":"45","value":"EU 45","price":"","pimage":"","pimage_id":"","pthumb":"","color":""},{"label":"45.5","value":"EU 45.5","price":"","pimage":"","pimage_id":"","pthumb":"","color":""},{"label":"46","value":"EU 46","price":"","pimage":"","pimage_id":"","pthumb":"","color":""},{"label":"47","value":"EU 47","price":"","pimage":"","pimage_id":"","pthumb":"","color":""},{"label":"47.5","value":"EU 47.5","price":"","pimage":"","pimage_id":"","pthumb":"","color":""},{"label":"48","value":"EU 48","price":"","pimage":"","pimage_id":"","pthumb":"","color":""}],"relations":[{"operator":false,"rules":[]}],"form_id":18106,"form_rules":{"pric_cal_option_once":false,"exclude_from_discount":false,"pric_use_as_fee":false,"fee_label":"Fee","render_after_acb":false,"disp_hide_options_price":false}}]},"_links":{"self":[{"href":"https:\/\/moroen.com\/de\/wp-json\/wp\/v2\/product\/91873","targetHints":{"allow":["GET"]}}],"collection":[{"href":"https:\/\/moroen.com\/de\/wp-json\/wp\/v2\/product"}],"about":[{"href":"https:\/\/moroen.com\/de\/wp-json\/wp\/v2\/types\/product"}],"replies":[{"embeddable":true,"href":"https:\/\/moroen.com\/de\/wp-json\/wp\/v2\/comments?post=91873"}],"wp:featuredmedia":[{"embeddable":true,"href":"https:\/\/moroen.com\/de\/wp-json\/wp\/v2\/media\/91874"}],"wp:attachment":[{"href":"https:\/\/moroen.com\/de\/wp-json\/wp\/v2\/media?parent=91873"}],"wp:term":[{"taxonomy":"product_brand","embeddable":true,"href":"https:\/\/moroen.com\/de\/wp-json\/wp\/v2\/product_brand?post=91873"},{"taxonomy":"product_cat","embeddable":true,"href":"https:\/\/moroen.com\/de\/wp-json\/wp\/v2\/product_cat?post=91873"},{"taxonomy":"product_tag","embeddable":true,"href":"https:\/\/moroen.com\/de\/wp-json\/wp\/v2\/product_tag?post=91873"}],"curies":[{"name":"wp","href":"https:\/\/api.w.org\/{rel}","templated":true}]}}