{"id":92008,"date":"2026-03-17T10:40:54","date_gmt":"2026-03-17T03:40:54","guid":{"rendered":"https:\/\/moroen.com\/de\/product\/nike-air-max-90-surplus-desert-camo"},"modified":"2026-03-17T10:40:54","modified_gmt":"2026-03-17T03:40:54","slug":"nike-air-max-90-surplus-desert-camo","status":"publish","type":"product","link":"https:\/\/moroen.com\/de\/produkt\/nike-air-max-90-surplus-desert-camo\/","title":{"rendered":"Nike Air Max 90 Surplus &#8218;Desert Camo&#8216;"},"content":{"rendered":"<p>Der Nike Air Max 90 Surplus Desert Camo, auch bekannt als Desert Camo, ist ein stylischer und strapazierf\u00e4higer Schuh, perfekt f\u00fcr den Alltag. Seine braune Farbe mit Camouflage-Muster verleiht deinem Outfit eine besondere Note. Hergestellt von Nike, bietet dieser Schuh sowohl Komfort als auch Style und ist daher eine Top-Wahl f\u00fcr Sneaker-Fans.<\/p>\n<p>Farbgebung: Desert Camo\/Safety Orange\/Desert Camo<\/p>\n<p>Artikelnummer: CQ7743-200<\/p>\n<p>Obermaterial: Textil<\/p>\n<p>Zwischensohle: Air<\/p>\n<p>Farbe: Beige<\/p>\n<p>Designer: Tinker Hatfield<\/p>\n<p>Saison: Herbst<\/p>\n<p>Erscheinungsjahr: 2020<\/p>\n","protected":false},"excerpt":{"rendered":"<p>Der Nike Air Max 90 Surplus Desert Camo, auch bekannt als Desert Camo, ist ein stylischer und strapazierf\u00e4higer Schuh, perfekt f\u00fcr den Alltag. Seine braune Farbe mit Camouflage-Muster verleiht deinem Outfit eine besondere Note. Hergestellt von Nike, bietet dieser Schuh sowohl Komfort als auch Style und ist daher eine Top-Wahl f\u00fcr Sneaker-Fans. Farbgebung: Desert Camo\/Safety [&hellip;]<\/p>\n","protected":false},"featured_media":92009,"comment_status":"open","ping_status":"closed","template":"","meta":[],"product_brand":[],"product_cat":[11483,10778,10780,10773],"product_tag":[12542,12555,12545,12557,10762,12561,12546],"class_list":{"0":"post-92008","1":"product","2":"type-product","3":"status-publish","4":"has-post-thumbnail","6":"product_cat-nike-air-max-90-surplus","7":"product_cat-lifestyle-shoes-running-inspired","8":"product_cat-gender-men","9":"product_cat-nike","10":"product_tag-athleisure-schuhe","11":"product_tag-geschenk-fa-r-ihn","12":"product_tag-lifestyle-freizeitschuhe","13":"product_tag-lifestyle-schuhe-vom-laufen-inspiriert","14":"product_tag-nike","15":"product_tag-nike-laufschuhe","16":"product_tag-retro-laufschuhe","17":"wcpa_has_options","19":"first","20":"instock","21":"taxable","22":"shipping-taxable","23":"purchasable","24":"product-type-simple"},"wcpa_form_fields":{"rules":{"pric_overide_base_price":false,"pric_overide_base_price_if_gt_zero":false,"pric_overide_base_price_fully":false,"pric_cal_option_once":false,"pric_use_as_fee":false,"bind_quantity":false,"quantity_bind_formula":false},"fields":[{"type":"color-group","required":true,"elementId":"wcpa-color-group-66c4a75505e74","label":"Gr\u00f6\u00dfe - EU Gr\u00f6\u00dfe","inline":true,"priceOptions":"different_for_all","pricingType":"fixed","className":"hassizechart product-shoes-size-eu product-shoes-size","name":"color-group-66c4a75505e89","disp_type":"square","selection_type":"tick-border","disp_size":"44","show_label_inside":true,"adjust_width":true,"cart_display_type":"text","other_text":"Other","cl_rule":"show","col":6,"values":[{"label":"35.5","value":"EU 35.5","price":"","pimage":"","pimage_id":"","pthumb":"","color":""},{"label":"36","value":"EU 36","price":"","pimage":"","pimage_id":"","pthumb":"","color":"","selected":true},{"label":"36.5","value":"EU 36.5","price":"","pimage":"","pimage_id":"","pthumb":"","color":""},{"label":"37.5","value":"EU 37.5","price":"","pimage":"","pimage_id":"","pthumb":"","color":""},{"label":"38","value":"EU 38","price":"","pimage":"","pimage_id":"","pthumb":"","color":""},{"label":"38.5","value":"EU 38.5","price":"","pimage":"","pimage_id":"","pthumb":"","color":""},{"label":"39","value":"EU 39","price":"","pimage":"","pimage_id":"","pthumb":"","color":""},{"label":"40","value":"EU 40","price":"","pimage":"","pimage_id":"","pthumb":"","color":""},{"label":"40.5","value":"EU 40.5","price":"","pimage":"","pimage_id":"","pthumb":"","color":""},{"label":"41","value":"EU 41","price":"","pimage":"","pimage_id":"","pthumb":"","color":""},{"label":"42","value":"EU 42","price":"","pimage":"","pimage_id":"","pthumb":"","color":""},{"label":"42.5","value":"EU 42.5","price":"","pimage":"","pimage_id":"","pthumb":"","color":""},{"label":"43","value":"EU 43","price":"","pimage":"","pimage_id":"","pthumb":"","color":""},{"label":"44","value":"EU 44","price":"","pimage":"","pimage_id":"","pthumb":"","color":""},{"label":"44.5","value":"EU 44.5","price":"","pimage":"","pimage_id":"","pthumb":"","color":""},{"label":"45","value":"EU 45","price":"","pimage":"","pimage_id":"","pthumb":"","color":""},{"label":"45.5","value":"EU 45.5","price":"","pimage":"","pimage_id":"","pthumb":"","color":""},{"label":"46","value":"EU 46","price":"","pimage":"","pimage_id":"","pthumb":"","color":""},{"label":"47","value":"EU 47","price":"","pimage":"","pimage_id":"","pthumb":"","color":""},{"label":"47.5","value":"EU 47.5","price":"","pimage":"","pimage_id":"","pthumb":"","color":""},{"label":"48","value":"EU 48","price":"","pimage":"","pimage_id":"","pthumb":"","color":""}],"relations":[{"operator":false,"rules":[]}],"form_id":18106,"form_rules":{"pric_cal_option_once":false,"exclude_from_discount":false,"pric_use_as_fee":false,"fee_label":"Fee","render_after_acb":false,"disp_hide_options_price":false}}]},"_links":{"self":[{"href":"https:\/\/moroen.com\/de\/wp-json\/wp\/v2\/product\/92008","targetHints":{"allow":["GET"]}}],"collection":[{"href":"https:\/\/moroen.com\/de\/wp-json\/wp\/v2\/product"}],"about":[{"href":"https:\/\/moroen.com\/de\/wp-json\/wp\/v2\/types\/product"}],"replies":[{"embeddable":true,"href":"https:\/\/moroen.com\/de\/wp-json\/wp\/v2\/comments?post=92008"}],"wp:featuredmedia":[{"embeddable":true,"href":"https:\/\/moroen.com\/de\/wp-json\/wp\/v2\/media\/92009"}],"wp:attachment":[{"href":"https:\/\/moroen.com\/de\/wp-json\/wp\/v2\/media?parent=92008"}],"wp:term":[{"taxonomy":"product_brand","embeddable":true,"href":"https:\/\/moroen.com\/de\/wp-json\/wp\/v2\/product_brand?post=92008"},{"taxonomy":"product_cat","embeddable":true,"href":"https:\/\/moroen.com\/de\/wp-json\/wp\/v2\/product_cat?post=92008"},{"taxonomy":"product_tag","embeddable":true,"href":"https:\/\/moroen.com\/de\/wp-json\/wp\/v2\/product_tag?post=92008"}],"curies":[{"name":"wp","href":"https:\/\/api.w.org\/{rel}","templated":true}]}}