{"id":92380,"date":"2026-03-17T10:41:04","date_gmt":"2026-03-17T03:41:04","guid":{"rendered":"https:\/\/moroen.com\/de\/product\/nike-air-zoom-structure-20-black"},"modified":"2026-03-17T10:41:04","modified_gmt":"2026-03-17T03:41:04","slug":"nike-air-zoom-structure-20-black","status":"publish","type":"product","link":"https:\/\/moroen.com\/de\/produkt\/nike-air-zoom-structure-20-black\/","title":{"rendered":"Nike Air Zoom Structure 20 &#8218;Black&#8216;"},"content":{"rendered":"<p>Erlebe unvergleichliche Performance und Style mit dem Nike Air Zoom Structure 20 &#8218;Black&#8216; (849576-003). Dieser Laufschuh wurde f\u00fcr Stabilit\u00e4t und Komfort entwickelt und verf\u00fcgt \u00fcber ein dynamisches St\u00fctzsystem sowie eine reaktionsfreudige Zoom Air-D\u00e4mpfung. Das elegante schwarze Design wird durch atmungsaktives Mesh und leichte Flywire-Fasern f\u00fcr sicheren Halt erg\u00e4nzt. Der Structure 20 ist ideal f\u00fcr L\u00e4ufer aller Leistungsstufen und garantiert ein geschmeidiges Laufgef\u00fchl und optimale Unterst\u00fctzung. Bringe dein Fitnesstraining mit dieser perfekten Kombination aus Funktionalit\u00e4t und Style auf ein neues Level.<\/p>\n<p>Farbgebung: Schwarz\/Wei\u00df-Cool Grey-Pure Platinum-Wolf Grey<\/p>\n<p>Artikelnummer: 849576-003<\/p>\n<p>Obermaterial: Mesh<\/p>\n<p>Mittelsohle: Air<\/p>\n<p>Farbe: Schwarz<\/p>\n<p>Farbe<\/p>\n","protected":false},"excerpt":{"rendered":"<p>Erlebe unvergleichliche Performance und Style mit dem Nike Air Zoom Structure 20 &#8218;Black&#8216; (849576-003). Dieser Laufschuh wurde f\u00fcr Stabilit\u00e4t und Komfort entwickelt und verf\u00fcgt \u00fcber ein dynamisches St\u00fctzsystem sowie eine reaktionsfreudige Zoom Air-D\u00e4mpfung. Das elegante schwarze Design wird durch atmungsaktives Mesh und leichte Flywire-Fasern f\u00fcr sicheren Halt erg\u00e4nzt. Der Structure 20 ist ideal f\u00fcr L\u00e4ufer [&hellip;]<\/p>\n","protected":false},"featured_media":92381,"comment_status":"open","ping_status":"closed","template":"","meta":[],"product_brand":[],"product_cat":[14396,10780,10773,10794],"product_tag":[12579,12578,12555,12564,10762,12561,12563,12558],"class_list":{"0":"post-92380","1":"product","2":"type-product","3":"status-publish","4":"has-post-thumbnail","6":"product_cat-nike-air-zoom-structure-20","7":"product_cat-gender-men","8":"product_cat-nike","9":"product_cat-running-shoes","10":"product_tag-basketballschuhe","11":"product_tag-basketballschuhe-mit-kna-cheluntersta-tzung","12":"product_tag-geschenk-fa-r-ihn","13":"product_tag-laufschuhe","14":"product_tag-nike","15":"product_tag-nike-laufschuhe","16":"product_tag-performance-sportschuhe","17":"product_tag-unter-retailpreis","18":"wcpa_has_options","20":"first","21":"instock","22":"taxable","23":"shipping-taxable","24":"purchasable","25":"product-type-simple"},"wcpa_form_fields":{"rules":{"pric_overide_base_price":false,"pric_overide_base_price_if_gt_zero":false,"pric_overide_base_price_fully":false,"pric_cal_option_once":false,"pric_use_as_fee":false,"bind_quantity":false,"quantity_bind_formula":false},"fields":[{"type":"color-group","required":true,"elementId":"wcpa-color-group-66c4a75505e74","label":"Gr\u00f6\u00dfe - EU Gr\u00f6\u00dfe","inline":true,"priceOptions":"different_for_all","pricingType":"fixed","className":"hassizechart product-shoes-size-eu product-shoes-size","name":"color-group-66c4a75505e89","disp_type":"square","selection_type":"tick-border","disp_size":"44","show_label_inside":true,"adjust_width":true,"cart_display_type":"text","other_text":"Other","cl_rule":"show","col":6,"values":[{"label":"35.5","value":"EU 35.5","price":"","pimage":"","pimage_id":"","pthumb":"","color":""},{"label":"36","value":"EU 36","price":"","pimage":"","pimage_id":"","pthumb":"","color":"","selected":true},{"label":"36.5","value":"EU 36.5","price":"","pimage":"","pimage_id":"","pthumb":"","color":""},{"label":"37.5","value":"EU 37.5","price":"","pimage":"","pimage_id":"","pthumb":"","color":""},{"label":"38","value":"EU 38","price":"","pimage":"","pimage_id":"","pthumb":"","color":""},{"label":"38.5","value":"EU 38.5","price":"","pimage":"","pimage_id":"","pthumb":"","color":""},{"label":"39","value":"EU 39","price":"","pimage":"","pimage_id":"","pthumb":"","color":""},{"label":"40","value":"EU 40","price":"","pimage":"","pimage_id":"","pthumb":"","color":""},{"label":"40.5","value":"EU 40.5","price":"","pimage":"","pimage_id":"","pthumb":"","color":""},{"label":"41","value":"EU 41","price":"","pimage":"","pimage_id":"","pthumb":"","color":""},{"label":"42","value":"EU 42","price":"","pimage":"","pimage_id":"","pthumb":"","color":""},{"label":"42.5","value":"EU 42.5","price":"","pimage":"","pimage_id":"","pthumb":"","color":""},{"label":"43","value":"EU 43","price":"","pimage":"","pimage_id":"","pthumb":"","color":""},{"label":"44","value":"EU 44","price":"","pimage":"","pimage_id":"","pthumb":"","color":""},{"label":"44.5","value":"EU 44.5","price":"","pimage":"","pimage_id":"","pthumb":"","color":""},{"label":"45","value":"EU 45","price":"","pimage":"","pimage_id":"","pthumb":"","color":""},{"label":"45.5","value":"EU 45.5","price":"","pimage":"","pimage_id":"","pthumb":"","color":""},{"label":"46","value":"EU 46","price":"","pimage":"","pimage_id":"","pthumb":"","color":""},{"label":"47","value":"EU 47","price":"","pimage":"","pimage_id":"","pthumb":"","color":""},{"label":"47.5","value":"EU 47.5","price":"","pimage":"","pimage_id":"","pthumb":"","color":""},{"label":"48","value":"EU 48","price":"","pimage":"","pimage_id":"","pthumb":"","color":""}],"relations":[{"operator":false,"rules":[]}],"form_id":18106,"form_rules":{"pric_cal_option_once":false,"exclude_from_discount":false,"pric_use_as_fee":false,"fee_label":"Fee","render_after_acb":false,"disp_hide_options_price":false}}]},"_links":{"self":[{"href":"https:\/\/moroen.com\/de\/wp-json\/wp\/v2\/product\/92380","targetHints":{"allow":["GET"]}}],"collection":[{"href":"https:\/\/moroen.com\/de\/wp-json\/wp\/v2\/product"}],"about":[{"href":"https:\/\/moroen.com\/de\/wp-json\/wp\/v2\/types\/product"}],"replies":[{"embeddable":true,"href":"https:\/\/moroen.com\/de\/wp-json\/wp\/v2\/comments?post=92380"}],"wp:featuredmedia":[{"embeddable":true,"href":"https:\/\/moroen.com\/de\/wp-json\/wp\/v2\/media\/92381"}],"wp:attachment":[{"href":"https:\/\/moroen.com\/de\/wp-json\/wp\/v2\/media?parent=92380"}],"wp:term":[{"taxonomy":"product_brand","embeddable":true,"href":"https:\/\/moroen.com\/de\/wp-json\/wp\/v2\/product_brand?post=92380"},{"taxonomy":"product_cat","embeddable":true,"href":"https:\/\/moroen.com\/de\/wp-json\/wp\/v2\/product_cat?post=92380"},{"taxonomy":"product_tag","embeddable":true,"href":"https:\/\/moroen.com\/de\/wp-json\/wp\/v2\/product_tag?post=92380"}],"curies":[{"name":"wp","href":"https:\/\/api.w.org\/{rel}","templated":true}]}}