{"id":92699,"date":"2026-03-17T10:41:15","date_gmt":"2026-03-17T03:41:15","guid":{"rendered":"https:\/\/moroen.com\/de\/product\/nike-lunar-force-1-duckboot-black-neutral-olive"},"modified":"2026-03-24T15:06:10","modified_gmt":"2026-03-24T08:06:10","slug":"nike-lunar-force-1-duckboot-black-neutral-olive","status":"publish","type":"product","link":"https:\/\/moroen.com\/de\/produkt\/nike-lunar-force-1-duckboot-black-neutral-olive\/","title":{"rendered":"Nike Lunar Force 1 Duckboot &#8218;Black Neutral Olive&#8216;"},"content":{"rendered":"<p>Wir pr\u00e4sentieren den Nike Lunar Force 1 Duckboot in \u201eBlack Neutral Olive\u201c \u2013 die ultimative Verbindung von Style und Funktionalit\u00e4t. Dieser Stiefel wurde f\u00fcr Abenteurer entwickelt und kombiniert die legend\u00e4re Lunarlon-D\u00e4mpfung f\u00fcr au\u00dfergew\u00f6hnlichen Tragekomfort mit einer robusten Gummisohle f\u00fcr optimale Traktion. Sein wasserabweisendes Obermaterial h\u00e4lt deine F\u00fc\u00dfe bei jedem Wetter trocken, w\u00e4hrend das kuschelige Futter sie warm h\u00e4lt. Werten Sie Ihre Garderobe mit diesem vielseitigen Stiefel auf, der sich nahtlos vom urbanen Stra\u00dfenbild bis zum Gel\u00e4nde eignet.<\/p>\n<ul>\n<li><strong>Farbgebung:<\/strong> Schwarz\/Schwarz\/Neutraloliv<\/li>\n<li><strong>Artikelnummer:<\/strong> DZ5320-001<\/li>\n<li><strong>Obermaterial:<\/strong> Leder<\/li>\n<li><strong>Zwischensohle:<\/strong> Lunarlon<\/li>\n<li><strong>Farbe:<\/strong> Schwarz<\/li>\n<li><strong>Saison:<\/strong> Herbst<\/li>\n<li><strong>Erscheinungsjahr:<\/strong> 2023<\/li>\n<\/ul>\n","protected":false},"excerpt":{"rendered":"<p>Wir pr\u00e4sentieren den Nike Lunar Force 1 Duckboot in \u201eBlack Neutral Olive\u201c \u2013 die ultimative Verbindung von Style und Funktionalit\u00e4t. Dieser Stiefel wurde f\u00fcr Abenteurer entwickelt und kombiniert die legend\u00e4re Lunarlon-D\u00e4mpfung f\u00fcr au\u00dfergew\u00f6hnlichen Tragekomfort mit einer robusten Gummisohle f\u00fcr optimale Traktion. Sein wasserabweisendes Obermaterial h\u00e4lt deine F\u00fc\u00dfe bei jedem Wetter trocken, w\u00e4hrend das kuschelige Futter [&hellip;]<\/p>\n","protected":false},"featured_media":92700,"comment_status":"open","ping_status":"closed","template":"","meta":[],"product_brand":[],"product_cat":[14426,10780,10773,10883],"product_tag":[12648,12545,14424,10762,12580,14425,12651,12558,13188],"class_list":{"0":"post-92699","1":"product","2":"type-product","3":"status-publish","4":"has-post-thumbnail","6":"product_cat-nike-lunar-force-1","7":"product_cat-gender-men","8":"product_cat-nike","9":"product_cat-skateboard-shoes","10":"product_tag-beste-geschenke-unter-100","11":"product_tag-lifestyle-freizeitschuhe","12":"product_tag-lifestyle-stiefel","13":"product_tag-nike","14":"product_tag-nike-skateboard-schuhe","15":"product_tag-outdoor-stiefel","16":"product_tag-skateboard-schuhe","17":"product_tag-unter-retailpreis","18":"product_tag-wanderschuhe","19":"wcpa_has_options","21":"first","22":"outofstock","23":"taxable","24":"shipping-taxable","25":"purchasable","26":"product-type-simple"},"wcpa_form_fields":{"rules":{"pric_overide_base_price":false,"pric_overide_base_price_if_gt_zero":false,"pric_overide_base_price_fully":false,"pric_cal_option_once":false,"pric_use_as_fee":false,"bind_quantity":false,"quantity_bind_formula":false},"fields":[{"type":"color-group","required":true,"elementId":"wcpa-color-group-66c4a75505e74","label":"Gr\u00f6\u00dfe - EU Gr\u00f6\u00dfe","inline":true,"priceOptions":"different_for_all","pricingType":"fixed","className":"hassizechart product-shoes-size-eu product-shoes-size","name":"color-group-66c4a75505e89","disp_type":"square","selection_type":"tick-border","disp_size":"44","show_label_inside":true,"adjust_width":true,"cart_display_type":"text","other_text":"Other","cl_rule":"show","col":6,"values":[{"label":"35.5","value":"EU 35.5","price":"","pimage":"","pimage_id":"","pthumb":"","color":""},{"label":"36","value":"EU 36","price":"","pimage":"","pimage_id":"","pthumb":"","color":"","selected":true},{"label":"36.5","value":"EU 36.5","price":"","pimage":"","pimage_id":"","pthumb":"","color":""},{"label":"37.5","value":"EU 37.5","price":"","pimage":"","pimage_id":"","pthumb":"","color":""},{"label":"38","value":"EU 38","price":"","pimage":"","pimage_id":"","pthumb":"","color":""},{"label":"38.5","value":"EU 38.5","price":"","pimage":"","pimage_id":"","pthumb":"","color":""},{"label":"39","value":"EU 39","price":"","pimage":"","pimage_id":"","pthumb":"","color":""},{"label":"40","value":"EU 40","price":"","pimage":"","pimage_id":"","pthumb":"","color":""},{"label":"40.5","value":"EU 40.5","price":"","pimage":"","pimage_id":"","pthumb":"","color":""},{"label":"41","value":"EU 41","price":"","pimage":"","pimage_id":"","pthumb":"","color":""},{"label":"42","value":"EU 42","price":"","pimage":"","pimage_id":"","pthumb":"","color":""},{"label":"42.5","value":"EU 42.5","price":"","pimage":"","pimage_id":"","pthumb":"","color":""},{"label":"43","value":"EU 43","price":"","pimage":"","pimage_id":"","pthumb":"","color":""},{"label":"44","value":"EU 44","price":"","pimage":"","pimage_id":"","pthumb":"","color":""},{"label":"44.5","value":"EU 44.5","price":"","pimage":"","pimage_id":"","pthumb":"","color":""},{"label":"45","value":"EU 45","price":"","pimage":"","pimage_id":"","pthumb":"","color":""},{"label":"45.5","value":"EU 45.5","price":"","pimage":"","pimage_id":"","pthumb":"","color":""},{"label":"46","value":"EU 46","price":"","pimage":"","pimage_id":"","pthumb":"","color":""},{"label":"47","value":"EU 47","price":"","pimage":"","pimage_id":"","pthumb":"","color":""},{"label":"47.5","value":"EU 47.5","price":"","pimage":"","pimage_id":"","pthumb":"","color":""},{"label":"48","value":"EU 48","price":"","pimage":"","pimage_id":"","pthumb":"","color":""}],"relations":[{"operator":false,"rules":[]}],"form_id":18106,"form_rules":{"pric_cal_option_once":false,"exclude_from_discount":false,"pric_use_as_fee":false,"fee_label":"Fee","render_after_acb":false,"disp_hide_options_price":false}}]},"_links":{"self":[{"href":"https:\/\/moroen.com\/de\/wp-json\/wp\/v2\/product\/92699","targetHints":{"allow":["GET"]}}],"collection":[{"href":"https:\/\/moroen.com\/de\/wp-json\/wp\/v2\/product"}],"about":[{"href":"https:\/\/moroen.com\/de\/wp-json\/wp\/v2\/types\/product"}],"replies":[{"embeddable":true,"href":"https:\/\/moroen.com\/de\/wp-json\/wp\/v2\/comments?post=92699"}],"wp:featuredmedia":[{"embeddable":true,"href":"https:\/\/moroen.com\/de\/wp-json\/wp\/v2\/media\/92700"}],"wp:attachment":[{"href":"https:\/\/moroen.com\/de\/wp-json\/wp\/v2\/media?parent=92699"}],"wp:term":[{"taxonomy":"product_brand","embeddable":true,"href":"https:\/\/moroen.com\/de\/wp-json\/wp\/v2\/product_brand?post=92699"},{"taxonomy":"product_cat","embeddable":true,"href":"https:\/\/moroen.com\/de\/wp-json\/wp\/v2\/product_cat?post=92699"},{"taxonomy":"product_tag","embeddable":true,"href":"https:\/\/moroen.com\/de\/wp-json\/wp\/v2\/product_tag?post=92699"}],"curies":[{"name":"wp","href":"https:\/\/api.w.org\/{rel}","templated":true}]}}