{"id":92818,"date":"2026-03-17T10:41:18","date_gmt":"2026-03-17T03:41:18","guid":{"rendered":"https:\/\/moroen.com\/de\/product\/air-jordan-13-retro-midnight-navy"},"modified":"2026-03-17T10:41:18","modified_gmt":"2026-03-17T03:41:18","slug":"air-jordan-13-retro-midnight-navy","status":"publish","type":"product","link":"https:\/\/moroen.com\/de\/produkt\/air-jordan-13-retro-midnight-navy\/","title":{"rendered":"Air Jordan 13 Retro &#8218;Midnight Navy&#8216;"},"content":{"rendered":"<p>Verleihe deinem Streetstyle mit dem legend\u00e4ren Air Jordan 13 Retro &#8218;Midnight Navy&#8216; das gewisse Etwas \u2013 ein zeitloses Meisterwerk, das legend\u00e4re Performance mit elegantem Design vereint. Das hochwertige Leder-Obermaterial in sattem Marineblau strahlt Raffinesse aus, w\u00e4hrend die vom Panther inspirierte Au\u00dfensohle und die charakteristische holografische \u00d6se f\u00fcr einen Hauch von wildem Flair sorgen. Diese Sneaker bieten Komfort und Style und garantieren dir bewundernde Blicke, wo immer du hingehst. Tauche ein in die Legende und erlebe die unvergleichliche Kunstfertigkeit des Air Jordan 13 Retro &#8218;Midnight Navy&#8216; noch heute.<\/p>\n<ul>\n<li><strong>Farbgebung:<\/strong> Wei\u00df\/Midnight Navy\/Gum Light Brown<\/li>\n<li><strong>Style-Code:<\/strong> 414571-140<\/li>\n<li><strong>Obermaterial:<\/strong> Mesh<\/li>\n<li><strong>Mittelsohle:<\/strong> Zoom Air<\/li>\n<li><strong>Designer:<\/strong> Tinker Hatfield<\/li>\n<\/ul>\n","protected":false},"excerpt":{"rendered":"<p>Verleihe deinem Streetstyle mit dem legend\u00e4ren Air Jordan 13 Retro &#8218;Midnight Navy&#8216; das gewisse Etwas \u2013 ein zeitloses Meisterwerk, das legend\u00e4re Performance mit elegantem Design vereint. Das hochwertige Leder-Obermaterial in sattem Marineblau strahlt Raffinesse aus, w\u00e4hrend die vom Panther inspirierte Au\u00dfensohle und die charakteristische holografische \u00d6se f\u00fcr einen Hauch von wildem Flair sorgen. Diese Sneaker [&hellip;]<\/p>\n","protected":false},"featured_media":92819,"comment_status":"open","ping_status":"closed","template":"","meta":[],"product_brand":[],"product_cat":[10849,10825,11542,10780],"product_tag":[12579,12555,10819,12638,12563,12558],"class_list":{"0":"post-92818","1":"product","2":"type-product","3":"status-publish","4":"has-post-thumbnail","6":"product_cat-basketball-shoes","7":"product_cat-jordan","8":"product_cat-jordan-jordan-13-retro","9":"product_cat-gender-men","10":"product_tag-basketballschuhe","11":"product_tag-geschenk-fa-r-ihn","12":"product_tag-jordan","13":"product_tag-leichte-basketballschuhe","14":"product_tag-performance-sportschuhe","15":"product_tag-unter-retailpreis","16":"wcpa_has_options","18":"first","19":"instock","20":"taxable","21":"shipping-taxable","22":"purchasable","23":"product-type-simple"},"wcpa_form_fields":{"rules":{"pric_overide_base_price":false,"pric_overide_base_price_if_gt_zero":false,"pric_overide_base_price_fully":false,"pric_cal_option_once":false,"pric_use_as_fee":false,"bind_quantity":false,"quantity_bind_formula":false},"fields":[{"type":"color-group","required":true,"elementId":"wcpa-color-group-66c4a75505e74","label":"Gr\u00f6\u00dfe - EU Gr\u00f6\u00dfe","inline":true,"priceOptions":"different_for_all","pricingType":"fixed","className":"hassizechart product-shoes-size-eu product-shoes-size","name":"color-group-66c4a75505e89","disp_type":"square","selection_type":"tick-border","disp_size":"44","show_label_inside":true,"adjust_width":true,"cart_display_type":"text","other_text":"Other","cl_rule":"show","col":6,"values":[{"label":"35.5","value":"EU 35.5","price":"","pimage":"","pimage_id":"","pthumb":"","color":""},{"label":"36","value":"EU 36","price":"","pimage":"","pimage_id":"","pthumb":"","color":"","selected":true},{"label":"36.5","value":"EU 36.5","price":"","pimage":"","pimage_id":"","pthumb":"","color":""},{"label":"37.5","value":"EU 37.5","price":"","pimage":"","pimage_id":"","pthumb":"","color":""},{"label":"38","value":"EU 38","price":"","pimage":"","pimage_id":"","pthumb":"","color":""},{"label":"38.5","value":"EU 38.5","price":"","pimage":"","pimage_id":"","pthumb":"","color":""},{"label":"39","value":"EU 39","price":"","pimage":"","pimage_id":"","pthumb":"","color":""},{"label":"40","value":"EU 40","price":"","pimage":"","pimage_id":"","pthumb":"","color":""},{"label":"40.5","value":"EU 40.5","price":"","pimage":"","pimage_id":"","pthumb":"","color":""},{"label":"41","value":"EU 41","price":"","pimage":"","pimage_id":"","pthumb":"","color":""},{"label":"42","value":"EU 42","price":"","pimage":"","pimage_id":"","pthumb":"","color":""},{"label":"42.5","value":"EU 42.5","price":"","pimage":"","pimage_id":"","pthumb":"","color":""},{"label":"43","value":"EU 43","price":"","pimage":"","pimage_id":"","pthumb":"","color":""},{"label":"44","value":"EU 44","price":"","pimage":"","pimage_id":"","pthumb":"","color":""},{"label":"44.5","value":"EU 44.5","price":"","pimage":"","pimage_id":"","pthumb":"","color":""},{"label":"45","value":"EU 45","price":"","pimage":"","pimage_id":"","pthumb":"","color":""},{"label":"45.5","value":"EU 45.5","price":"","pimage":"","pimage_id":"","pthumb":"","color":""},{"label":"46","value":"EU 46","price":"","pimage":"","pimage_id":"","pthumb":"","color":""},{"label":"47","value":"EU 47","price":"","pimage":"","pimage_id":"","pthumb":"","color":""},{"label":"47.5","value":"EU 47.5","price":"","pimage":"","pimage_id":"","pthumb":"","color":""},{"label":"48","value":"EU 48","price":"","pimage":"","pimage_id":"","pthumb":"","color":""}],"relations":[{"operator":false,"rules":[]}],"form_id":18106,"form_rules":{"pric_cal_option_once":false,"exclude_from_discount":false,"pric_use_as_fee":false,"fee_label":"Fee","render_after_acb":false,"disp_hide_options_price":false}}]},"_links":{"self":[{"href":"https:\/\/moroen.com\/de\/wp-json\/wp\/v2\/product\/92818","targetHints":{"allow":["GET"]}}],"collection":[{"href":"https:\/\/moroen.com\/de\/wp-json\/wp\/v2\/product"}],"about":[{"href":"https:\/\/moroen.com\/de\/wp-json\/wp\/v2\/types\/product"}],"replies":[{"embeddable":true,"href":"https:\/\/moroen.com\/de\/wp-json\/wp\/v2\/comments?post=92818"}],"wp:featuredmedia":[{"embeddable":true,"href":"https:\/\/moroen.com\/de\/wp-json\/wp\/v2\/media\/92819"}],"wp:attachment":[{"href":"https:\/\/moroen.com\/de\/wp-json\/wp\/v2\/media?parent=92818"}],"wp:term":[{"taxonomy":"product_brand","embeddable":true,"href":"https:\/\/moroen.com\/de\/wp-json\/wp\/v2\/product_brand?post=92818"},{"taxonomy":"product_cat","embeddable":true,"href":"https:\/\/moroen.com\/de\/wp-json\/wp\/v2\/product_cat?post=92818"},{"taxonomy":"product_tag","embeddable":true,"href":"https:\/\/moroen.com\/de\/wp-json\/wp\/v2\/product_tag?post=92818"}],"curies":[{"name":"wp","href":"https:\/\/api.w.org\/{rel}","templated":true}]}}