{"id":93367,"date":"2026-03-17T10:41:34","date_gmt":"2026-03-17T03:41:34","guid":{"rendered":"https:\/\/moroen.com\/de\/product\/nike-phantom-gx-pro-df-fg-luminous-pack"},"modified":"2026-03-17T10:41:34","modified_gmt":"2026-03-17T03:41:34","slug":"nike-phantom-gx-pro-df-fg-luminous-pack","status":"publish","type":"product","link":"https:\/\/moroen.com\/de\/produkt\/nike-phantom-gx-pro-df-fg-luminous-pack\/","title":{"rendered":"Nike Phantom GX Pro DF FG &#8218;Luminous Pack&#8216;"},"content":{"rendered":"<p>Verbessere dein Spiel mit dem Nike Phantom GX Pro DF FG \u201eLuminous Pack\u201c DD9465-705. Diese Fu\u00dfballschuhe wurden f\u00fcr Pr\u00e4zision und Agilit\u00e4t entwickelt und verf\u00fcgen \u00fcber einen Dynamic Fit-Kragen f\u00fcr optimalen Halt im Kn\u00f6chelbereich sowie ein Flyknit-Obermaterial f\u00fcr hervorragende Atmungsaktivit\u00e4t. Die fortschrittliche Traktionssohle garantiert perfekten Grip auf festem Untergrund, w\u00e4hrend das auff\u00e4llige, leuchtende Design daf\u00fcr sorgt, dass du auf dem Spielfeld auff\u00e4llst. Entfessle dein Potenzial mit Nikes ultimativer Performance und Style.<\/p>\n<ul>\n<li><strong>Farbgebung:<\/strong> Barely Volt\/Barely Grape\/Gridiron<\/li>\n<li><strong>Style-Code:<\/strong> DD9465-705<\/li>\n<li><strong>Obermaterial:<\/strong> Synthetik<\/li>\n<li><strong>Farbe:<\/strong> Wei\u00df<\/li>\n<li><strong>Saison:<\/strong> Fr\u00fchling<\/li>\n<li><strong>Erscheinungsjahr:<\/strong> 2023<\/li>\n<\/ul>\n","protected":false},"excerpt":{"rendered":"<p>Verbessere dein Spiel mit dem Nike Phantom GX Pro DF FG \u201eLuminous Pack\u201c DD9465-705. Diese Fu\u00dfballschuhe wurden f\u00fcr Pr\u00e4zision und Agilit\u00e4t entwickelt und verf\u00fcgen \u00fcber einen Dynamic Fit-Kragen f\u00fcr optimalen Halt im Kn\u00f6chelbereich sowie ein Flyknit-Obermaterial f\u00fcr hervorragende Atmungsaktivit\u00e4t. Die fortschrittliche Traktionssohle garantiert perfekten Grip auf festem Untergrund, w\u00e4hrend das auff\u00e4llige, leuchtende Design daf\u00fcr sorgt, [&hellip;]<\/p>\n","protected":false},"featured_media":93368,"comment_status":"open","ping_status":"closed","template":"","meta":[],"product_brand":[],"product_cat":[10780,10773,14461,12349],"product_tag":[12579,12578,12617,12618,12555,10762,12986,12580,12563,12558],"class_list":{"0":"post-93367","1":"product","2":"type-product","3":"status-publish","4":"has-post-thumbnail","6":"product_cat-gender-men","7":"product_cat-nike","8":"product_cat-nike-phantom-gx-pro-df-fg","9":"product_cat-soccer-shoes-football-cleats","10":"product_tag-basketballschuhe","11":"product_tag-basketballschuhe-mit-kna-cheluntersta-tzung","12":"product_tag-fuayballschuhe","13":"product_tag-fuayballschuhe-fuayballschuhe","14":"product_tag-geschenk-fa-r-ihn","15":"product_tag-nike","16":"product_tag-nike-fuayballschuhe","17":"product_tag-nike-skateboard-schuhe","18":"product_tag-performance-sportschuhe","19":"product_tag-unter-retailpreis","20":"wcpa_has_options","22":"first","23":"instock","24":"taxable","25":"shipping-taxable","26":"purchasable","27":"product-type-simple"},"wcpa_form_fields":{"rules":{"pric_overide_base_price":false,"pric_overide_base_price_if_gt_zero":false,"pric_overide_base_price_fully":false,"pric_cal_option_once":false,"pric_use_as_fee":false,"bind_quantity":false,"quantity_bind_formula":false},"fields":[{"type":"color-group","required":true,"elementId":"wcpa-color-group-66c4a75505e74","label":"Gr\u00f6\u00dfe - EU Gr\u00f6\u00dfe","inline":true,"priceOptions":"different_for_all","pricingType":"fixed","className":"hassizechart product-shoes-size-eu product-shoes-size","name":"color-group-66c4a75505e89","disp_type":"square","selection_type":"tick-border","disp_size":"44","show_label_inside":true,"adjust_width":true,"cart_display_type":"text","other_text":"Other","cl_rule":"show","col":6,"values":[{"label":"35.5","value":"EU 35.5","price":"","pimage":"","pimage_id":"","pthumb":"","color":""},{"label":"36","value":"EU 36","price":"","pimage":"","pimage_id":"","pthumb":"","color":"","selected":true},{"label":"36.5","value":"EU 36.5","price":"","pimage":"","pimage_id":"","pthumb":"","color":""},{"label":"37.5","value":"EU 37.5","price":"","pimage":"","pimage_id":"","pthumb":"","color":""},{"label":"38","value":"EU 38","price":"","pimage":"","pimage_id":"","pthumb":"","color":""},{"label":"38.5","value":"EU 38.5","price":"","pimage":"","pimage_id":"","pthumb":"","color":""},{"label":"39","value":"EU 39","price":"","pimage":"","pimage_id":"","pthumb":"","color":""},{"label":"40","value":"EU 40","price":"","pimage":"","pimage_id":"","pthumb":"","color":""},{"label":"40.5","value":"EU 40.5","price":"","pimage":"","pimage_id":"","pthumb":"","color":""},{"label":"41","value":"EU 41","price":"","pimage":"","pimage_id":"","pthumb":"","color":""},{"label":"42","value":"EU 42","price":"","pimage":"","pimage_id":"","pthumb":"","color":""},{"label":"42.5","value":"EU 42.5","price":"","pimage":"","pimage_id":"","pthumb":"","color":""},{"label":"43","value":"EU 43","price":"","pimage":"","pimage_id":"","pthumb":"","color":""},{"label":"44","value":"EU 44","price":"","pimage":"","pimage_id":"","pthumb":"","color":""},{"label":"44.5","value":"EU 44.5","price":"","pimage":"","pimage_id":"","pthumb":"","color":""},{"label":"45","value":"EU 45","price":"","pimage":"","pimage_id":"","pthumb":"","color":""},{"label":"45.5","value":"EU 45.5","price":"","pimage":"","pimage_id":"","pthumb":"","color":""},{"label":"46","value":"EU 46","price":"","pimage":"","pimage_id":"","pthumb":"","color":""},{"label":"47","value":"EU 47","price":"","pimage":"","pimage_id":"","pthumb":"","color":""},{"label":"47.5","value":"EU 47.5","price":"","pimage":"","pimage_id":"","pthumb":"","color":""},{"label":"48","value":"EU 48","price":"","pimage":"","pimage_id":"","pthumb":"","color":""}],"relations":[{"operator":false,"rules":[]}],"form_id":18106,"form_rules":{"pric_cal_option_once":false,"exclude_from_discount":false,"pric_use_as_fee":false,"fee_label":"Fee","render_after_acb":false,"disp_hide_options_price":false}}]},"_links":{"self":[{"href":"https:\/\/moroen.com\/de\/wp-json\/wp\/v2\/product\/93367","targetHints":{"allow":["GET"]}}],"collection":[{"href":"https:\/\/moroen.com\/de\/wp-json\/wp\/v2\/product"}],"about":[{"href":"https:\/\/moroen.com\/de\/wp-json\/wp\/v2\/types\/product"}],"replies":[{"embeddable":true,"href":"https:\/\/moroen.com\/de\/wp-json\/wp\/v2\/comments?post=93367"}],"wp:featuredmedia":[{"embeddable":true,"href":"https:\/\/moroen.com\/de\/wp-json\/wp\/v2\/media\/93368"}],"wp:attachment":[{"href":"https:\/\/moroen.com\/de\/wp-json\/wp\/v2\/media?parent=93367"}],"wp:term":[{"taxonomy":"product_brand","embeddable":true,"href":"https:\/\/moroen.com\/de\/wp-json\/wp\/v2\/product_brand?post=93367"},{"taxonomy":"product_cat","embeddable":true,"href":"https:\/\/moroen.com\/de\/wp-json\/wp\/v2\/product_cat?post=93367"},{"taxonomy":"product_tag","embeddable":true,"href":"https:\/\/moroen.com\/de\/wp-json\/wp\/v2\/product_tag?post=93367"}],"curies":[{"name":"wp","href":"https:\/\/api.w.org\/{rel}","templated":true}]}}