{"id":93598,"date":"2026-03-17T10:41:41","date_gmt":"2026-03-17T03:41:41","guid":{"rendered":"https:\/\/moroen.com\/de\/product\/nike-air-max-97-air-pressure"},"modified":"2026-03-17T10:41:41","modified_gmt":"2026-03-17T03:41:41","slug":"nike-air-max-97-air-pressure","status":"publish","type":"product","link":"https:\/\/moroen.com\/de\/produkt\/nike-air-max-97-air-pressure\/","title":{"rendered":"Nike Air Max 97 &#8218;Air Pressure&#8216;"},"content":{"rendered":"<p>Wir pr\u00e4sentieren den Nike Air Max 97 Air Pressure \u2013 ein absolutes Must-have f\u00fcr deine Schuhsammlung. Dieser legend\u00e4re Nike Sneaker besticht durch sein bequemes und stylisches Design und wertet deinen Streetwear-Look perfekt auf. Dank der Air Max-Technologie und der erstklassigen Verarbeitung bietet er hervorragende D\u00e4mpfung und Unterst\u00fctzung f\u00fcr ganzt\u00e4gigen Tragekomfort. Dieser Sneaker von Nike, einer vertrauensw\u00fcrdigen und renommierten Marke der Branche, ist perfekt f\u00fcr Sportler, Sneakerheads und Modebegeisterte gleicherma\u00dfen.<\/p>\n<ul>\n<li><strong>Farbgebung:<\/strong> Summit White\/Black-Safety Orange<\/li>\n<li><strong>Style-Code:<\/strong> DV2619-100<\/li>\n<li><strong>Obermaterial:<\/strong> Wildleder<\/li>\n<li><strong>Mittelsohle:<\/strong> Air<\/li>\n<li><strong>Farbe:<\/strong> Orange<\/li>\n<li><strong>Designer:<\/strong> Christian Tresser<\/li>\n<li><strong>Saison:<\/strong> Winter<\/li>\n<li><strong>Erscheinungsjahr:<\/strong> 2023<\/li>\n<\/ul>\n","protected":false},"excerpt":{"rendered":"<p>Wir pr\u00e4sentieren den Nike Air Max 97 Air Pressure \u2013 ein absolutes Must-have f\u00fcr deine Schuhsammlung. Dieser legend\u00e4re Nike Sneaker besticht durch sein bequemes und stylisches Design und wertet deinen Streetwear-Look perfekt auf. Dank der Air Max-Technologie und der erstklassigen Verarbeitung bietet er hervorragende D\u00e4mpfung und Unterst\u00fctzung f\u00fcr ganzt\u00e4gigen Tragekomfort. Dieser Sneaker von Nike, einer [&hellip;]<\/p>\n","protected":false},"featured_media":93599,"comment_status":"open","ping_status":"closed","template":"","meta":[],"product_brand":[],"product_cat":[10853,10778,10780,10773],"product_tag":[12542,12600,12555,12545,12557,10762,12561,12546,12547,12566,12558],"class_list":{"0":"post-93598","1":"product","2":"type-product","3":"status-publish","4":"has-post-thumbnail","6":"product_cat-nike-air-max-97","7":"product_cat-lifestyle-shoes-running-inspired","8":"product_cat-gender-men","9":"product_cat-nike","10":"product_tag-athleisure-schuhe","11":"product_tag-beste-funde-unter-100","12":"product_tag-geschenk-fa-r-ihn","13":"product_tag-lifestyle-freizeitschuhe","14":"product_tag-lifestyle-schuhe-vom-laufen-inspiriert","15":"product_tag-nike","16":"product_tag-nike-laufschuhe","17":"product_tag-retro-laufschuhe","18":"product_tag-trendangebote","19":"product_tag-trendangebote-unter-150","20":"product_tag-unter-retailpreis","21":"wcpa_has_options","23":"first","24":"instock","25":"taxable","26":"shipping-taxable","27":"purchasable","28":"product-type-simple"},"wcpa_form_fields":{"rules":{"pric_overide_base_price":false,"pric_overide_base_price_if_gt_zero":false,"pric_overide_base_price_fully":false,"pric_cal_option_once":false,"pric_use_as_fee":false,"bind_quantity":false,"quantity_bind_formula":false},"fields":[{"type":"color-group","required":true,"elementId":"wcpa-color-group-66c4a75505e74","label":"Gr\u00f6\u00dfe - EU Gr\u00f6\u00dfe","inline":true,"priceOptions":"different_for_all","pricingType":"fixed","className":"hassizechart product-shoes-size-eu product-shoes-size","name":"color-group-66c4a75505e89","disp_type":"square","selection_type":"tick-border","disp_size":"44","show_label_inside":true,"adjust_width":true,"cart_display_type":"text","other_text":"Other","cl_rule":"show","col":6,"values":[{"label":"35.5","value":"EU 35.5","price":"","pimage":"","pimage_id":"","pthumb":"","color":""},{"label":"36","value":"EU 36","price":"","pimage":"","pimage_id":"","pthumb":"","color":"","selected":true},{"label":"36.5","value":"EU 36.5","price":"","pimage":"","pimage_id":"","pthumb":"","color":""},{"label":"37.5","value":"EU 37.5","price":"","pimage":"","pimage_id":"","pthumb":"","color":""},{"label":"38","value":"EU 38","price":"","pimage":"","pimage_id":"","pthumb":"","color":""},{"label":"38.5","value":"EU 38.5","price":"","pimage":"","pimage_id":"","pthumb":"","color":""},{"label":"39","value":"EU 39","price":"","pimage":"","pimage_id":"","pthumb":"","color":""},{"label":"40","value":"EU 40","price":"","pimage":"","pimage_id":"","pthumb":"","color":""},{"label":"40.5","value":"EU 40.5","price":"","pimage":"","pimage_id":"","pthumb":"","color":""},{"label":"41","value":"EU 41","price":"","pimage":"","pimage_id":"","pthumb":"","color":""},{"label":"42","value":"EU 42","price":"","pimage":"","pimage_id":"","pthumb":"","color":""},{"label":"42.5","value":"EU 42.5","price":"","pimage":"","pimage_id":"","pthumb":"","color":""},{"label":"43","value":"EU 43","price":"","pimage":"","pimage_id":"","pthumb":"","color":""},{"label":"44","value":"EU 44","price":"","pimage":"","pimage_id":"","pthumb":"","color":""},{"label":"44.5","value":"EU 44.5","price":"","pimage":"","pimage_id":"","pthumb":"","color":""},{"label":"45","value":"EU 45","price":"","pimage":"","pimage_id":"","pthumb":"","color":""},{"label":"45.5","value":"EU 45.5","price":"","pimage":"","pimage_id":"","pthumb":"","color":""},{"label":"46","value":"EU 46","price":"","pimage":"","pimage_id":"","pthumb":"","color":""},{"label":"47","value":"EU 47","price":"","pimage":"","pimage_id":"","pthumb":"","color":""},{"label":"47.5","value":"EU 47.5","price":"","pimage":"","pimage_id":"","pthumb":"","color":""},{"label":"48","value":"EU 48","price":"","pimage":"","pimage_id":"","pthumb":"","color":""}],"relations":[{"operator":false,"rules":[]}],"form_id":18106,"form_rules":{"pric_cal_option_once":false,"exclude_from_discount":false,"pric_use_as_fee":false,"fee_label":"Fee","render_after_acb":false,"disp_hide_options_price":false}}]},"_links":{"self":[{"href":"https:\/\/moroen.com\/de\/wp-json\/wp\/v2\/product\/93598","targetHints":{"allow":["GET"]}}],"collection":[{"href":"https:\/\/moroen.com\/de\/wp-json\/wp\/v2\/product"}],"about":[{"href":"https:\/\/moroen.com\/de\/wp-json\/wp\/v2\/types\/product"}],"replies":[{"embeddable":true,"href":"https:\/\/moroen.com\/de\/wp-json\/wp\/v2\/comments?post=93598"}],"wp:featuredmedia":[{"embeddable":true,"href":"https:\/\/moroen.com\/de\/wp-json\/wp\/v2\/media\/93599"}],"wp:attachment":[{"href":"https:\/\/moroen.com\/de\/wp-json\/wp\/v2\/media?parent=93598"}],"wp:term":[{"taxonomy":"product_brand","embeddable":true,"href":"https:\/\/moroen.com\/de\/wp-json\/wp\/v2\/product_brand?post=93598"},{"taxonomy":"product_cat","embeddable":true,"href":"https:\/\/moroen.com\/de\/wp-json\/wp\/v2\/product_cat?post=93598"},{"taxonomy":"product_tag","embeddable":true,"href":"https:\/\/moroen.com\/de\/wp-json\/wp\/v2\/product_tag?post=93598"}],"curies":[{"name":"wp","href":"https:\/\/api.w.org\/{rel}","templated":true}]}}