{"id":93999,"date":"2026-03-17T10:41:53","date_gmt":"2026-03-17T03:41:53","guid":{"rendered":"https:\/\/moroen.com\/de\/product\/women-nike-air-max-scorpion-orange"},"modified":"2026-03-17T10:41:53","modified_gmt":"2026-03-17T03:41:53","slug":"women-nike-air-max-scorpion-orange","status":"publish","type":"product","link":"https:\/\/moroen.com\/de\/produkt\/women-nike-air-max-scorpion-orange\/","title":{"rendered":"(Women) Nike Air Max Scorpion &#8218;Orange&#8216;"},"content":{"rendered":"<p>Der Nike Air Max Scorpion Orange ist ein von Nike entwickelter High-Performance-Sneaker. Mit seiner auff\u00e4lligen orangen Farbgebung ist er nicht nur stylisch, sondern auch bequem. Die Air Max-Technologie in der Sohle bietet hervorragende D\u00e4mpfung und Unterst\u00fctzung und macht ihn ideal f\u00fcr den ganzen Tag. Perfekt f\u00fcr alle, die mit ihren Schuhen ein Statement setzen wollen \u2013 dieser Sneaker ist ein Must-have f\u00fcr jeden Sneakerhead.<\/p>\n<p>Farbgebung: Red Stardust\/Guava Ice\/Bright Crimson\/Cedar<\/p>\n<p>Style-Code: DJ4702-601<\/p>\n<p>Obermaterial: Flyknit<\/p>\n<p>Zwischensohle: Air<\/p>\n<p>Farbe: Braun<\/p>\n<p>Saison: Sommer<\/p>\n<p>Erscheinungsjahr: 2023<\/p>\n","protected":false},"excerpt":{"rendered":"<p>Der Nike Air Max Scorpion Orange ist ein von Nike entwickelter High-Performance-Sneaker. Mit seiner auff\u00e4lligen orangen Farbgebung ist er nicht nur stylisch, sondern auch bequem. Die Air Max-Technologie in der Sohle bietet hervorragende D\u00e4mpfung und Unterst\u00fctzung und macht ihn ideal f\u00fcr den ganzen Tag. Perfekt f\u00fcr alle, die mit ihren Schuhen ein Statement setzen wollen [&hellip;]<\/p>\n","protected":false},"featured_media":94000,"comment_status":"open","ping_status":"closed","template":"","meta":[],"product_brand":[],"product_cat":[11232,10778,10773,10800],"product_tag":[12542,12574,12545,12557,10762,12561,12546,12558],"class_list":{"0":"post-93999","1":"product","2":"type-product","3":"status-publish","4":"has-post-thumbnail","6":"product_cat-nike-air-max-scorpion","7":"product_cat-lifestyle-shoes-running-inspired","8":"product_cat-nike","9":"product_cat-gender-women","10":"product_tag-athleisure-schuhe","11":"product_tag-geschenk-fa-r-sie","12":"product_tag-lifestyle-freizeitschuhe","13":"product_tag-lifestyle-schuhe-vom-laufen-inspiriert","14":"product_tag-nike","15":"product_tag-nike-laufschuhe","16":"product_tag-retro-laufschuhe","17":"product_tag-unter-retailpreis","18":"wcpa_has_options","20":"first","21":"instock","22":"taxable","23":"shipping-taxable","24":"purchasable","25":"product-type-simple"},"wcpa_form_fields":{"rules":{"pric_overide_base_price":false,"pric_overide_base_price_if_gt_zero":false,"pric_overide_base_price_fully":false,"pric_cal_option_once":false,"pric_use_as_fee":false,"bind_quantity":false,"quantity_bind_formula":false},"fields":[{"type":"color-group","required":true,"elementId":"wcpa-color-group-66c4a75505e74","label":"Gr\u00f6\u00dfe - EU Gr\u00f6\u00dfe","inline":true,"priceOptions":"different_for_all","pricingType":"fixed","className":"hassizechart product-shoes-size-eu product-shoes-size","name":"color-group-66c4a75505e89","disp_type":"square","selection_type":"tick-border","disp_size":"44","show_label_inside":true,"adjust_width":true,"cart_display_type":"text","other_text":"Other","cl_rule":"show","col":6,"values":[{"label":"35.5","value":"EU 35.5","price":"","pimage":"","pimage_id":"","pthumb":"","color":""},{"label":"36","value":"EU 36","price":"","pimage":"","pimage_id":"","pthumb":"","color":"","selected":true},{"label":"36.5","value":"EU 36.5","price":"","pimage":"","pimage_id":"","pthumb":"","color":""},{"label":"37.5","value":"EU 37.5","price":"","pimage":"","pimage_id":"","pthumb":"","color":""},{"label":"38","value":"EU 38","price":"","pimage":"","pimage_id":"","pthumb":"","color":""},{"label":"38.5","value":"EU 38.5","price":"","pimage":"","pimage_id":"","pthumb":"","color":""},{"label":"39","value":"EU 39","price":"","pimage":"","pimage_id":"","pthumb":"","color":""},{"label":"40","value":"EU 40","price":"","pimage":"","pimage_id":"","pthumb":"","color":""},{"label":"40.5","value":"EU 40.5","price":"","pimage":"","pimage_id":"","pthumb":"","color":""},{"label":"41","value":"EU 41","price":"","pimage":"","pimage_id":"","pthumb":"","color":""},{"label":"42","value":"EU 42","price":"","pimage":"","pimage_id":"","pthumb":"","color":""},{"label":"42.5","value":"EU 42.5","price":"","pimage":"","pimage_id":"","pthumb":"","color":""},{"label":"43","value":"EU 43","price":"","pimage":"","pimage_id":"","pthumb":"","color":""},{"label":"44","value":"EU 44","price":"","pimage":"","pimage_id":"","pthumb":"","color":""},{"label":"44.5","value":"EU 44.5","price":"","pimage":"","pimage_id":"","pthumb":"","color":""},{"label":"45","value":"EU 45","price":"","pimage":"","pimage_id":"","pthumb":"","color":""},{"label":"45.5","value":"EU 45.5","price":"","pimage":"","pimage_id":"","pthumb":"","color":""},{"label":"46","value":"EU 46","price":"","pimage":"","pimage_id":"","pthumb":"","color":""},{"label":"47","value":"EU 47","price":"","pimage":"","pimage_id":"","pthumb":"","color":""},{"label":"47.5","value":"EU 47.5","price":"","pimage":"","pimage_id":"","pthumb":"","color":""},{"label":"48","value":"EU 48","price":"","pimage":"","pimage_id":"","pthumb":"","color":""}],"relations":[{"operator":false,"rules":[]}],"form_id":18106,"form_rules":{"pric_cal_option_once":false,"exclude_from_discount":false,"pric_use_as_fee":false,"fee_label":"Fee","render_after_acb":false,"disp_hide_options_price":false}}]},"_links":{"self":[{"href":"https:\/\/moroen.com\/de\/wp-json\/wp\/v2\/product\/93999","targetHints":{"allow":["GET"]}}],"collection":[{"href":"https:\/\/moroen.com\/de\/wp-json\/wp\/v2\/product"}],"about":[{"href":"https:\/\/moroen.com\/de\/wp-json\/wp\/v2\/types\/product"}],"replies":[{"embeddable":true,"href":"https:\/\/moroen.com\/de\/wp-json\/wp\/v2\/comments?post=93999"}],"wp:featuredmedia":[{"embeddable":true,"href":"https:\/\/moroen.com\/de\/wp-json\/wp\/v2\/media\/94000"}],"wp:attachment":[{"href":"https:\/\/moroen.com\/de\/wp-json\/wp\/v2\/media?parent=93999"}],"wp:term":[{"taxonomy":"product_brand","embeddable":true,"href":"https:\/\/moroen.com\/de\/wp-json\/wp\/v2\/product_brand?post=93999"},{"taxonomy":"product_cat","embeddable":true,"href":"https:\/\/moroen.com\/de\/wp-json\/wp\/v2\/product_cat?post=93999"},{"taxonomy":"product_tag","embeddable":true,"href":"https:\/\/moroen.com\/de\/wp-json\/wp\/v2\/product_tag?post=93999"}],"curies":[{"name":"wp","href":"https:\/\/api.w.org\/{rel}","templated":true}]}}