{"id":94776,"date":"2026-03-17T10:42:14","date_gmt":"2026-03-17T03:42:14","guid":{"rendered":"https:\/\/moroen.com\/de\/product\/new-balance-9060-truffle"},"modified":"2026-03-17T10:42:14","modified_gmt":"2026-03-17T03:42:14","slug":"new-balance-9060-truffle","status":"publish","type":"product","link":"https:\/\/moroen.com\/de\/produkt\/new-balance-9060-truffle\/","title":{"rendered":"New Balance 9060 &#8218;Truffle&#8216;"},"content":{"rendered":"<p>Wir pr\u00e4sentieren den New Balance 9060 Truffle Sneaker \u2013 eine stylische und bequeme Erg\u00e4nzung f\u00fcr Ihre Schuhsammlung. Dank der bekannten Qualit\u00e4t und Verarbeitung von New Balance ist dieser Sneaker perfekt f\u00fcr jeden Tag. Die Farbe Truffle verleiht ihm einen Hauch von Eleganz und macht ihn vielseitig f\u00fcr jeden Anlass. Erleben Sie ultimativen Komfort und Stil mit dem New Balance 9060 Truffle Sneaker.<\/p>\n<p>Farbgebung: Truffle\/Rich Earth\/Magnet<\/p>\n<p>Artikelnummer: U9060BCG<\/p>\n<p>Obermaterial: Wildleder<br \/>\nZwischensohle: ABZORB<\/p>\n<p>Farbe: Braun<br \/>\nSaison: Winter<br \/>\nErscheinungsjahr: 2022<\/p>\n<p>Farbe: Braun<\/p>\n","protected":false},"excerpt":{"rendered":"<p>Wir pr\u00e4sentieren den New Balance 9060 Truffle Sneaker \u2013 eine stylische und bequeme Erg\u00e4nzung f\u00fcr Ihre Schuhsammlung. Dank der bekannten Qualit\u00e4t und Verarbeitung von New Balance ist dieser Sneaker perfekt f\u00fcr jeden Tag. Die Farbe Truffle verleiht ihm einen Hauch von Eleganz und macht ihn vielseitig f\u00fcr jeden Anlass. Erleben Sie ultimativen Komfort und Stil [&hellip;]<\/p>\n","protected":false},"featured_media":94777,"comment_status":"open","ping_status":"closed","template":"","meta":[],"product_brand":[],"product_cat":[11742,10778,10780,10774],"product_tag":[12542,12555,12545,12557,10760,12546],"class_list":{"0":"post-94776","1":"product","2":"type-product","3":"status-publish","4":"has-post-thumbnail","6":"product_cat-new-balance-9060","7":"product_cat-lifestyle-shoes-running-inspired","8":"product_cat-gender-men","9":"product_cat-new-balance","10":"product_tag-athleisure-schuhe","11":"product_tag-geschenk-fa-r-ihn","12":"product_tag-lifestyle-freizeitschuhe","13":"product_tag-lifestyle-schuhe-vom-laufen-inspiriert","14":"product_tag-new-balance","15":"product_tag-retro-laufschuhe","16":"wcpa_has_options","18":"first","19":"instock","20":"taxable","21":"shipping-taxable","22":"purchasable","23":"product-type-simple"},"wcpa_form_fields":{"rules":{"pric_overide_base_price":false,"pric_overide_base_price_if_gt_zero":false,"pric_overide_base_price_fully":false,"pric_cal_option_once":false,"pric_use_as_fee":false,"bind_quantity":false,"quantity_bind_formula":false},"fields":[{"type":"color-group","required":true,"elementId":"wcpa-color-group-66c4a928225d2","label":"Gr\u00f6\u00dfe","inline":true,"priceOptions":"different_for_all","pricingType":"fixed","className":"hassizechart product-shoes-size-eu product-shoes-size","name":"color-group-66c4a928225e2","disp_type":"square","selection_type":"tick-border","disp_size":"50","show_label_inside":true,"adjust_width":true,"cart_display_type":"text","other_text":"Other","cl_rule":"show","col":6,"values":[{"label":"35","value":"EU 35","price":"","pimage":"","pimage_id":"","pthumb":"","color":""},{"label":"36","value":"EU 36","price":"","pimage":"","pimage_id":"","pthumb":"","color":"","selected":true},{"label":"37","value":"EU 37","price":"","pimage":"","pimage_id":"","pthumb":"","color":""},{"label":"37.5","value":"EU 37.5","price":"","pimage":"","pimage_id":"","pthumb":"","color":""},{"label":"38","value":"EU 38","price":"","pimage":"","pimage_id":"","pthumb":"","color":""},{"label":"38.5","value":"EU 38.5","price":"","pimage":"","pimage_id":"","pthumb":"","color":""},{"label":"39","value":"EU 39","price":"","pimage":"","pimage_id":"","pthumb":"","color":""},{"label":"39.5","value":"EU 39.5","price":"","pimage":"","pimage_id":"","pthumb":"","color":""},{"label":"40","value":"EU 40","price":"","pimage":"","pimage_id":"","pthumb":"","color":""},{"label":"40.5","value":"EU 40.5","price":"","pimage":"","pimage_id":"","pthumb":"","color":""},{"label":" 41.5","value":"EU 41.5","price":"","pimage":"","pimage_id":"","pthumb":"","color":""},{"label":"42","value":"EU 42","price":"","pimage":"","pimage_id":"","pthumb":"","color":""},{"label":"42.5","value":"EU 42.5","price":"","pimage":"","pimage_id":"","pthumb":"","color":""},{"label":"43","value":"EU 43","price":"","pimage":"","pimage_id":"","pthumb":"","color":""},{"label":"44","value":"EU 44","price":"","pimage":"","pimage_id":"","pthumb":"","color":""},{"label":"44.5","value":"EU 44.5","price":"","pimage":"","pimage_id":"","pthumb":"","color":""},{"label":"45","value":"EU 45","price":"","pimage":"","pimage_id":"","pthumb":"","color":""},{"label":"45.5","value":"EU 45.5","price":"","pimage":"","pimage_id":"","pthumb":"","color":""},{"label":"46","value":"EU 46","price":"","pimage":"","pimage_id":"","pthumb":"","color":""}],"relations":[{"operator":false,"rules":[]}],"form_id":24803,"form_rules":{"pric_cal_option_once":false,"exclude_from_discount":false,"pric_use_as_fee":false,"fee_label":"Fee","render_after_acb":false,"disp_hide_options_price":false}}]},"_links":{"self":[{"href":"https:\/\/moroen.com\/de\/wp-json\/wp\/v2\/product\/94776","targetHints":{"allow":["GET"]}}],"collection":[{"href":"https:\/\/moroen.com\/de\/wp-json\/wp\/v2\/product"}],"about":[{"href":"https:\/\/moroen.com\/de\/wp-json\/wp\/v2\/types\/product"}],"replies":[{"embeddable":true,"href":"https:\/\/moroen.com\/de\/wp-json\/wp\/v2\/comments?post=94776"}],"wp:featuredmedia":[{"embeddable":true,"href":"https:\/\/moroen.com\/de\/wp-json\/wp\/v2\/media\/94777"}],"wp:attachment":[{"href":"https:\/\/moroen.com\/de\/wp-json\/wp\/v2\/media?parent=94776"}],"wp:term":[{"taxonomy":"product_brand","embeddable":true,"href":"https:\/\/moroen.com\/de\/wp-json\/wp\/v2\/product_brand?post=94776"},{"taxonomy":"product_cat","embeddable":true,"href":"https:\/\/moroen.com\/de\/wp-json\/wp\/v2\/product_cat?post=94776"},{"taxonomy":"product_tag","embeddable":true,"href":"https:\/\/moroen.com\/de\/wp-json\/wp\/v2\/product_tag?post=94776"}],"curies":[{"name":"wp","href":"https:\/\/api.w.org\/{rel}","templated":true}]}}