{"id":96059,"date":"2026-03-17T10:42:54","date_gmt":"2026-03-17T03:42:54","guid":{"rendered":"https:\/\/moroen.com\/de\/product\/new-balance-530-blackmr530bg"},"modified":"2026-03-17T10:42:54","modified_gmt":"2026-03-17T03:42:54","slug":"new-balance-530-blackmr530bg","status":"publish","type":"product","link":"https:\/\/moroen.com\/de\/produkt\/new-balance-530-blackmr530bg\/","title":{"rendered":"New Balance 530 &#8218;Black&#8216;  &#8211; MR530BG"},"content":{"rendered":"<p>Erleben Sie au\u00dfergew\u00f6hnlichen Komfort und Stil mit dem New Balance MR530BG &#8218;Black&#8216; NBPDES177B. Dieser klassische Sneaker besticht durch sein strapazierf\u00e4higes Obermaterial aus Synthetik und Mesh f\u00fcr optimale Atmungsaktivit\u00e4t. Das ENCAP-D\u00e4mpfungssystem bietet hervorragende Unterst\u00fctzung und Stabilit\u00e4t, w\u00e4hrend die Gummisohle zuverl\u00e4ssige Traktion gew\u00e4hrleistet. Mit seinem eleganten schwarzen Design und dem ikonischen &#8218;N&#8216;-Branding vereint der MR530BG Mode und Funktion perfekt. Verleihen Sie Ihrem Alltagslook das gewisse Etwas und meistern Sie jeden Schritt mit diesen Premium-Sneakers.<\/p>\n<p>Farbe: Schwarz<\/p>\n<p>Artikelnummer: MR530BG<\/p>\n<p>Obermaterial: Leder<\/p>\n<p>Farbe: Schwarz<\/p>\n<p>Artikelnummer:<\/p>\n","protected":false},"excerpt":{"rendered":"<p>Erleben Sie au\u00dfergew\u00f6hnlichen Komfort und Stil mit dem New Balance MR530BG &#8218;Black&#8216; NBPDES177B. Dieser klassische Sneaker besticht durch sein strapazierf\u00e4higes Obermaterial aus Synthetik und Mesh f\u00fcr optimale Atmungsaktivit\u00e4t. Das ENCAP-D\u00e4mpfungssystem bietet hervorragende Unterst\u00fctzung und Stabilit\u00e4t, w\u00e4hrend die Gummisohle zuverl\u00e4ssige Traktion gew\u00e4hrleistet. Mit seinem eleganten schwarzen Design und dem ikonischen &#8218;N&#8216;-Branding vereint der MR530BG Mode und [&hellip;]<\/p>\n","protected":false},"featured_media":96060,"comment_status":"open","ping_status":"closed","template":"","meta":[],"product_brand":[],"product_cat":[11760,10778,10780,10774],"product_tag":[12542,12600,12555,12545,12557,10760,12546,12547,12566,12558],"class_list":{"0":"post-96059","1":"product","2":"type-product","3":"status-publish","4":"has-post-thumbnail","6":"product_cat-new-balance-530","7":"product_cat-lifestyle-shoes-running-inspired","8":"product_cat-gender-men","9":"product_cat-new-balance","10":"product_tag-athleisure-schuhe","11":"product_tag-beste-funde-unter-100","12":"product_tag-geschenk-fa-r-ihn","13":"product_tag-lifestyle-freizeitschuhe","14":"product_tag-lifestyle-schuhe-vom-laufen-inspiriert","15":"product_tag-new-balance","16":"product_tag-retro-laufschuhe","17":"product_tag-trendangebote","18":"product_tag-trendangebote-unter-150","19":"product_tag-unter-retailpreis","20":"wcpa_has_options","22":"first","23":"instock","24":"taxable","25":"shipping-taxable","26":"purchasable","27":"product-type-simple"},"wcpa_form_fields":{"rules":{"pric_overide_base_price":false,"pric_overide_base_price_if_gt_zero":false,"pric_overide_base_price_fully":false,"pric_cal_option_once":false,"pric_use_as_fee":false,"bind_quantity":false,"quantity_bind_formula":false},"fields":[{"type":"color-group","required":true,"elementId":"wcpa-color-group-66c4a928225d2","label":"Gr\u00f6\u00dfe","inline":true,"priceOptions":"different_for_all","pricingType":"fixed","className":"hassizechart product-shoes-size-eu product-shoes-size","name":"color-group-66c4a928225e2","disp_type":"square","selection_type":"tick-border","disp_size":"50","show_label_inside":true,"adjust_width":true,"cart_display_type":"text","other_text":"Other","cl_rule":"show","col":6,"values":[{"label":"35","value":"EU 35","price":"","pimage":"","pimage_id":"","pthumb":"","color":""},{"label":"36","value":"EU 36","price":"","pimage":"","pimage_id":"","pthumb":"","color":"","selected":true},{"label":"37","value":"EU 37","price":"","pimage":"","pimage_id":"","pthumb":"","color":""},{"label":"37.5","value":"EU 37.5","price":"","pimage":"","pimage_id":"","pthumb":"","color":""},{"label":"38","value":"EU 38","price":"","pimage":"","pimage_id":"","pthumb":"","color":""},{"label":"38.5","value":"EU 38.5","price":"","pimage":"","pimage_id":"","pthumb":"","color":""},{"label":"39","value":"EU 39","price":"","pimage":"","pimage_id":"","pthumb":"","color":""},{"label":"39.5","value":"EU 39.5","price":"","pimage":"","pimage_id":"","pthumb":"","color":""},{"label":"40","value":"EU 40","price":"","pimage":"","pimage_id":"","pthumb":"","color":""},{"label":"40.5","value":"EU 40.5","price":"","pimage":"","pimage_id":"","pthumb":"","color":""},{"label":" 41.5","value":"EU 41.5","price":"","pimage":"","pimage_id":"","pthumb":"","color":""},{"label":"42","value":"EU 42","price":"","pimage":"","pimage_id":"","pthumb":"","color":""},{"label":"42.5","value":"EU 42.5","price":"","pimage":"","pimage_id":"","pthumb":"","color":""},{"label":"43","value":"EU 43","price":"","pimage":"","pimage_id":"","pthumb":"","color":""},{"label":"44","value":"EU 44","price":"","pimage":"","pimage_id":"","pthumb":"","color":""},{"label":"44.5","value":"EU 44.5","price":"","pimage":"","pimage_id":"","pthumb":"","color":""},{"label":"45","value":"EU 45","price":"","pimage":"","pimage_id":"","pthumb":"","color":""},{"label":"45.5","value":"EU 45.5","price":"","pimage":"","pimage_id":"","pthumb":"","color":""},{"label":"46","value":"EU 46","price":"","pimage":"","pimage_id":"","pthumb":"","color":""}],"relations":[{"operator":false,"rules":[]}],"form_id":24803,"form_rules":{"pric_cal_option_once":false,"exclude_from_discount":false,"pric_use_as_fee":false,"fee_label":"Fee","render_after_acb":false,"disp_hide_options_price":false}}]},"_links":{"self":[{"href":"https:\/\/moroen.com\/de\/wp-json\/wp\/v2\/product\/96059","targetHints":{"allow":["GET"]}}],"collection":[{"href":"https:\/\/moroen.com\/de\/wp-json\/wp\/v2\/product"}],"about":[{"href":"https:\/\/moroen.com\/de\/wp-json\/wp\/v2\/types\/product"}],"replies":[{"embeddable":true,"href":"https:\/\/moroen.com\/de\/wp-json\/wp\/v2\/comments?post=96059"}],"wp:featuredmedia":[{"embeddable":true,"href":"https:\/\/moroen.com\/de\/wp-json\/wp\/v2\/media\/96060"}],"wp:attachment":[{"href":"https:\/\/moroen.com\/de\/wp-json\/wp\/v2\/media?parent=96059"}],"wp:term":[{"taxonomy":"product_brand","embeddable":true,"href":"https:\/\/moroen.com\/de\/wp-json\/wp\/v2\/product_brand?post=96059"},{"taxonomy":"product_cat","embeddable":true,"href":"https:\/\/moroen.com\/de\/wp-json\/wp\/v2\/product_cat?post=96059"},{"taxonomy":"product_tag","embeddable":true,"href":"https:\/\/moroen.com\/de\/wp-json\/wp\/v2\/product_tag?post=96059"}],"curies":[{"name":"wp","href":"https:\/\/api.w.org\/{rel}","templated":true}]}}