{"id":96443,"date":"2026-03-17T10:43:06","date_gmt":"2026-03-17T03:43:06","guid":{"rendered":"https:\/\/moroen.com\/de\/product\/adidas-adicane-slides-olive-green"},"modified":"2026-03-17T10:43:06","modified_gmt":"2026-03-17T03:43:06","slug":"adidas-adicane-slides-olive-green","status":"publish","type":"product","link":"https:\/\/moroen.com\/de\/produkt\/adidas-adicane-slides-olive-green\/","title":{"rendered":"adidas Adicane Slides &#8218;Olive Green&#8216;"},"content":{"rendered":"<p>Schl\u00fcpfen Sie in Komfort und Stil mit den adidas Adicane Slides \u201eOlive Green\u201c IE0159. Diese Slides bieten ein weiches, gepolstertes Fu\u00dfbett f\u00fcr ganzt\u00e4gigen Tragekomfort und eine griffige Au\u00dfensohle f\u00fcr zuverl\u00e4ssigen Halt. Die olivgr\u00fcne Farbe verleiht ihnen einen Hauch von Eleganz und macht sie perfekt f\u00fcr l\u00e4ssige und sportliche Outfits. Mit dem ikonischen adidas Branding, das prominent platziert ist, werden diese Slides Ihren Style aufwerten und gleichzeitig au\u00dfergew\u00f6hnlichen Komfort bieten.<\/p>\n<ul>\n<li><strong>Farbe:<\/strong> Olivgr\u00fcn<\/li>\n<li><strong>Artikelnummer:<\/strong> IE0159<\/li>\n<\/ul>\n","protected":false},"excerpt":{"rendered":"<p>Schl\u00fcpfen Sie in Komfort und Stil mit den adidas Adicane Slides \u201eOlive Green\u201c IE0159. Diese Slides bieten ein weiches, gepolstertes Fu\u00dfbett f\u00fcr ganzt\u00e4gigen Tragekomfort und eine griffige Au\u00dfensohle f\u00fcr zuverl\u00e4ssigen Halt. Die olivgr\u00fcne Farbe verleiht ihnen einen Hauch von Eleganz und macht sie perfekt f\u00fcr l\u00e4ssige und sportliche Outfits. Mit dem ikonischen adidas Branding, das [&hellip;]<\/p>\n","protected":false},"featured_media":96444,"comment_status":"open","ping_status":"closed","template":"","meta":[],"product_brand":[],"product_cat":[14691,10791,10780,11338],"product_tag":[10789,12600,12555,12609,12545,11336,12547,12566,12558],"class_list":{"0":"post-96443","1":"product","2":"type-product","3":"status-publish","4":"has-post-thumbnail","6":"product_cat-adidas-adicane-slides","7":"product_cat-adidas","8":"product_cat-gender-men","9":"product_cat-slides","10":"product_tag-adidas","11":"product_tag-beste-funde-unter-100","12":"product_tag-geschenk-fa-r-ihn","13":"product_tag-la-ssige-sandalen","14":"product_tag-lifestyle-freizeitschuhe","15":"product_tag-slides","16":"product_tag-trendangebote","17":"product_tag-trendangebote-unter-150","18":"product_tag-unter-retailpreis","19":"wcpa_has_options","21":"first","22":"instock","23":"taxable","24":"shipping-taxable","25":"purchasable","26":"product-type-simple"},"wcpa_form_fields":{"rules":{"pric_overide_base_price":false,"pric_overide_base_price_if_gt_zero":false,"pric_overide_base_price_fully":false,"pric_cal_option_once":false,"pric_use_as_fee":false,"bind_quantity":false,"quantity_bind_formula":false},"fields":[{"type":"color-group","required":true,"elementId":"wcpa-color-group-66c4a7f817afe","label":"Gr\u00f6\u00dfe","inline":true,"priceOptions":"different_for_all","pricingType":"fixed","className":"hassizechart product-shoes-size-eu product-shoes-size","name":"color-group-66c4a7f817b18","disp_type":"square","selection_type":"tick-border","disp_size":"50","show_label_inside":true,"adjust_width":true,"cart_display_type":"text","other_text":"Other","cl_rule":"show","col":6,"values":[{"label":"35","value":"EU 35","price":"","pimage":"","pimage_id":"","pthumb":"","color":""},{"label":"35.5","value":"EU 35.5","price":"","pimage":"","pimage_id":"","pthumb":"","color":""},{"label":"36","value":"EU 36","price":"","pimage":"","pimage_id":"","pthumb":"","color":"","selected":true},{"label":"36 2\/3","value":"EU 36 2\/3","price":"","pimage":"","pimage_id":"","pthumb":"","color":""},{"label":"37 1\/3","value":"EU 37 1\/3","price":"","pimage":"","pimage_id":"","pthumb":"","color":""},{"label":"38","value":"EU 38","price":"","pimage":"","pimage_id":"","pthumb":"","color":""},{"label":"38 2\/3","value":"EU 38 2\/3","price":"","pimage":"","pimage_id":"","pthumb":"","color":""},{"label":"39 1\/3","value":"EU 39 1\/3","price":"","pimage":"","pimage_id":"","pthumb":"","color":""},{"label":"40","value":"EU 40","price":"","pimage":"","pimage_id":"","pthumb":"","color":""},{"label":"40 2\/3","value":"EU 40 2\/3","price":"","pimage":"","pimage_id":"","pthumb":"","color":""},{"label":"41 1\/3","value":"EU 41 1\/3","price":"","pimage":"","pimage_id":"","pthumb":"","color":""},{"label":"42","value":"EU 42","price":"","pimage":"","pimage_id":"","pthumb":"","color":""},{"label":"42 2\/3","value":"EU 42 2\/3","price":"","pimage":"","pimage_id":"","pthumb":"","color":""},{"label":"43 1\/3","value":"EU 43 1\/3","price":"","pimage":"","pimage_id":"","pthumb":"","color":""},{"label":"44","value":"EU 44","price":"","pimage":"","pimage_id":"","pthumb":"","color":""},{"label":"44 2\/3","value":"EU 44 2\/3","price":"","pimage":"","pimage_id":"","pthumb":"","color":""},{"label":"45 1\/3","value":"EU 45 1\/3","price":"","pimage":"","pimage_id":"","pthumb":"","color":""},{"label":"46","value":"EU 46","price":"","pimage":"","pimage_id":"","pthumb":"","color":""},{"label":"46 2\/3","value":"EU 46 2\/3","price":"","pimage":"","pimage_id":"","pthumb":"","color":""},{"label":"47 1\/3","value":"EU 47 1\/3","price":"","pimage":"","pimage_id":"","pthumb":"","color":""}],"relations":[{"operator":false,"rules":[]}],"form_id":24802,"form_rules":{"pric_cal_option_once":false,"exclude_from_discount":false,"pric_use_as_fee":false,"fee_label":"Fee","render_after_acb":false,"disp_hide_options_price":false}}]},"_links":{"self":[{"href":"https:\/\/moroen.com\/de\/wp-json\/wp\/v2\/product\/96443","targetHints":{"allow":["GET"]}}],"collection":[{"href":"https:\/\/moroen.com\/de\/wp-json\/wp\/v2\/product"}],"about":[{"href":"https:\/\/moroen.com\/de\/wp-json\/wp\/v2\/types\/product"}],"replies":[{"embeddable":true,"href":"https:\/\/moroen.com\/de\/wp-json\/wp\/v2\/comments?post=96443"}],"wp:featuredmedia":[{"embeddable":true,"href":"https:\/\/moroen.com\/de\/wp-json\/wp\/v2\/media\/96444"}],"wp:attachment":[{"href":"https:\/\/moroen.com\/de\/wp-json\/wp\/v2\/media?parent=96443"}],"wp:term":[{"taxonomy":"product_brand","embeddable":true,"href":"https:\/\/moroen.com\/de\/wp-json\/wp\/v2\/product_brand?post=96443"},{"taxonomy":"product_cat","embeddable":true,"href":"https:\/\/moroen.com\/de\/wp-json\/wp\/v2\/product_cat?post=96443"},{"taxonomy":"product_tag","embeddable":true,"href":"https:\/\/moroen.com\/de\/wp-json\/wp\/v2\/product_tag?post=96443"}],"curies":[{"name":"wp","href":"https:\/\/api.w.org\/{rel}","templated":true}]}}