{"id":99000,"date":"2026-03-17T10:44:23","date_gmt":"2026-03-17T03:44:23","guid":{"rendered":"https:\/\/moroen.com\/de\/product\/women-air-jordan-3-retro-laser-orange"},"modified":"2026-03-17T10:44:23","modified_gmt":"2026-03-17T03:44:23","slug":"women-air-jordan-3-retro-laser-orange","status":"publish","type":"product","link":"https:\/\/moroen.com\/de\/produkt\/women-air-jordan-3-retro-laser-orange\/","title":{"rendered":"(Women) Air Jordan 3 Retro &#8218;Laser Orange&#8216;"},"content":{"rendered":"<p>Der Air Jordan 3 Retro Laser Orange (WMNS) von Jordan ist ein stylischer Damen-Sneaker in leuchtendem Orange. Mit seinem einzigartigen Laser-Orange-Design ist dieser Sneaker perfekt, um jedem Outfit einen Farbtupfer zu verleihen. Dank der klassischen Air Jordan 3 Silhouette bietet er sowohl Style als auch Komfort f\u00fcr den ganzen Tag.<\/p>\n<p>Farbgebung: Wei\u00df\/Laser Orange-Zementgrau-Schwarz<br \/>\nArtikelnummer: CK9246-108<br \/>\nObermaterial: Leder<br \/>\nZwischensohle: Air<br \/>\nFarbe: Wei\u00df<br \/>\nDesigner: Tinker Hatfield<br \/>\nSaison: Sommer<br \/>\nErscheinungsjahr: 2020<\/p>\n","protected":false},"excerpt":{"rendered":"<p>Der Air Jordan 3 Retro Laser Orange (WMNS) von Jordan ist ein stylischer Damen-Sneaker in leuchtendem Orange. Mit seinem einzigartigen Laser-Orange-Design ist dieser Sneaker perfekt, um jedem Outfit einen Farbtupfer zu verleihen. Dank der klassischen Air Jordan 3 Silhouette bietet er sowohl Style als auch Komfort f\u00fcr den ganzen Tag. Farbgebung: Wei\u00df\/Laser Orange-Zementgrau-Schwarz Artikelnummer: CK9246-108 [&hellip;]<\/p>\n","protected":false},"featured_media":99001,"comment_status":"open","ping_status":"closed","template":"","meta":[],"product_brand":[],"product_cat":[10825,11635,10816,10800],"product_tag":[12542,12579,12574,10819,12593,12592,12545,12559,12560,12547,12558],"class_list":{"0":"post-99000","1":"product","2":"type-product","3":"status-publish","4":"has-post-thumbnail","6":"product_cat-jordan","7":"product_cat-jordan-jordan-3-retro","8":"product_cat-lifestyle-shoes-basketball-inspired","9":"product_cat-gender-women","10":"product_tag-athleisure-schuhe","11":"product_tag-basketballschuhe","12":"product_tag-geschenk-fa-r-sie","13":"product_tag-jordan","14":"product_tag-jordan-skateboardschuhe","15":"product_tag-jordan-basketballschuhe","16":"product_tag-lifestyle-freizeitschuhe","17":"product_tag-lifestyle-schuhe-basketball-inspiriert","18":"product_tag-retro-freizeitschuhe","19":"product_tag-trendangebote","20":"product_tag-unter-retailpreis","21":"wcpa_has_options","23":"first","24":"instock","25":"taxable","26":"shipping-taxable","27":"purchasable","28":"product-type-simple"},"wcpa_form_fields":{"rules":{"pric_overide_base_price":false,"pric_overide_base_price_if_gt_zero":false,"pric_overide_base_price_fully":false,"pric_cal_option_once":false,"pric_use_as_fee":false,"bind_quantity":false,"quantity_bind_formula":false},"fields":[{"type":"color-group","required":true,"elementId":"wcpa-color-group-66c4a75505e74","label":"Gr\u00f6\u00dfe - EU Gr\u00f6\u00dfe","inline":true,"priceOptions":"different_for_all","pricingType":"fixed","className":"hassizechart product-shoes-size-eu product-shoes-size","name":"color-group-66c4a75505e89","disp_type":"square","selection_type":"tick-border","disp_size":"44","show_label_inside":true,"adjust_width":true,"cart_display_type":"text","other_text":"Other","cl_rule":"show","col":6,"values":[{"label":"35.5","value":"EU 35.5","price":"","pimage":"","pimage_id":"","pthumb":"","color":""},{"label":"36","value":"EU 36","price":"","pimage":"","pimage_id":"","pthumb":"","color":"","selected":true},{"label":"36.5","value":"EU 36.5","price":"","pimage":"","pimage_id":"","pthumb":"","color":""},{"label":"37.5","value":"EU 37.5","price":"","pimage":"","pimage_id":"","pthumb":"","color":""},{"label":"38","value":"EU 38","price":"","pimage":"","pimage_id":"","pthumb":"","color":""},{"label":"38.5","value":"EU 38.5","price":"","pimage":"","pimage_id":"","pthumb":"","color":""},{"label":"39","value":"EU 39","price":"","pimage":"","pimage_id":"","pthumb":"","color":""},{"label":"40","value":"EU 40","price":"","pimage":"","pimage_id":"","pthumb":"","color":""},{"label":"40.5","value":"EU 40.5","price":"","pimage":"","pimage_id":"","pthumb":"","color":""},{"label":"41","value":"EU 41","price":"","pimage":"","pimage_id":"","pthumb":"","color":""},{"label":"42","value":"EU 42","price":"","pimage":"","pimage_id":"","pthumb":"","color":""},{"label":"42.5","value":"EU 42.5","price":"","pimage":"","pimage_id":"","pthumb":"","color":""},{"label":"43","value":"EU 43","price":"","pimage":"","pimage_id":"","pthumb":"","color":""},{"label":"44","value":"EU 44","price":"","pimage":"","pimage_id":"","pthumb":"","color":""},{"label":"44.5","value":"EU 44.5","price":"","pimage":"","pimage_id":"","pthumb":"","color":""},{"label":"45","value":"EU 45","price":"","pimage":"","pimage_id":"","pthumb":"","color":""},{"label":"45.5","value":"EU 45.5","price":"","pimage":"","pimage_id":"","pthumb":"","color":""},{"label":"46","value":"EU 46","price":"","pimage":"","pimage_id":"","pthumb":"","color":""},{"label":"47","value":"EU 47","price":"","pimage":"","pimage_id":"","pthumb":"","color":""},{"label":"47.5","value":"EU 47.5","price":"","pimage":"","pimage_id":"","pthumb":"","color":""},{"label":"48","value":"EU 48","price":"","pimage":"","pimage_id":"","pthumb":"","color":""}],"relations":[{"operator":false,"rules":[]}],"form_id":18106,"form_rules":{"pric_cal_option_once":false,"exclude_from_discount":false,"pric_use_as_fee":false,"fee_label":"Fee","render_after_acb":false,"disp_hide_options_price":false}}]},"_links":{"self":[{"href":"https:\/\/moroen.com\/de\/wp-json\/wp\/v2\/product\/99000","targetHints":{"allow":["GET"]}}],"collection":[{"href":"https:\/\/moroen.com\/de\/wp-json\/wp\/v2\/product"}],"about":[{"href":"https:\/\/moroen.com\/de\/wp-json\/wp\/v2\/types\/product"}],"replies":[{"embeddable":true,"href":"https:\/\/moroen.com\/de\/wp-json\/wp\/v2\/comments?post=99000"}],"wp:featuredmedia":[{"embeddable":true,"href":"https:\/\/moroen.com\/de\/wp-json\/wp\/v2\/media\/99001"}],"wp:attachment":[{"href":"https:\/\/moroen.com\/de\/wp-json\/wp\/v2\/media?parent=99000"}],"wp:term":[{"taxonomy":"product_brand","embeddable":true,"href":"https:\/\/moroen.com\/de\/wp-json\/wp\/v2\/product_brand?post=99000"},{"taxonomy":"product_cat","embeddable":true,"href":"https:\/\/moroen.com\/de\/wp-json\/wp\/v2\/product_cat?post=99000"},{"taxonomy":"product_tag","embeddable":true,"href":"https:\/\/moroen.com\/de\/wp-json\/wp\/v2\/product_tag?post=99000"}],"curies":[{"name":"wp","href":"https:\/\/api.w.org\/{rel}","templated":true}]}}